{"id":5877,"date":"2026-04-01T08:02:32","date_gmt":"2026-04-01T08:02:32","guid":{"rendered":"https:\/\/phongphim3trong1.com\/?post_type=product&#038;p=5877"},"modified":"2026-04-01T08:06:34","modified_gmt":"2026-04-01T08:06:34","slug":"amply-hc-ad43-4-kenh-class-d-tich-hop-dsp","status":"publish","type":"product","link":"https:\/\/phongphim3trong1.com\/?product=amply-hc-ad43-4-kenh-class-d-tich-hop-dsp","title":{"rendered":"Amply HC AD43, 4 K\u00eanh Class D t\u00edch h\u1ee3p DSP"},"content":{"rendered":"","protected":false},"excerpt":{"rendered":"<p><span style=\"color: #000000;\"><strong><span style=\"font-size: 150%; color: #ed1c24;\">Gi\u00e1 B\u00e1n: Li\u00ean H\u1ec7<\/span><br \/>\n<span style=\"font-size: 120%;\">Th\u00f4ng S\u1ed1 K\u1ef9 Thu\u1eadt<\/span><\/strong><\/span><\/p>\n<p><span style=\"color: #000000;\"><strong>S\u1ed1 k\u00eanh:<\/strong>\u00a04, m\u1ea1ch Class D<\/span><br \/>\n<span style=\"color: #000000;\"><strong>C\u00f4ng su\u1ea5t:<\/strong><\/span><br \/>\n<span style=\"color: #000000;\">4 x 300 W (8 \u03a9); <\/span><br \/>\n<span style=\"color: #000000;\">4 x 450 W (4 \u03a9);<\/span><br \/>\n<span style=\"color: #000000;\">2 x 900 W (8 \u03a9 Bridged)<\/span><br \/>\n<span style=\"color: #000000;\"><strong>K\u00edch th\u01b0\u1edbc (W x H x D):<\/strong> 483 x 44.5 x 305 mm<\/span><\/p>\n","protected":false},"featured_media":5881,"comment_status":"closed","ping_status":"closed","template":"","meta":{"pgc_meta":""},"product_brand":[],"product_cat":[271],"product_tag":[700,696,697,698,699],"class_list":{"0":"post-5877","1":"product","2":"type-product","3":"status-publish","4":"has-post-thumbnail","6":"product_cat-hi-class-audio-amply","7":"product_tag-43ad","8":"product_tag-ad43","9":"product_tag-amply-ad43","10":"product_tag-amply-hc-ad43","11":"product_tag-hc-ad43","13":"first","14":"instock","15":"shipping-taxable","16":"product-type-simple"},"yoast_head":"<!-- This site is optimized with the Yoast SEO plugin v27.3 - https:\/\/yoast.com\/product\/yoast-seo-wordpress\/ -->\n<title>Amply HC AD43, 4 K\u00eanh Class D t\u00edch h\u1ee3p DSP - Gi\u1ea3i Ph\u00e1p 1 N\u00fat B\u1ea5m 3in1 \u0110\u1ea7u Ti\u00ean T\u1ea1i Vi\u1ec7t Nam<\/title>\n<meta name=\"robots\" content=\"index, follow, max-snippet:-1, max-image-preview:large, max-video-preview:-1\" \/>\n<link rel=\"canonical\" href=\"https:\/\/phongphim3trong1.com\/?product=amply-hc-ad43-4-kenh-class-d-tich-hop-dsp\" \/>\n<meta property=\"og:locale\" content=\"vi_VN\" \/>\n<meta property=\"og:type\" content=\"article\" \/>\n<meta property=\"og:title\" content=\"Amply HC AD43, 4 K\u00eanh Class D t\u00edch h\u1ee3p DSP - Gi\u1ea3i Ph\u00e1p 1 N\u00fat B\u1ea5m 3in1 \u0110\u1ea7u Ti\u00ean T\u1ea1i Vi\u1ec7t Nam\" \/>\n<meta property=\"og:description\" content=\"Gi\u00e1 B\u00e1n: Li\u00ean H\u1ec7 Th\u00f4ng S\u1ed1 K\u1ef9 Thu\u1eadt  S\u1ed1 k\u00eanh:\u00a04, m\u1ea1ch Class D C\u00f4ng su\u1ea5t: 4 x 300 W (8 \u03a9);  4 x 450 W (4 \u03a9); 2 x 900 W (8 \u03a9 Bridged) K\u00edch th\u01b0\u1edbc (W x H x D): 483 x 44.5 x 305 mm\" \/>\n<meta property=\"og:url\" content=\"https:\/\/phongphim3trong1.com\/?product=amply-hc-ad43-4-kenh-class-d-tich-hop-dsp\" \/>\n<meta property=\"og:site_name\" content=\"Gi\u1ea3i Ph\u00e1p 1 N\u00fat B\u1ea5m 3in1 \u0110\u1ea7u Ti\u00ean T\u1ea1i Vi\u1ec7t Nam\" \/>\n<meta property=\"article:modified_time\" content=\"2026-04-01T08:06:34+00:00\" \/>\n<meta property=\"og:image\" content=\"https:\/\/phongphim3trong1.com\/wp-content\/uploads\/2026\/04\/11-scaled.jpg\" \/>\n\t<meta property=\"og:image:width\" content=\"1920\" \/>\n\t<meta property=\"og:image:height\" content=\"2560\" \/>\n\t<meta property=\"og:image:type\" content=\"image\/jpeg\" \/>\n<meta name=\"twitter:card\" content=\"summary_large_image\" \/>\n<meta name=\"twitter:label1\" content=\"\u01af\u1edbc t\u00ednh th\u1eddi gian \u0111\u1ecdc\" \/>\n\t<meta name=\"twitter:data1\" content=\"1 ph\u00fat\" \/>\n<script type=\"application\/ld+json\" class=\"yoast-schema-graph\">{\"@context\":\"https:\\\/\\\/schema.org\",\"@graph\":[{\"@type\":\"WebPage\",\"@id\":\"https:\\\/\\\/phongphim3trong1.com\\\/?product=amply-hc-ad43-4-kenh-class-d-tich-hop-dsp\",\"url\":\"https:\\\/\\\/phongphim3trong1.com\\\/?product=amply-hc-ad43-4-kenh-class-d-tich-hop-dsp\",\"name\":\"Amply HC AD43, 4 K\u00eanh Class D t\u00edch h\u1ee3p DSP - Gi\u1ea3i Ph\u00e1p 1 N\u00fat B\u1ea5m 3in1 \u0110\u1ea7u Ti\u00ean T\u1ea1i Vi\u1ec7t Nam\",\"isPartOf\":{\"@id\":\"https:\\\/\\\/phongphim3trong1.com\\\/#website\"},\"primaryImageOfPage\":{\"@id\":\"https:\\\/\\\/phongphim3trong1.com\\\/?product=amply-hc-ad43-4-kenh-class-d-tich-hop-dsp#primaryimage\"},\"image\":{\"@id\":\"https:\\\/\\\/phongphim3trong1.com\\\/?product=amply-hc-ad43-4-kenh-class-d-tich-hop-dsp#primaryimage\"},\"thumbnailUrl\":\"https:\\\/\\\/phongphim3trong1.com\\\/wp-content\\\/uploads\\\/2026\\\/04\\\/11-scaled.jpg\",\"datePublished\":\"2026-04-01T08:02:32+00:00\",\"dateModified\":\"2026-04-01T08:06:34+00:00\",\"breadcrumb\":{\"@id\":\"https:\\\/\\\/phongphim3trong1.com\\\/?product=amply-hc-ad43-4-kenh-class-d-tich-hop-dsp#breadcrumb\"},\"inLanguage\":\"vi\",\"potentialAction\":[{\"@type\":\"ReadAction\",\"target\":[\"https:\\\/\\\/phongphim3trong1.com\\\/?product=amply-hc-ad43-4-kenh-class-d-tich-hop-dsp\"]}]},{\"@type\":\"ImageObject\",\"inLanguage\":\"vi\",\"@id\":\"https:\\\/\\\/phongphim3trong1.com\\\/?product=amply-hc-ad43-4-kenh-class-d-tich-hop-dsp#primaryimage\",\"url\":\"https:\\\/\\\/phongphim3trong1.com\\\/wp-content\\\/uploads\\\/2026\\\/04\\\/11-scaled.jpg\",\"contentUrl\":\"https:\\\/\\\/phongphim3trong1.com\\\/wp-content\\\/uploads\\\/2026\\\/04\\\/11-scaled.jpg\",\"width\":1920,\"height\":2560},{\"@type\":\"BreadcrumbList\",\"@id\":\"https:\\\/\\\/phongphim3trong1.com\\\/?product=amply-hc-ad43-4-kenh-class-d-tich-hop-dsp#breadcrumb\",\"itemListElement\":[{\"@type\":\"ListItem\",\"position\":1,\"name\":\"Trang ch\u1ee7\",\"item\":\"https:\\\/\\\/phongphim3trong1.com\\\/\"},{\"@type\":\"ListItem\",\"position\":2,\"name\":\"S\u1ea3n ph\u1ea9m\",\"item\":\"https:\\\/\\\/phongphim3trong1.com\\\/san-pham\\\/\"},{\"@type\":\"ListItem\",\"position\":3,\"name\":\"Amply HC AD43, 4 K\u00eanh Class D t\u00edch h\u1ee3p DSP\"}]},{\"@type\":\"WebSite\",\"@id\":\"https:\\\/\\\/phongphim3trong1.com\\\/#website\",\"url\":\"https:\\\/\\\/phongphim3trong1.com\\\/\",\"name\":\"Gi\u1ea3i Ph\u00e1p 1 N\u00fat B\u1ea5m 3in1 \u0110\u1ea7u Ti\u00ean T\u1ea1i Vi\u1ec7t Nam\",\"description\":\"\",\"publisher\":{\"@id\":\"https:\\\/\\\/phongphim3trong1.com\\\/#organization\"},\"potentialAction\":[{\"@type\":\"SearchAction\",\"target\":{\"@type\":\"EntryPoint\",\"urlTemplate\":\"https:\\\/\\\/phongphim3trong1.com\\\/?s={search_term_string}\"},\"query-input\":{\"@type\":\"PropertyValueSpecification\",\"valueRequired\":true,\"valueName\":\"search_term_string\"}}],\"inLanguage\":\"vi\"},{\"@type\":\"Organization\",\"@id\":\"https:\\\/\\\/phongphim3trong1.com\\\/#organization\",\"name\":\"Gi\u1ea3i Ph\u00e1p 1 N\u00fat B\u1ea5m 3in1 \u0110\u1ea7u Ti\u00ean T\u1ea1i Vi\u1ec7t Nam\",\"url\":\"https:\\\/\\\/phongphim3trong1.com\\\/\",\"logo\":{\"@type\":\"ImageObject\",\"inLanguage\":\"vi\",\"@id\":\"https:\\\/\\\/phongphim3trong1.com\\\/#\\\/schema\\\/logo\\\/image\\\/\",\"url\":\"https:\\\/\\\/phongphim3trong1.com\\\/wp-content\\\/uploads\\\/2022\\\/11\\\/logo-phongphim3trong1-vector-moi-to-scaled.jpg\",\"contentUrl\":\"https:\\\/\\\/phongphim3trong1.com\\\/wp-content\\\/uploads\\\/2022\\\/11\\\/logo-phongphim3trong1-vector-moi-to-scaled.jpg\",\"width\":2560,\"height\":2108,\"caption\":\"Gi\u1ea3i Ph\u00e1p 1 N\u00fat B\u1ea5m 3in1 \u0110\u1ea7u Ti\u00ean T\u1ea1i Vi\u1ec7t Nam\"},\"image\":{\"@id\":\"https:\\\/\\\/phongphim3trong1.com\\\/#\\\/schema\\\/logo\\\/image\\\/\"}}]}<\/script>\n<!-- \/ Yoast SEO plugin. -->","yoast_head_json":{"title":"Amply HC AD43, 4 K\u00eanh Class D t\u00edch h\u1ee3p DSP - Gi\u1ea3i Ph\u00e1p 1 N\u00fat B\u1ea5m 3in1 \u0110\u1ea7u Ti\u00ean T\u1ea1i Vi\u1ec7t Nam","robots":{"index":"index","follow":"follow","max-snippet":"max-snippet:-1","max-image-preview":"max-image-preview:large","max-video-preview":"max-video-preview:-1"},"canonical":"https:\/\/phongphim3trong1.com\/?product=amply-hc-ad43-4-kenh-class-d-tich-hop-dsp","og_locale":"vi_VN","og_type":"article","og_title":"Amply HC AD43, 4 K\u00eanh Class D t\u00edch h\u1ee3p DSP - Gi\u1ea3i Ph\u00e1p 1 N\u00fat B\u1ea5m 3in1 \u0110\u1ea7u Ti\u00ean T\u1ea1i Vi\u1ec7t Nam","og_description":"Gi\u00e1 B\u00e1n: Li\u00ean H\u1ec7 Th\u00f4ng S\u1ed1 K\u1ef9 Thu\u1eadt  S\u1ed1 k\u00eanh:\u00a04, m\u1ea1ch Class D C\u00f4ng su\u1ea5t: 4 x 300 W (8 \u03a9);  4 x 450 W (4 \u03a9); 2 x 900 W (8 \u03a9 Bridged) K\u00edch th\u01b0\u1edbc (W x H x D): 483 x 44.5 x 305 mm","og_url":"https:\/\/phongphim3trong1.com\/?product=amply-hc-ad43-4-kenh-class-d-tich-hop-dsp","og_site_name":"Gi\u1ea3i Ph\u00e1p 1 N\u00fat B\u1ea5m 3in1 \u0110\u1ea7u Ti\u00ean T\u1ea1i Vi\u1ec7t Nam","article_modified_time":"2026-04-01T08:06:34+00:00","og_image":[{"width":1920,"height":2560,"url":"https:\/\/phongphim3trong1.com\/wp-content\/uploads\/2026\/04\/11-scaled.jpg","type":"image\/jpeg"}],"twitter_card":"summary_large_image","twitter_misc":{"\u01af\u1edbc t\u00ednh th\u1eddi gian \u0111\u1ecdc":"1 ph\u00fat"},"schema":{"@context":"https:\/\/schema.org","@graph":[{"@type":"WebPage","@id":"https:\/\/phongphim3trong1.com\/?product=amply-hc-ad43-4-kenh-class-d-tich-hop-dsp","url":"https:\/\/phongphim3trong1.com\/?product=amply-hc-ad43-4-kenh-class-d-tich-hop-dsp","name":"Amply HC AD43, 4 K\u00eanh Class D t\u00edch h\u1ee3p DSP - Gi\u1ea3i Ph\u00e1p 1 N\u00fat B\u1ea5m 3in1 \u0110\u1ea7u Ti\u00ean T\u1ea1i Vi\u1ec7t Nam","isPartOf":{"@id":"https:\/\/phongphim3trong1.com\/#website"},"primaryImageOfPage":{"@id":"https:\/\/phongphim3trong1.com\/?product=amply-hc-ad43-4-kenh-class-d-tich-hop-dsp#primaryimage"},"image":{"@id":"https:\/\/phongphim3trong1.com\/?product=amply-hc-ad43-4-kenh-class-d-tich-hop-dsp#primaryimage"},"thumbnailUrl":"https:\/\/phongphim3trong1.com\/wp-content\/uploads\/2026\/04\/11-scaled.jpg","datePublished":"2026-04-01T08:02:32+00:00","dateModified":"2026-04-01T08:06:34+00:00","breadcrumb":{"@id":"https:\/\/phongphim3trong1.com\/?product=amply-hc-ad43-4-kenh-class-d-tich-hop-dsp#breadcrumb"},"inLanguage":"vi","potentialAction":[{"@type":"ReadAction","target":["https:\/\/phongphim3trong1.com\/?product=amply-hc-ad43-4-kenh-class-d-tich-hop-dsp"]}]},{"@type":"ImageObject","inLanguage":"vi","@id":"https:\/\/phongphim3trong1.com\/?product=amply-hc-ad43-4-kenh-class-d-tich-hop-dsp#primaryimage","url":"https:\/\/phongphim3trong1.com\/wp-content\/uploads\/2026\/04\/11-scaled.jpg","contentUrl":"https:\/\/phongphim3trong1.com\/wp-content\/uploads\/2026\/04\/11-scaled.jpg","width":1920,"height":2560},{"@type":"BreadcrumbList","@id":"https:\/\/phongphim3trong1.com\/?product=amply-hc-ad43-4-kenh-class-d-tich-hop-dsp#breadcrumb","itemListElement":[{"@type":"ListItem","position":1,"name":"Trang ch\u1ee7","item":"https:\/\/phongphim3trong1.com\/"},{"@type":"ListItem","position":2,"name":"S\u1ea3n ph\u1ea9m","item":"https:\/\/phongphim3trong1.com\/san-pham\/"},{"@type":"ListItem","position":3,"name":"Amply HC AD43, 4 K\u00eanh Class D t\u00edch h\u1ee3p DSP"}]},{"@type":"WebSite","@id":"https:\/\/phongphim3trong1.com\/#website","url":"https:\/\/phongphim3trong1.com\/","name":"Gi\u1ea3i Ph\u00e1p 1 N\u00fat B\u1ea5m 3in1 \u0110\u1ea7u Ti\u00ean T\u1ea1i Vi\u1ec7t Nam","description":"","publisher":{"@id":"https:\/\/phongphim3trong1.com\/#organization"},"potentialAction":[{"@type":"SearchAction","target":{"@type":"EntryPoint","urlTemplate":"https:\/\/phongphim3trong1.com\/?s={search_term_string}"},"query-input":{"@type":"PropertyValueSpecification","valueRequired":true,"valueName":"search_term_string"}}],"inLanguage":"vi"},{"@type":"Organization","@id":"https:\/\/phongphim3trong1.com\/#organization","name":"Gi\u1ea3i Ph\u00e1p 1 N\u00fat B\u1ea5m 3in1 \u0110\u1ea7u Ti\u00ean T\u1ea1i Vi\u1ec7t Nam","url":"https:\/\/phongphim3trong1.com\/","logo":{"@type":"ImageObject","inLanguage":"vi","@id":"https:\/\/phongphim3trong1.com\/#\/schema\/logo\/image\/","url":"https:\/\/phongphim3trong1.com\/wp-content\/uploads\/2022\/11\/logo-phongphim3trong1-vector-moi-to-scaled.jpg","contentUrl":"https:\/\/phongphim3trong1.com\/wp-content\/uploads\/2022\/11\/logo-phongphim3trong1-vector-moi-to-scaled.jpg","width":2560,"height":2108,"caption":"Gi\u1ea3i Ph\u00e1p 1 N\u00fat B\u1ea5m 3in1 \u0110\u1ea7u Ti\u00ean T\u1ea1i Vi\u1ec7t Nam"},"image":{"@id":"https:\/\/phongphim3trong1.com\/#\/schema\/logo\/image\/"}}]}},"_links":{"self":[{"href":"https:\/\/phongphim3trong1.com\/index.php?rest_route=\/wp\/v2\/product\/5877","targetHints":{"allow":["GET"]}}],"collection":[{"href":"https:\/\/phongphim3trong1.com\/index.php?rest_route=\/wp\/v2\/product"}],"about":[{"href":"https:\/\/phongphim3trong1.com\/index.php?rest_route=\/wp\/v2\/types\/product"}],"replies":[{"embeddable":true,"href":"https:\/\/phongphim3trong1.com\/index.php?rest_route=%2Fwp%2Fv2%2Fcomments&post=5877"}],"version-history":[{"count":1,"href":"https:\/\/phongphim3trong1.com\/index.php?rest_route=\/wp\/v2\/product\/5877\/revisions"}],"predecessor-version":[{"id":5880,"href":"https:\/\/phongphim3trong1.com\/index.php?rest_route=\/wp\/v2\/product\/5877\/revisions\/5880"}],"wp:featuredmedia":[{"embeddable":true,"href":"https:\/\/phongphim3trong1.com\/index.php?rest_route=\/wp\/v2\/media\/5881"}],"wp:attachment":[{"href":"https:\/\/phongphim3trong1.com\/index.php?rest_route=%2Fwp%2Fv2%2Fmedia&parent=5877"}],"wp:term":[{"taxonomy":"product_brand","embeddable":true,"href":"https:\/\/phongphim3trong1.com\/index.php?rest_route=%2Fwp%2Fv2%2Fproduct_brand&post=5877"},{"taxonomy":"product_cat","embeddable":true,"href":"https:\/\/phongphim3trong1.com\/index.php?rest_route=%2Fwp%2Fv2%2Fproduct_cat&post=5877"},{"taxonomy":"product_tag","embeddable":true,"href":"https:\/\/phongphim3trong1.com\/index.php?rest_route=%2Fwp%2Fv2%2Fproduct_tag&post=5877"}],"curies":[{"name":"wp","href":"https:\/\/api.w.org\/{rel}","templated":true}]}}