{"id":5866,"date":"2025-07-07T02:38:09","date_gmt":"2025-07-07T02:38:09","guid":{"rendered":"https:\/\/phongphim3trong1.com\/?post_type=product&#038;p=5866"},"modified":"2025-07-07T02:46:04","modified_gmt":"2025-07-07T02:46:04","slug":"may-chieu-8k-laser-blackwing-bw2","status":"publish","type":"product","link":"https:\/\/phongphim3trong1.com\/?product=may-chieu-8k-laser-blackwing-bw2","title":{"rendered":"M\u00e1y Chi\u1ebfu 8K Laser BlackWing &#8211; BW2"},"content":{"rendered":"","protected":false},"excerpt":{"rendered":"<p><strong><span style=\"font-size: 150%; color: #ed1c24;\">Gi\u00e1 B\u00e1n: Li\u00ean H\u1ec7<\/span><\/strong><\/p>\n<p><strong><span style=\"color: #000000; font-size: 120%;\">Th\u00f4ng S\u1ed1 K\u1ef9 Thu\u1eadt<\/span><\/strong><\/p>\n<p><span style=\"color: #000000;\"><strong>C\u00f4ng ngh\u1ec7:<\/strong> 3 x LCoS 0.69\u201d 2nd generation 4K panels with Ultra-High Contrast Optics<\/span><br \/>\n<span style=\"color: #000000;\">Low Latency\/Game mode @120Hz for real time simulation and gaming experiences<\/span><br \/>\n<span style=\"color: #000000;\"><strong>C\u01b0\u1eddng \u0111\u1ed9 s\u00e1ng:<\/strong> 2.700 ANSI Lumens<\/span><br \/>\n<span style=\"color: #000000;\"><strong>\u0110\u1ed9 ph\u00e2n gi\u1ea3i th\u1ef1c:<\/strong> 8K UHD (8192 x 4320), Gen2 8K\/e-shiftX<\/span><br \/>\n<span style=\"color: #000000;\"><strong>E-Shift:<\/strong> UHD-X 4-way 8K Interpolation (8192 x 4320)<\/span><br \/>\n<span style=\"color: #000000;\"><strong>\u0110\u1ed9 t\u01b0\u01a1ng ph\u1ea3n (Native):<\/strong> 100.000 : 1, <strong>Dynamic:<\/strong> V\u00f4 c\u1ef1c : 1<\/span><br \/>\n<span style=\"color: #000000;\"><strong>Throw Ratio:<\/strong> 1.44:1 &#8211; 2.88:1 motorized 2 x zoom<\/span><br \/>\n<span style=\"color: #000000;\"><strong>Ngu\u1ed3n s\u00e1ng:<\/strong> BLU-Escent Laser, tu\u1ed5i th\u1ecd l\u00ean \u0111\u1ebfn 20.000 gi\u1edd<\/span><br \/>\n<span style=\"color: #000000;\"><strong>Cinema Filter (Color Gamut):<\/strong> DCI 98%\/BT.2020 73%<\/span><br \/>\n<span style=\"color: #000000;\"><strong>Max Input:<\/strong> 80K60p and 4K120p<\/span><br \/>\n<span style=\"color: #000000;\"><strong>K\u00edch th\u01b0\u1edbc (W x H x D):<\/strong> 500 x 260 x 505 mm<\/span><\/p>\n","protected":false},"featured_media":5875,"comment_status":"closed","ping_status":"closed","template":"","meta":{"pgc_meta":""},"product_brand":[],"product_cat":[258],"product_tag":[],"class_list":{"0":"post-5866","1":"product","2":"type-product","3":"status-publish","4":"has-post-thumbnail","6":"product_cat-cineversum","8":"first","9":"instock","10":"shipping-taxable","11":"product-type-simple"},"yoast_head":"<!-- This site is optimized with the Yoast SEO plugin v27.3 - https:\/\/yoast.com\/product\/yoast-seo-wordpress\/ -->\n<title>M\u00e1y Chi\u1ebfu 8K Laser BlackWing - BW2 - Gi\u1ea3i Ph\u00e1p 1 N\u00fat B\u1ea5m 3in1 \u0110\u1ea7u Ti\u00ean T\u1ea1i Vi\u1ec7t Nam<\/title>\n<meta name=\"robots\" content=\"index, follow, max-snippet:-1, max-image-preview:large, max-video-preview:-1\" \/>\n<link rel=\"canonical\" href=\"https:\/\/phongphim3trong1.com\/?product=may-chieu-8k-laser-blackwing-bw2\" \/>\n<meta property=\"og:locale\" content=\"vi_VN\" \/>\n<meta property=\"og:type\" content=\"article\" \/>\n<meta property=\"og:title\" content=\"M\u00e1y Chi\u1ebfu 8K Laser BlackWing - BW2 - Gi\u1ea3i Ph\u00e1p 1 N\u00fat B\u1ea5m 3in1 \u0110\u1ea7u Ti\u00ean T\u1ea1i Vi\u1ec7t Nam\" \/>\n<meta property=\"og:description\" content=\"Gi\u00e1 B\u00e1n: Li\u00ean H\u1ec7  Th\u00f4ng S\u1ed1 K\u1ef9 Thu\u1eadt  C\u00f4ng ngh\u1ec7: 3 x LCoS 0.69\u201d 2nd generation 4K panels with Ultra-High Contrast Optics Low Latency\/Game mode @120Hz for real time simulation and gaming experiences C\u01b0\u1eddng \u0111\u1ed9 s\u00e1ng: 2.700 ANSI Lumens \u0110\u1ed9 ph\u00e2n gi\u1ea3i th\u1ef1c: 8K UHD (8192 x 4320), Gen2 8K\/e-shiftX E-Shift: UHD-X 4-way 8K Interpolation (8192 x 4320) \u0110\u1ed9 t\u01b0\u01a1ng ph\u1ea3n (Native): 100.000 : 1, Dynamic: V\u00f4 c\u1ef1c : 1 Throw Ratio: 1.44:1 - 2.88:1 motorized 2 x zoom Ngu\u1ed3n s\u00e1ng: BLU-Escent Laser, tu\u1ed5i th\u1ecd l\u00ean \u0111\u1ebfn 20.000 gi\u1edd Cinema Filter (Color Gamut): DCI 98%\/BT.2020 73% Max Input: 80K60p and 4K120p K\u00edch th\u01b0\u1edbc (W x H x D): 500 x 260 x 505 mm\" \/>\n<meta property=\"og:url\" content=\"https:\/\/phongphim3trong1.com\/?product=may-chieu-8k-laser-blackwing-bw2\" \/>\n<meta property=\"og:site_name\" content=\"Gi\u1ea3i Ph\u00e1p 1 N\u00fat B\u1ea5m 3in1 \u0110\u1ea7u Ti\u00ean T\u1ea1i Vi\u1ec7t Nam\" \/>\n<meta property=\"article:modified_time\" content=\"2025-07-07T02:46:04+00:00\" \/>\n<meta property=\"og:image\" content=\"https:\/\/phongphim3trong1.com\/wp-content\/uploads\/2025\/07\/BW2-1-771x800.png\" \/>\n\t<meta property=\"og:image:width\" content=\"771\" \/>\n\t<meta property=\"og:image:height\" content=\"800\" \/>\n\t<meta property=\"og:image:type\" content=\"image\/png\" \/>\n<meta name=\"twitter:card\" content=\"summary_large_image\" \/>\n<meta name=\"twitter:label1\" content=\"\u01af\u1edbc t\u00ednh th\u1eddi gian \u0111\u1ecdc\" \/>\n\t<meta name=\"twitter:data1\" content=\"1 ph\u00fat\" \/>\n<script type=\"application\/ld+json\" class=\"yoast-schema-graph\">{\"@context\":\"https:\\\/\\\/schema.org\",\"@graph\":[{\"@type\":\"WebPage\",\"@id\":\"https:\\\/\\\/phongphim3trong1.com\\\/?product=may-chieu-8k-laser-blackwing-bw2\",\"url\":\"https:\\\/\\\/phongphim3trong1.com\\\/?product=may-chieu-8k-laser-blackwing-bw2\",\"name\":\"M\u00e1y Chi\u1ebfu 8K Laser BlackWing - BW2 - Gi\u1ea3i Ph\u00e1p 1 N\u00fat B\u1ea5m 3in1 \u0110\u1ea7u Ti\u00ean T\u1ea1i Vi\u1ec7t Nam\",\"isPartOf\":{\"@id\":\"https:\\\/\\\/phongphim3trong1.com\\\/#website\"},\"primaryImageOfPage\":{\"@id\":\"https:\\\/\\\/phongphim3trong1.com\\\/?product=may-chieu-8k-laser-blackwing-bw2#primaryimage\"},\"image\":{\"@id\":\"https:\\\/\\\/phongphim3trong1.com\\\/?product=may-chieu-8k-laser-blackwing-bw2#primaryimage\"},\"thumbnailUrl\":\"https:\\\/\\\/phongphim3trong1.com\\\/wp-content\\\/uploads\\\/2025\\\/07\\\/BW2-1.png\",\"datePublished\":\"2025-07-07T02:38:09+00:00\",\"dateModified\":\"2025-07-07T02:46:04+00:00\",\"breadcrumb\":{\"@id\":\"https:\\\/\\\/phongphim3trong1.com\\\/?product=may-chieu-8k-laser-blackwing-bw2#breadcrumb\"},\"inLanguage\":\"vi\",\"potentialAction\":[{\"@type\":\"ReadAction\",\"target\":[\"https:\\\/\\\/phongphim3trong1.com\\\/?product=may-chieu-8k-laser-blackwing-bw2\"]}]},{\"@type\":\"ImageObject\",\"inLanguage\":\"vi\",\"@id\":\"https:\\\/\\\/phongphim3trong1.com\\\/?product=may-chieu-8k-laser-blackwing-bw2#primaryimage\",\"url\":\"https:\\\/\\\/phongphim3trong1.com\\\/wp-content\\\/uploads\\\/2025\\\/07\\\/BW2-1.png\",\"contentUrl\":\"https:\\\/\\\/phongphim3trong1.com\\\/wp-content\\\/uploads\\\/2025\\\/07\\\/BW2-1.png\",\"width\":1894,\"height\":1964},{\"@type\":\"BreadcrumbList\",\"@id\":\"https:\\\/\\\/phongphim3trong1.com\\\/?product=may-chieu-8k-laser-blackwing-bw2#breadcrumb\",\"itemListElement\":[{\"@type\":\"ListItem\",\"position\":1,\"name\":\"Trang ch\u1ee7\",\"item\":\"https:\\\/\\\/phongphim3trong1.com\\\/\"},{\"@type\":\"ListItem\",\"position\":2,\"name\":\"S\u1ea3n ph\u1ea9m\",\"item\":\"https:\\\/\\\/phongphim3trong1.com\\\/san-pham\\\/\"},{\"@type\":\"ListItem\",\"position\":3,\"name\":\"M\u00e1y Chi\u1ebfu 8K Laser BlackWing &#8211; BW2\"}]},{\"@type\":\"WebSite\",\"@id\":\"https:\\\/\\\/phongphim3trong1.com\\\/#website\",\"url\":\"https:\\\/\\\/phongphim3trong1.com\\\/\",\"name\":\"Gi\u1ea3i Ph\u00e1p 1 N\u00fat B\u1ea5m 3in1 \u0110\u1ea7u Ti\u00ean T\u1ea1i Vi\u1ec7t Nam\",\"description\":\"\",\"publisher\":{\"@id\":\"https:\\\/\\\/phongphim3trong1.com\\\/#organization\"},\"potentialAction\":[{\"@type\":\"SearchAction\",\"target\":{\"@type\":\"EntryPoint\",\"urlTemplate\":\"https:\\\/\\\/phongphim3trong1.com\\\/?s={search_term_string}\"},\"query-input\":{\"@type\":\"PropertyValueSpecification\",\"valueRequired\":true,\"valueName\":\"search_term_string\"}}],\"inLanguage\":\"vi\"},{\"@type\":\"Organization\",\"@id\":\"https:\\\/\\\/phongphim3trong1.com\\\/#organization\",\"name\":\"Gi\u1ea3i Ph\u00e1p 1 N\u00fat B\u1ea5m 3in1 \u0110\u1ea7u Ti\u00ean T\u1ea1i Vi\u1ec7t Nam\",\"url\":\"https:\\\/\\\/phongphim3trong1.com\\\/\",\"logo\":{\"@type\":\"ImageObject\",\"inLanguage\":\"vi\",\"@id\":\"https:\\\/\\\/phongphim3trong1.com\\\/#\\\/schema\\\/logo\\\/image\\\/\",\"url\":\"https:\\\/\\\/phongphim3trong1.com\\\/wp-content\\\/uploads\\\/2022\\\/11\\\/logo-phongphim3trong1-vector-moi-to-scaled.jpg\",\"contentUrl\":\"https:\\\/\\\/phongphim3trong1.com\\\/wp-content\\\/uploads\\\/2022\\\/11\\\/logo-phongphim3trong1-vector-moi-to-scaled.jpg\",\"width\":2560,\"height\":2108,\"caption\":\"Gi\u1ea3i Ph\u00e1p 1 N\u00fat B\u1ea5m 3in1 \u0110\u1ea7u Ti\u00ean T\u1ea1i Vi\u1ec7t Nam\"},\"image\":{\"@id\":\"https:\\\/\\\/phongphim3trong1.com\\\/#\\\/schema\\\/logo\\\/image\\\/\"}}]}<\/script>\n<!-- \/ Yoast SEO plugin. -->","yoast_head_json":{"title":"M\u00e1y Chi\u1ebfu 8K Laser BlackWing - BW2 - Gi\u1ea3i Ph\u00e1p 1 N\u00fat B\u1ea5m 3in1 \u0110\u1ea7u Ti\u00ean T\u1ea1i Vi\u1ec7t Nam","robots":{"index":"index","follow":"follow","max-snippet":"max-snippet:-1","max-image-preview":"max-image-preview:large","max-video-preview":"max-video-preview:-1"},"canonical":"https:\/\/phongphim3trong1.com\/?product=may-chieu-8k-laser-blackwing-bw2","og_locale":"vi_VN","og_type":"article","og_title":"M\u00e1y Chi\u1ebfu 8K Laser BlackWing - BW2 - Gi\u1ea3i Ph\u00e1p 1 N\u00fat B\u1ea5m 3in1 \u0110\u1ea7u Ti\u00ean T\u1ea1i Vi\u1ec7t Nam","og_description":"Gi\u00e1 B\u00e1n: Li\u00ean H\u1ec7  Th\u00f4ng S\u1ed1 K\u1ef9 Thu\u1eadt  C\u00f4ng ngh\u1ec7: 3 x LCoS 0.69\u201d 2nd generation 4K panels with Ultra-High Contrast Optics Low Latency\/Game mode @120Hz for real time simulation and gaming experiences C\u01b0\u1eddng \u0111\u1ed9 s\u00e1ng: 2.700 ANSI Lumens \u0110\u1ed9 ph\u00e2n gi\u1ea3i th\u1ef1c: 8K UHD (8192 x 4320), Gen2 8K\/e-shiftX E-Shift: UHD-X 4-way 8K Interpolation (8192 x 4320) \u0110\u1ed9 t\u01b0\u01a1ng ph\u1ea3n (Native): 100.000 : 1, Dynamic: V\u00f4 c\u1ef1c : 1 Throw Ratio: 1.44:1 - 2.88:1 motorized 2 x zoom Ngu\u1ed3n s\u00e1ng: BLU-Escent Laser, tu\u1ed5i th\u1ecd l\u00ean \u0111\u1ebfn 20.000 gi\u1edd Cinema Filter (Color Gamut): DCI 98%\/BT.2020 73% Max Input: 80K60p and 4K120p K\u00edch th\u01b0\u1edbc (W x H x D): 500 x 260 x 505 mm","og_url":"https:\/\/phongphim3trong1.com\/?product=may-chieu-8k-laser-blackwing-bw2","og_site_name":"Gi\u1ea3i Ph\u00e1p 1 N\u00fat B\u1ea5m 3in1 \u0110\u1ea7u Ti\u00ean T\u1ea1i Vi\u1ec7t Nam","article_modified_time":"2025-07-07T02:46:04+00:00","og_image":[{"width":771,"height":800,"url":"https:\/\/phongphim3trong1.com\/wp-content\/uploads\/2025\/07\/BW2-1-771x800.png","type":"image\/png"}],"twitter_card":"summary_large_image","twitter_misc":{"\u01af\u1edbc t\u00ednh th\u1eddi gian \u0111\u1ecdc":"1 ph\u00fat"},"schema":{"@context":"https:\/\/schema.org","@graph":[{"@type":"WebPage","@id":"https:\/\/phongphim3trong1.com\/?product=may-chieu-8k-laser-blackwing-bw2","url":"https:\/\/phongphim3trong1.com\/?product=may-chieu-8k-laser-blackwing-bw2","name":"M\u00e1y Chi\u1ebfu 8K Laser BlackWing - BW2 - Gi\u1ea3i Ph\u00e1p 1 N\u00fat B\u1ea5m 3in1 \u0110\u1ea7u Ti\u00ean T\u1ea1i Vi\u1ec7t Nam","isPartOf":{"@id":"https:\/\/phongphim3trong1.com\/#website"},"primaryImageOfPage":{"@id":"https:\/\/phongphim3trong1.com\/?product=may-chieu-8k-laser-blackwing-bw2#primaryimage"},"image":{"@id":"https:\/\/phongphim3trong1.com\/?product=may-chieu-8k-laser-blackwing-bw2#primaryimage"},"thumbnailUrl":"https:\/\/phongphim3trong1.com\/wp-content\/uploads\/2025\/07\/BW2-1.png","datePublished":"2025-07-07T02:38:09+00:00","dateModified":"2025-07-07T02:46:04+00:00","breadcrumb":{"@id":"https:\/\/phongphim3trong1.com\/?product=may-chieu-8k-laser-blackwing-bw2#breadcrumb"},"inLanguage":"vi","potentialAction":[{"@type":"ReadAction","target":["https:\/\/phongphim3trong1.com\/?product=may-chieu-8k-laser-blackwing-bw2"]}]},{"@type":"ImageObject","inLanguage":"vi","@id":"https:\/\/phongphim3trong1.com\/?product=may-chieu-8k-laser-blackwing-bw2#primaryimage","url":"https:\/\/phongphim3trong1.com\/wp-content\/uploads\/2025\/07\/BW2-1.png","contentUrl":"https:\/\/phongphim3trong1.com\/wp-content\/uploads\/2025\/07\/BW2-1.png","width":1894,"height":1964},{"@type":"BreadcrumbList","@id":"https:\/\/phongphim3trong1.com\/?product=may-chieu-8k-laser-blackwing-bw2#breadcrumb","itemListElement":[{"@type":"ListItem","position":1,"name":"Trang ch\u1ee7","item":"https:\/\/phongphim3trong1.com\/"},{"@type":"ListItem","position":2,"name":"S\u1ea3n ph\u1ea9m","item":"https:\/\/phongphim3trong1.com\/san-pham\/"},{"@type":"ListItem","position":3,"name":"M\u00e1y Chi\u1ebfu 8K Laser BlackWing &#8211; BW2"}]},{"@type":"WebSite","@id":"https:\/\/phongphim3trong1.com\/#website","url":"https:\/\/phongphim3trong1.com\/","name":"Gi\u1ea3i Ph\u00e1p 1 N\u00fat B\u1ea5m 3in1 \u0110\u1ea7u Ti\u00ean T\u1ea1i Vi\u1ec7t Nam","description":"","publisher":{"@id":"https:\/\/phongphim3trong1.com\/#organization"},"potentialAction":[{"@type":"SearchAction","target":{"@type":"EntryPoint","urlTemplate":"https:\/\/phongphim3trong1.com\/?s={search_term_string}"},"query-input":{"@type":"PropertyValueSpecification","valueRequired":true,"valueName":"search_term_string"}}],"inLanguage":"vi"},{"@type":"Organization","@id":"https:\/\/phongphim3trong1.com\/#organization","name":"Gi\u1ea3i Ph\u00e1p 1 N\u00fat B\u1ea5m 3in1 \u0110\u1ea7u Ti\u00ean T\u1ea1i Vi\u1ec7t Nam","url":"https:\/\/phongphim3trong1.com\/","logo":{"@type":"ImageObject","inLanguage":"vi","@id":"https:\/\/phongphim3trong1.com\/#\/schema\/logo\/image\/","url":"https:\/\/phongphim3trong1.com\/wp-content\/uploads\/2022\/11\/logo-phongphim3trong1-vector-moi-to-scaled.jpg","contentUrl":"https:\/\/phongphim3trong1.com\/wp-content\/uploads\/2022\/11\/logo-phongphim3trong1-vector-moi-to-scaled.jpg","width":2560,"height":2108,"caption":"Gi\u1ea3i Ph\u00e1p 1 N\u00fat B\u1ea5m 3in1 \u0110\u1ea7u Ti\u00ean T\u1ea1i Vi\u1ec7t Nam"},"image":{"@id":"https:\/\/phongphim3trong1.com\/#\/schema\/logo\/image\/"}}]}},"_links":{"self":[{"href":"https:\/\/phongphim3trong1.com\/index.php?rest_route=\/wp\/v2\/product\/5866","targetHints":{"allow":["GET"]}}],"collection":[{"href":"https:\/\/phongphim3trong1.com\/index.php?rest_route=\/wp\/v2\/product"}],"about":[{"href":"https:\/\/phongphim3trong1.com\/index.php?rest_route=\/wp\/v2\/types\/product"}],"replies":[{"embeddable":true,"href":"https:\/\/phongphim3trong1.com\/index.php?rest_route=%2Fwp%2Fv2%2Fcomments&post=5866"}],"version-history":[{"count":1,"href":"https:\/\/phongphim3trong1.com\/index.php?rest_route=\/wp\/v2\/product\/5866\/revisions"}],"predecessor-version":[{"id":5869,"href":"https:\/\/phongphim3trong1.com\/index.php?rest_route=\/wp\/v2\/product\/5866\/revisions\/5869"}],"wp:featuredmedia":[{"embeddable":true,"href":"https:\/\/phongphim3trong1.com\/index.php?rest_route=\/wp\/v2\/media\/5875"}],"wp:attachment":[{"href":"https:\/\/phongphim3trong1.com\/index.php?rest_route=%2Fwp%2Fv2%2Fmedia&parent=5866"}],"wp:term":[{"taxonomy":"product_brand","embeddable":true,"href":"https:\/\/phongphim3trong1.com\/index.php?rest_route=%2Fwp%2Fv2%2Fproduct_brand&post=5866"},{"taxonomy":"product_cat","embeddable":true,"href":"https:\/\/phongphim3trong1.com\/index.php?rest_route=%2Fwp%2Fv2%2Fproduct_cat&post=5866"},{"taxonomy":"product_tag","embeddable":true,"href":"https:\/\/phongphim3trong1.com\/index.php?rest_route=%2Fwp%2Fv2%2Fproduct_tag&post=5866"}],"curies":[{"name":"wp","href":"https:\/\/api.w.org\/{rel}","templated":true}]}}