{"id":4101,"date":"2022-10-07T04:11:35","date_gmt":"2022-10-07T04:11:35","guid":{"rendered":"https:\/\/phongphim3trong1.com\/?post_type=product&#038;p=4101"},"modified":"2025-03-15T07:54:48","modified_gmt":"2025-03-15T07:54:48","slug":"loa-bss-subwoofer-bd115as","status":"publish","type":"product","link":"https:\/\/phongphim3trong1.com\/?product=loa-bss-subwoofer-bd115as","title":{"rendered":"Loa BSS Subwoofer BD115AS"},"content":{"rendered":"<p><img fetchpriority=\"high\" decoding=\"async\" class=\"size-medium wp-image-4099 aligncenter\" src=\"https:\/\/phongphim3trong1.com\/wp-content\/uploads\/2022\/10\/poster-LOA-SUB-BD115s.sa_-660x400.jpg\" alt=\"\" width=\"660\" height=\"400\" srcset=\"https:\/\/phongphim3trong1.com\/wp-content\/uploads\/2022\/10\/poster-LOA-SUB-BD115s.sa_-660x400.jpg 660w, https:\/\/phongphim3trong1.com\/wp-content\/uploads\/2022\/10\/poster-LOA-SUB-BD115s.sa_-scaled-510x309.jpg 510w, https:\/\/phongphim3trong1.com\/wp-content\/uploads\/2022\/10\/poster-LOA-SUB-BD115s.sa_-1320x800.jpg 1320w, https:\/\/phongphim3trong1.com\/wp-content\/uploads\/2022\/10\/poster-LOA-SUB-BD115s.sa_-768x465.jpg 768w, https:\/\/phongphim3trong1.com\/wp-content\/uploads\/2022\/10\/poster-LOA-SUB-BD115s.sa_-1536x931.jpg 1536w, https:\/\/phongphim3trong1.com\/wp-content\/uploads\/2022\/10\/poster-LOA-SUB-BD115s.sa_-2048x1241.jpg 2048w\" sizes=\"(max-width: 660px) 100vw, 660px\" \/><\/p>\n","protected":false},"excerpt":{"rendered":"<p><strong><span style=\"color: #000000;\">Made in UK<\/span><\/strong><\/p>\n<p><span style=\"color: #ed1c24;\"><strong><span style=\"font-size: 150%;\">Gi\u00e1 B\u00e1n: Li\u00ean H\u1ec7<\/span><\/strong><\/span><\/p>\n<p><span style=\"font-size: 120%;\"><strong><span style=\"color: #000000;\">Th\u00f4ng S\u1ed1 K\u1ef9 Thu\u1eadt<\/span><\/strong><\/span><\/p>\n<p><strong><span style=\"color: #000000;\">T\u1ea7n s\u1ed1:<\/span><\/strong> 35 &#8211; 150 Hz<br \/>\n<strong><span style=\"color: #000000;\">Power Amply:<\/span><\/strong> 600 &#8211; 1200 &#8211; 2400 W<br \/>\n<strong><span style=\"color: #000000;\">Max SPL:<\/span><\/strong> 123 dB<br \/>\n<strong><span style=\"color: #000000;\">C\u1ea5u t\u1ea1o:<\/span><\/strong> 1 x 15&#8243; Woofer<br \/>\n<span style=\"color: #000000;\"><strong>K\u00edch th\u01b0\u1edbc (W x H x D):<\/strong><\/span> 550 x 570 x 440 mm<\/p>\n","protected":false},"featured_media":4096,"comment_status":"closed","ping_status":"closed","template":"","meta":{"pgc_meta":""},"product_brand":[],"product_cat":[336],"product_tag":[352,353,355,354,349,343,356,350,351],"class_list":{"0":"post-4101","1":"product","2":"type-product","3":"status-publish","4":"has-post-thumbnail","6":"product_cat-bss","7":"product_tag-bss-bd115as","8":"product_tag-bss-subwoofer-bd115as","9":"product_tag-loa-bd115as","10":"product_tag-loa-bss-bd115as","11":"product_tag-loa-bss-subwoofer-bd115as","12":"product_tag-loa-bss-subwoofer-bd115s","13":"product_tag-loa-sub-bd115as","14":"product_tag-loa-subwoofer-bd115as","15":"product_tag-subwoofer-bd115as","17":"first","18":"outofstock","19":"shipping-taxable","20":"product-type-simple"},"yoast_head":"<!-- This site is optimized with the Yoast SEO plugin v27.4 - https:\/\/yoast.com\/product\/yoast-seo-wordpress\/ -->\n<title>Loa BSS Subwoofer BD115AS - Gi\u1ea3i Ph\u00e1p 1 N\u00fat B\u1ea5m 3in1 \u0110\u1ea7u Ti\u00ean T\u1ea1i Vi\u1ec7t Nam<\/title>\n<meta name=\"robots\" content=\"index, follow, max-snippet:-1, max-image-preview:large, max-video-preview:-1\" \/>\n<link rel=\"canonical\" href=\"https:\/\/phongphim3trong1.com\/?product=loa-bss-subwoofer-bd115as\" \/>\n<meta property=\"og:locale\" content=\"vi_VN\" \/>\n<meta property=\"og:type\" content=\"article\" \/>\n<meta property=\"og:title\" content=\"Loa BSS Subwoofer BD115AS - Gi\u1ea3i Ph\u00e1p 1 N\u00fat B\u1ea5m 3in1 \u0110\u1ea7u Ti\u00ean T\u1ea1i Vi\u1ec7t Nam\" \/>\n<meta property=\"og:description\" content=\"Made in UK  Gi\u00e1 B\u00e1n: Li\u00ean H\u1ec7  Th\u00f4ng S\u1ed1 K\u1ef9 Thu\u1eadt  T\u1ea7n s\u1ed1: 35 - 150 Hz Power Amply: 600 - 1200 - 2400 W Max SPL: 123 dB C\u1ea5u t\u1ea1o: 1 x 15&quot; Woofer K\u00edch th\u01b0\u1edbc (W x H x D): 550 x 570 x 440 mm\" \/>\n<meta property=\"og:url\" content=\"https:\/\/phongphim3trong1.com\/?product=loa-bss-subwoofer-bd115as\" \/>\n<meta property=\"og:site_name\" content=\"Gi\u1ea3i Ph\u00e1p 1 N\u00fat B\u1ea5m 3in1 \u0110\u1ea7u Ti\u00ean T\u1ea1i Vi\u1ec7t Nam\" \/>\n<meta property=\"article:modified_time\" content=\"2025-03-15T07:54:48+00:00\" \/>\n<meta property=\"og:image\" content=\"https:\/\/phongphim3trong1.com\/wp-content\/uploads\/2022\/10\/BD115S-2.jpg\" \/>\n\t<meta property=\"og:image:width\" content=\"500\" \/>\n\t<meta property=\"og:image:height\" content=\"500\" \/>\n\t<meta property=\"og:image:type\" content=\"image\/jpeg\" \/>\n<meta name=\"twitter:card\" content=\"summary_large_image\" \/>\n<meta name=\"twitter:label1\" content=\"\u01af\u1edbc t\u00ednh th\u1eddi gian \u0111\u1ecdc\" \/>\n\t<meta name=\"twitter:data1\" content=\"1 ph\u00fat\" \/>\n<script type=\"application\/ld+json\" class=\"yoast-schema-graph\">{\"@context\":\"https:\\\/\\\/schema.org\",\"@graph\":[{\"@type\":\"WebPage\",\"@id\":\"https:\\\/\\\/phongphim3trong1.com\\\/?product=loa-bss-subwoofer-bd115as\",\"url\":\"https:\\\/\\\/phongphim3trong1.com\\\/?product=loa-bss-subwoofer-bd115as\",\"name\":\"Loa BSS Subwoofer BD115AS - Gi\u1ea3i Ph\u00e1p 1 N\u00fat B\u1ea5m 3in1 \u0110\u1ea7u Ti\u00ean T\u1ea1i Vi\u1ec7t Nam\",\"isPartOf\":{\"@id\":\"https:\\\/\\\/phongphim3trong1.com\\\/#website\"},\"primaryImageOfPage\":{\"@id\":\"https:\\\/\\\/phongphim3trong1.com\\\/?product=loa-bss-subwoofer-bd115as#primaryimage\"},\"image\":{\"@id\":\"https:\\\/\\\/phongphim3trong1.com\\\/?product=loa-bss-subwoofer-bd115as#primaryimage\"},\"thumbnailUrl\":\"https:\\\/\\\/phongphim3trong1.com\\\/wp-content\\\/uploads\\\/2022\\\/10\\\/BD115S-2.jpg\",\"datePublished\":\"2022-10-07T04:11:35+00:00\",\"dateModified\":\"2025-03-15T07:54:48+00:00\",\"breadcrumb\":{\"@id\":\"https:\\\/\\\/phongphim3trong1.com\\\/?product=loa-bss-subwoofer-bd115as#breadcrumb\"},\"inLanguage\":\"vi\",\"potentialAction\":[{\"@type\":\"ReadAction\",\"target\":[\"https:\\\/\\\/phongphim3trong1.com\\\/?product=loa-bss-subwoofer-bd115as\"]}]},{\"@type\":\"ImageObject\",\"inLanguage\":\"vi\",\"@id\":\"https:\\\/\\\/phongphim3trong1.com\\\/?product=loa-bss-subwoofer-bd115as#primaryimage\",\"url\":\"https:\\\/\\\/phongphim3trong1.com\\\/wp-content\\\/uploads\\\/2022\\\/10\\\/BD115S-2.jpg\",\"contentUrl\":\"https:\\\/\\\/phongphim3trong1.com\\\/wp-content\\\/uploads\\\/2022\\\/10\\\/BD115S-2.jpg\",\"width\":500,\"height\":500},{\"@type\":\"BreadcrumbList\",\"@id\":\"https:\\\/\\\/phongphim3trong1.com\\\/?product=loa-bss-subwoofer-bd115as#breadcrumb\",\"itemListElement\":[{\"@type\":\"ListItem\",\"position\":1,\"name\":\"Trang ch\u1ee7\",\"item\":\"https:\\\/\\\/phongphim3trong1.com\\\/\"},{\"@type\":\"ListItem\",\"position\":2,\"name\":\"S\u1ea3n ph\u1ea9m\",\"item\":\"https:\\\/\\\/phongphim3trong1.com\\\/san-pham\\\/\"},{\"@type\":\"ListItem\",\"position\":3,\"name\":\"Loa BSS Subwoofer BD115AS\"}]},{\"@type\":\"WebSite\",\"@id\":\"https:\\\/\\\/phongphim3trong1.com\\\/#website\",\"url\":\"https:\\\/\\\/phongphim3trong1.com\\\/\",\"name\":\"Gi\u1ea3i Ph\u00e1p 1 N\u00fat B\u1ea5m 3in1 \u0110\u1ea7u Ti\u00ean T\u1ea1i Vi\u1ec7t Nam\",\"description\":\"\",\"publisher\":{\"@id\":\"https:\\\/\\\/phongphim3trong1.com\\\/#organization\"},\"potentialAction\":[{\"@type\":\"SearchAction\",\"target\":{\"@type\":\"EntryPoint\",\"urlTemplate\":\"https:\\\/\\\/phongphim3trong1.com\\\/?s={search_term_string}\"},\"query-input\":{\"@type\":\"PropertyValueSpecification\",\"valueRequired\":true,\"valueName\":\"search_term_string\"}}],\"inLanguage\":\"vi\"},{\"@type\":\"Organization\",\"@id\":\"https:\\\/\\\/phongphim3trong1.com\\\/#organization\",\"name\":\"Gi\u1ea3i Ph\u00e1p 1 N\u00fat B\u1ea5m 3in1 \u0110\u1ea7u Ti\u00ean T\u1ea1i Vi\u1ec7t Nam\",\"url\":\"https:\\\/\\\/phongphim3trong1.com\\\/\",\"logo\":{\"@type\":\"ImageObject\",\"inLanguage\":\"vi\",\"@id\":\"https:\\\/\\\/phongphim3trong1.com\\\/#\\\/schema\\\/logo\\\/image\\\/\",\"url\":\"https:\\\/\\\/phongphim3trong1.com\\\/wp-content\\\/uploads\\\/2022\\\/11\\\/logo-phongphim3trong1-vector-moi-to-scaled.jpg\",\"contentUrl\":\"https:\\\/\\\/phongphim3trong1.com\\\/wp-content\\\/uploads\\\/2022\\\/11\\\/logo-phongphim3trong1-vector-moi-to-scaled.jpg\",\"width\":2560,\"height\":2108,\"caption\":\"Gi\u1ea3i Ph\u00e1p 1 N\u00fat B\u1ea5m 3in1 \u0110\u1ea7u Ti\u00ean T\u1ea1i Vi\u1ec7t Nam\"},\"image\":{\"@id\":\"https:\\\/\\\/phongphim3trong1.com\\\/#\\\/schema\\\/logo\\\/image\\\/\"}}]}<\/script>\n<!-- \/ Yoast SEO plugin. -->","yoast_head_json":{"title":"Loa BSS Subwoofer BD115AS - Gi\u1ea3i Ph\u00e1p 1 N\u00fat B\u1ea5m 3in1 \u0110\u1ea7u Ti\u00ean T\u1ea1i Vi\u1ec7t Nam","robots":{"index":"index","follow":"follow","max-snippet":"max-snippet:-1","max-image-preview":"max-image-preview:large","max-video-preview":"max-video-preview:-1"},"canonical":"https:\/\/phongphim3trong1.com\/?product=loa-bss-subwoofer-bd115as","og_locale":"vi_VN","og_type":"article","og_title":"Loa BSS Subwoofer BD115AS - Gi\u1ea3i Ph\u00e1p 1 N\u00fat B\u1ea5m 3in1 \u0110\u1ea7u Ti\u00ean T\u1ea1i Vi\u1ec7t Nam","og_description":"Made in UK  Gi\u00e1 B\u00e1n: Li\u00ean H\u1ec7  Th\u00f4ng S\u1ed1 K\u1ef9 Thu\u1eadt  T\u1ea7n s\u1ed1: 35 - 150 Hz Power Amply: 600 - 1200 - 2400 W Max SPL: 123 dB C\u1ea5u t\u1ea1o: 1 x 15\" Woofer K\u00edch th\u01b0\u1edbc (W x H x D): 550 x 570 x 440 mm","og_url":"https:\/\/phongphim3trong1.com\/?product=loa-bss-subwoofer-bd115as","og_site_name":"Gi\u1ea3i Ph\u00e1p 1 N\u00fat B\u1ea5m 3in1 \u0110\u1ea7u Ti\u00ean T\u1ea1i Vi\u1ec7t Nam","article_modified_time":"2025-03-15T07:54:48+00:00","og_image":[{"width":500,"height":500,"url":"https:\/\/phongphim3trong1.com\/wp-content\/uploads\/2022\/10\/BD115S-2.jpg","type":"image\/jpeg"}],"twitter_card":"summary_large_image","twitter_misc":{"\u01af\u1edbc t\u00ednh th\u1eddi gian \u0111\u1ecdc":"1 ph\u00fat"},"schema":{"@context":"https:\/\/schema.org","@graph":[{"@type":"WebPage","@id":"https:\/\/phongphim3trong1.com\/?product=loa-bss-subwoofer-bd115as","url":"https:\/\/phongphim3trong1.com\/?product=loa-bss-subwoofer-bd115as","name":"Loa BSS Subwoofer BD115AS - Gi\u1ea3i Ph\u00e1p 1 N\u00fat B\u1ea5m 3in1 \u0110\u1ea7u Ti\u00ean T\u1ea1i Vi\u1ec7t Nam","isPartOf":{"@id":"https:\/\/phongphim3trong1.com\/#website"},"primaryImageOfPage":{"@id":"https:\/\/phongphim3trong1.com\/?product=loa-bss-subwoofer-bd115as#primaryimage"},"image":{"@id":"https:\/\/phongphim3trong1.com\/?product=loa-bss-subwoofer-bd115as#primaryimage"},"thumbnailUrl":"https:\/\/phongphim3trong1.com\/wp-content\/uploads\/2022\/10\/BD115S-2.jpg","datePublished":"2022-10-07T04:11:35+00:00","dateModified":"2025-03-15T07:54:48+00:00","breadcrumb":{"@id":"https:\/\/phongphim3trong1.com\/?product=loa-bss-subwoofer-bd115as#breadcrumb"},"inLanguage":"vi","potentialAction":[{"@type":"ReadAction","target":["https:\/\/phongphim3trong1.com\/?product=loa-bss-subwoofer-bd115as"]}]},{"@type":"ImageObject","inLanguage":"vi","@id":"https:\/\/phongphim3trong1.com\/?product=loa-bss-subwoofer-bd115as#primaryimage","url":"https:\/\/phongphim3trong1.com\/wp-content\/uploads\/2022\/10\/BD115S-2.jpg","contentUrl":"https:\/\/phongphim3trong1.com\/wp-content\/uploads\/2022\/10\/BD115S-2.jpg","width":500,"height":500},{"@type":"BreadcrumbList","@id":"https:\/\/phongphim3trong1.com\/?product=loa-bss-subwoofer-bd115as#breadcrumb","itemListElement":[{"@type":"ListItem","position":1,"name":"Trang ch\u1ee7","item":"https:\/\/phongphim3trong1.com\/"},{"@type":"ListItem","position":2,"name":"S\u1ea3n ph\u1ea9m","item":"https:\/\/phongphim3trong1.com\/san-pham\/"},{"@type":"ListItem","position":3,"name":"Loa BSS Subwoofer BD115AS"}]},{"@type":"WebSite","@id":"https:\/\/phongphim3trong1.com\/#website","url":"https:\/\/phongphim3trong1.com\/","name":"Gi\u1ea3i Ph\u00e1p 1 N\u00fat B\u1ea5m 3in1 \u0110\u1ea7u Ti\u00ean T\u1ea1i Vi\u1ec7t Nam","description":"","publisher":{"@id":"https:\/\/phongphim3trong1.com\/#organization"},"potentialAction":[{"@type":"SearchAction","target":{"@type":"EntryPoint","urlTemplate":"https:\/\/phongphim3trong1.com\/?s={search_term_string}"},"query-input":{"@type":"PropertyValueSpecification","valueRequired":true,"valueName":"search_term_string"}}],"inLanguage":"vi"},{"@type":"Organization","@id":"https:\/\/phongphim3trong1.com\/#organization","name":"Gi\u1ea3i Ph\u00e1p 1 N\u00fat B\u1ea5m 3in1 \u0110\u1ea7u Ti\u00ean T\u1ea1i Vi\u1ec7t Nam","url":"https:\/\/phongphim3trong1.com\/","logo":{"@type":"ImageObject","inLanguage":"vi","@id":"https:\/\/phongphim3trong1.com\/#\/schema\/logo\/image\/","url":"https:\/\/phongphim3trong1.com\/wp-content\/uploads\/2022\/11\/logo-phongphim3trong1-vector-moi-to-scaled.jpg","contentUrl":"https:\/\/phongphim3trong1.com\/wp-content\/uploads\/2022\/11\/logo-phongphim3trong1-vector-moi-to-scaled.jpg","width":2560,"height":2108,"caption":"Gi\u1ea3i Ph\u00e1p 1 N\u00fat B\u1ea5m 3in1 \u0110\u1ea7u Ti\u00ean T\u1ea1i Vi\u1ec7t Nam"},"image":{"@id":"https:\/\/phongphim3trong1.com\/#\/schema\/logo\/image\/"}}]}},"_links":{"self":[{"href":"https:\/\/phongphim3trong1.com\/index.php?rest_route=\/wp\/v2\/product\/4101","targetHints":{"allow":["GET"]}}],"collection":[{"href":"https:\/\/phongphim3trong1.com\/index.php?rest_route=\/wp\/v2\/product"}],"about":[{"href":"https:\/\/phongphim3trong1.com\/index.php?rest_route=\/wp\/v2\/types\/product"}],"replies":[{"embeddable":true,"href":"https:\/\/phongphim3trong1.com\/index.php?rest_route=%2Fwp%2Fv2%2Fcomments&post=4101"}],"version-history":[{"count":3,"href":"https:\/\/phongphim3trong1.com\/index.php?rest_route=\/wp\/v2\/product\/4101\/revisions"}],"predecessor-version":[{"id":5812,"href":"https:\/\/phongphim3trong1.com\/index.php?rest_route=\/wp\/v2\/product\/4101\/revisions\/5812"}],"wp:featuredmedia":[{"embeddable":true,"href":"https:\/\/phongphim3trong1.com\/index.php?rest_route=\/wp\/v2\/media\/4096"}],"wp:attachment":[{"href":"https:\/\/phongphim3trong1.com\/index.php?rest_route=%2Fwp%2Fv2%2Fmedia&parent=4101"}],"wp:term":[{"taxonomy":"product_brand","embeddable":true,"href":"https:\/\/phongphim3trong1.com\/index.php?rest_route=%2Fwp%2Fv2%2Fproduct_brand&post=4101"},{"taxonomy":"product_cat","embeddable":true,"href":"https:\/\/phongphim3trong1.com\/index.php?rest_route=%2Fwp%2Fv2%2Fproduct_cat&post=4101"},{"taxonomy":"product_tag","embeddable":true,"href":"https:\/\/phongphim3trong1.com\/index.php?rest_route=%2Fwp%2Fv2%2Fproduct_tag&post=4101"}],"curies":[{"name":"wp","href":"https:\/\/api.w.org\/{rel}","templated":true}]}}