{"id":4026,"date":"2022-09-29T07:45:00","date_gmt":"2022-09-29T07:45:00","guid":{"rendered":"https:\/\/phongphim3trong1.com\/?post_type=product&#038;p=4026"},"modified":"2025-03-15T08:00:38","modified_gmt":"2025-03-15T08:00:38","slug":"loa-avance-v5y-c-s","status":"publish","type":"product","link":"https:\/\/phongphim3trong1.com\/?product=loa-avance-v5y-c-s","title":{"rendered":"Loa Avance V5Y C\/S"},"content":{"rendered":"<p><img fetchpriority=\"high\" decoding=\"async\" class=\"size-medium wp-image-4091 aligncenter\" src=\"https:\/\/phongphim3trong1.com\/wp-content\/uploads\/2022\/09\/poster-loa-V5Y-CS-660x400.jpg\" alt=\"\" width=\"660\" height=\"400\" srcset=\"https:\/\/phongphim3trong1.com\/wp-content\/uploads\/2022\/09\/poster-loa-V5Y-CS-660x400.jpg 660w, https:\/\/phongphim3trong1.com\/wp-content\/uploads\/2022\/09\/poster-loa-V5Y-CS-scaled-510x309.jpg 510w, https:\/\/phongphim3trong1.com\/wp-content\/uploads\/2022\/09\/poster-loa-V5Y-CS-1320x800.jpg 1320w, https:\/\/phongphim3trong1.com\/wp-content\/uploads\/2022\/09\/poster-loa-V5Y-CS-768x465.jpg 768w, https:\/\/phongphim3trong1.com\/wp-content\/uploads\/2022\/09\/poster-loa-V5Y-CS-1536x931.jpg 1536w, https:\/\/phongphim3trong1.com\/wp-content\/uploads\/2022\/09\/poster-loa-V5Y-CS-2048x1241.jpg 2048w\" sizes=\"(max-width: 660px) 100vw, 660px\" \/><\/p>\n<p><img decoding=\"async\" class=\"size-medium wp-image-4089 aligncenter\" src=\"https:\/\/phongphim3trong1.com\/wp-content\/uploads\/2022\/09\/Thong-so-loa-V5Y-Surround-566x400.jpg\" alt=\"\" width=\"566\" height=\"400\" srcset=\"https:\/\/phongphim3trong1.com\/wp-content\/uploads\/2022\/09\/Thong-so-loa-V5Y-Surround-566x400.jpg 566w, https:\/\/phongphim3trong1.com\/wp-content\/uploads\/2022\/09\/Thong-so-loa-V5Y-Surround-scaled-510x361.jpg 510w, https:\/\/phongphim3trong1.com\/wp-content\/uploads\/2022\/09\/Thong-so-loa-V5Y-Surround-1131x800.jpg 1131w, https:\/\/phongphim3trong1.com\/wp-content\/uploads\/2022\/09\/Thong-so-loa-V5Y-Surround-768x543.jpg 768w, https:\/\/phongphim3trong1.com\/wp-content\/uploads\/2022\/09\/Thong-so-loa-V5Y-Surround-1536x1086.jpg 1536w, https:\/\/phongphim3trong1.com\/wp-content\/uploads\/2022\/09\/Thong-so-loa-V5Y-Surround-2048x1448.jpg 2048w\" sizes=\"(max-width: 566px) 100vw, 566px\" \/><\/p>\n<p><img decoding=\"async\" class=\"size-medium wp-image-4088 aligncenter\" src=\"https:\/\/phongphim3trong1.com\/wp-content\/uploads\/2022\/09\/Thong-so-loa-V5Y-Center-566x400.jpg\" alt=\"\" width=\"566\" height=\"400\" srcset=\"https:\/\/phongphim3trong1.com\/wp-content\/uploads\/2022\/09\/Thong-so-loa-V5Y-Center-566x400.jpg 566w, https:\/\/phongphim3trong1.com\/wp-content\/uploads\/2022\/09\/Thong-so-loa-V5Y-Center-scaled-510x361.jpg 510w, https:\/\/phongphim3trong1.com\/wp-content\/uploads\/2022\/09\/Thong-so-loa-V5Y-Center-1131x800.jpg 1131w, https:\/\/phongphim3trong1.com\/wp-content\/uploads\/2022\/09\/Thong-so-loa-V5Y-Center-768x543.jpg 768w, https:\/\/phongphim3trong1.com\/wp-content\/uploads\/2022\/09\/Thong-so-loa-V5Y-Center-1536x1086.jpg 1536w, https:\/\/phongphim3trong1.com\/wp-content\/uploads\/2022\/09\/Thong-so-loa-V5Y-Center-2048x1448.jpg 2048w\" sizes=\"(max-width: 566px) 100vw, 566px\" \/><\/p>\n","protected":false},"excerpt":{"rendered":"<p><strong><span style=\"color: #000000;\">Made in DENMARK<\/span><\/strong><\/p>\n<p><span style=\"font-size: 150%;\"><strong><span style=\"color: #ed1c24;\">Gi\u00e1 B\u00e1n: Li\u00ean H\u1ec7<\/span><\/strong><\/span><\/p>\n<p><span style=\"font-size: 120%;\"><strong><span style=\"color: #000000;\">Th\u00f4ng S\u1ed1 K\u1ef9 Thu\u1eadt V5Y Center<\/span><\/strong><\/span><\/p>\n<div id=\"8cv8l_34r85\"><span id=\"8cv8l_34r85_fbm20\" class=\"\" data-text=\"true\"><strong><span style=\"color: #000000;\">T\u1ea7n s\u1ed1:<\/span><\/strong> 128 &#8211; 20.000 Hz<\/span><\/div>\n<div id=\"8cv8l_dph9k\"><span id=\"8cv8l_dph9k_c8opg\" class=\"\" data-text=\"true\"><strong><span style=\"color: #000000;\">Tr\u1edf kh\u00e1ng:<\/span><\/strong> 6 \u03a9<\/span><\/div>\n<div id=\"8cv8l_bnv29\"><span id=\"8cv8l_bnv29_f7s4f\" class=\"\" data-text=\"true\"><strong><span style=\"color: #000000;\">C\u00f4ng su\u1ea5t:<\/span><\/strong> 50 W RMS<\/span><\/div>\n<div id=\"8cv8l_1jvl7\"><span id=\"8cv8l_1jvl7_32ijs\" class=\"\" data-text=\"true\"><strong><span style=\"color: #000000;\">\u0110\u1ed9 nh\u1ea1y:<\/span><\/strong> 89 dB<\/span><\/div>\n<div id=\"8cv8l_abhvf\"><strong><span id=\"8cv8l_abhvf_5jb3g\" class=\"\" style=\"color: #000000;\" data-text=\"true\">C\u1ea5u t\u1ea1o: <\/span><\/strong><\/div>\n<div><span id=\"8cv8l_abhvf_5jb3g\" class=\"\" data-text=\"true\">2 x 4&#8243; yellow glass fiber basin, oak edge Woofer<\/span><\/div>\n<div id=\"8cv8l_vd3m\"><span id=\"8cv8l_vd3m_881jm\" class=\"\" data-text=\"true\">1 x 1&#8243; silk film Tweeter<\/span><\/div>\n<div id=\"8cv8l_2mkmv\"><span id=\"8cv8l_2mkmv_bm8nu\" class=\"\" data-text=\"true\"><strong><span style=\"color: #000000;\">K\u00edch th\u01b0\u1edbc (W x H x D):<\/span><\/strong> 440 x 129 x 150 mm<\/span><\/div>\n<p><span style=\"font-size: 120%;\"><strong><span style=\"color: #000000;\">Th\u00f4ng S\u1ed1 K\u1ef9 Thu\u1eadt V5Y Surround<\/span><\/strong><\/span><\/p>\n<div id=\"697qv_37f2k\"><span id=\"697qv_37f2k_bdvfh\" class=\"\" data-text=\"true\"><strong><span style=\"color: #000000;\">T\u1ea7n s\u1ed1:<\/span><\/strong> 100 &#8211; 20.000 Hz<\/span><\/div>\n<div id=\"697qv_3tr50\"><span id=\"697qv_3tr50_1c6nd\" class=\"\" data-text=\"true\"><strong><span style=\"color: #000000;\">Tr\u1edf kh\u00e1ng:<\/span><\/strong> 6 \u03a9<\/span><\/div>\n<div id=\"697qv_ckan8\"><span id=\"697qv_ckan8_ddcml\" class=\"\" data-text=\"true\"><strong><span style=\"color: #000000;\">C\u00f4ng su\u1ea5t:<\/span><\/strong> 50 W RMS<\/span><\/div>\n<div id=\"697qv_3bskl\"><span id=\"697qv_3bskl_27rpq\" class=\"\" data-text=\"true\"><strong><span style=\"color: #000000;\">\u0110\u1ed9 nh\u1ea1y:<\/span><\/strong> 85 dB<\/span><\/div>\n<div id=\"697qv_95g4k\"><strong><span id=\"697qv_95g4k_e5t1t\" class=\"\" style=\"color: #000000;\" data-text=\"true\">C\u1ea5u t\u1ea1o:<\/span><\/strong><\/div>\n<div id=\"697qv_f6qf6\"><span id=\"697qv_f6qf6_29daq\" class=\"\" data-text=\"true\">1 x 5.25&#8243; yellow glass fiber basin, oak edge Woofer<\/span><\/div>\n<div id=\"697qv_27h15\"><span id=\"697qv_27h15_437jf\" class=\"\" data-text=\"true\">1 x 1&#8243; silk film Tweeter<\/span><\/div>\n<div id=\"697qv_chlu1\"><span id=\"697qv_chlu1_5i1no\" class=\"\" data-text=\"true\"><strong><span style=\"color: #000000;\">K\u00edch th\u01b0\u1edbc (W x H x D):<\/span><\/strong> 225 x 295 x 104 mm<\/span><\/div>\n","protected":false},"featured_media":4028,"comment_status":"closed","ping_status":"closed","template":"","meta":{"pgc_meta":""},"product_brand":[],"product_cat":[277],"product_tag":[322,324,323,325,318,320,319,321,330,332,331,333,326,328,327,329],"class_list":{"0":"post-4026","1":"product","2":"type-product","3":"status-publish","4":"has-post-thumbnail","6":"product_cat-avance","7":"product_tag-avance-v5y-c-s","8":"product_tag-avance-v5y-center","9":"product_tag-avance-v5y-cs","10":"product_tag-avance-v5y-surround","11":"product_tag-loa-avance-v5y-c-s","12":"product_tag-loa-avance-v5y-center","13":"product_tag-loa-avance-v5y-cs","14":"product_tag-loa-avance-v5y-surround","15":"product_tag-loa-v5y-c-s","16":"product_tag-loa-v5y-center","17":"product_tag-loa-v5y-cs","18":"product_tag-loa-v5y-surround","19":"product_tag-v5y-c-s","20":"product_tag-v5y-center","21":"product_tag-v5y-cs","22":"product_tag-v5y-surround","24":"first","25":"instock","26":"shipping-taxable","27":"product-type-simple"},"yoast_head":"<!-- This site is optimized with the Yoast SEO plugin v27.4 - https:\/\/yoast.com\/product\/yoast-seo-wordpress\/ -->\n<title>Loa Avance V5Y C\/S - Gi\u1ea3i Ph\u00e1p 1 N\u00fat B\u1ea5m 3in1 \u0110\u1ea7u Ti\u00ean T\u1ea1i Vi\u1ec7t Nam<\/title>\n<meta name=\"robots\" content=\"index, follow, max-snippet:-1, max-image-preview:large, max-video-preview:-1\" \/>\n<link rel=\"canonical\" href=\"https:\/\/phongphim3trong1.com\/?product=loa-avance-v5y-c-s\" \/>\n<meta property=\"og:locale\" content=\"vi_VN\" \/>\n<meta property=\"og:type\" content=\"article\" \/>\n<meta property=\"og:title\" content=\"Loa Avance V5Y C\/S - Gi\u1ea3i Ph\u00e1p 1 N\u00fat B\u1ea5m 3in1 \u0110\u1ea7u Ti\u00ean T\u1ea1i Vi\u1ec7t Nam\" \/>\n<meta property=\"og:description\" content=\"Made in DENMARK  Gi\u00e1 B\u00e1n: Li\u00ean H\u1ec7  Th\u00f4ng S\u1ed1 K\u1ef9 Thu\u1eadt V5Y Center T\u1ea7n s\u1ed1: 128 - 20.000 Hz Tr\u1edf kh\u00e1ng: 6 \u03a9 C\u00f4ng su\u1ea5t: 50 W RMS \u0110\u1ed9 nh\u1ea1y: 89 dB C\u1ea5u t\u1ea1o:  2 x 4&quot; yellow glass fiber basin, oak edge Woofer 1 x 1&quot; silk film Tweeter K\u00edch th\u01b0\u1edbc (W x H x D): 440 x 129 x 150 mm Th\u00f4ng S\u1ed1 K\u1ef9 Thu\u1eadt V5Y Surround T\u1ea7n s\u1ed1: 100 - 20.000 Hz Tr\u1edf kh\u00e1ng: 6 \u03a9 C\u00f4ng su\u1ea5t: 50 W RMS \u0110\u1ed9 nh\u1ea1y: 85 dB C\u1ea5u t\u1ea1o: 1 x 5.25&quot; yellow glass fiber basin, oak edge Woofer 1 x 1&quot; silk film Tweeter K\u00edch th\u01b0\u1edbc (W x H x D): 225 x 295 x 104 mm\" \/>\n<meta property=\"og:url\" content=\"https:\/\/phongphim3trong1.com\/?product=loa-avance-v5y-c-s\" \/>\n<meta property=\"og:site_name\" content=\"Gi\u1ea3i Ph\u00e1p 1 N\u00fat B\u1ea5m 3in1 \u0110\u1ea7u Ti\u00ean T\u1ea1i Vi\u1ec7t Nam\" \/>\n<meta property=\"article:modified_time\" content=\"2025-03-15T08:00:38+00:00\" \/>\n<meta property=\"og:image\" content=\"https:\/\/phongphim3trong1.com\/wp-content\/uploads\/2022\/09\/V5Y-CS-scaled.jpg\" \/>\n\t<meta property=\"og:image:width\" content=\"1920\" \/>\n\t<meta property=\"og:image:height\" content=\"2560\" \/>\n\t<meta property=\"og:image:type\" content=\"image\/jpeg\" \/>\n<meta name=\"twitter:card\" content=\"summary_large_image\" \/>\n<meta name=\"twitter:label1\" content=\"\u01af\u1edbc t\u00ednh th\u1eddi gian \u0111\u1ecdc\" \/>\n\t<meta name=\"twitter:data1\" content=\"1 ph\u00fat\" \/>\n<script type=\"application\/ld+json\" class=\"yoast-schema-graph\">{\"@context\":\"https:\\\/\\\/schema.org\",\"@graph\":[{\"@type\":\"WebPage\",\"@id\":\"https:\\\/\\\/phongphim3trong1.com\\\/?product=loa-avance-v5y-c-s\",\"url\":\"https:\\\/\\\/phongphim3trong1.com\\\/?product=loa-avance-v5y-c-s\",\"name\":\"Loa Avance V5Y C\\\/S - Gi\u1ea3i Ph\u00e1p 1 N\u00fat B\u1ea5m 3in1 \u0110\u1ea7u Ti\u00ean T\u1ea1i Vi\u1ec7t Nam\",\"isPartOf\":{\"@id\":\"https:\\\/\\\/phongphim3trong1.com\\\/#website\"},\"primaryImageOfPage\":{\"@id\":\"https:\\\/\\\/phongphim3trong1.com\\\/?product=loa-avance-v5y-c-s#primaryimage\"},\"image\":{\"@id\":\"https:\\\/\\\/phongphim3trong1.com\\\/?product=loa-avance-v5y-c-s#primaryimage\"},\"thumbnailUrl\":\"https:\\\/\\\/phongphim3trong1.com\\\/wp-content\\\/uploads\\\/2022\\\/09\\\/V5Y-CS-scaled.jpg\",\"datePublished\":\"2022-09-29T07:45:00+00:00\",\"dateModified\":\"2025-03-15T08:00:38+00:00\",\"breadcrumb\":{\"@id\":\"https:\\\/\\\/phongphim3trong1.com\\\/?product=loa-avance-v5y-c-s#breadcrumb\"},\"inLanguage\":\"vi\",\"potentialAction\":[{\"@type\":\"ReadAction\",\"target\":[\"https:\\\/\\\/phongphim3trong1.com\\\/?product=loa-avance-v5y-c-s\"]}]},{\"@type\":\"ImageObject\",\"inLanguage\":\"vi\",\"@id\":\"https:\\\/\\\/phongphim3trong1.com\\\/?product=loa-avance-v5y-c-s#primaryimage\",\"url\":\"https:\\\/\\\/phongphim3trong1.com\\\/wp-content\\\/uploads\\\/2022\\\/09\\\/V5Y-CS-scaled.jpg\",\"contentUrl\":\"https:\\\/\\\/phongphim3trong1.com\\\/wp-content\\\/uploads\\\/2022\\\/09\\\/V5Y-CS-scaled.jpg\",\"width\":1920,\"height\":2560},{\"@type\":\"BreadcrumbList\",\"@id\":\"https:\\\/\\\/phongphim3trong1.com\\\/?product=loa-avance-v5y-c-s#breadcrumb\",\"itemListElement\":[{\"@type\":\"ListItem\",\"position\":1,\"name\":\"Trang ch\u1ee7\",\"item\":\"https:\\\/\\\/phongphim3trong1.com\\\/\"},{\"@type\":\"ListItem\",\"position\":2,\"name\":\"S\u1ea3n ph\u1ea9m\",\"item\":\"https:\\\/\\\/phongphim3trong1.com\\\/san-pham\\\/\"},{\"@type\":\"ListItem\",\"position\":3,\"name\":\"Loa Avance V5Y C\\\/S\"}]},{\"@type\":\"WebSite\",\"@id\":\"https:\\\/\\\/phongphim3trong1.com\\\/#website\",\"url\":\"https:\\\/\\\/phongphim3trong1.com\\\/\",\"name\":\"Gi\u1ea3i Ph\u00e1p 1 N\u00fat B\u1ea5m 3in1 \u0110\u1ea7u Ti\u00ean T\u1ea1i Vi\u1ec7t Nam\",\"description\":\"\",\"publisher\":{\"@id\":\"https:\\\/\\\/phongphim3trong1.com\\\/#organization\"},\"potentialAction\":[{\"@type\":\"SearchAction\",\"target\":{\"@type\":\"EntryPoint\",\"urlTemplate\":\"https:\\\/\\\/phongphim3trong1.com\\\/?s={search_term_string}\"},\"query-input\":{\"@type\":\"PropertyValueSpecification\",\"valueRequired\":true,\"valueName\":\"search_term_string\"}}],\"inLanguage\":\"vi\"},{\"@type\":\"Organization\",\"@id\":\"https:\\\/\\\/phongphim3trong1.com\\\/#organization\",\"name\":\"Gi\u1ea3i Ph\u00e1p 1 N\u00fat B\u1ea5m 3in1 \u0110\u1ea7u Ti\u00ean T\u1ea1i Vi\u1ec7t Nam\",\"url\":\"https:\\\/\\\/phongphim3trong1.com\\\/\",\"logo\":{\"@type\":\"ImageObject\",\"inLanguage\":\"vi\",\"@id\":\"https:\\\/\\\/phongphim3trong1.com\\\/#\\\/schema\\\/logo\\\/image\\\/\",\"url\":\"https:\\\/\\\/phongphim3trong1.com\\\/wp-content\\\/uploads\\\/2022\\\/11\\\/logo-phongphim3trong1-vector-moi-to-scaled.jpg\",\"contentUrl\":\"https:\\\/\\\/phongphim3trong1.com\\\/wp-content\\\/uploads\\\/2022\\\/11\\\/logo-phongphim3trong1-vector-moi-to-scaled.jpg\",\"width\":2560,\"height\":2108,\"caption\":\"Gi\u1ea3i Ph\u00e1p 1 N\u00fat B\u1ea5m 3in1 \u0110\u1ea7u Ti\u00ean T\u1ea1i Vi\u1ec7t Nam\"},\"image\":{\"@id\":\"https:\\\/\\\/phongphim3trong1.com\\\/#\\\/schema\\\/logo\\\/image\\\/\"}}]}<\/script>\n<!-- \/ Yoast SEO plugin. -->","yoast_head_json":{"title":"Loa Avance V5Y C\/S - Gi\u1ea3i Ph\u00e1p 1 N\u00fat B\u1ea5m 3in1 \u0110\u1ea7u Ti\u00ean T\u1ea1i Vi\u1ec7t Nam","robots":{"index":"index","follow":"follow","max-snippet":"max-snippet:-1","max-image-preview":"max-image-preview:large","max-video-preview":"max-video-preview:-1"},"canonical":"https:\/\/phongphim3trong1.com\/?product=loa-avance-v5y-c-s","og_locale":"vi_VN","og_type":"article","og_title":"Loa Avance V5Y C\/S - Gi\u1ea3i Ph\u00e1p 1 N\u00fat B\u1ea5m 3in1 \u0110\u1ea7u Ti\u00ean T\u1ea1i Vi\u1ec7t Nam","og_description":"Made in DENMARK  Gi\u00e1 B\u00e1n: Li\u00ean H\u1ec7  Th\u00f4ng S\u1ed1 K\u1ef9 Thu\u1eadt V5Y Center T\u1ea7n s\u1ed1: 128 - 20.000 Hz Tr\u1edf kh\u00e1ng: 6 \u03a9 C\u00f4ng su\u1ea5t: 50 W RMS \u0110\u1ed9 nh\u1ea1y: 89 dB C\u1ea5u t\u1ea1o:  2 x 4\" yellow glass fiber basin, oak edge Woofer 1 x 1\" silk film Tweeter K\u00edch th\u01b0\u1edbc (W x H x D): 440 x 129 x 150 mm Th\u00f4ng S\u1ed1 K\u1ef9 Thu\u1eadt V5Y Surround T\u1ea7n s\u1ed1: 100 - 20.000 Hz Tr\u1edf kh\u00e1ng: 6 \u03a9 C\u00f4ng su\u1ea5t: 50 W RMS \u0110\u1ed9 nh\u1ea1y: 85 dB C\u1ea5u t\u1ea1o: 1 x 5.25\" yellow glass fiber basin, oak edge Woofer 1 x 1\" silk film Tweeter K\u00edch th\u01b0\u1edbc (W x H x D): 225 x 295 x 104 mm","og_url":"https:\/\/phongphim3trong1.com\/?product=loa-avance-v5y-c-s","og_site_name":"Gi\u1ea3i Ph\u00e1p 1 N\u00fat B\u1ea5m 3in1 \u0110\u1ea7u Ti\u00ean T\u1ea1i Vi\u1ec7t Nam","article_modified_time":"2025-03-15T08:00:38+00:00","og_image":[{"width":1920,"height":2560,"url":"https:\/\/phongphim3trong1.com\/wp-content\/uploads\/2022\/09\/V5Y-CS-scaled.jpg","type":"image\/jpeg"}],"twitter_card":"summary_large_image","twitter_misc":{"\u01af\u1edbc t\u00ednh th\u1eddi gian \u0111\u1ecdc":"1 ph\u00fat"},"schema":{"@context":"https:\/\/schema.org","@graph":[{"@type":"WebPage","@id":"https:\/\/phongphim3trong1.com\/?product=loa-avance-v5y-c-s","url":"https:\/\/phongphim3trong1.com\/?product=loa-avance-v5y-c-s","name":"Loa Avance V5Y C\/S - Gi\u1ea3i Ph\u00e1p 1 N\u00fat B\u1ea5m 3in1 \u0110\u1ea7u Ti\u00ean T\u1ea1i Vi\u1ec7t Nam","isPartOf":{"@id":"https:\/\/phongphim3trong1.com\/#website"},"primaryImageOfPage":{"@id":"https:\/\/phongphim3trong1.com\/?product=loa-avance-v5y-c-s#primaryimage"},"image":{"@id":"https:\/\/phongphim3trong1.com\/?product=loa-avance-v5y-c-s#primaryimage"},"thumbnailUrl":"https:\/\/phongphim3trong1.com\/wp-content\/uploads\/2022\/09\/V5Y-CS-scaled.jpg","datePublished":"2022-09-29T07:45:00+00:00","dateModified":"2025-03-15T08:00:38+00:00","breadcrumb":{"@id":"https:\/\/phongphim3trong1.com\/?product=loa-avance-v5y-c-s#breadcrumb"},"inLanguage":"vi","potentialAction":[{"@type":"ReadAction","target":["https:\/\/phongphim3trong1.com\/?product=loa-avance-v5y-c-s"]}]},{"@type":"ImageObject","inLanguage":"vi","@id":"https:\/\/phongphim3trong1.com\/?product=loa-avance-v5y-c-s#primaryimage","url":"https:\/\/phongphim3trong1.com\/wp-content\/uploads\/2022\/09\/V5Y-CS-scaled.jpg","contentUrl":"https:\/\/phongphim3trong1.com\/wp-content\/uploads\/2022\/09\/V5Y-CS-scaled.jpg","width":1920,"height":2560},{"@type":"BreadcrumbList","@id":"https:\/\/phongphim3trong1.com\/?product=loa-avance-v5y-c-s#breadcrumb","itemListElement":[{"@type":"ListItem","position":1,"name":"Trang ch\u1ee7","item":"https:\/\/phongphim3trong1.com\/"},{"@type":"ListItem","position":2,"name":"S\u1ea3n ph\u1ea9m","item":"https:\/\/phongphim3trong1.com\/san-pham\/"},{"@type":"ListItem","position":3,"name":"Loa Avance V5Y C\/S"}]},{"@type":"WebSite","@id":"https:\/\/phongphim3trong1.com\/#website","url":"https:\/\/phongphim3trong1.com\/","name":"Gi\u1ea3i Ph\u00e1p 1 N\u00fat B\u1ea5m 3in1 \u0110\u1ea7u Ti\u00ean T\u1ea1i Vi\u1ec7t Nam","description":"","publisher":{"@id":"https:\/\/phongphim3trong1.com\/#organization"},"potentialAction":[{"@type":"SearchAction","target":{"@type":"EntryPoint","urlTemplate":"https:\/\/phongphim3trong1.com\/?s={search_term_string}"},"query-input":{"@type":"PropertyValueSpecification","valueRequired":true,"valueName":"search_term_string"}}],"inLanguage":"vi"},{"@type":"Organization","@id":"https:\/\/phongphim3trong1.com\/#organization","name":"Gi\u1ea3i Ph\u00e1p 1 N\u00fat B\u1ea5m 3in1 \u0110\u1ea7u Ti\u00ean T\u1ea1i Vi\u1ec7t Nam","url":"https:\/\/phongphim3trong1.com\/","logo":{"@type":"ImageObject","inLanguage":"vi","@id":"https:\/\/phongphim3trong1.com\/#\/schema\/logo\/image\/","url":"https:\/\/phongphim3trong1.com\/wp-content\/uploads\/2022\/11\/logo-phongphim3trong1-vector-moi-to-scaled.jpg","contentUrl":"https:\/\/phongphim3trong1.com\/wp-content\/uploads\/2022\/11\/logo-phongphim3trong1-vector-moi-to-scaled.jpg","width":2560,"height":2108,"caption":"Gi\u1ea3i Ph\u00e1p 1 N\u00fat B\u1ea5m 3in1 \u0110\u1ea7u Ti\u00ean T\u1ea1i Vi\u1ec7t Nam"},"image":{"@id":"https:\/\/phongphim3trong1.com\/#\/schema\/logo\/image\/"}}]}},"_links":{"self":[{"href":"https:\/\/phongphim3trong1.com\/index.php?rest_route=\/wp\/v2\/product\/4026","targetHints":{"allow":["GET"]}}],"collection":[{"href":"https:\/\/phongphim3trong1.com\/index.php?rest_route=\/wp\/v2\/product"}],"about":[{"href":"https:\/\/phongphim3trong1.com\/index.php?rest_route=\/wp\/v2\/types\/product"}],"replies":[{"embeddable":true,"href":"https:\/\/phongphim3trong1.com\/index.php?rest_route=%2Fwp%2Fv2%2Fcomments&post=4026"}],"version-history":[{"count":5,"href":"https:\/\/phongphim3trong1.com\/index.php?rest_route=\/wp\/v2\/product\/4026\/revisions"}],"predecessor-version":[{"id":5816,"href":"https:\/\/phongphim3trong1.com\/index.php?rest_route=\/wp\/v2\/product\/4026\/revisions\/5816"}],"wp:featuredmedia":[{"embeddable":true,"href":"https:\/\/phongphim3trong1.com\/index.php?rest_route=\/wp\/v2\/media\/4028"}],"wp:attachment":[{"href":"https:\/\/phongphim3trong1.com\/index.php?rest_route=%2Fwp%2Fv2%2Fmedia&parent=4026"}],"wp:term":[{"taxonomy":"product_brand","embeddable":true,"href":"https:\/\/phongphim3trong1.com\/index.php?rest_route=%2Fwp%2Fv2%2Fproduct_brand&post=4026"},{"taxonomy":"product_cat","embeddable":true,"href":"https:\/\/phongphim3trong1.com\/index.php?rest_route=%2Fwp%2Fv2%2Fproduct_cat&post=4026"},{"taxonomy":"product_tag","embeddable":true,"href":"https:\/\/phongphim3trong1.com\/index.php?rest_route=%2Fwp%2Fv2%2Fproduct_tag&post=4026"}],"curies":[{"name":"wp","href":"https:\/\/api.w.org\/{rel}","templated":true}]}}