{"id":3783,"date":"2022-07-14T08:17:26","date_gmt":"2022-07-14T08:17:26","guid":{"rendered":"https:\/\/phongphim3trong1.com\/?post_type=product&#038;p=3783"},"modified":"2025-03-18T09:29:39","modified_gmt":"2025-03-18T09:29:39","slug":"may-chieu-lg-bu50nst","status":"publish","type":"product","link":"https:\/\/phongphim3trong1.com\/?product=may-chieu-lg-bu50nst","title":{"rendered":"M\u00e1y chi\u1ebfu 4K Laser BU50NST"},"content":{"rendered":"<p>V\u1edbi ch\u1ee9c n\u0103ng Lens Shift &amp; Zoom x1.6, b\u1ea1n c\u00f3 th\u1ec3 c\u00e0i \u0111\u1eb7t m\u00e1y chi\u1ebfu laser n\u00e0y h\u1ea7u nh\u01b0 \u1edf b\u1ea5t k\u1ef3 \u0111\u00e2u v\u00e0 \u0111\u1eb7t m\u00e0n h\u00ecnh \u1edf k\u00edch th\u01b0\u1edbc v\u00e0 v\u1ecb tr\u00ed ch\u00ednh x\u00e1c. V\u1edbi kh\u1ea3 n\u0103ng t\u01b0\u01a1ng th\u00edch HDBaseT \u2122, ProBeam c\u00f3 th\u1ec3 s\u1eed d\u1ee5ng m\u1ed9t c\u00e1p kho\u1ea3ng c\u00e1ch d\u00e0i duy nh\u1ea5t \u0111\u1ec3 mang \u0111\u1ebfn n\u0103m t\u00edn hi\u1ec7u kh\u00e1c nhau \u0111\u1ec3 truy\u1ec1n t\u1ea3i video v\u00e0 \u00e2m thanh \u0111\u1ed9 n\u00e9t c\u1ef1c cao, Ethernet, \u0111i\u1ec1u khi\u1ec3n, USB v\u00e0 th\u1eadm ch\u00ed c\u00f4ng su\u1ea5t l\u00ean \u0111\u1ebfn 100W. \u0110\u01b0\u1ee3c k\u00edch ho\u1ea1t b\u1eb1ng ngu\u1ed3n s\u00e1ng Laser; tu\u1ed5i th\u1ecd thi\u1ebft b\u1ecb 20.000 gi\u1edd c\u00f3 th\u1ec3 s\u1eed d\u1ee5ng l\u00ean \u0111\u1ebfn 5 n\u0103m m\u00e0 kh\u00f4ng b\u1ecb xu\u1ed1ng m\u00e0u; cho m\u00e0u s\u1eafc r\u1ef1c r\u1ee1, ch\u00e2n th\u1ef1c nh\u1edd c\u00f4ng ngh\u1ec7 DLP<\/p>\n","protected":false},"excerpt":{"rendered":"<p><span style=\"font-size: 150%; color: #ed1c24;\"><strong>Gi\u00e1 B\u00e1n: Li\u00ean H\u1ec7<\/strong><\/span><\/p>\n<p><span style=\"color: #000000;\"><strong><span style=\"font-size: 120%;\">Th\u00f4ng S\u1ed1 K\u1ef9 Thu\u1eadt<\/span><\/strong><\/span><\/p>\n<div id=\"c2com_5f5oj\"><span id=\"c2com_5f5oj_tljm\" class=\"\" style=\"color: #000000;\" data-text=\"true\"><strong>C\u00f4ng ngh\u1ec7:<\/strong> DLP<\/span><\/div>\n<div id=\"c2com_77qfg\"><span id=\"c2com_77qfg_5do40\" class=\"\" style=\"color: #000000;\" data-text=\"true\"><strong>C\u01b0\u1eddng \u0111\u1ed9 s\u00e1ng:<\/strong> 5,000 ANSI Lumens<\/span><\/div>\n<div id=\"c2com_chnrp\"><span id=\"c2com_chnrp_6s99e\" class=\"\" style=\"color: #000000;\" data-text=\"true\"><strong>\u0110\u1ed9 ph\u00e2n gi\u1ea3i th\u1ef1c:<\/strong> 4K UHD (3840 x 2160)<\/span><\/div>\n<div id=\"c2com_e397j\"><span id=\"c2com_e397j_89nsi\" class=\"\" style=\"color: #000000;\" data-text=\"true\"><strong>\u0110\u1ed9 t\u01b0\u01a1ng ph\u1ea3n:<\/strong> 3.000.000:1<\/span><\/div>\n<div id=\"c2com_c5mhr\"><span id=\"c2com_c5mhr_98o03\" class=\"\" style=\"color: #000000;\" data-text=\"true\"><strong>Ngu\u1ed3n s\u00e1ng:<\/strong> Laser; Tu\u1ed5i th\u1ecd l\u00ean t\u1edbi 20.000 gi\u1edd<\/span><\/div>\n<div id=\"c2com_a9r5f\"><span id=\"c2com_a9r5f_94oed\" class=\"\" style=\"color: #000000;\" data-text=\"true\"><strong>K\u00edch th\u01b0\u1edbc (W x H x D):<\/strong> 370 x 290 x 155.7 mm<\/span><\/div>\n","protected":false},"featured_media":3784,"comment_status":"closed","ping_status":"closed","template":"","meta":{"pgc_meta":""},"product_brand":[],"product_cat":[257],"product_tag":[653,655,656,654],"class_list":{"0":"post-3783","1":"product","2":"type-product","3":"status-publish","4":"has-post-thumbnail","6":"product_cat-lg","7":"product_tag-bu50nst","8":"product_tag-bu50nst-4k","9":"product_tag-bu50nst-4k-laser","10":"product_tag-may-chieu-bu50nst","12":"first","13":"instock","14":"shipping-taxable","15":"product-type-simple"},"yoast_head":"<!-- This site is optimized with the Yoast SEO plugin v27.4 - https:\/\/yoast.com\/product\/yoast-seo-wordpress\/ -->\n<title>M\u00e1y chi\u1ebfu 4K Laser BU50NST - Gi\u1ea3i Ph\u00e1p 1 N\u00fat B\u1ea5m 3in1 \u0110\u1ea7u Ti\u00ean T\u1ea1i Vi\u1ec7t Nam<\/title>\n<meta name=\"robots\" content=\"index, follow, max-snippet:-1, max-image-preview:large, max-video-preview:-1\" \/>\n<link rel=\"canonical\" href=\"https:\/\/phongphim3trong1.com\/?product=may-chieu-lg-bu50nst\" \/>\n<meta property=\"og:locale\" content=\"vi_VN\" \/>\n<meta property=\"og:type\" content=\"article\" \/>\n<meta property=\"og:title\" content=\"M\u00e1y chi\u1ebfu 4K Laser BU50NST - Gi\u1ea3i Ph\u00e1p 1 N\u00fat B\u1ea5m 3in1 \u0110\u1ea7u Ti\u00ean T\u1ea1i Vi\u1ec7t Nam\" \/>\n<meta property=\"og:description\" content=\"Gi\u00e1 B\u00e1n: Li\u00ean H\u1ec7  Th\u00f4ng S\u1ed1 K\u1ef9 Thu\u1eadt C\u00f4ng ngh\u1ec7: DLP C\u01b0\u1eddng \u0111\u1ed9 s\u00e1ng: 5,000 ANSI Lumens \u0110\u1ed9 ph\u00e2n gi\u1ea3i th\u1ef1c: 4K UHD (3840 x 2160) \u0110\u1ed9 t\u01b0\u01a1ng ph\u1ea3n: 3.000.000:1 Ngu\u1ed3n s\u00e1ng: Laser; Tu\u1ed5i th\u1ecd l\u00ean t\u1edbi 20.000 gi\u1edd K\u00edch th\u01b0\u1edbc (W x H x D): 370 x 290 x 155.7 mm\" \/>\n<meta property=\"og:url\" content=\"https:\/\/phongphim3trong1.com\/?product=may-chieu-lg-bu50nst\" \/>\n<meta property=\"og:site_name\" content=\"Gi\u1ea3i Ph\u00e1p 1 N\u00fat B\u1ea5m 3in1 \u0110\u1ea7u Ti\u00ean T\u1ea1i Vi\u1ec7t Nam\" \/>\n<meta property=\"article:modified_time\" content=\"2025-03-18T09:29:39+00:00\" \/>\n<meta property=\"og:image\" content=\"https:\/\/phongphim3trong1.com\/wp-content\/uploads\/2022\/07\/BU50NST-1.jpg\" \/>\n\t<meta property=\"og:image:width\" content=\"510\" \/>\n\t<meta property=\"og:image:height\" content=\"680\" \/>\n\t<meta property=\"og:image:type\" content=\"image\/jpeg\" \/>\n<meta name=\"twitter:card\" content=\"summary_large_image\" \/>\n<meta name=\"twitter:label1\" content=\"\u01af\u1edbc t\u00ednh th\u1eddi gian \u0111\u1ecdc\" \/>\n\t<meta name=\"twitter:data1\" content=\"1 ph\u00fat\" \/>\n<script type=\"application\/ld+json\" class=\"yoast-schema-graph\">{\"@context\":\"https:\\\/\\\/schema.org\",\"@graph\":[{\"@type\":\"WebPage\",\"@id\":\"https:\\\/\\\/phongphim3trong1.com\\\/?product=may-chieu-lg-bu50nst\",\"url\":\"https:\\\/\\\/phongphim3trong1.com\\\/?product=may-chieu-lg-bu50nst\",\"name\":\"M\u00e1y chi\u1ebfu 4K Laser BU50NST - Gi\u1ea3i Ph\u00e1p 1 N\u00fat B\u1ea5m 3in1 \u0110\u1ea7u Ti\u00ean T\u1ea1i Vi\u1ec7t Nam\",\"isPartOf\":{\"@id\":\"https:\\\/\\\/phongphim3trong1.com\\\/#website\"},\"primaryImageOfPage\":{\"@id\":\"https:\\\/\\\/phongphim3trong1.com\\\/?product=may-chieu-lg-bu50nst#primaryimage\"},\"image\":{\"@id\":\"https:\\\/\\\/phongphim3trong1.com\\\/?product=may-chieu-lg-bu50nst#primaryimage\"},\"thumbnailUrl\":\"https:\\\/\\\/phongphim3trong1.com\\\/wp-content\\\/uploads\\\/2022\\\/07\\\/BU50NST-1.jpg\",\"datePublished\":\"2022-07-14T08:17:26+00:00\",\"dateModified\":\"2025-03-18T09:29:39+00:00\",\"breadcrumb\":{\"@id\":\"https:\\\/\\\/phongphim3trong1.com\\\/?product=may-chieu-lg-bu50nst#breadcrumb\"},\"inLanguage\":\"vi\",\"potentialAction\":[{\"@type\":\"ReadAction\",\"target\":[\"https:\\\/\\\/phongphim3trong1.com\\\/?product=may-chieu-lg-bu50nst\"]}]},{\"@type\":\"ImageObject\",\"inLanguage\":\"vi\",\"@id\":\"https:\\\/\\\/phongphim3trong1.com\\\/?product=may-chieu-lg-bu50nst#primaryimage\",\"url\":\"https:\\\/\\\/phongphim3trong1.com\\\/wp-content\\\/uploads\\\/2022\\\/07\\\/BU50NST-1.jpg\",\"contentUrl\":\"https:\\\/\\\/phongphim3trong1.com\\\/wp-content\\\/uploads\\\/2022\\\/07\\\/BU50NST-1.jpg\",\"width\":510,\"height\":680},{\"@type\":\"BreadcrumbList\",\"@id\":\"https:\\\/\\\/phongphim3trong1.com\\\/?product=may-chieu-lg-bu50nst#breadcrumb\",\"itemListElement\":[{\"@type\":\"ListItem\",\"position\":1,\"name\":\"Trang ch\u1ee7\",\"item\":\"https:\\\/\\\/phongphim3trong1.com\\\/\"},{\"@type\":\"ListItem\",\"position\":2,\"name\":\"S\u1ea3n ph\u1ea9m\",\"item\":\"https:\\\/\\\/phongphim3trong1.com\\\/san-pham\\\/\"},{\"@type\":\"ListItem\",\"position\":3,\"name\":\"M\u00e1y chi\u1ebfu 4K Laser BU50NST\"}]},{\"@type\":\"WebSite\",\"@id\":\"https:\\\/\\\/phongphim3trong1.com\\\/#website\",\"url\":\"https:\\\/\\\/phongphim3trong1.com\\\/\",\"name\":\"Gi\u1ea3i Ph\u00e1p 1 N\u00fat B\u1ea5m 3in1 \u0110\u1ea7u Ti\u00ean T\u1ea1i Vi\u1ec7t Nam\",\"description\":\"\",\"publisher\":{\"@id\":\"https:\\\/\\\/phongphim3trong1.com\\\/#organization\"},\"potentialAction\":[{\"@type\":\"SearchAction\",\"target\":{\"@type\":\"EntryPoint\",\"urlTemplate\":\"https:\\\/\\\/phongphim3trong1.com\\\/?s={search_term_string}\"},\"query-input\":{\"@type\":\"PropertyValueSpecification\",\"valueRequired\":true,\"valueName\":\"search_term_string\"}}],\"inLanguage\":\"vi\"},{\"@type\":\"Organization\",\"@id\":\"https:\\\/\\\/phongphim3trong1.com\\\/#organization\",\"name\":\"Gi\u1ea3i Ph\u00e1p 1 N\u00fat B\u1ea5m 3in1 \u0110\u1ea7u Ti\u00ean T\u1ea1i Vi\u1ec7t Nam\",\"url\":\"https:\\\/\\\/phongphim3trong1.com\\\/\",\"logo\":{\"@type\":\"ImageObject\",\"inLanguage\":\"vi\",\"@id\":\"https:\\\/\\\/phongphim3trong1.com\\\/#\\\/schema\\\/logo\\\/image\\\/\",\"url\":\"https:\\\/\\\/phongphim3trong1.com\\\/wp-content\\\/uploads\\\/2022\\\/11\\\/logo-phongphim3trong1-vector-moi-to-scaled.jpg\",\"contentUrl\":\"https:\\\/\\\/phongphim3trong1.com\\\/wp-content\\\/uploads\\\/2022\\\/11\\\/logo-phongphim3trong1-vector-moi-to-scaled.jpg\",\"width\":2560,\"height\":2108,\"caption\":\"Gi\u1ea3i Ph\u00e1p 1 N\u00fat B\u1ea5m 3in1 \u0110\u1ea7u Ti\u00ean T\u1ea1i Vi\u1ec7t Nam\"},\"image\":{\"@id\":\"https:\\\/\\\/phongphim3trong1.com\\\/#\\\/schema\\\/logo\\\/image\\\/\"}}]}<\/script>\n<!-- \/ Yoast SEO plugin. -->","yoast_head_json":{"title":"M\u00e1y chi\u1ebfu 4K Laser BU50NST - Gi\u1ea3i Ph\u00e1p 1 N\u00fat B\u1ea5m 3in1 \u0110\u1ea7u Ti\u00ean T\u1ea1i Vi\u1ec7t Nam","robots":{"index":"index","follow":"follow","max-snippet":"max-snippet:-1","max-image-preview":"max-image-preview:large","max-video-preview":"max-video-preview:-1"},"canonical":"https:\/\/phongphim3trong1.com\/?product=may-chieu-lg-bu50nst","og_locale":"vi_VN","og_type":"article","og_title":"M\u00e1y chi\u1ebfu 4K Laser BU50NST - Gi\u1ea3i Ph\u00e1p 1 N\u00fat B\u1ea5m 3in1 \u0110\u1ea7u Ti\u00ean T\u1ea1i Vi\u1ec7t Nam","og_description":"Gi\u00e1 B\u00e1n: Li\u00ean H\u1ec7  Th\u00f4ng S\u1ed1 K\u1ef9 Thu\u1eadt C\u00f4ng ngh\u1ec7: DLP C\u01b0\u1eddng \u0111\u1ed9 s\u00e1ng: 5,000 ANSI Lumens \u0110\u1ed9 ph\u00e2n gi\u1ea3i th\u1ef1c: 4K UHD (3840 x 2160) \u0110\u1ed9 t\u01b0\u01a1ng ph\u1ea3n: 3.000.000:1 Ngu\u1ed3n s\u00e1ng: Laser; Tu\u1ed5i th\u1ecd l\u00ean t\u1edbi 20.000 gi\u1edd K\u00edch th\u01b0\u1edbc (W x H x D): 370 x 290 x 155.7 mm","og_url":"https:\/\/phongphim3trong1.com\/?product=may-chieu-lg-bu50nst","og_site_name":"Gi\u1ea3i Ph\u00e1p 1 N\u00fat B\u1ea5m 3in1 \u0110\u1ea7u Ti\u00ean T\u1ea1i Vi\u1ec7t Nam","article_modified_time":"2025-03-18T09:29:39+00:00","og_image":[{"width":510,"height":680,"url":"https:\/\/phongphim3trong1.com\/wp-content\/uploads\/2022\/07\/BU50NST-1.jpg","type":"image\/jpeg"}],"twitter_card":"summary_large_image","twitter_misc":{"\u01af\u1edbc t\u00ednh th\u1eddi gian \u0111\u1ecdc":"1 ph\u00fat"},"schema":{"@context":"https:\/\/schema.org","@graph":[{"@type":"WebPage","@id":"https:\/\/phongphim3trong1.com\/?product=may-chieu-lg-bu50nst","url":"https:\/\/phongphim3trong1.com\/?product=may-chieu-lg-bu50nst","name":"M\u00e1y chi\u1ebfu 4K Laser BU50NST - Gi\u1ea3i Ph\u00e1p 1 N\u00fat B\u1ea5m 3in1 \u0110\u1ea7u Ti\u00ean T\u1ea1i Vi\u1ec7t Nam","isPartOf":{"@id":"https:\/\/phongphim3trong1.com\/#website"},"primaryImageOfPage":{"@id":"https:\/\/phongphim3trong1.com\/?product=may-chieu-lg-bu50nst#primaryimage"},"image":{"@id":"https:\/\/phongphim3trong1.com\/?product=may-chieu-lg-bu50nst#primaryimage"},"thumbnailUrl":"https:\/\/phongphim3trong1.com\/wp-content\/uploads\/2022\/07\/BU50NST-1.jpg","datePublished":"2022-07-14T08:17:26+00:00","dateModified":"2025-03-18T09:29:39+00:00","breadcrumb":{"@id":"https:\/\/phongphim3trong1.com\/?product=may-chieu-lg-bu50nst#breadcrumb"},"inLanguage":"vi","potentialAction":[{"@type":"ReadAction","target":["https:\/\/phongphim3trong1.com\/?product=may-chieu-lg-bu50nst"]}]},{"@type":"ImageObject","inLanguage":"vi","@id":"https:\/\/phongphim3trong1.com\/?product=may-chieu-lg-bu50nst#primaryimage","url":"https:\/\/phongphim3trong1.com\/wp-content\/uploads\/2022\/07\/BU50NST-1.jpg","contentUrl":"https:\/\/phongphim3trong1.com\/wp-content\/uploads\/2022\/07\/BU50NST-1.jpg","width":510,"height":680},{"@type":"BreadcrumbList","@id":"https:\/\/phongphim3trong1.com\/?product=may-chieu-lg-bu50nst#breadcrumb","itemListElement":[{"@type":"ListItem","position":1,"name":"Trang ch\u1ee7","item":"https:\/\/phongphim3trong1.com\/"},{"@type":"ListItem","position":2,"name":"S\u1ea3n ph\u1ea9m","item":"https:\/\/phongphim3trong1.com\/san-pham\/"},{"@type":"ListItem","position":3,"name":"M\u00e1y chi\u1ebfu 4K Laser BU50NST"}]},{"@type":"WebSite","@id":"https:\/\/phongphim3trong1.com\/#website","url":"https:\/\/phongphim3trong1.com\/","name":"Gi\u1ea3i Ph\u00e1p 1 N\u00fat B\u1ea5m 3in1 \u0110\u1ea7u Ti\u00ean T\u1ea1i Vi\u1ec7t Nam","description":"","publisher":{"@id":"https:\/\/phongphim3trong1.com\/#organization"},"potentialAction":[{"@type":"SearchAction","target":{"@type":"EntryPoint","urlTemplate":"https:\/\/phongphim3trong1.com\/?s={search_term_string}"},"query-input":{"@type":"PropertyValueSpecification","valueRequired":true,"valueName":"search_term_string"}}],"inLanguage":"vi"},{"@type":"Organization","@id":"https:\/\/phongphim3trong1.com\/#organization","name":"Gi\u1ea3i Ph\u00e1p 1 N\u00fat B\u1ea5m 3in1 \u0110\u1ea7u Ti\u00ean T\u1ea1i Vi\u1ec7t Nam","url":"https:\/\/phongphim3trong1.com\/","logo":{"@type":"ImageObject","inLanguage":"vi","@id":"https:\/\/phongphim3trong1.com\/#\/schema\/logo\/image\/","url":"https:\/\/phongphim3trong1.com\/wp-content\/uploads\/2022\/11\/logo-phongphim3trong1-vector-moi-to-scaled.jpg","contentUrl":"https:\/\/phongphim3trong1.com\/wp-content\/uploads\/2022\/11\/logo-phongphim3trong1-vector-moi-to-scaled.jpg","width":2560,"height":2108,"caption":"Gi\u1ea3i Ph\u00e1p 1 N\u00fat B\u1ea5m 3in1 \u0110\u1ea7u Ti\u00ean T\u1ea1i Vi\u1ec7t Nam"},"image":{"@id":"https:\/\/phongphim3trong1.com\/#\/schema\/logo\/image\/"}}]}},"_links":{"self":[{"href":"https:\/\/phongphim3trong1.com\/index.php?rest_route=\/wp\/v2\/product\/3783","targetHints":{"allow":["GET"]}}],"collection":[{"href":"https:\/\/phongphim3trong1.com\/index.php?rest_route=\/wp\/v2\/product"}],"about":[{"href":"https:\/\/phongphim3trong1.com\/index.php?rest_route=\/wp\/v2\/types\/product"}],"replies":[{"embeddable":true,"href":"https:\/\/phongphim3trong1.com\/index.php?rest_route=%2Fwp%2Fv2%2Fcomments&post=3783"}],"version-history":[{"count":3,"href":"https:\/\/phongphim3trong1.com\/index.php?rest_route=\/wp\/v2\/product\/3783\/revisions"}],"predecessor-version":[{"id":5833,"href":"https:\/\/phongphim3trong1.com\/index.php?rest_route=\/wp\/v2\/product\/3783\/revisions\/5833"}],"wp:featuredmedia":[{"embeddable":true,"href":"https:\/\/phongphim3trong1.com\/index.php?rest_route=\/wp\/v2\/media\/3784"}],"wp:attachment":[{"href":"https:\/\/phongphim3trong1.com\/index.php?rest_route=%2Fwp%2Fv2%2Fmedia&parent=3783"}],"wp:term":[{"taxonomy":"product_brand","embeddable":true,"href":"https:\/\/phongphim3trong1.com\/index.php?rest_route=%2Fwp%2Fv2%2Fproduct_brand&post=3783"},{"taxonomy":"product_cat","embeddable":true,"href":"https:\/\/phongphim3trong1.com\/index.php?rest_route=%2Fwp%2Fv2%2Fproduct_cat&post=3783"},{"taxonomy":"product_tag","embeddable":true,"href":"https:\/\/phongphim3trong1.com\/index.php?rest_route=%2Fwp%2Fv2%2Fproduct_tag&post=3783"}],"curies":[{"name":"wp","href":"https:\/\/api.w.org\/{rel}","templated":true}]}}