{"id":3778,"date":"2022-07-14T06:42:42","date_gmt":"2022-07-14T06:42:42","guid":{"rendered":"https:\/\/phongphim3trong1.com\/?post_type=product&#038;p=3778"},"modified":"2025-03-18T09:30:52","modified_gmt":"2025-03-18T09:30:52","slug":"may-chieu-uhz65lv","status":"publish","type":"product","link":"https:\/\/phongphim3trong1.com\/?product=may-chieu-uhz65lv","title":{"rendered":"M\u00e1y chi\u1ebfu 4K Laser UHZ65LV"},"content":{"rendered":"<div>\u0110\u01b0\u1ee3c thi\u1ebft k\u1ebf cho c\u00e1c ph\u00f2ng chi\u1ebfu phim gia \u0111\u00ecnh, UHZ65LV cung c\u1ea5p h\u00ecnh \u1ea3nh ch\u1ea5t l\u01b0\u1ee3ng r\u1ea1p chi\u1ebfu phim k\u1ef9 thu\u1eadt s\u1ed1 4K kh\u00f3 qu\u00ean trong s\u1ef1 tho\u1ea3i m\u00e1i nh\u01b0 \u1edf nh\u00e0 ri\u00eang c\u1ee7a b\u1ea1n. C\u00f4ng ngh\u1ec7 laser cung c\u1ea5p kh\u1ea3 n\u0103ng t\u00e1i t\u1ea1o m\u00e0u s\u1eafc ch\u00ednh x\u00e1c, ch\u00e2n th\u1ef1c v\u1edbi 90% \u0111\u1ed9 ph\u1ee7 gam m\u00e0u Rec.709 v\u00e0 75% \u0111\u1ed9 ph\u1ee7 DCI-P3 &#8211; ho\u00e0n h\u1ea3o \u0111\u1ec3 t\u00e1i t\u1ea1o tr\u1ea3i nghi\u1ec7m m\u00e0n h\u00ecnh l\u1edbn ngay t\u1ea1i nh\u00e0. \u0110\u01b0\u1ee3c k\u00edch ho\u1ea1t b\u1eb1ng ngu\u1ed3n s\u00e1ng Laser; tu\u1ed5i th\u1ecd thi\u1ebft b\u1ecb 20.000 gi\u1edd c\u00f3 th\u1ec3 s\u1eed d\u1ee5ng l\u00ean \u0111\u1ebfn 5 n\u0103m m\u00e0 kh\u00f4ng b\u1ecb xu\u1ed1ng m\u00e0u; cho m\u00e0u s\u1eafc r\u1ef1c r\u1ee1, ch\u00e2n th\u1ef1c nh\u1edd c\u00f4ng ngh\u1ec7 DLP<\/div>\n","protected":false},"excerpt":{"rendered":"<p><span style=\"color: #ed1c24;\"><strong><span style=\"font-size: 150%;\">Gi\u00e1 B\u00e1n: Li\u00ean H\u1ec7<\/span><\/strong><\/span><\/p>\n<p><span style=\"font-size: 120%; color: #000000;\"><strong>Th\u00f4ng S\u1ed1 K\u1ef9 Thu\u1eadt<\/strong><\/span><\/p>\n<div id=\"6ubbm_f1mqc\"><span id=\"6ubbm_f1mqc_1pnqg\" class=\"\" style=\"color: #000000;\" data-text=\"true\"><strong>C\u00f4ng ngh\u1ec7:<\/strong> DLP 4K UHD chip<\/span><\/div>\n<div id=\"6ubbm_4jj70\"><span id=\"6ubbm_4jj70_fap6s\" class=\"\" style=\"color: #000000;\" data-text=\"true\"><strong>C\u01b0\u1eddng \u0111\u1ed9 s\u00e1ng:<\/strong> 5.000 ANSI Lumens<\/span><\/div>\n<div id=\"6ubbm_ae345\"><span id=\"6ubbm_ae345_1q3s1\" class=\"\" style=\"color: #000000;\" data-text=\"true\"><strong>\u0110\u1ed9 ph\u00e2n gi\u1ea3i th\u1ef1c:<\/strong> 4K (3840 x 2160)<\/span><\/div>\n<div id=\"6ubbm_7j7gl\"><span id=\"6ubbm_7j7gl_4ubs7\" class=\"\" style=\"color: #000000;\" data-text=\"true\"><strong>\u0110\u1ed9 t\u01b0\u01a1ng ph\u1ea3n:<\/strong> 3.000.000:1<\/span><\/div>\n<div id=\"6ubbm_bmvh4\"><span id=\"6ubbm_bmvh4_fcl0l\" class=\"\" style=\"color: #000000;\" data-text=\"true\"><strong>Ngu\u1ed3n s\u00e1ng:<\/strong> Laser, tu\u1ed5i th\u1ecd l\u00ean \u0111\u1ebfn: 20.000 gi\u1edd<\/span><\/div>\n<div id=\"6ubbm_cavs8\"><span id=\"6ubbm_cavs8_44rno\" class=\"\" style=\"color: #000000;\" data-text=\"true\"><strong>K\u00edch th\u01b0\u1edbc (W x H x D):<\/strong> 498 x 154 x 331 mm<\/span><\/div>\n","protected":false},"featured_media":3779,"comment_status":"closed","ping_status":"closed","template":"","meta":{"pgc_meta":""},"product_brand":[],"product_cat":[256],"product_tag":[658,657,659,660],"class_list":{"0":"post-3778","1":"product","2":"type-product","3":"status-publish","4":"has-post-thumbnail","6":"product_cat-optoma","7":"product_tag-may-chieu-uhz65lv","8":"product_tag-uhz65lv","9":"product_tag-uhz65lv-4k","10":"product_tag-uhz65lv-4k-laser","12":"first","13":"instock","14":"shipping-taxable","15":"product-type-simple"},"yoast_head":"<!-- This site is optimized with the Yoast SEO plugin v27.4 - https:\/\/yoast.com\/product\/yoast-seo-wordpress\/ -->\n<title>M\u00e1y chi\u1ebfu 4K Laser UHZ65LV - Gi\u1ea3i Ph\u00e1p 1 N\u00fat B\u1ea5m 3in1 \u0110\u1ea7u Ti\u00ean T\u1ea1i Vi\u1ec7t Nam<\/title>\n<meta name=\"robots\" content=\"index, follow, max-snippet:-1, max-image-preview:large, max-video-preview:-1\" \/>\n<link rel=\"canonical\" href=\"https:\/\/phongphim3trong1.com\/?product=may-chieu-uhz65lv\" \/>\n<meta property=\"og:locale\" content=\"vi_VN\" \/>\n<meta property=\"og:type\" content=\"article\" \/>\n<meta property=\"og:title\" content=\"M\u00e1y chi\u1ebfu 4K Laser UHZ65LV - Gi\u1ea3i Ph\u00e1p 1 N\u00fat B\u1ea5m 3in1 \u0110\u1ea7u Ti\u00ean T\u1ea1i Vi\u1ec7t Nam\" \/>\n<meta property=\"og:description\" content=\"Gi\u00e1 B\u00e1n: Li\u00ean H\u1ec7  Th\u00f4ng S\u1ed1 K\u1ef9 Thu\u1eadt C\u00f4ng ngh\u1ec7: DLP 4K UHD chip C\u01b0\u1eddng \u0111\u1ed9 s\u00e1ng: 5.000 ANSI Lumens \u0110\u1ed9 ph\u00e2n gi\u1ea3i th\u1ef1c: 4K (3840 x 2160) \u0110\u1ed9 t\u01b0\u01a1ng ph\u1ea3n: 3.000.000:1 Ngu\u1ed3n s\u00e1ng: Laser, tu\u1ed5i th\u1ecd l\u00ean \u0111\u1ebfn: 20.000 gi\u1edd K\u00edch th\u01b0\u1edbc (W x H x D): 498 x 154 x 331 mm\" \/>\n<meta property=\"og:url\" content=\"https:\/\/phongphim3trong1.com\/?product=may-chieu-uhz65lv\" \/>\n<meta property=\"og:site_name\" content=\"Gi\u1ea3i Ph\u00e1p 1 N\u00fat B\u1ea5m 3in1 \u0110\u1ea7u Ti\u00ean T\u1ea1i Vi\u1ec7t Nam\" \/>\n<meta property=\"article:modified_time\" content=\"2025-03-18T09:30:52+00:00\" \/>\n<meta property=\"og:image\" content=\"https:\/\/phongphim3trong1.com\/wp-content\/uploads\/2022\/07\/UHZ65LV-1.jpg\" \/>\n\t<meta property=\"og:image:width\" content=\"510\" \/>\n\t<meta property=\"og:image:height\" content=\"680\" \/>\n\t<meta property=\"og:image:type\" content=\"image\/jpeg\" \/>\n<meta name=\"twitter:card\" content=\"summary_large_image\" \/>\n<meta name=\"twitter:label1\" content=\"\u01af\u1edbc t\u00ednh th\u1eddi gian \u0111\u1ecdc\" \/>\n\t<meta name=\"twitter:data1\" content=\"1 ph\u00fat\" \/>\n<script type=\"application\/ld+json\" class=\"yoast-schema-graph\">{\"@context\":\"https:\\\/\\\/schema.org\",\"@graph\":[{\"@type\":\"WebPage\",\"@id\":\"https:\\\/\\\/phongphim3trong1.com\\\/?product=may-chieu-uhz65lv\",\"url\":\"https:\\\/\\\/phongphim3trong1.com\\\/?product=may-chieu-uhz65lv\",\"name\":\"M\u00e1y chi\u1ebfu 4K Laser UHZ65LV - Gi\u1ea3i Ph\u00e1p 1 N\u00fat B\u1ea5m 3in1 \u0110\u1ea7u Ti\u00ean T\u1ea1i Vi\u1ec7t Nam\",\"isPartOf\":{\"@id\":\"https:\\\/\\\/phongphim3trong1.com\\\/#website\"},\"primaryImageOfPage\":{\"@id\":\"https:\\\/\\\/phongphim3trong1.com\\\/?product=may-chieu-uhz65lv#primaryimage\"},\"image\":{\"@id\":\"https:\\\/\\\/phongphim3trong1.com\\\/?product=may-chieu-uhz65lv#primaryimage\"},\"thumbnailUrl\":\"https:\\\/\\\/phongphim3trong1.com\\\/wp-content\\\/uploads\\\/2022\\\/07\\\/UHZ65LV-1.jpg\",\"datePublished\":\"2022-07-14T06:42:42+00:00\",\"dateModified\":\"2025-03-18T09:30:52+00:00\",\"breadcrumb\":{\"@id\":\"https:\\\/\\\/phongphim3trong1.com\\\/?product=may-chieu-uhz65lv#breadcrumb\"},\"inLanguage\":\"vi\",\"potentialAction\":[{\"@type\":\"ReadAction\",\"target\":[\"https:\\\/\\\/phongphim3trong1.com\\\/?product=may-chieu-uhz65lv\"]}]},{\"@type\":\"ImageObject\",\"inLanguage\":\"vi\",\"@id\":\"https:\\\/\\\/phongphim3trong1.com\\\/?product=may-chieu-uhz65lv#primaryimage\",\"url\":\"https:\\\/\\\/phongphim3trong1.com\\\/wp-content\\\/uploads\\\/2022\\\/07\\\/UHZ65LV-1.jpg\",\"contentUrl\":\"https:\\\/\\\/phongphim3trong1.com\\\/wp-content\\\/uploads\\\/2022\\\/07\\\/UHZ65LV-1.jpg\",\"width\":510,\"height\":680},{\"@type\":\"BreadcrumbList\",\"@id\":\"https:\\\/\\\/phongphim3trong1.com\\\/?product=may-chieu-uhz65lv#breadcrumb\",\"itemListElement\":[{\"@type\":\"ListItem\",\"position\":1,\"name\":\"Trang ch\u1ee7\",\"item\":\"https:\\\/\\\/phongphim3trong1.com\\\/\"},{\"@type\":\"ListItem\",\"position\":2,\"name\":\"S\u1ea3n ph\u1ea9m\",\"item\":\"https:\\\/\\\/phongphim3trong1.com\\\/san-pham\\\/\"},{\"@type\":\"ListItem\",\"position\":3,\"name\":\"M\u00e1y chi\u1ebfu 4K Laser UHZ65LV\"}]},{\"@type\":\"WebSite\",\"@id\":\"https:\\\/\\\/phongphim3trong1.com\\\/#website\",\"url\":\"https:\\\/\\\/phongphim3trong1.com\\\/\",\"name\":\"Gi\u1ea3i Ph\u00e1p 1 N\u00fat B\u1ea5m 3in1 \u0110\u1ea7u Ti\u00ean T\u1ea1i Vi\u1ec7t Nam\",\"description\":\"\",\"publisher\":{\"@id\":\"https:\\\/\\\/phongphim3trong1.com\\\/#organization\"},\"potentialAction\":[{\"@type\":\"SearchAction\",\"target\":{\"@type\":\"EntryPoint\",\"urlTemplate\":\"https:\\\/\\\/phongphim3trong1.com\\\/?s={search_term_string}\"},\"query-input\":{\"@type\":\"PropertyValueSpecification\",\"valueRequired\":true,\"valueName\":\"search_term_string\"}}],\"inLanguage\":\"vi\"},{\"@type\":\"Organization\",\"@id\":\"https:\\\/\\\/phongphim3trong1.com\\\/#organization\",\"name\":\"Gi\u1ea3i Ph\u00e1p 1 N\u00fat B\u1ea5m 3in1 \u0110\u1ea7u Ti\u00ean T\u1ea1i Vi\u1ec7t Nam\",\"url\":\"https:\\\/\\\/phongphim3trong1.com\\\/\",\"logo\":{\"@type\":\"ImageObject\",\"inLanguage\":\"vi\",\"@id\":\"https:\\\/\\\/phongphim3trong1.com\\\/#\\\/schema\\\/logo\\\/image\\\/\",\"url\":\"https:\\\/\\\/phongphim3trong1.com\\\/wp-content\\\/uploads\\\/2022\\\/11\\\/logo-phongphim3trong1-vector-moi-to-scaled.jpg\",\"contentUrl\":\"https:\\\/\\\/phongphim3trong1.com\\\/wp-content\\\/uploads\\\/2022\\\/11\\\/logo-phongphim3trong1-vector-moi-to-scaled.jpg\",\"width\":2560,\"height\":2108,\"caption\":\"Gi\u1ea3i Ph\u00e1p 1 N\u00fat B\u1ea5m 3in1 \u0110\u1ea7u Ti\u00ean T\u1ea1i Vi\u1ec7t Nam\"},\"image\":{\"@id\":\"https:\\\/\\\/phongphim3trong1.com\\\/#\\\/schema\\\/logo\\\/image\\\/\"}}]}<\/script>\n<!-- \/ Yoast SEO plugin. -->","yoast_head_json":{"title":"M\u00e1y chi\u1ebfu 4K Laser UHZ65LV - Gi\u1ea3i Ph\u00e1p 1 N\u00fat B\u1ea5m 3in1 \u0110\u1ea7u Ti\u00ean T\u1ea1i Vi\u1ec7t Nam","robots":{"index":"index","follow":"follow","max-snippet":"max-snippet:-1","max-image-preview":"max-image-preview:large","max-video-preview":"max-video-preview:-1"},"canonical":"https:\/\/phongphim3trong1.com\/?product=may-chieu-uhz65lv","og_locale":"vi_VN","og_type":"article","og_title":"M\u00e1y chi\u1ebfu 4K Laser UHZ65LV - Gi\u1ea3i Ph\u00e1p 1 N\u00fat B\u1ea5m 3in1 \u0110\u1ea7u Ti\u00ean T\u1ea1i Vi\u1ec7t Nam","og_description":"Gi\u00e1 B\u00e1n: Li\u00ean H\u1ec7  Th\u00f4ng S\u1ed1 K\u1ef9 Thu\u1eadt C\u00f4ng ngh\u1ec7: DLP 4K UHD chip C\u01b0\u1eddng \u0111\u1ed9 s\u00e1ng: 5.000 ANSI Lumens \u0110\u1ed9 ph\u00e2n gi\u1ea3i th\u1ef1c: 4K (3840 x 2160) \u0110\u1ed9 t\u01b0\u01a1ng ph\u1ea3n: 3.000.000:1 Ngu\u1ed3n s\u00e1ng: Laser, tu\u1ed5i th\u1ecd l\u00ean \u0111\u1ebfn: 20.000 gi\u1edd K\u00edch th\u01b0\u1edbc (W x H x D): 498 x 154 x 331 mm","og_url":"https:\/\/phongphim3trong1.com\/?product=may-chieu-uhz65lv","og_site_name":"Gi\u1ea3i Ph\u00e1p 1 N\u00fat B\u1ea5m 3in1 \u0110\u1ea7u Ti\u00ean T\u1ea1i Vi\u1ec7t Nam","article_modified_time":"2025-03-18T09:30:52+00:00","og_image":[{"width":510,"height":680,"url":"https:\/\/phongphim3trong1.com\/wp-content\/uploads\/2022\/07\/UHZ65LV-1.jpg","type":"image\/jpeg"}],"twitter_card":"summary_large_image","twitter_misc":{"\u01af\u1edbc t\u00ednh th\u1eddi gian \u0111\u1ecdc":"1 ph\u00fat"},"schema":{"@context":"https:\/\/schema.org","@graph":[{"@type":"WebPage","@id":"https:\/\/phongphim3trong1.com\/?product=may-chieu-uhz65lv","url":"https:\/\/phongphim3trong1.com\/?product=may-chieu-uhz65lv","name":"M\u00e1y chi\u1ebfu 4K Laser UHZ65LV - Gi\u1ea3i Ph\u00e1p 1 N\u00fat B\u1ea5m 3in1 \u0110\u1ea7u Ti\u00ean T\u1ea1i Vi\u1ec7t Nam","isPartOf":{"@id":"https:\/\/phongphim3trong1.com\/#website"},"primaryImageOfPage":{"@id":"https:\/\/phongphim3trong1.com\/?product=may-chieu-uhz65lv#primaryimage"},"image":{"@id":"https:\/\/phongphim3trong1.com\/?product=may-chieu-uhz65lv#primaryimage"},"thumbnailUrl":"https:\/\/phongphim3trong1.com\/wp-content\/uploads\/2022\/07\/UHZ65LV-1.jpg","datePublished":"2022-07-14T06:42:42+00:00","dateModified":"2025-03-18T09:30:52+00:00","breadcrumb":{"@id":"https:\/\/phongphim3trong1.com\/?product=may-chieu-uhz65lv#breadcrumb"},"inLanguage":"vi","potentialAction":[{"@type":"ReadAction","target":["https:\/\/phongphim3trong1.com\/?product=may-chieu-uhz65lv"]}]},{"@type":"ImageObject","inLanguage":"vi","@id":"https:\/\/phongphim3trong1.com\/?product=may-chieu-uhz65lv#primaryimage","url":"https:\/\/phongphim3trong1.com\/wp-content\/uploads\/2022\/07\/UHZ65LV-1.jpg","contentUrl":"https:\/\/phongphim3trong1.com\/wp-content\/uploads\/2022\/07\/UHZ65LV-1.jpg","width":510,"height":680},{"@type":"BreadcrumbList","@id":"https:\/\/phongphim3trong1.com\/?product=may-chieu-uhz65lv#breadcrumb","itemListElement":[{"@type":"ListItem","position":1,"name":"Trang ch\u1ee7","item":"https:\/\/phongphim3trong1.com\/"},{"@type":"ListItem","position":2,"name":"S\u1ea3n ph\u1ea9m","item":"https:\/\/phongphim3trong1.com\/san-pham\/"},{"@type":"ListItem","position":3,"name":"M\u00e1y chi\u1ebfu 4K Laser UHZ65LV"}]},{"@type":"WebSite","@id":"https:\/\/phongphim3trong1.com\/#website","url":"https:\/\/phongphim3trong1.com\/","name":"Gi\u1ea3i Ph\u00e1p 1 N\u00fat B\u1ea5m 3in1 \u0110\u1ea7u Ti\u00ean T\u1ea1i Vi\u1ec7t Nam","description":"","publisher":{"@id":"https:\/\/phongphim3trong1.com\/#organization"},"potentialAction":[{"@type":"SearchAction","target":{"@type":"EntryPoint","urlTemplate":"https:\/\/phongphim3trong1.com\/?s={search_term_string}"},"query-input":{"@type":"PropertyValueSpecification","valueRequired":true,"valueName":"search_term_string"}}],"inLanguage":"vi"},{"@type":"Organization","@id":"https:\/\/phongphim3trong1.com\/#organization","name":"Gi\u1ea3i Ph\u00e1p 1 N\u00fat B\u1ea5m 3in1 \u0110\u1ea7u Ti\u00ean T\u1ea1i Vi\u1ec7t Nam","url":"https:\/\/phongphim3trong1.com\/","logo":{"@type":"ImageObject","inLanguage":"vi","@id":"https:\/\/phongphim3trong1.com\/#\/schema\/logo\/image\/","url":"https:\/\/phongphim3trong1.com\/wp-content\/uploads\/2022\/11\/logo-phongphim3trong1-vector-moi-to-scaled.jpg","contentUrl":"https:\/\/phongphim3trong1.com\/wp-content\/uploads\/2022\/11\/logo-phongphim3trong1-vector-moi-to-scaled.jpg","width":2560,"height":2108,"caption":"Gi\u1ea3i Ph\u00e1p 1 N\u00fat B\u1ea5m 3in1 \u0110\u1ea7u Ti\u00ean T\u1ea1i Vi\u1ec7t Nam"},"image":{"@id":"https:\/\/phongphim3trong1.com\/#\/schema\/logo\/image\/"}}]}},"_links":{"self":[{"href":"https:\/\/phongphim3trong1.com\/index.php?rest_route=\/wp\/v2\/product\/3778","targetHints":{"allow":["GET"]}}],"collection":[{"href":"https:\/\/phongphim3trong1.com\/index.php?rest_route=\/wp\/v2\/product"}],"about":[{"href":"https:\/\/phongphim3trong1.com\/index.php?rest_route=\/wp\/v2\/types\/product"}],"replies":[{"embeddable":true,"href":"https:\/\/phongphim3trong1.com\/index.php?rest_route=%2Fwp%2Fv2%2Fcomments&post=3778"}],"version-history":[{"count":3,"href":"https:\/\/phongphim3trong1.com\/index.php?rest_route=\/wp\/v2\/product\/3778\/revisions"}],"predecessor-version":[{"id":5834,"href":"https:\/\/phongphim3trong1.com\/index.php?rest_route=\/wp\/v2\/product\/3778\/revisions\/5834"}],"wp:featuredmedia":[{"embeddable":true,"href":"https:\/\/phongphim3trong1.com\/index.php?rest_route=\/wp\/v2\/media\/3779"}],"wp:attachment":[{"href":"https:\/\/phongphim3trong1.com\/index.php?rest_route=%2Fwp%2Fv2%2Fmedia&parent=3778"}],"wp:term":[{"taxonomy":"product_brand","embeddable":true,"href":"https:\/\/phongphim3trong1.com\/index.php?rest_route=%2Fwp%2Fv2%2Fproduct_brand&post=3778"},{"taxonomy":"product_cat","embeddable":true,"href":"https:\/\/phongphim3trong1.com\/index.php?rest_route=%2Fwp%2Fv2%2Fproduct_cat&post=3778"},{"taxonomy":"product_tag","embeddable":true,"href":"https:\/\/phongphim3trong1.com\/index.php?rest_route=%2Fwp%2Fv2%2Fproduct_tag&post=3778"}],"curies":[{"name":"wp","href":"https:\/\/api.w.org\/{rel}","templated":true}]}}