{"id":3773,"date":"2022-07-14T06:36:54","date_gmt":"2022-07-14T06:36:54","guid":{"rendered":"https:\/\/phongphim3trong1.com\/?post_type=product&#038;p=3773"},"modified":"2025-03-18T09:41:05","modified_gmt":"2025-03-18T09:41:05","slug":"may-chieu-uhd50x","status":"publish","type":"product","link":"https:\/\/phongphim3trong1.com\/?product=may-chieu-uhd50x","title":{"rendered":"M\u00e1y chi\u1ebfu 4K Laser UHD50X"},"content":{"rendered":"<p>T\u1ed1c \u0111\u1ed9 l\u00e0m m\u1edbi nhanh nh\u01b0 ch\u1edbp v\u00e0 \u0111\u1ed9 tr\u1ec5 \u0111\u1ea7u v\u00e0o th\u1ea5p, UHD50X l\u00e0 m\u00e1y chi\u1ebfu 240Hz \u0111\u1ea7u ti\u00ean tr\u00ean th\u1ebf gi\u1edbi, ho\u00e0n to\u00e0n d\u1eadp t\u1eaft mong mu\u1ed1n c\u1ee7a b\u1ea1n v\u1ec1 gi\u1ea3i tr\u00ed gia \u0111\u00ecnh \u0111\u1ec9nh cao, b\u1ea5t k\u1ec3 l\u00e0 xem phim hay ch\u01a1i game. V\u1edbi \u0111\u1ed9 ph\u00e2n gi\u1ea3i 4K UHD \u0111\u00edch th\u1ef1c, UHD50X s\u1ebd mang \u0111\u1ebfn tr\u1ea3i nghi\u1ec7m \u0111i\u1ec7n \u1ea3nh v\u00e0 ch\u01a1i game \u0111\u1eafm ch\u00ecm trong m\u00e0n h\u00ecnh 120\u2033. C\u00e1c t\u00f9y ch\u1ecdn hi\u1ec3n th\u1ecb kh\u00e1c nhau c\u0169ng cho ph\u00e9p t\u1ed1i \u01b0u h\u00f3a hi\u1ec7u su\u1ea5t \u1edf ch\u1ebf \u0111\u1ed9 r\u1ea1p chi\u1ebfu phim, ch\u1ebf \u0111\u1ed9 ch\u01a1i game ho\u1eb7c ch\u1ebf \u0111\u1ed9 3D, mang l\u1ea1i h\u00ecnh \u1ea3nh v\u00e0 chuy\u1ec3n \u0111\u1ed9ng v\u1edbi \u0111\u1ed9 m\u01b0\u1ee3t m\u00e0 v\u00e0 r\u00f5 n\u00e9t nh\u1ea5t.<\/p>\n","protected":false},"excerpt":{"rendered":"<p><span style=\"color: #ed1c24; font-size: 150%;\"><strong>Gi\u00e1 B\u00e1n: Li\u00ean H\u1ec7<\/strong><\/span><\/p>\n<p><span style=\"font-size: 120%; color: #000000;\"><strong>Th\u00f4ng S\u1ed1 K\u1ef9 Thu\u1eadt<\/strong><\/span><\/p>\n<div id=\"7c5h_9o7da\"><span id=\"7c5h_9o7da_ao8ie\" class=\"\" data-text=\"true\"><strong>C<span style=\"color: #000000;\">\u00f4ng ngh\u1ec7:<\/span><\/strong><span style=\"color: #000000;\"> DLP<\/span><\/span><\/div>\n<div id=\"7c5h_9e6er\"><span id=\"7c5h_9e6er_fh8vr\" class=\"\" style=\"color: #000000;\" data-text=\"true\"><strong>\u0110\u1ed9 ph\u00e2n gi\u1ea3i:<\/strong> 4K UHD (3840 x 2160)<\/span><\/div>\n<div id=\"7c5h_5tqh1\"><span id=\"7c5h_5tqh1_6pmbg\" class=\"\" style=\"color: #000000;\" data-text=\"true\"><strong>C\u00f4ng su\u1ea5t ngu\u1ed3n s\u00e1ng:<\/strong> 240 W<\/span><\/div>\n<div id=\"7c5h_7ev0e\"><span id=\"7c5h_7ev0e_3k7qc\" class=\"\" style=\"color: #000000;\" data-text=\"true\"><strong>\u0110\u1ed9 s\u00e1ng:<\/strong> 2.200 &#8211; 3400 ANSI Lumens<\/span><\/div>\n<div id=\"7c5h_d2krp\"><span id=\"7c5h_d2krp_2n32m\" class=\"\" style=\"color: #000000;\" data-text=\"true\"><strong>\u0110\u1ed9 t\u01b0\u01a1ng ph\u1ea3n:<\/strong> 500.000:1<\/span><\/div>\n<div id=\"7c5h_6iah9\"><span id=\"7c5h_6iah9_6nc13\" class=\"\" style=\"color: #000000;\" data-text=\"true\"><strong>Tu\u1ed5i th\u1ecd \u0111\u00e8n:<\/strong> l\u00ean \u0111\u1ebfn 10.000 gi\u1edd<\/span><\/div>\n<div id=\"7c5h_cuvle\"><span id=\"7c5h_cuvle_9ptj5\" class=\"\" style=\"color: #000000;\" data-text=\"true\"><strong>K\u00edch th\u01b0\u1edbc (W x H x D):<\/strong> 315 x 115 x 270 mm<\/span><\/div>\n","protected":false},"featured_media":3774,"comment_status":"closed","ping_status":"closed","template":"","meta":{"pgc_meta":""},"product_brand":[],"product_cat":[256],"product_tag":[664,661,662,663],"class_list":{"0":"post-3773","1":"product","2":"type-product","3":"status-publish","4":"has-post-thumbnail","6":"product_cat-optoma","7":"product_tag-may-chieu-uhd50x","8":"product_tag-uhd50x","9":"product_tag-uhd50x-4k","10":"product_tag-uhd50x-4k-laser","12":"first","13":"instock","14":"shipping-taxable","15":"product-type-simple"},"yoast_head":"<!-- This site is optimized with the Yoast SEO plugin v27.4 - https:\/\/yoast.com\/product\/yoast-seo-wordpress\/ -->\n<title>M\u00e1y chi\u1ebfu 4K Laser UHD50X - Gi\u1ea3i Ph\u00e1p 1 N\u00fat B\u1ea5m 3in1 \u0110\u1ea7u Ti\u00ean T\u1ea1i Vi\u1ec7t Nam<\/title>\n<meta name=\"robots\" content=\"index, follow, max-snippet:-1, max-image-preview:large, max-video-preview:-1\" \/>\n<link rel=\"canonical\" href=\"https:\/\/phongphim3trong1.com\/?product=may-chieu-uhd50x\" \/>\n<meta property=\"og:locale\" content=\"vi_VN\" \/>\n<meta property=\"og:type\" content=\"article\" \/>\n<meta property=\"og:title\" content=\"M\u00e1y chi\u1ebfu 4K Laser UHD50X - Gi\u1ea3i Ph\u00e1p 1 N\u00fat B\u1ea5m 3in1 \u0110\u1ea7u Ti\u00ean T\u1ea1i Vi\u1ec7t Nam\" \/>\n<meta property=\"og:description\" content=\"Gi\u00e1 B\u00e1n: Li\u00ean H\u1ec7  Th\u00f4ng S\u1ed1 K\u1ef9 Thu\u1eadt C\u00f4ng ngh\u1ec7: DLP \u0110\u1ed9 ph\u00e2n gi\u1ea3i: 4K UHD (3840 x 2160) C\u00f4ng su\u1ea5t ngu\u1ed3n s\u00e1ng: 240 W \u0110\u1ed9 s\u00e1ng: 2.200 - 3400 ANSI Lumens \u0110\u1ed9 t\u01b0\u01a1ng ph\u1ea3n: 500.000:1 Tu\u1ed5i th\u1ecd \u0111\u00e8n: l\u00ean \u0111\u1ebfn 10.000 gi\u1edd K\u00edch th\u01b0\u1edbc (W x H x D): 315 x 115 x 270 mm\" \/>\n<meta property=\"og:url\" content=\"https:\/\/phongphim3trong1.com\/?product=may-chieu-uhd50x\" \/>\n<meta property=\"og:site_name\" content=\"Gi\u1ea3i Ph\u00e1p 1 N\u00fat B\u1ea5m 3in1 \u0110\u1ea7u Ti\u00ean T\u1ea1i Vi\u1ec7t Nam\" \/>\n<meta property=\"article:modified_time\" content=\"2025-03-18T09:41:05+00:00\" \/>\n<meta property=\"og:image\" content=\"https:\/\/phongphim3trong1.com\/wp-content\/uploads\/2022\/07\/UHD50X-1.jpg\" \/>\n\t<meta property=\"og:image:width\" content=\"510\" \/>\n\t<meta property=\"og:image:height\" content=\"680\" \/>\n\t<meta property=\"og:image:type\" content=\"image\/jpeg\" \/>\n<meta name=\"twitter:card\" content=\"summary_large_image\" \/>\n<meta name=\"twitter:label1\" content=\"\u01af\u1edbc t\u00ednh th\u1eddi gian \u0111\u1ecdc\" \/>\n\t<meta name=\"twitter:data1\" content=\"1 ph\u00fat\" \/>\n<script type=\"application\/ld+json\" class=\"yoast-schema-graph\">{\"@context\":\"https:\\\/\\\/schema.org\",\"@graph\":[{\"@type\":\"WebPage\",\"@id\":\"https:\\\/\\\/phongphim3trong1.com\\\/?product=may-chieu-uhd50x\",\"url\":\"https:\\\/\\\/phongphim3trong1.com\\\/?product=may-chieu-uhd50x\",\"name\":\"M\u00e1y chi\u1ebfu 4K Laser UHD50X - Gi\u1ea3i Ph\u00e1p 1 N\u00fat B\u1ea5m 3in1 \u0110\u1ea7u Ti\u00ean T\u1ea1i Vi\u1ec7t Nam\",\"isPartOf\":{\"@id\":\"https:\\\/\\\/phongphim3trong1.com\\\/#website\"},\"primaryImageOfPage\":{\"@id\":\"https:\\\/\\\/phongphim3trong1.com\\\/?product=may-chieu-uhd50x#primaryimage\"},\"image\":{\"@id\":\"https:\\\/\\\/phongphim3trong1.com\\\/?product=may-chieu-uhd50x#primaryimage\"},\"thumbnailUrl\":\"https:\\\/\\\/phongphim3trong1.com\\\/wp-content\\\/uploads\\\/2022\\\/07\\\/UHD50X-1.jpg\",\"datePublished\":\"2022-07-14T06:36:54+00:00\",\"dateModified\":\"2025-03-18T09:41:05+00:00\",\"breadcrumb\":{\"@id\":\"https:\\\/\\\/phongphim3trong1.com\\\/?product=may-chieu-uhd50x#breadcrumb\"},\"inLanguage\":\"vi\",\"potentialAction\":[{\"@type\":\"ReadAction\",\"target\":[\"https:\\\/\\\/phongphim3trong1.com\\\/?product=may-chieu-uhd50x\"]}]},{\"@type\":\"ImageObject\",\"inLanguage\":\"vi\",\"@id\":\"https:\\\/\\\/phongphim3trong1.com\\\/?product=may-chieu-uhd50x#primaryimage\",\"url\":\"https:\\\/\\\/phongphim3trong1.com\\\/wp-content\\\/uploads\\\/2022\\\/07\\\/UHD50X-1.jpg\",\"contentUrl\":\"https:\\\/\\\/phongphim3trong1.com\\\/wp-content\\\/uploads\\\/2022\\\/07\\\/UHD50X-1.jpg\",\"width\":510,\"height\":680},{\"@type\":\"BreadcrumbList\",\"@id\":\"https:\\\/\\\/phongphim3trong1.com\\\/?product=may-chieu-uhd50x#breadcrumb\",\"itemListElement\":[{\"@type\":\"ListItem\",\"position\":1,\"name\":\"Trang ch\u1ee7\",\"item\":\"https:\\\/\\\/phongphim3trong1.com\\\/\"},{\"@type\":\"ListItem\",\"position\":2,\"name\":\"S\u1ea3n ph\u1ea9m\",\"item\":\"https:\\\/\\\/phongphim3trong1.com\\\/san-pham\\\/\"},{\"@type\":\"ListItem\",\"position\":3,\"name\":\"M\u00e1y chi\u1ebfu 4K Laser UHD50X\"}]},{\"@type\":\"WebSite\",\"@id\":\"https:\\\/\\\/phongphim3trong1.com\\\/#website\",\"url\":\"https:\\\/\\\/phongphim3trong1.com\\\/\",\"name\":\"Gi\u1ea3i Ph\u00e1p 1 N\u00fat B\u1ea5m 3in1 \u0110\u1ea7u Ti\u00ean T\u1ea1i Vi\u1ec7t Nam\",\"description\":\"\",\"publisher\":{\"@id\":\"https:\\\/\\\/phongphim3trong1.com\\\/#organization\"},\"potentialAction\":[{\"@type\":\"SearchAction\",\"target\":{\"@type\":\"EntryPoint\",\"urlTemplate\":\"https:\\\/\\\/phongphim3trong1.com\\\/?s={search_term_string}\"},\"query-input\":{\"@type\":\"PropertyValueSpecification\",\"valueRequired\":true,\"valueName\":\"search_term_string\"}}],\"inLanguage\":\"vi\"},{\"@type\":\"Organization\",\"@id\":\"https:\\\/\\\/phongphim3trong1.com\\\/#organization\",\"name\":\"Gi\u1ea3i Ph\u00e1p 1 N\u00fat B\u1ea5m 3in1 \u0110\u1ea7u Ti\u00ean T\u1ea1i Vi\u1ec7t Nam\",\"url\":\"https:\\\/\\\/phongphim3trong1.com\\\/\",\"logo\":{\"@type\":\"ImageObject\",\"inLanguage\":\"vi\",\"@id\":\"https:\\\/\\\/phongphim3trong1.com\\\/#\\\/schema\\\/logo\\\/image\\\/\",\"url\":\"https:\\\/\\\/phongphim3trong1.com\\\/wp-content\\\/uploads\\\/2022\\\/11\\\/logo-phongphim3trong1-vector-moi-to-scaled.jpg\",\"contentUrl\":\"https:\\\/\\\/phongphim3trong1.com\\\/wp-content\\\/uploads\\\/2022\\\/11\\\/logo-phongphim3trong1-vector-moi-to-scaled.jpg\",\"width\":2560,\"height\":2108,\"caption\":\"Gi\u1ea3i Ph\u00e1p 1 N\u00fat B\u1ea5m 3in1 \u0110\u1ea7u Ti\u00ean T\u1ea1i Vi\u1ec7t Nam\"},\"image\":{\"@id\":\"https:\\\/\\\/phongphim3trong1.com\\\/#\\\/schema\\\/logo\\\/image\\\/\"}}]}<\/script>\n<!-- \/ Yoast SEO plugin. -->","yoast_head_json":{"title":"M\u00e1y chi\u1ebfu 4K Laser UHD50X - Gi\u1ea3i Ph\u00e1p 1 N\u00fat B\u1ea5m 3in1 \u0110\u1ea7u Ti\u00ean T\u1ea1i Vi\u1ec7t Nam","robots":{"index":"index","follow":"follow","max-snippet":"max-snippet:-1","max-image-preview":"max-image-preview:large","max-video-preview":"max-video-preview:-1"},"canonical":"https:\/\/phongphim3trong1.com\/?product=may-chieu-uhd50x","og_locale":"vi_VN","og_type":"article","og_title":"M\u00e1y chi\u1ebfu 4K Laser UHD50X - Gi\u1ea3i Ph\u00e1p 1 N\u00fat B\u1ea5m 3in1 \u0110\u1ea7u Ti\u00ean T\u1ea1i Vi\u1ec7t Nam","og_description":"Gi\u00e1 B\u00e1n: Li\u00ean H\u1ec7  Th\u00f4ng S\u1ed1 K\u1ef9 Thu\u1eadt C\u00f4ng ngh\u1ec7: DLP \u0110\u1ed9 ph\u00e2n gi\u1ea3i: 4K UHD (3840 x 2160) C\u00f4ng su\u1ea5t ngu\u1ed3n s\u00e1ng: 240 W \u0110\u1ed9 s\u00e1ng: 2.200 - 3400 ANSI Lumens \u0110\u1ed9 t\u01b0\u01a1ng ph\u1ea3n: 500.000:1 Tu\u1ed5i th\u1ecd \u0111\u00e8n: l\u00ean \u0111\u1ebfn 10.000 gi\u1edd K\u00edch th\u01b0\u1edbc (W x H x D): 315 x 115 x 270 mm","og_url":"https:\/\/phongphim3trong1.com\/?product=may-chieu-uhd50x","og_site_name":"Gi\u1ea3i Ph\u00e1p 1 N\u00fat B\u1ea5m 3in1 \u0110\u1ea7u Ti\u00ean T\u1ea1i Vi\u1ec7t Nam","article_modified_time":"2025-03-18T09:41:05+00:00","og_image":[{"width":510,"height":680,"url":"https:\/\/phongphim3trong1.com\/wp-content\/uploads\/2022\/07\/UHD50X-1.jpg","type":"image\/jpeg"}],"twitter_card":"summary_large_image","twitter_misc":{"\u01af\u1edbc t\u00ednh th\u1eddi gian \u0111\u1ecdc":"1 ph\u00fat"},"schema":{"@context":"https:\/\/schema.org","@graph":[{"@type":"WebPage","@id":"https:\/\/phongphim3trong1.com\/?product=may-chieu-uhd50x","url":"https:\/\/phongphim3trong1.com\/?product=may-chieu-uhd50x","name":"M\u00e1y chi\u1ebfu 4K Laser UHD50X - Gi\u1ea3i Ph\u00e1p 1 N\u00fat B\u1ea5m 3in1 \u0110\u1ea7u Ti\u00ean T\u1ea1i Vi\u1ec7t Nam","isPartOf":{"@id":"https:\/\/phongphim3trong1.com\/#website"},"primaryImageOfPage":{"@id":"https:\/\/phongphim3trong1.com\/?product=may-chieu-uhd50x#primaryimage"},"image":{"@id":"https:\/\/phongphim3trong1.com\/?product=may-chieu-uhd50x#primaryimage"},"thumbnailUrl":"https:\/\/phongphim3trong1.com\/wp-content\/uploads\/2022\/07\/UHD50X-1.jpg","datePublished":"2022-07-14T06:36:54+00:00","dateModified":"2025-03-18T09:41:05+00:00","breadcrumb":{"@id":"https:\/\/phongphim3trong1.com\/?product=may-chieu-uhd50x#breadcrumb"},"inLanguage":"vi","potentialAction":[{"@type":"ReadAction","target":["https:\/\/phongphim3trong1.com\/?product=may-chieu-uhd50x"]}]},{"@type":"ImageObject","inLanguage":"vi","@id":"https:\/\/phongphim3trong1.com\/?product=may-chieu-uhd50x#primaryimage","url":"https:\/\/phongphim3trong1.com\/wp-content\/uploads\/2022\/07\/UHD50X-1.jpg","contentUrl":"https:\/\/phongphim3trong1.com\/wp-content\/uploads\/2022\/07\/UHD50X-1.jpg","width":510,"height":680},{"@type":"BreadcrumbList","@id":"https:\/\/phongphim3trong1.com\/?product=may-chieu-uhd50x#breadcrumb","itemListElement":[{"@type":"ListItem","position":1,"name":"Trang ch\u1ee7","item":"https:\/\/phongphim3trong1.com\/"},{"@type":"ListItem","position":2,"name":"S\u1ea3n ph\u1ea9m","item":"https:\/\/phongphim3trong1.com\/san-pham\/"},{"@type":"ListItem","position":3,"name":"M\u00e1y chi\u1ebfu 4K Laser UHD50X"}]},{"@type":"WebSite","@id":"https:\/\/phongphim3trong1.com\/#website","url":"https:\/\/phongphim3trong1.com\/","name":"Gi\u1ea3i Ph\u00e1p 1 N\u00fat B\u1ea5m 3in1 \u0110\u1ea7u Ti\u00ean T\u1ea1i Vi\u1ec7t Nam","description":"","publisher":{"@id":"https:\/\/phongphim3trong1.com\/#organization"},"potentialAction":[{"@type":"SearchAction","target":{"@type":"EntryPoint","urlTemplate":"https:\/\/phongphim3trong1.com\/?s={search_term_string}"},"query-input":{"@type":"PropertyValueSpecification","valueRequired":true,"valueName":"search_term_string"}}],"inLanguage":"vi"},{"@type":"Organization","@id":"https:\/\/phongphim3trong1.com\/#organization","name":"Gi\u1ea3i Ph\u00e1p 1 N\u00fat B\u1ea5m 3in1 \u0110\u1ea7u Ti\u00ean T\u1ea1i Vi\u1ec7t Nam","url":"https:\/\/phongphim3trong1.com\/","logo":{"@type":"ImageObject","inLanguage":"vi","@id":"https:\/\/phongphim3trong1.com\/#\/schema\/logo\/image\/","url":"https:\/\/phongphim3trong1.com\/wp-content\/uploads\/2022\/11\/logo-phongphim3trong1-vector-moi-to-scaled.jpg","contentUrl":"https:\/\/phongphim3trong1.com\/wp-content\/uploads\/2022\/11\/logo-phongphim3trong1-vector-moi-to-scaled.jpg","width":2560,"height":2108,"caption":"Gi\u1ea3i Ph\u00e1p 1 N\u00fat B\u1ea5m 3in1 \u0110\u1ea7u Ti\u00ean T\u1ea1i Vi\u1ec7t Nam"},"image":{"@id":"https:\/\/phongphim3trong1.com\/#\/schema\/logo\/image\/"}}]}},"_links":{"self":[{"href":"https:\/\/phongphim3trong1.com\/index.php?rest_route=\/wp\/v2\/product\/3773","targetHints":{"allow":["GET"]}}],"collection":[{"href":"https:\/\/phongphim3trong1.com\/index.php?rest_route=\/wp\/v2\/product"}],"about":[{"href":"https:\/\/phongphim3trong1.com\/index.php?rest_route=\/wp\/v2\/types\/product"}],"replies":[{"embeddable":true,"href":"https:\/\/phongphim3trong1.com\/index.php?rest_route=%2Fwp%2Fv2%2Fcomments&post=3773"}],"version-history":[{"count":3,"href":"https:\/\/phongphim3trong1.com\/index.php?rest_route=\/wp\/v2\/product\/3773\/revisions"}],"predecessor-version":[{"id":5835,"href":"https:\/\/phongphim3trong1.com\/index.php?rest_route=\/wp\/v2\/product\/3773\/revisions\/5835"}],"wp:featuredmedia":[{"embeddable":true,"href":"https:\/\/phongphim3trong1.com\/index.php?rest_route=\/wp\/v2\/media\/3774"}],"wp:attachment":[{"href":"https:\/\/phongphim3trong1.com\/index.php?rest_route=%2Fwp%2Fv2%2Fmedia&parent=3773"}],"wp:term":[{"taxonomy":"product_brand","embeddable":true,"href":"https:\/\/phongphim3trong1.com\/index.php?rest_route=%2Fwp%2Fv2%2Fproduct_brand&post=3773"},{"taxonomy":"product_cat","embeddable":true,"href":"https:\/\/phongphim3trong1.com\/index.php?rest_route=%2Fwp%2Fv2%2Fproduct_cat&post=3773"},{"taxonomy":"product_tag","embeddable":true,"href":"https:\/\/phongphim3trong1.com\/index.php?rest_route=%2Fwp%2Fv2%2Fproduct_tag&post=3773"}],"curies":[{"name":"wp","href":"https:\/\/api.w.org\/{rel}","templated":true}]}}