{"id":3757,"date":"2022-07-13T08:07:05","date_gmt":"2022-07-13T08:07:05","guid":{"rendered":"https:\/\/phongphim3trong1.com\/?post_type=product&#038;p=3757"},"modified":"2025-03-18T09:41:40","modified_gmt":"2025-03-18T09:41:40","slug":"may-chieu-optoma-hd30hdr","status":"publish","type":"product","link":"https:\/\/phongphim3trong1.com\/?product=may-chieu-optoma-hd30hdr","title":{"rendered":"M\u00e1y chi\u1ebfu HD30HDR"},"content":{"rendered":"<div>T\u1eadn h\u01b0\u1edfng c\u00f4ng ngh\u1ec7 HDR v\u00e0 tr\u1ea3i nghi\u1ec7m m\u00e0n h\u00ecnh l\u1edbn v\u1edbi m\u00e1y chi\u1ebfu gi\u1ea3i tr\u00ed t\u1ea1i nh\u00e0 HD30HDR Full HD 3.800 lumen. Ch\u1ebf \u0111\u1ed9 ch\u01a1i game n\u00e2ng cao t\u01b0\u01a1ng th\u00edch v\u1edbi c\u00e1c ngu\u1ed3n HDR 1080p, gi\u1ea3m \u0111\u1ed9 tr\u1ec5 \u0111\u1ea7u v\u00e0o xu\u1ed1ng c\u00f2n 8,4ms \u0111\u1ec3 c\u00f3 ph\u1ea3n h\u1ed3i nhanh nh\u01b0 ch\u1edbp khi \u0111\u01b0\u1ee3c k\u1ebft n\u1ed1i v\u1edbi m\u00e1y ch\u01a1i game v\u00e0 PC s\u1eb5n s\u00e0ng HDR m\u1edbi nh\u1ea5t. H\u1ed7 tr\u1ee3 Full 3D 1080p cho ph\u00e9p tr\u1ea3i nghi\u1ec7m \u0111i\u1ec7n \u1ea3nh \u0111\u1eafm ch\u00ecm trong phim v\u00e0 tr\u00f2 ch\u01a1i. Tu\u1ed5i th\u1ecd b\u00f3ng \u0111\u00e8n l\u00ean \u0111\u1ebfn 15.000 gi\u1edd \u0111\u1ea3m b\u1ea3o \u0111\u1ed9 tin c\u1eady l\u00e2u d\u00e0i trong nhi\u1ec1u n\u0103m gi\u1ea3i tr\u00ed v\u1edbi m\u1ee9c b\u1ea3o d\u01b0\u1ee1ng t\u1ed1i thi\u1ec3u.<\/div>\n","protected":false},"excerpt":{"rendered":"<p><span style=\"color: #ed1c24; font-size: 150%;\"><strong>Gi\u00e1 B\u00e1n: Li\u00ean H\u1ec7<\/strong><\/span><\/p>\n<p><span style=\"font-size: 120%; color: #000000;\"><strong>Th\u00f4ng S\u1ed1 K\u1ef9 Thu\u1eadt<\/strong><\/span><\/p>\n<div id=\"ddq71_9pkgr\"><span style=\"color: #000000;\"><strong><span id=\"ddq71_9pkgr_cv749\" class=\"\" data-text=\"true\">H\u1ed7 tr\u1ee3 \u0111\u1ecbnh d\u1ea1ng 3D<\/span><\/strong><\/span><\/div>\n<div id=\"ddq71_bbfi3\"><span id=\"ddq71_bbfi3_8bk83\" class=\"\" style=\"color: #000000;\" data-text=\"true\"><strong>C\u00f4ng ngh\u1ec7:<\/strong> DLP<\/span><\/div>\n<div id=\"ddq71_4rpqh\"><span id=\"ddq71_4rpqh_61ho4\" class=\"\" style=\"color: #000000;\" data-text=\"true\"><strong>\u0110\u1ed9 ph\u00e2n gi\u1ea3i:<\/strong> 1080p (1920 x 1080)<\/span><\/div>\n<div id=\"ddq71_918gg\"><span id=\"ddq71_918gg_c06cd\" class=\"\" style=\"color: #000000;\" data-text=\"true\"><strong>\u0110\u1ed9 s\u00e1ng:<\/strong> 3.800 ANSI Lumens<\/span><\/div>\n<div id=\"ddq71_1j5qq\"><span id=\"ddq71_1j5qq_25j0e\" class=\"\" style=\"color: #000000;\" data-text=\"true\"><strong>\u0110\u1ed9 t\u01b0\u01a1ng ph\u1ea3n:<\/strong> 50.000:1<\/span><\/div>\n<div id=\"ddq71_aurb4\"><span id=\"ddq71_aurb4_ab5el\" class=\"\" style=\"color: #000000;\" data-text=\"true\"><strong>Tu\u1ed5i th\u1ecd \u0111\u00e8n:<\/strong> l\u00ean \u0111\u1ebfn 10.000 gi\u1edd<\/span><\/div>\n<div id=\"ddq71_bvovu\"><span id=\"ddq71_bvovu_297v2\" class=\"\" style=\"color: #000000;\" data-text=\"true\"><strong>K\u00edch th\u01b0\u1edbc (W x H x D):<\/strong> 316 x 106 x 243.5 mm<\/span><\/div>\n","protected":false},"featured_media":3758,"comment_status":"closed","ping_status":"closed","template":"","meta":{"pgc_meta":""},"product_brand":[],"product_cat":[256],"product_tag":[665,666],"class_list":{"0":"post-3757","1":"product","2":"type-product","3":"status-publish","4":"has-post-thumbnail","6":"product_cat-optoma","7":"product_tag-hd30hdr","8":"product_tag-may-chieu-hd30hdr","10":"first","11":"instock","12":"shipping-taxable","13":"product-type-simple"},"yoast_head":"<!-- This site is optimized with the Yoast SEO plugin v27.4 - https:\/\/yoast.com\/product\/yoast-seo-wordpress\/ -->\n<title>M\u00e1y chi\u1ebfu HD30HDR - Gi\u1ea3i Ph\u00e1p 1 N\u00fat B\u1ea5m 3in1 \u0110\u1ea7u Ti\u00ean T\u1ea1i Vi\u1ec7t Nam<\/title>\n<meta name=\"robots\" content=\"index, follow, max-snippet:-1, max-image-preview:large, max-video-preview:-1\" \/>\n<link rel=\"canonical\" href=\"https:\/\/phongphim3trong1.com\/?product=may-chieu-optoma-hd30hdr\" \/>\n<meta property=\"og:locale\" content=\"vi_VN\" \/>\n<meta property=\"og:type\" content=\"article\" \/>\n<meta property=\"og:title\" content=\"M\u00e1y chi\u1ebfu HD30HDR - Gi\u1ea3i Ph\u00e1p 1 N\u00fat B\u1ea5m 3in1 \u0110\u1ea7u Ti\u00ean T\u1ea1i Vi\u1ec7t Nam\" \/>\n<meta property=\"og:description\" content=\"Gi\u00e1 B\u00e1n: Li\u00ean H\u1ec7  Th\u00f4ng S\u1ed1 K\u1ef9 Thu\u1eadt H\u1ed7 tr\u1ee3 \u0111\u1ecbnh d\u1ea1ng 3D C\u00f4ng ngh\u1ec7: DLP \u0110\u1ed9 ph\u00e2n gi\u1ea3i: 1080p (1920 x 1080) \u0110\u1ed9 s\u00e1ng: 3.800 ANSI Lumens \u0110\u1ed9 t\u01b0\u01a1ng ph\u1ea3n: 50.000:1 Tu\u1ed5i th\u1ecd \u0111\u00e8n: l\u00ean \u0111\u1ebfn 10.000 gi\u1edd K\u00edch th\u01b0\u1edbc (W x H x D): 316 x 106 x 243.5 mm\" \/>\n<meta property=\"og:url\" content=\"https:\/\/phongphim3trong1.com\/?product=may-chieu-optoma-hd30hdr\" \/>\n<meta property=\"og:site_name\" content=\"Gi\u1ea3i Ph\u00e1p 1 N\u00fat B\u1ea5m 3in1 \u0110\u1ea7u Ti\u00ean T\u1ea1i Vi\u1ec7t Nam\" \/>\n<meta property=\"article:modified_time\" content=\"2025-03-18T09:41:40+00:00\" \/>\n<meta property=\"og:image\" content=\"https:\/\/phongphim3trong1.com\/wp-content\/uploads\/2022\/07\/HD30HDR-1.jpg\" \/>\n\t<meta property=\"og:image:width\" content=\"510\" \/>\n\t<meta property=\"og:image:height\" content=\"680\" \/>\n\t<meta property=\"og:image:type\" content=\"image\/jpeg\" \/>\n<meta name=\"twitter:card\" content=\"summary_large_image\" \/>\n<meta name=\"twitter:label1\" content=\"\u01af\u1edbc t\u00ednh th\u1eddi gian \u0111\u1ecdc\" \/>\n\t<meta name=\"twitter:data1\" content=\"1 ph\u00fat\" \/>\n<script type=\"application\/ld+json\" class=\"yoast-schema-graph\">{\"@context\":\"https:\\\/\\\/schema.org\",\"@graph\":[{\"@type\":\"WebPage\",\"@id\":\"https:\\\/\\\/phongphim3trong1.com\\\/?product=may-chieu-optoma-hd30hdr\",\"url\":\"https:\\\/\\\/phongphim3trong1.com\\\/?product=may-chieu-optoma-hd30hdr\",\"name\":\"M\u00e1y chi\u1ebfu HD30HDR - Gi\u1ea3i Ph\u00e1p 1 N\u00fat B\u1ea5m 3in1 \u0110\u1ea7u Ti\u00ean T\u1ea1i Vi\u1ec7t Nam\",\"isPartOf\":{\"@id\":\"https:\\\/\\\/phongphim3trong1.com\\\/#website\"},\"primaryImageOfPage\":{\"@id\":\"https:\\\/\\\/phongphim3trong1.com\\\/?product=may-chieu-optoma-hd30hdr#primaryimage\"},\"image\":{\"@id\":\"https:\\\/\\\/phongphim3trong1.com\\\/?product=may-chieu-optoma-hd30hdr#primaryimage\"},\"thumbnailUrl\":\"https:\\\/\\\/phongphim3trong1.com\\\/wp-content\\\/uploads\\\/2022\\\/07\\\/HD30HDR-1.jpg\",\"datePublished\":\"2022-07-13T08:07:05+00:00\",\"dateModified\":\"2025-03-18T09:41:40+00:00\",\"breadcrumb\":{\"@id\":\"https:\\\/\\\/phongphim3trong1.com\\\/?product=may-chieu-optoma-hd30hdr#breadcrumb\"},\"inLanguage\":\"vi\",\"potentialAction\":[{\"@type\":\"ReadAction\",\"target\":[\"https:\\\/\\\/phongphim3trong1.com\\\/?product=may-chieu-optoma-hd30hdr\"]}]},{\"@type\":\"ImageObject\",\"inLanguage\":\"vi\",\"@id\":\"https:\\\/\\\/phongphim3trong1.com\\\/?product=may-chieu-optoma-hd30hdr#primaryimage\",\"url\":\"https:\\\/\\\/phongphim3trong1.com\\\/wp-content\\\/uploads\\\/2022\\\/07\\\/HD30HDR-1.jpg\",\"contentUrl\":\"https:\\\/\\\/phongphim3trong1.com\\\/wp-content\\\/uploads\\\/2022\\\/07\\\/HD30HDR-1.jpg\",\"width\":510,\"height\":680},{\"@type\":\"BreadcrumbList\",\"@id\":\"https:\\\/\\\/phongphim3trong1.com\\\/?product=may-chieu-optoma-hd30hdr#breadcrumb\",\"itemListElement\":[{\"@type\":\"ListItem\",\"position\":1,\"name\":\"Trang ch\u1ee7\",\"item\":\"https:\\\/\\\/phongphim3trong1.com\\\/\"},{\"@type\":\"ListItem\",\"position\":2,\"name\":\"S\u1ea3n ph\u1ea9m\",\"item\":\"https:\\\/\\\/phongphim3trong1.com\\\/san-pham\\\/\"},{\"@type\":\"ListItem\",\"position\":3,\"name\":\"M\u00e1y chi\u1ebfu HD30HDR\"}]},{\"@type\":\"WebSite\",\"@id\":\"https:\\\/\\\/phongphim3trong1.com\\\/#website\",\"url\":\"https:\\\/\\\/phongphim3trong1.com\\\/\",\"name\":\"Gi\u1ea3i Ph\u00e1p 1 N\u00fat B\u1ea5m 3in1 \u0110\u1ea7u Ti\u00ean T\u1ea1i Vi\u1ec7t Nam\",\"description\":\"\",\"publisher\":{\"@id\":\"https:\\\/\\\/phongphim3trong1.com\\\/#organization\"},\"potentialAction\":[{\"@type\":\"SearchAction\",\"target\":{\"@type\":\"EntryPoint\",\"urlTemplate\":\"https:\\\/\\\/phongphim3trong1.com\\\/?s={search_term_string}\"},\"query-input\":{\"@type\":\"PropertyValueSpecification\",\"valueRequired\":true,\"valueName\":\"search_term_string\"}}],\"inLanguage\":\"vi\"},{\"@type\":\"Organization\",\"@id\":\"https:\\\/\\\/phongphim3trong1.com\\\/#organization\",\"name\":\"Gi\u1ea3i Ph\u00e1p 1 N\u00fat B\u1ea5m 3in1 \u0110\u1ea7u Ti\u00ean T\u1ea1i Vi\u1ec7t Nam\",\"url\":\"https:\\\/\\\/phongphim3trong1.com\\\/\",\"logo\":{\"@type\":\"ImageObject\",\"inLanguage\":\"vi\",\"@id\":\"https:\\\/\\\/phongphim3trong1.com\\\/#\\\/schema\\\/logo\\\/image\\\/\",\"url\":\"https:\\\/\\\/phongphim3trong1.com\\\/wp-content\\\/uploads\\\/2022\\\/11\\\/logo-phongphim3trong1-vector-moi-to-scaled.jpg\",\"contentUrl\":\"https:\\\/\\\/phongphim3trong1.com\\\/wp-content\\\/uploads\\\/2022\\\/11\\\/logo-phongphim3trong1-vector-moi-to-scaled.jpg\",\"width\":2560,\"height\":2108,\"caption\":\"Gi\u1ea3i Ph\u00e1p 1 N\u00fat B\u1ea5m 3in1 \u0110\u1ea7u Ti\u00ean T\u1ea1i Vi\u1ec7t Nam\"},\"image\":{\"@id\":\"https:\\\/\\\/phongphim3trong1.com\\\/#\\\/schema\\\/logo\\\/image\\\/\"}}]}<\/script>\n<!-- \/ Yoast SEO plugin. -->","yoast_head_json":{"title":"M\u00e1y chi\u1ebfu HD30HDR - Gi\u1ea3i Ph\u00e1p 1 N\u00fat B\u1ea5m 3in1 \u0110\u1ea7u Ti\u00ean T\u1ea1i Vi\u1ec7t Nam","robots":{"index":"index","follow":"follow","max-snippet":"max-snippet:-1","max-image-preview":"max-image-preview:large","max-video-preview":"max-video-preview:-1"},"canonical":"https:\/\/phongphim3trong1.com\/?product=may-chieu-optoma-hd30hdr","og_locale":"vi_VN","og_type":"article","og_title":"M\u00e1y chi\u1ebfu HD30HDR - Gi\u1ea3i Ph\u00e1p 1 N\u00fat B\u1ea5m 3in1 \u0110\u1ea7u Ti\u00ean T\u1ea1i Vi\u1ec7t Nam","og_description":"Gi\u00e1 B\u00e1n: Li\u00ean H\u1ec7  Th\u00f4ng S\u1ed1 K\u1ef9 Thu\u1eadt H\u1ed7 tr\u1ee3 \u0111\u1ecbnh d\u1ea1ng 3D C\u00f4ng ngh\u1ec7: DLP \u0110\u1ed9 ph\u00e2n gi\u1ea3i: 1080p (1920 x 1080) \u0110\u1ed9 s\u00e1ng: 3.800 ANSI Lumens \u0110\u1ed9 t\u01b0\u01a1ng ph\u1ea3n: 50.000:1 Tu\u1ed5i th\u1ecd \u0111\u00e8n: l\u00ean \u0111\u1ebfn 10.000 gi\u1edd K\u00edch th\u01b0\u1edbc (W x H x D): 316 x 106 x 243.5 mm","og_url":"https:\/\/phongphim3trong1.com\/?product=may-chieu-optoma-hd30hdr","og_site_name":"Gi\u1ea3i Ph\u00e1p 1 N\u00fat B\u1ea5m 3in1 \u0110\u1ea7u Ti\u00ean T\u1ea1i Vi\u1ec7t Nam","article_modified_time":"2025-03-18T09:41:40+00:00","og_image":[{"width":510,"height":680,"url":"https:\/\/phongphim3trong1.com\/wp-content\/uploads\/2022\/07\/HD30HDR-1.jpg","type":"image\/jpeg"}],"twitter_card":"summary_large_image","twitter_misc":{"\u01af\u1edbc t\u00ednh th\u1eddi gian \u0111\u1ecdc":"1 ph\u00fat"},"schema":{"@context":"https:\/\/schema.org","@graph":[{"@type":"WebPage","@id":"https:\/\/phongphim3trong1.com\/?product=may-chieu-optoma-hd30hdr","url":"https:\/\/phongphim3trong1.com\/?product=may-chieu-optoma-hd30hdr","name":"M\u00e1y chi\u1ebfu HD30HDR - Gi\u1ea3i Ph\u00e1p 1 N\u00fat B\u1ea5m 3in1 \u0110\u1ea7u Ti\u00ean T\u1ea1i Vi\u1ec7t Nam","isPartOf":{"@id":"https:\/\/phongphim3trong1.com\/#website"},"primaryImageOfPage":{"@id":"https:\/\/phongphim3trong1.com\/?product=may-chieu-optoma-hd30hdr#primaryimage"},"image":{"@id":"https:\/\/phongphim3trong1.com\/?product=may-chieu-optoma-hd30hdr#primaryimage"},"thumbnailUrl":"https:\/\/phongphim3trong1.com\/wp-content\/uploads\/2022\/07\/HD30HDR-1.jpg","datePublished":"2022-07-13T08:07:05+00:00","dateModified":"2025-03-18T09:41:40+00:00","breadcrumb":{"@id":"https:\/\/phongphim3trong1.com\/?product=may-chieu-optoma-hd30hdr#breadcrumb"},"inLanguage":"vi","potentialAction":[{"@type":"ReadAction","target":["https:\/\/phongphim3trong1.com\/?product=may-chieu-optoma-hd30hdr"]}]},{"@type":"ImageObject","inLanguage":"vi","@id":"https:\/\/phongphim3trong1.com\/?product=may-chieu-optoma-hd30hdr#primaryimage","url":"https:\/\/phongphim3trong1.com\/wp-content\/uploads\/2022\/07\/HD30HDR-1.jpg","contentUrl":"https:\/\/phongphim3trong1.com\/wp-content\/uploads\/2022\/07\/HD30HDR-1.jpg","width":510,"height":680},{"@type":"BreadcrumbList","@id":"https:\/\/phongphim3trong1.com\/?product=may-chieu-optoma-hd30hdr#breadcrumb","itemListElement":[{"@type":"ListItem","position":1,"name":"Trang ch\u1ee7","item":"https:\/\/phongphim3trong1.com\/"},{"@type":"ListItem","position":2,"name":"S\u1ea3n ph\u1ea9m","item":"https:\/\/phongphim3trong1.com\/san-pham\/"},{"@type":"ListItem","position":3,"name":"M\u00e1y chi\u1ebfu HD30HDR"}]},{"@type":"WebSite","@id":"https:\/\/phongphim3trong1.com\/#website","url":"https:\/\/phongphim3trong1.com\/","name":"Gi\u1ea3i Ph\u00e1p 1 N\u00fat B\u1ea5m 3in1 \u0110\u1ea7u Ti\u00ean T\u1ea1i Vi\u1ec7t Nam","description":"","publisher":{"@id":"https:\/\/phongphim3trong1.com\/#organization"},"potentialAction":[{"@type":"SearchAction","target":{"@type":"EntryPoint","urlTemplate":"https:\/\/phongphim3trong1.com\/?s={search_term_string}"},"query-input":{"@type":"PropertyValueSpecification","valueRequired":true,"valueName":"search_term_string"}}],"inLanguage":"vi"},{"@type":"Organization","@id":"https:\/\/phongphim3trong1.com\/#organization","name":"Gi\u1ea3i Ph\u00e1p 1 N\u00fat B\u1ea5m 3in1 \u0110\u1ea7u Ti\u00ean T\u1ea1i Vi\u1ec7t Nam","url":"https:\/\/phongphim3trong1.com\/","logo":{"@type":"ImageObject","inLanguage":"vi","@id":"https:\/\/phongphim3trong1.com\/#\/schema\/logo\/image\/","url":"https:\/\/phongphim3trong1.com\/wp-content\/uploads\/2022\/11\/logo-phongphim3trong1-vector-moi-to-scaled.jpg","contentUrl":"https:\/\/phongphim3trong1.com\/wp-content\/uploads\/2022\/11\/logo-phongphim3trong1-vector-moi-to-scaled.jpg","width":2560,"height":2108,"caption":"Gi\u1ea3i Ph\u00e1p 1 N\u00fat B\u1ea5m 3in1 \u0110\u1ea7u Ti\u00ean T\u1ea1i Vi\u1ec7t Nam"},"image":{"@id":"https:\/\/phongphim3trong1.com\/#\/schema\/logo\/image\/"}}]}},"_links":{"self":[{"href":"https:\/\/phongphim3trong1.com\/index.php?rest_route=\/wp\/v2\/product\/3757","targetHints":{"allow":["GET"]}}],"collection":[{"href":"https:\/\/phongphim3trong1.com\/index.php?rest_route=\/wp\/v2\/product"}],"about":[{"href":"https:\/\/phongphim3trong1.com\/index.php?rest_route=\/wp\/v2\/types\/product"}],"replies":[{"embeddable":true,"href":"https:\/\/phongphim3trong1.com\/index.php?rest_route=%2Fwp%2Fv2%2Fcomments&post=3757"}],"version-history":[{"count":6,"href":"https:\/\/phongphim3trong1.com\/index.php?rest_route=\/wp\/v2\/product\/3757\/revisions"}],"predecessor-version":[{"id":5836,"href":"https:\/\/phongphim3trong1.com\/index.php?rest_route=\/wp\/v2\/product\/3757\/revisions\/5836"}],"wp:featuredmedia":[{"embeddable":true,"href":"https:\/\/phongphim3trong1.com\/index.php?rest_route=\/wp\/v2\/media\/3758"}],"wp:attachment":[{"href":"https:\/\/phongphim3trong1.com\/index.php?rest_route=%2Fwp%2Fv2%2Fmedia&parent=3757"}],"wp:term":[{"taxonomy":"product_brand","embeddable":true,"href":"https:\/\/phongphim3trong1.com\/index.php?rest_route=%2Fwp%2Fv2%2Fproduct_brand&post=3757"},{"taxonomy":"product_cat","embeddable":true,"href":"https:\/\/phongphim3trong1.com\/index.php?rest_route=%2Fwp%2Fv2%2Fproduct_cat&post=3757"},{"taxonomy":"product_tag","embeddable":true,"href":"https:\/\/phongphim3trong1.com\/index.php?rest_route=%2Fwp%2Fv2%2Fproduct_tag&post=3757"}],"curies":[{"name":"wp","href":"https:\/\/api.w.org\/{rel}","templated":true}]}}