{"id":3745,"date":"2022-07-09T05:32:43","date_gmt":"2022-07-09T05:32:43","guid":{"rendered":"https:\/\/phongphim3trong1.com\/?post_type=product&#038;p=3745"},"modified":"2025-03-18T09:43:46","modified_gmt":"2025-03-18T09:43:46","slug":"amply-avc-x6700h","status":"publish","type":"product","link":"https:\/\/phongphim3trong1.com\/?product=amply-avc-x6700h","title":{"rendered":"Amply AVC &#8211; X6700H"},"content":{"rendered":"<p>Ampli Denon AVC-X6700H mang \u0111\u1ebfn tr\u1ea3i nghi\u1ec7m home theater \u0111\u1ec9nh cao v\u1edbi c\u00e1c video\u00a08K\/60Hz v\u00e0 upscaling l\u00ean 8K\/60Hz \u0111\u1ec3 xem phim v\u00e0 4K\/120Hz \u0111\u1ec3 ch\u01a1i game khi c\u00f3 t\u00edn hi\u1ec7u video truy\u1ec1n qua c\u00e1c c\u1ed5ng HDMI \u0111\u01b0\u1ee3c h\u1ed7 tr\u1ee3 \u0111\u1ea7y \u0111\u1ee7 c\u00e1c th\u00f4ng s\u1ed1 k\u1ef9 thu\u1eadt HDMI m\u1edbi nh\u1ea5t. Ampli Denon AVC-X6700H cho ph\u00e9p b\u1ea1n thi\u1ebft l\u1eadp h\u1ec7 th\u1ed1ng home theater 4K t\u1ed1t nh\u1ea5t hi\u1ec7n nay v\u00e0 mang \u0111\u1ebfn cho b\u1ea1n s\u1ef1 tho\u1ea3i m\u00e1i khi bi\u1ebft r\u1eb1ng ampli c\u1ee7a b\u1ea1n \u0111\u00e3 s\u1eb5n s\u00e0ng cho b\u1ea5t k\u1ef3 video 8K n\u00e0o b\u1ea1n mu\u1ed1n xem. C\u00f9ng th\u01b0\u1edfng th\u1ee9c \u00e2m thanh v\u00e0 video 3D ch\u1ea5t l\u01b0\u1ee3ng cao nh\u1ea5t cho c\u1ea3 nh\u1eefng nhu c\u1ea7u gi\u1ea3i tr\u00ed kh\u1eaft khe nh\u1ea5t.<\/p>\n<p>Denon AVC-X6700H\u00a0l\u00e0 ampli 11.2 k\u00eanh c\u00f4ng su\u1ea5t l\u1edbn l\u00ean \u0111\u1ebfn 140 watt tr\u00ean m\u1ed7i k\u00eanh (8 Ohms, 20Hz-20kHz, THD: 0,05%, 2 ch. Drive) \u0111\u1ea3m b\u1ea3o tr\u1ea3i nghi\u1ec7m \u00e2m thanh gi\u1ea3i tr\u00ed r\u1ea5t s\u1ed1ng \u0111\u1ed9ng v\u00e0 trung th\u1ef1c. V\u1edbi\u00a0tr\u1edf kh\u00e1ng \u0111\u1ea7u ra th\u1ea5p, Ampli Denon AVC-X6700H mang l\u1ea1i ho\u1ea1t \u0111\u1ed9ng \u1ed5n \u0111\u1ecbnh cho nhi\u1ec1u lo\u1ea1i loa v\u00e0 t\u00e1i t\u1ea1o \u00e2m thanh chi ti\u1ebft cao, c\u00e2n b\u1eb1ng, r\u00f5 n\u00e9t v\u00e0 ch\u00ednh x\u00e1c khi v\u1eadn h\u00e0nh, s\u1eb5n s\u00e0ng \u0111\u00e1p \u1ee9ng nhu c\u1ea7u c\u1ee7a b\u1ea1n v\u1ec1 m\u1ed9t r\u1ea1p chi\u1ebfu phim t\u1ea1i gia ho\u00e0n h\u1ea3o.<\/p>\n","protected":false},"excerpt":{"rendered":"<p><span style=\"color: #ed1c24;\"><strong><span style=\"font-size: 150%;\">Gi\u00e1 B\u00e1n: Li\u00ean H\u1ec7<\/span><\/strong><\/span><\/p>\n<p><span style=\"font-size: 120%; color: #000000;\"><strong>Th\u00f4ng S\u1ed1 K\u1ef9 Thu\u1eadt<\/strong><\/span><\/p>\n<div id=\"input_line_0\"><span id=\"input_part_0\" class=\"\" style=\"color: #000000;\" data-mention=\"S\u1ed1 k\u00eanh: 11.2 k\u00eanh (c\u00f3 th\u1ec3 h\u1ed7 tr\u1ee3 cho c\u00e1c h\u1ec7 th\u1ed1ng 13.2)\"><strong>S\u1ed1 k\u00eanh:<\/strong> 11.2 k\u00eanh (c\u00f3 th\u1ec3 h\u1ed7 tr\u1ee3 cho c\u00e1c h\u1ec7 th\u1ed1ng 13.2)<\/span><\/div>\n<div id=\"input_line_1\"><span id=\"input_part_0\" class=\"\" style=\"color: #000000;\" data-mention=\"C\u00f4ng su\u1ea5t: 11 x 140W (8 \u03a9, 20 Hz - 20 kHz, 0.08% 2ch Drive)\"><strong>C\u00f4ng su\u1ea5t:<\/strong> 11 x 140W (8 \u03a9, 20 Hz &#8211; 20 kHz, 0.08% 2ch Drive)<\/span><\/div>\n<div id=\"input_line_2\"><span id=\"input_part_0\" class=\"\" style=\"color: #000000;\" data-mention=\"\u0110\u1ecbnh d\u1ea1ng \u00e2m thanh: Auro 3D, Dolby Atmos, DTS:X, DTS Virtual: X, DTS: X Pro\u2026\"><strong>\u0110\u1ecbnh d\u1ea1ng \u00e2m thanh:<\/strong> <\/span><\/div>\n<div><span id=\"input_part_0\" class=\"\" style=\"color: #000000;\" data-mention=\"\u0110\u1ecbnh d\u1ea1ng \u00e2m thanh: Auro 3D, Dolby Atmos, DTS:X, DTS Virtual: X, DTS: X Pro\u2026\">Auro 3D, Dolby Atmos, DTS:X, DTS Virtual: X, DTS: X Pro\u2026<\/span><\/div>\n<div id=\"input_line_3\"><span id=\"input_part_0\" class=\"\" style=\"color: #000000;\" data-mention=\"Xem phim 8K \/ 60Hz v\u00e0 4K \/ 120Hz\">Xem phim 8K \/ 60Hz v\u00e0 4K \/ 120Hz<\/span><\/div>\n<div id=\"input_line_4\"><span id=\"input_part_0\" class=\"\" style=\"color: #000000;\" data-mention=\"Gi\u1ea3i m\u00e3 ALAC, FLAC v\u00e0 WAV l\u00ean \u0111\u1ebfn 192kHz \/ 24 bit\">Gi\u1ea3i m\u00e3 ALAC, FLAC v\u00e0 WAV l\u00ean \u0111\u1ebfn 192kHz \/ 24 bit<\/span><\/div>\n<div id=\"input_line_5\"><span id=\"input_part_0\" class=\"\" style=\"color: #000000;\" data-mention=\"Gi\u1ea3i m\u00e3 nh\u1ea1c DSD qua ng\u00f5 USB, nghe nh\u1ea1c ch\u1ea5t l\u01b0\u1ee3ng cao\">Gi\u1ea3i m\u00e3 nh\u1ea1c DSD qua ng\u00f5 USB, nghe nh\u1ea1c ch\u1ea5t l\u01b0\u1ee3ng cao<\/span><\/div>\n<div id=\"input_line_6\"><span id=\"input_part_0\" class=\"\" style=\"color: #000000;\" data-mention=\"K\u00edch th\u01b0\u1edbc (W x H x D): 434 x 167 x 389 mm\"><strong>K\u00edch th\u01b0\u1edbc (W x H x D):<\/strong> 434 x 167 x 389 mm<\/span><\/div>\n","protected":false},"featured_media":3746,"comment_status":"closed","ping_status":"closed","template":"","meta":{"pgc_meta":""},"product_brand":[],"product_cat":[253],"product_tag":[670,669,668,667],"class_list":{"0":"post-3745","1":"product","2":"type-product","3":"status-publish","4":"has-post-thumbnail","6":"product_cat-denon","7":"product_tag-amply-avc-x6700h","8":"product_tag-amply-x6700h","9":"product_tag-avc-x6700h","10":"product_tag-x6700h","12":"first","13":"instock","14":"shipping-taxable","15":"product-type-simple"},"yoast_head":"<!-- This site is optimized with the Yoast SEO plugin v27.4 - https:\/\/yoast.com\/product\/yoast-seo-wordpress\/ -->\n<title>Amply AVC - X6700H - Gi\u1ea3i Ph\u00e1p 1 N\u00fat B\u1ea5m 3in1 \u0110\u1ea7u Ti\u00ean T\u1ea1i Vi\u1ec7t Nam<\/title>\n<meta name=\"robots\" content=\"index, follow, max-snippet:-1, max-image-preview:large, max-video-preview:-1\" \/>\n<link rel=\"canonical\" href=\"https:\/\/phongphim3trong1.com\/?product=amply-avc-x6700h\" \/>\n<meta property=\"og:locale\" content=\"vi_VN\" \/>\n<meta property=\"og:type\" content=\"article\" \/>\n<meta property=\"og:title\" content=\"Amply AVC - X6700H - Gi\u1ea3i Ph\u00e1p 1 N\u00fat B\u1ea5m 3in1 \u0110\u1ea7u Ti\u00ean T\u1ea1i Vi\u1ec7t Nam\" \/>\n<meta property=\"og:description\" content=\"Gi\u00e1 B\u00e1n: Li\u00ean H\u1ec7  Th\u00f4ng S\u1ed1 K\u1ef9 Thu\u1eadt S\u1ed1 k\u00eanh: 11.2 k\u00eanh (c\u00f3 th\u1ec3 h\u1ed7 tr\u1ee3 cho c\u00e1c h\u1ec7 th\u1ed1ng 13.2) C\u00f4ng su\u1ea5t: 11 x 140W (8 \u03a9, 20 Hz - 20 kHz, 0.08% 2ch Drive) \u0110\u1ecbnh d\u1ea1ng \u00e2m thanh:  Auro 3D, Dolby Atmos, DTS:X, DTS Virtual: X, DTS: X Pro\u2026 Xem phim 8K \/ 60Hz v\u00e0 4K \/ 120Hz Gi\u1ea3i m\u00e3 ALAC, FLAC v\u00e0 WAV l\u00ean \u0111\u1ebfn 192kHz \/ 24 bit Gi\u1ea3i m\u00e3 nh\u1ea1c DSD qua ng\u00f5 USB, nghe nh\u1ea1c ch\u1ea5t l\u01b0\u1ee3ng cao K\u00edch th\u01b0\u1edbc (W x H x D): 434 x 167 x 389 mm\" \/>\n<meta property=\"og:url\" content=\"https:\/\/phongphim3trong1.com\/?product=amply-avc-x6700h\" \/>\n<meta property=\"og:site_name\" content=\"Gi\u1ea3i Ph\u00e1p 1 N\u00fat B\u1ea5m 3in1 \u0110\u1ea7u Ti\u00ean T\u1ea1i Vi\u1ec7t Nam\" \/>\n<meta property=\"article:modified_time\" content=\"2025-03-18T09:43:46+00:00\" \/>\n<meta property=\"og:image\" content=\"https:\/\/phongphim3trong1.com\/wp-content\/uploads\/2022\/07\/AVC-X6700H-1.jpg\" \/>\n\t<meta property=\"og:image:width\" content=\"510\" \/>\n\t<meta property=\"og:image:height\" content=\"680\" \/>\n\t<meta property=\"og:image:type\" content=\"image\/jpeg\" \/>\n<meta name=\"twitter:card\" content=\"summary_large_image\" \/>\n<meta name=\"twitter:label1\" content=\"\u01af\u1edbc t\u00ednh th\u1eddi gian \u0111\u1ecdc\" \/>\n\t<meta name=\"twitter:data1\" content=\"2 ph\u00fat\" \/>\n<script type=\"application\/ld+json\" class=\"yoast-schema-graph\">{\"@context\":\"https:\\\/\\\/schema.org\",\"@graph\":[{\"@type\":\"WebPage\",\"@id\":\"https:\\\/\\\/phongphim3trong1.com\\\/?product=amply-avc-x6700h\",\"url\":\"https:\\\/\\\/phongphim3trong1.com\\\/?product=amply-avc-x6700h\",\"name\":\"Amply AVC - X6700H - Gi\u1ea3i Ph\u00e1p 1 N\u00fat B\u1ea5m 3in1 \u0110\u1ea7u Ti\u00ean T\u1ea1i Vi\u1ec7t Nam\",\"isPartOf\":{\"@id\":\"https:\\\/\\\/phongphim3trong1.com\\\/#website\"},\"primaryImageOfPage\":{\"@id\":\"https:\\\/\\\/phongphim3trong1.com\\\/?product=amply-avc-x6700h#primaryimage\"},\"image\":{\"@id\":\"https:\\\/\\\/phongphim3trong1.com\\\/?product=amply-avc-x6700h#primaryimage\"},\"thumbnailUrl\":\"https:\\\/\\\/phongphim3trong1.com\\\/wp-content\\\/uploads\\\/2022\\\/07\\\/AVC-X6700H-1.jpg\",\"datePublished\":\"2022-07-09T05:32:43+00:00\",\"dateModified\":\"2025-03-18T09:43:46+00:00\",\"breadcrumb\":{\"@id\":\"https:\\\/\\\/phongphim3trong1.com\\\/?product=amply-avc-x6700h#breadcrumb\"},\"inLanguage\":\"vi\",\"potentialAction\":[{\"@type\":\"ReadAction\",\"target\":[\"https:\\\/\\\/phongphim3trong1.com\\\/?product=amply-avc-x6700h\"]}]},{\"@type\":\"ImageObject\",\"inLanguage\":\"vi\",\"@id\":\"https:\\\/\\\/phongphim3trong1.com\\\/?product=amply-avc-x6700h#primaryimage\",\"url\":\"https:\\\/\\\/phongphim3trong1.com\\\/wp-content\\\/uploads\\\/2022\\\/07\\\/AVC-X6700H-1.jpg\",\"contentUrl\":\"https:\\\/\\\/phongphim3trong1.com\\\/wp-content\\\/uploads\\\/2022\\\/07\\\/AVC-X6700H-1.jpg\",\"width\":510,\"height\":680},{\"@type\":\"BreadcrumbList\",\"@id\":\"https:\\\/\\\/phongphim3trong1.com\\\/?product=amply-avc-x6700h#breadcrumb\",\"itemListElement\":[{\"@type\":\"ListItem\",\"position\":1,\"name\":\"Trang ch\u1ee7\",\"item\":\"https:\\\/\\\/phongphim3trong1.com\\\/\"},{\"@type\":\"ListItem\",\"position\":2,\"name\":\"S\u1ea3n ph\u1ea9m\",\"item\":\"https:\\\/\\\/phongphim3trong1.com\\\/san-pham\\\/\"},{\"@type\":\"ListItem\",\"position\":3,\"name\":\"Amply AVC &#8211; X6700H\"}]},{\"@type\":\"WebSite\",\"@id\":\"https:\\\/\\\/phongphim3trong1.com\\\/#website\",\"url\":\"https:\\\/\\\/phongphim3trong1.com\\\/\",\"name\":\"Gi\u1ea3i Ph\u00e1p 1 N\u00fat B\u1ea5m 3in1 \u0110\u1ea7u Ti\u00ean T\u1ea1i Vi\u1ec7t Nam\",\"description\":\"\",\"publisher\":{\"@id\":\"https:\\\/\\\/phongphim3trong1.com\\\/#organization\"},\"potentialAction\":[{\"@type\":\"SearchAction\",\"target\":{\"@type\":\"EntryPoint\",\"urlTemplate\":\"https:\\\/\\\/phongphim3trong1.com\\\/?s={search_term_string}\"},\"query-input\":{\"@type\":\"PropertyValueSpecification\",\"valueRequired\":true,\"valueName\":\"search_term_string\"}}],\"inLanguage\":\"vi\"},{\"@type\":\"Organization\",\"@id\":\"https:\\\/\\\/phongphim3trong1.com\\\/#organization\",\"name\":\"Gi\u1ea3i Ph\u00e1p 1 N\u00fat B\u1ea5m 3in1 \u0110\u1ea7u Ti\u00ean T\u1ea1i Vi\u1ec7t Nam\",\"url\":\"https:\\\/\\\/phongphim3trong1.com\\\/\",\"logo\":{\"@type\":\"ImageObject\",\"inLanguage\":\"vi\",\"@id\":\"https:\\\/\\\/phongphim3trong1.com\\\/#\\\/schema\\\/logo\\\/image\\\/\",\"url\":\"https:\\\/\\\/phongphim3trong1.com\\\/wp-content\\\/uploads\\\/2022\\\/11\\\/logo-phongphim3trong1-vector-moi-to-scaled.jpg\",\"contentUrl\":\"https:\\\/\\\/phongphim3trong1.com\\\/wp-content\\\/uploads\\\/2022\\\/11\\\/logo-phongphim3trong1-vector-moi-to-scaled.jpg\",\"width\":2560,\"height\":2108,\"caption\":\"Gi\u1ea3i Ph\u00e1p 1 N\u00fat B\u1ea5m 3in1 \u0110\u1ea7u Ti\u00ean T\u1ea1i Vi\u1ec7t Nam\"},\"image\":{\"@id\":\"https:\\\/\\\/phongphim3trong1.com\\\/#\\\/schema\\\/logo\\\/image\\\/\"}}]}<\/script>\n<!-- \/ Yoast SEO plugin. -->","yoast_head_json":{"title":"Amply AVC - X6700H - Gi\u1ea3i Ph\u00e1p 1 N\u00fat B\u1ea5m 3in1 \u0110\u1ea7u Ti\u00ean T\u1ea1i Vi\u1ec7t Nam","robots":{"index":"index","follow":"follow","max-snippet":"max-snippet:-1","max-image-preview":"max-image-preview:large","max-video-preview":"max-video-preview:-1"},"canonical":"https:\/\/phongphim3trong1.com\/?product=amply-avc-x6700h","og_locale":"vi_VN","og_type":"article","og_title":"Amply AVC - X6700H - Gi\u1ea3i Ph\u00e1p 1 N\u00fat B\u1ea5m 3in1 \u0110\u1ea7u Ti\u00ean T\u1ea1i Vi\u1ec7t Nam","og_description":"Gi\u00e1 B\u00e1n: Li\u00ean H\u1ec7  Th\u00f4ng S\u1ed1 K\u1ef9 Thu\u1eadt S\u1ed1 k\u00eanh: 11.2 k\u00eanh (c\u00f3 th\u1ec3 h\u1ed7 tr\u1ee3 cho c\u00e1c h\u1ec7 th\u1ed1ng 13.2) C\u00f4ng su\u1ea5t: 11 x 140W (8 \u03a9, 20 Hz - 20 kHz, 0.08% 2ch Drive) \u0110\u1ecbnh d\u1ea1ng \u00e2m thanh:  Auro 3D, Dolby Atmos, DTS:X, DTS Virtual: X, DTS: X Pro\u2026 Xem phim 8K \/ 60Hz v\u00e0 4K \/ 120Hz Gi\u1ea3i m\u00e3 ALAC, FLAC v\u00e0 WAV l\u00ean \u0111\u1ebfn 192kHz \/ 24 bit Gi\u1ea3i m\u00e3 nh\u1ea1c DSD qua ng\u00f5 USB, nghe nh\u1ea1c ch\u1ea5t l\u01b0\u1ee3ng cao K\u00edch th\u01b0\u1edbc (W x H x D): 434 x 167 x 389 mm","og_url":"https:\/\/phongphim3trong1.com\/?product=amply-avc-x6700h","og_site_name":"Gi\u1ea3i Ph\u00e1p 1 N\u00fat B\u1ea5m 3in1 \u0110\u1ea7u Ti\u00ean T\u1ea1i Vi\u1ec7t Nam","article_modified_time":"2025-03-18T09:43:46+00:00","og_image":[{"width":510,"height":680,"url":"https:\/\/phongphim3trong1.com\/wp-content\/uploads\/2022\/07\/AVC-X6700H-1.jpg","type":"image\/jpeg"}],"twitter_card":"summary_large_image","twitter_misc":{"\u01af\u1edbc t\u00ednh th\u1eddi gian \u0111\u1ecdc":"2 ph\u00fat"},"schema":{"@context":"https:\/\/schema.org","@graph":[{"@type":"WebPage","@id":"https:\/\/phongphim3trong1.com\/?product=amply-avc-x6700h","url":"https:\/\/phongphim3trong1.com\/?product=amply-avc-x6700h","name":"Amply AVC - X6700H - Gi\u1ea3i Ph\u00e1p 1 N\u00fat B\u1ea5m 3in1 \u0110\u1ea7u Ti\u00ean T\u1ea1i Vi\u1ec7t Nam","isPartOf":{"@id":"https:\/\/phongphim3trong1.com\/#website"},"primaryImageOfPage":{"@id":"https:\/\/phongphim3trong1.com\/?product=amply-avc-x6700h#primaryimage"},"image":{"@id":"https:\/\/phongphim3trong1.com\/?product=amply-avc-x6700h#primaryimage"},"thumbnailUrl":"https:\/\/phongphim3trong1.com\/wp-content\/uploads\/2022\/07\/AVC-X6700H-1.jpg","datePublished":"2022-07-09T05:32:43+00:00","dateModified":"2025-03-18T09:43:46+00:00","breadcrumb":{"@id":"https:\/\/phongphim3trong1.com\/?product=amply-avc-x6700h#breadcrumb"},"inLanguage":"vi","potentialAction":[{"@type":"ReadAction","target":["https:\/\/phongphim3trong1.com\/?product=amply-avc-x6700h"]}]},{"@type":"ImageObject","inLanguage":"vi","@id":"https:\/\/phongphim3trong1.com\/?product=amply-avc-x6700h#primaryimage","url":"https:\/\/phongphim3trong1.com\/wp-content\/uploads\/2022\/07\/AVC-X6700H-1.jpg","contentUrl":"https:\/\/phongphim3trong1.com\/wp-content\/uploads\/2022\/07\/AVC-X6700H-1.jpg","width":510,"height":680},{"@type":"BreadcrumbList","@id":"https:\/\/phongphim3trong1.com\/?product=amply-avc-x6700h#breadcrumb","itemListElement":[{"@type":"ListItem","position":1,"name":"Trang ch\u1ee7","item":"https:\/\/phongphim3trong1.com\/"},{"@type":"ListItem","position":2,"name":"S\u1ea3n ph\u1ea9m","item":"https:\/\/phongphim3trong1.com\/san-pham\/"},{"@type":"ListItem","position":3,"name":"Amply AVC &#8211; X6700H"}]},{"@type":"WebSite","@id":"https:\/\/phongphim3trong1.com\/#website","url":"https:\/\/phongphim3trong1.com\/","name":"Gi\u1ea3i Ph\u00e1p 1 N\u00fat B\u1ea5m 3in1 \u0110\u1ea7u Ti\u00ean T\u1ea1i Vi\u1ec7t Nam","description":"","publisher":{"@id":"https:\/\/phongphim3trong1.com\/#organization"},"potentialAction":[{"@type":"SearchAction","target":{"@type":"EntryPoint","urlTemplate":"https:\/\/phongphim3trong1.com\/?s={search_term_string}"},"query-input":{"@type":"PropertyValueSpecification","valueRequired":true,"valueName":"search_term_string"}}],"inLanguage":"vi"},{"@type":"Organization","@id":"https:\/\/phongphim3trong1.com\/#organization","name":"Gi\u1ea3i Ph\u00e1p 1 N\u00fat B\u1ea5m 3in1 \u0110\u1ea7u Ti\u00ean T\u1ea1i Vi\u1ec7t Nam","url":"https:\/\/phongphim3trong1.com\/","logo":{"@type":"ImageObject","inLanguage":"vi","@id":"https:\/\/phongphim3trong1.com\/#\/schema\/logo\/image\/","url":"https:\/\/phongphim3trong1.com\/wp-content\/uploads\/2022\/11\/logo-phongphim3trong1-vector-moi-to-scaled.jpg","contentUrl":"https:\/\/phongphim3trong1.com\/wp-content\/uploads\/2022\/11\/logo-phongphim3trong1-vector-moi-to-scaled.jpg","width":2560,"height":2108,"caption":"Gi\u1ea3i Ph\u00e1p 1 N\u00fat B\u1ea5m 3in1 \u0110\u1ea7u Ti\u00ean T\u1ea1i Vi\u1ec7t Nam"},"image":{"@id":"https:\/\/phongphim3trong1.com\/#\/schema\/logo\/image\/"}}]}},"_links":{"self":[{"href":"https:\/\/phongphim3trong1.com\/index.php?rest_route=\/wp\/v2\/product\/3745","targetHints":{"allow":["GET"]}}],"collection":[{"href":"https:\/\/phongphim3trong1.com\/index.php?rest_route=\/wp\/v2\/product"}],"about":[{"href":"https:\/\/phongphim3trong1.com\/index.php?rest_route=\/wp\/v2\/types\/product"}],"replies":[{"embeddable":true,"href":"https:\/\/phongphim3trong1.com\/index.php?rest_route=%2Fwp%2Fv2%2Fcomments&post=3745"}],"version-history":[{"count":4,"href":"https:\/\/phongphim3trong1.com\/index.php?rest_route=\/wp\/v2\/product\/3745\/revisions"}],"predecessor-version":[{"id":5837,"href":"https:\/\/phongphim3trong1.com\/index.php?rest_route=\/wp\/v2\/product\/3745\/revisions\/5837"}],"wp:featuredmedia":[{"embeddable":true,"href":"https:\/\/phongphim3trong1.com\/index.php?rest_route=\/wp\/v2\/media\/3746"}],"wp:attachment":[{"href":"https:\/\/phongphim3trong1.com\/index.php?rest_route=%2Fwp%2Fv2%2Fmedia&parent=3745"}],"wp:term":[{"taxonomy":"product_brand","embeddable":true,"href":"https:\/\/phongphim3trong1.com\/index.php?rest_route=%2Fwp%2Fv2%2Fproduct_brand&post=3745"},{"taxonomy":"product_cat","embeddable":true,"href":"https:\/\/phongphim3trong1.com\/index.php?rest_route=%2Fwp%2Fv2%2Fproduct_cat&post=3745"},{"taxonomy":"product_tag","embeddable":true,"href":"https:\/\/phongphim3trong1.com\/index.php?rest_route=%2Fwp%2Fv2%2Fproduct_tag&post=3745"}],"curies":[{"name":"wp","href":"https:\/\/api.w.org\/{rel}","templated":true}]}}