{"id":3734,"date":"2022-07-09T04:57:08","date_gmt":"2022-07-09T04:57:08","guid":{"rendered":"https:\/\/phongphim3trong1.com\/?post_type=product&#038;p=3734"},"modified":"2025-03-18T09:46:13","modified_gmt":"2025-03-18T09:46:13","slug":"avc-x3700h","status":"publish","type":"product","link":"https:\/\/phongphim3trong1.com\/?product=avc-x3700h","title":{"rendered":"Amply AVC &#8211; X3700H"},"content":{"rendered":"<p>Ampli xem phim, nghe nh\u1ea1c Denon AVC-X3700H th\u1ebf h\u1ec7 m\u1edbi n\u0103m 2021 th\u00eam nhi\u1ec1u t\u00ednh n\u0103ng v\u00e0 k\u1ef9 thu\u1eadt m\u1edbi, cho ch\u00fang ta nh\u1eefng tr\u1ea3i nghi\u1ec7m \u00e2m thanh \u0111\u00edch th\u1ef1c cho c\u1ea3 phim \u1ea3nh v\u00e0 \u00e2m nh\u1ea1c. Ampli c\u00f3 c\u00f4ng su\u1ea5t 105 W t\u1ea1i 8 Ohm, gi\u1ea3i m\u00e3 t\u1ea5t c\u1ea3 c\u00e1c \u0111\u1ecbnh d\u1ea1ng \u00e2m thanh trong phim v\u00e0 t\u01b0\u01a1ng th\u00edch c\u00e1c file nh\u1ea1c lossless v\u00e0 hires nh\u01b0 ALAC, FLAC v\u00e0 WAV 192kHz\/24bit, file DSD 2.8\/5.6-MHz.<\/p>\n<p>V\u1edbi Ampli \u0111a k\u00eanh xem phim c\u00f3 b\u1ed9 khu\u1ebfch \u0111\u1ea1i d\u00f2ng cao ri\u00eang bi\u1ec7t tr\u00ean t\u1ea5t c\u1ea3 c\u00e1c k\u00eanh, AVC-X3700H mang l\u1ea1i hi\u1ec7u su\u1ea5t c\u00f4ng su\u1ea5t cao 180W cho m\u1ed7i k\u00eanh. C\u00e1c c\u1ee7 loa c\u00f3 tr\u1edf kh\u00e1ng th\u1ea5p mang l\u1ea1i s\u1ef1 \u1ed5n \u0111\u1ecbnh ho\u1ea1t \u0111\u1ed9ng cho nhi\u1ec1u lo\u1ea1i loa \u0111\u1ec3 mang l\u1ea1i \u00e2m thanh c\u00e2n b\u1eb1ng, \u00e2m s\u1eafc. N\u00e2ng c\u1ea5p k\u1ef3 v\u1ecdng c\u1ee7a b\u1ea1n trong gi\u1ea3i tr\u00ed Home Cinema<\/p>\n","protected":false},"excerpt":{"rendered":"<p><span style=\"color: #ed1c24;\"><strong><span style=\"font-size: 150%;\">Gi\u00e1 B\u00e1n: Li\u00ean H\u1ec7<\/span><\/strong><\/span><\/p>\n<p><span style=\"font-size: 120%; color: #000000;\"><strong>Th\u00f4ng S\u1ed1 K\u1ef9 Thu\u1eadt<\/strong><\/span><\/p>\n<div id=\"input_line_0\"><span id=\"input_part_0\" class=\"\" style=\"color: #000000;\" data-mention=\"S\u1ed1 k\u00eanh: 9.2\"><strong>S\u1ed1 k\u00eanh:<\/strong> 9.2<\/span><\/div>\n<div id=\"input_line_1\"><span style=\"color: #000000;\"><strong><span id=\"input_part_0\" class=\"\" data-mention=\"C\u00f4ng su\u1ea5t: \">C\u00f4ng su\u1ea5t: <\/span><\/strong><\/span><\/div>\n<div id=\"input_line_2\"><span id=\"input_part_0\" class=\"\" style=\"color: #000000;\" data-mention=\"9 x 105 W (8 \u03a9, 20 Hz - 20 kHz, 0.08% 2ch Drive)\"> 9 x 105 W (8 \u03a9, 20 Hz &#8211; 20 kHz, 0.08% 2ch Drive)<\/span><\/div>\n<div id=\"input_line_3\"><span id=\"input_part_0\" class=\"\" style=\"color: #000000;\" data-mention=\" 9 x 165 W (6 \u03a9, 1 kHz, 0,7% 2ch Drive)\"> 9 x 165 W (6 \u03a9, 1 kHz, 0,7% 2ch Drive)<\/span><\/div>\n<div id=\"input_line_4\"><span id=\"input_part_0\" class=\"\" style=\"color: #000000;\" data-mention=\"\u0110\u1ecbnh d\u1ea1ng \u00e2m thanh: Dolby Atmos, DTS: X, DTS Virtual: X\u2026\"><strong>\u0110\u1ecbnh d\u1ea1ng \u00e2m thanh:<\/strong> Dolby Atmos, DTS: X, DTS Virtual: X\u2026<\/span><\/div>\n<div id=\"input_line_5\"><span id=\"input_part_0\" class=\"\" style=\"color: #000000;\" data-mention=\"K\u1ebft n\u1ed1i: HDMI, Analogue, Phono, Optical, USB, Bluetooth, Wifi\"><strong>K\u1ebft n\u1ed1i:<\/strong> HDMI, Analogue, Phono, Optical, USB, Bluetooth, Wifi<\/span><\/div>\n<div id=\"input_line_6\"><span id=\"input_part_0\" class=\"\" style=\"color: #000000;\" data-mention=\"H\u1ed7 tr\u1ee3 full 8K \/ 60Hz v\u00e0 4K \/ 120Hz v\u00e0 Upscalling\">H\u1ed7 tr\u1ee3 full 8K \/ 60Hz v\u00e0 4K \/ 120Hz v\u00e0 Upscalling<\/span><\/div>\n<div id=\"input_line_7\"><span id=\"input_part_0\" class=\"\" style=\"color: #000000;\" data-mention=\"K\u00edch th\u01b0\u1edbc (W x H x D): 434 x 167 x 389 mm\"><strong>K\u00edch th\u01b0\u1edbc (W x H x D):<\/strong> 434 x 167 x 389 mm<\/span><\/div>\n","protected":false},"featured_media":3735,"comment_status":"closed","ping_status":"closed","template":"","meta":{"pgc_meta":""},"product_brand":[],"product_cat":[253],"product_tag":[677,678,676,675],"class_list":{"0":"post-3734","1":"product","2":"type-product","3":"status-publish","4":"has-post-thumbnail","6":"product_cat-denon","7":"product_tag-amply-avc-x3700h","8":"product_tag-amply-x3700h","9":"product_tag-avc-x3700h","10":"product_tag-x3700h","12":"first","13":"instock","14":"shipping-taxable","15":"product-type-simple"},"yoast_head":"<!-- This site is optimized with the Yoast SEO plugin v27.4 - https:\/\/yoast.com\/product\/yoast-seo-wordpress\/ -->\n<title>Amply AVC - X3700H - Gi\u1ea3i Ph\u00e1p 1 N\u00fat B\u1ea5m 3in1 \u0110\u1ea7u Ti\u00ean T\u1ea1i Vi\u1ec7t Nam<\/title>\n<meta name=\"robots\" content=\"index, follow, max-snippet:-1, max-image-preview:large, max-video-preview:-1\" \/>\n<link rel=\"canonical\" href=\"https:\/\/phongphim3trong1.com\/?product=avc-x3700h\" \/>\n<meta property=\"og:locale\" content=\"vi_VN\" \/>\n<meta property=\"og:type\" content=\"article\" \/>\n<meta property=\"og:title\" content=\"Amply AVC - X3700H - Gi\u1ea3i Ph\u00e1p 1 N\u00fat B\u1ea5m 3in1 \u0110\u1ea7u Ti\u00ean T\u1ea1i Vi\u1ec7t Nam\" \/>\n<meta property=\"og:description\" content=\"Gi\u00e1 B\u00e1n: Li\u00ean H\u1ec7  Th\u00f4ng S\u1ed1 K\u1ef9 Thu\u1eadt S\u1ed1 k\u00eanh: 9.2 C\u00f4ng su\u1ea5t:  9 x 105 W (8 \u03a9, 20 Hz - 20 kHz, 0.08% 2ch Drive)  9 x 165 W (6 \u03a9, 1 kHz, 0,7% 2ch Drive) \u0110\u1ecbnh d\u1ea1ng \u00e2m thanh: Dolby Atmos, DTS: X, DTS Virtual: X\u2026 K\u1ebft n\u1ed1i: HDMI, Analogue, Phono, Optical, USB, Bluetooth, Wifi H\u1ed7 tr\u1ee3 full 8K \/ 60Hz v\u00e0 4K \/ 120Hz v\u00e0 Upscalling K\u00edch th\u01b0\u1edbc (W x H x D): 434 x 167 x 389 mm\" \/>\n<meta property=\"og:url\" content=\"https:\/\/phongphim3trong1.com\/?product=avc-x3700h\" \/>\n<meta property=\"og:site_name\" content=\"Gi\u1ea3i Ph\u00e1p 1 N\u00fat B\u1ea5m 3in1 \u0110\u1ea7u Ti\u00ean T\u1ea1i Vi\u1ec7t Nam\" \/>\n<meta property=\"article:modified_time\" content=\"2025-03-18T09:46:13+00:00\" \/>\n<meta property=\"og:image\" content=\"https:\/\/phongphim3trong1.com\/wp-content\/uploads\/2022\/07\/x3700H-1.jpg\" \/>\n\t<meta property=\"og:image:width\" content=\"510\" \/>\n\t<meta property=\"og:image:height\" content=\"680\" \/>\n\t<meta property=\"og:image:type\" content=\"image\/jpeg\" \/>\n<meta name=\"twitter:card\" content=\"summary_large_image\" \/>\n<meta name=\"twitter:label1\" content=\"\u01af\u1edbc t\u00ednh th\u1eddi gian \u0111\u1ecdc\" \/>\n\t<meta name=\"twitter:data1\" content=\"1 ph\u00fat\" \/>\n<script type=\"application\/ld+json\" class=\"yoast-schema-graph\">{\"@context\":\"https:\\\/\\\/schema.org\",\"@graph\":[{\"@type\":\"WebPage\",\"@id\":\"https:\\\/\\\/phongphim3trong1.com\\\/?product=avc-x3700h\",\"url\":\"https:\\\/\\\/phongphim3trong1.com\\\/?product=avc-x3700h\",\"name\":\"Amply AVC - X3700H - Gi\u1ea3i Ph\u00e1p 1 N\u00fat B\u1ea5m 3in1 \u0110\u1ea7u Ti\u00ean T\u1ea1i Vi\u1ec7t Nam\",\"isPartOf\":{\"@id\":\"https:\\\/\\\/phongphim3trong1.com\\\/#website\"},\"primaryImageOfPage\":{\"@id\":\"https:\\\/\\\/phongphim3trong1.com\\\/?product=avc-x3700h#primaryimage\"},\"image\":{\"@id\":\"https:\\\/\\\/phongphim3trong1.com\\\/?product=avc-x3700h#primaryimage\"},\"thumbnailUrl\":\"https:\\\/\\\/phongphim3trong1.com\\\/wp-content\\\/uploads\\\/2022\\\/07\\\/x3700H-1.jpg\",\"datePublished\":\"2022-07-09T04:57:08+00:00\",\"dateModified\":\"2025-03-18T09:46:13+00:00\",\"breadcrumb\":{\"@id\":\"https:\\\/\\\/phongphim3trong1.com\\\/?product=avc-x3700h#breadcrumb\"},\"inLanguage\":\"vi\",\"potentialAction\":[{\"@type\":\"ReadAction\",\"target\":[\"https:\\\/\\\/phongphim3trong1.com\\\/?product=avc-x3700h\"]}]},{\"@type\":\"ImageObject\",\"inLanguage\":\"vi\",\"@id\":\"https:\\\/\\\/phongphim3trong1.com\\\/?product=avc-x3700h#primaryimage\",\"url\":\"https:\\\/\\\/phongphim3trong1.com\\\/wp-content\\\/uploads\\\/2022\\\/07\\\/x3700H-1.jpg\",\"contentUrl\":\"https:\\\/\\\/phongphim3trong1.com\\\/wp-content\\\/uploads\\\/2022\\\/07\\\/x3700H-1.jpg\",\"width\":510,\"height\":680},{\"@type\":\"BreadcrumbList\",\"@id\":\"https:\\\/\\\/phongphim3trong1.com\\\/?product=avc-x3700h#breadcrumb\",\"itemListElement\":[{\"@type\":\"ListItem\",\"position\":1,\"name\":\"Trang ch\u1ee7\",\"item\":\"https:\\\/\\\/phongphim3trong1.com\\\/\"},{\"@type\":\"ListItem\",\"position\":2,\"name\":\"S\u1ea3n ph\u1ea9m\",\"item\":\"https:\\\/\\\/phongphim3trong1.com\\\/san-pham\\\/\"},{\"@type\":\"ListItem\",\"position\":3,\"name\":\"Amply AVC &#8211; X3700H\"}]},{\"@type\":\"WebSite\",\"@id\":\"https:\\\/\\\/phongphim3trong1.com\\\/#website\",\"url\":\"https:\\\/\\\/phongphim3trong1.com\\\/\",\"name\":\"Gi\u1ea3i Ph\u00e1p 1 N\u00fat B\u1ea5m 3in1 \u0110\u1ea7u Ti\u00ean T\u1ea1i Vi\u1ec7t Nam\",\"description\":\"\",\"publisher\":{\"@id\":\"https:\\\/\\\/phongphim3trong1.com\\\/#organization\"},\"potentialAction\":[{\"@type\":\"SearchAction\",\"target\":{\"@type\":\"EntryPoint\",\"urlTemplate\":\"https:\\\/\\\/phongphim3trong1.com\\\/?s={search_term_string}\"},\"query-input\":{\"@type\":\"PropertyValueSpecification\",\"valueRequired\":true,\"valueName\":\"search_term_string\"}}],\"inLanguage\":\"vi\"},{\"@type\":\"Organization\",\"@id\":\"https:\\\/\\\/phongphim3trong1.com\\\/#organization\",\"name\":\"Gi\u1ea3i Ph\u00e1p 1 N\u00fat B\u1ea5m 3in1 \u0110\u1ea7u Ti\u00ean T\u1ea1i Vi\u1ec7t Nam\",\"url\":\"https:\\\/\\\/phongphim3trong1.com\\\/\",\"logo\":{\"@type\":\"ImageObject\",\"inLanguage\":\"vi\",\"@id\":\"https:\\\/\\\/phongphim3trong1.com\\\/#\\\/schema\\\/logo\\\/image\\\/\",\"url\":\"https:\\\/\\\/phongphim3trong1.com\\\/wp-content\\\/uploads\\\/2022\\\/11\\\/logo-phongphim3trong1-vector-moi-to-scaled.jpg\",\"contentUrl\":\"https:\\\/\\\/phongphim3trong1.com\\\/wp-content\\\/uploads\\\/2022\\\/11\\\/logo-phongphim3trong1-vector-moi-to-scaled.jpg\",\"width\":2560,\"height\":2108,\"caption\":\"Gi\u1ea3i Ph\u00e1p 1 N\u00fat B\u1ea5m 3in1 \u0110\u1ea7u Ti\u00ean T\u1ea1i Vi\u1ec7t Nam\"},\"image\":{\"@id\":\"https:\\\/\\\/phongphim3trong1.com\\\/#\\\/schema\\\/logo\\\/image\\\/\"}}]}<\/script>\n<!-- \/ Yoast SEO plugin. -->","yoast_head_json":{"title":"Amply AVC - X3700H - Gi\u1ea3i Ph\u00e1p 1 N\u00fat B\u1ea5m 3in1 \u0110\u1ea7u Ti\u00ean T\u1ea1i Vi\u1ec7t Nam","robots":{"index":"index","follow":"follow","max-snippet":"max-snippet:-1","max-image-preview":"max-image-preview:large","max-video-preview":"max-video-preview:-1"},"canonical":"https:\/\/phongphim3trong1.com\/?product=avc-x3700h","og_locale":"vi_VN","og_type":"article","og_title":"Amply AVC - X3700H - Gi\u1ea3i Ph\u00e1p 1 N\u00fat B\u1ea5m 3in1 \u0110\u1ea7u Ti\u00ean T\u1ea1i Vi\u1ec7t Nam","og_description":"Gi\u00e1 B\u00e1n: Li\u00ean H\u1ec7  Th\u00f4ng S\u1ed1 K\u1ef9 Thu\u1eadt S\u1ed1 k\u00eanh: 9.2 C\u00f4ng su\u1ea5t:  9 x 105 W (8 \u03a9, 20 Hz - 20 kHz, 0.08% 2ch Drive)  9 x 165 W (6 \u03a9, 1 kHz, 0,7% 2ch Drive) \u0110\u1ecbnh d\u1ea1ng \u00e2m thanh: Dolby Atmos, DTS: X, DTS Virtual: X\u2026 K\u1ebft n\u1ed1i: HDMI, Analogue, Phono, Optical, USB, Bluetooth, Wifi H\u1ed7 tr\u1ee3 full 8K \/ 60Hz v\u00e0 4K \/ 120Hz v\u00e0 Upscalling K\u00edch th\u01b0\u1edbc (W x H x D): 434 x 167 x 389 mm","og_url":"https:\/\/phongphim3trong1.com\/?product=avc-x3700h","og_site_name":"Gi\u1ea3i Ph\u00e1p 1 N\u00fat B\u1ea5m 3in1 \u0110\u1ea7u Ti\u00ean T\u1ea1i Vi\u1ec7t Nam","article_modified_time":"2025-03-18T09:46:13+00:00","og_image":[{"width":510,"height":680,"url":"https:\/\/phongphim3trong1.com\/wp-content\/uploads\/2022\/07\/x3700H-1.jpg","type":"image\/jpeg"}],"twitter_card":"summary_large_image","twitter_misc":{"\u01af\u1edbc t\u00ednh th\u1eddi gian \u0111\u1ecdc":"1 ph\u00fat"},"schema":{"@context":"https:\/\/schema.org","@graph":[{"@type":"WebPage","@id":"https:\/\/phongphim3trong1.com\/?product=avc-x3700h","url":"https:\/\/phongphim3trong1.com\/?product=avc-x3700h","name":"Amply AVC - X3700H - Gi\u1ea3i Ph\u00e1p 1 N\u00fat B\u1ea5m 3in1 \u0110\u1ea7u Ti\u00ean T\u1ea1i Vi\u1ec7t Nam","isPartOf":{"@id":"https:\/\/phongphim3trong1.com\/#website"},"primaryImageOfPage":{"@id":"https:\/\/phongphim3trong1.com\/?product=avc-x3700h#primaryimage"},"image":{"@id":"https:\/\/phongphim3trong1.com\/?product=avc-x3700h#primaryimage"},"thumbnailUrl":"https:\/\/phongphim3trong1.com\/wp-content\/uploads\/2022\/07\/x3700H-1.jpg","datePublished":"2022-07-09T04:57:08+00:00","dateModified":"2025-03-18T09:46:13+00:00","breadcrumb":{"@id":"https:\/\/phongphim3trong1.com\/?product=avc-x3700h#breadcrumb"},"inLanguage":"vi","potentialAction":[{"@type":"ReadAction","target":["https:\/\/phongphim3trong1.com\/?product=avc-x3700h"]}]},{"@type":"ImageObject","inLanguage":"vi","@id":"https:\/\/phongphim3trong1.com\/?product=avc-x3700h#primaryimage","url":"https:\/\/phongphim3trong1.com\/wp-content\/uploads\/2022\/07\/x3700H-1.jpg","contentUrl":"https:\/\/phongphim3trong1.com\/wp-content\/uploads\/2022\/07\/x3700H-1.jpg","width":510,"height":680},{"@type":"BreadcrumbList","@id":"https:\/\/phongphim3trong1.com\/?product=avc-x3700h#breadcrumb","itemListElement":[{"@type":"ListItem","position":1,"name":"Trang ch\u1ee7","item":"https:\/\/phongphim3trong1.com\/"},{"@type":"ListItem","position":2,"name":"S\u1ea3n ph\u1ea9m","item":"https:\/\/phongphim3trong1.com\/san-pham\/"},{"@type":"ListItem","position":3,"name":"Amply AVC &#8211; X3700H"}]},{"@type":"WebSite","@id":"https:\/\/phongphim3trong1.com\/#website","url":"https:\/\/phongphim3trong1.com\/","name":"Gi\u1ea3i Ph\u00e1p 1 N\u00fat B\u1ea5m 3in1 \u0110\u1ea7u Ti\u00ean T\u1ea1i Vi\u1ec7t Nam","description":"","publisher":{"@id":"https:\/\/phongphim3trong1.com\/#organization"},"potentialAction":[{"@type":"SearchAction","target":{"@type":"EntryPoint","urlTemplate":"https:\/\/phongphim3trong1.com\/?s={search_term_string}"},"query-input":{"@type":"PropertyValueSpecification","valueRequired":true,"valueName":"search_term_string"}}],"inLanguage":"vi"},{"@type":"Organization","@id":"https:\/\/phongphim3trong1.com\/#organization","name":"Gi\u1ea3i Ph\u00e1p 1 N\u00fat B\u1ea5m 3in1 \u0110\u1ea7u Ti\u00ean T\u1ea1i Vi\u1ec7t Nam","url":"https:\/\/phongphim3trong1.com\/","logo":{"@type":"ImageObject","inLanguage":"vi","@id":"https:\/\/phongphim3trong1.com\/#\/schema\/logo\/image\/","url":"https:\/\/phongphim3trong1.com\/wp-content\/uploads\/2022\/11\/logo-phongphim3trong1-vector-moi-to-scaled.jpg","contentUrl":"https:\/\/phongphim3trong1.com\/wp-content\/uploads\/2022\/11\/logo-phongphim3trong1-vector-moi-to-scaled.jpg","width":2560,"height":2108,"caption":"Gi\u1ea3i Ph\u00e1p 1 N\u00fat B\u1ea5m 3in1 \u0110\u1ea7u Ti\u00ean T\u1ea1i Vi\u1ec7t Nam"},"image":{"@id":"https:\/\/phongphim3trong1.com\/#\/schema\/logo\/image\/"}}]}},"_links":{"self":[{"href":"https:\/\/phongphim3trong1.com\/index.php?rest_route=\/wp\/v2\/product\/3734","targetHints":{"allow":["GET"]}}],"collection":[{"href":"https:\/\/phongphim3trong1.com\/index.php?rest_route=\/wp\/v2\/product"}],"about":[{"href":"https:\/\/phongphim3trong1.com\/index.php?rest_route=\/wp\/v2\/types\/product"}],"replies":[{"embeddable":true,"href":"https:\/\/phongphim3trong1.com\/index.php?rest_route=%2Fwp%2Fv2%2Fcomments&post=3734"}],"version-history":[{"count":4,"href":"https:\/\/phongphim3trong1.com\/index.php?rest_route=\/wp\/v2\/product\/3734\/revisions"}],"predecessor-version":[{"id":5839,"href":"https:\/\/phongphim3trong1.com\/index.php?rest_route=\/wp\/v2\/product\/3734\/revisions\/5839"}],"wp:featuredmedia":[{"embeddable":true,"href":"https:\/\/phongphim3trong1.com\/index.php?rest_route=\/wp\/v2\/media\/3735"}],"wp:attachment":[{"href":"https:\/\/phongphim3trong1.com\/index.php?rest_route=%2Fwp%2Fv2%2Fmedia&parent=3734"}],"wp:term":[{"taxonomy":"product_brand","embeddable":true,"href":"https:\/\/phongphim3trong1.com\/index.php?rest_route=%2Fwp%2Fv2%2Fproduct_brand&post=3734"},{"taxonomy":"product_cat","embeddable":true,"href":"https:\/\/phongphim3trong1.com\/index.php?rest_route=%2Fwp%2Fv2%2Fproduct_cat&post=3734"},{"taxonomy":"product_tag","embeddable":true,"href":"https:\/\/phongphim3trong1.com\/index.php?rest_route=%2Fwp%2Fv2%2Fproduct_tag&post=3734"}],"curies":[{"name":"wp","href":"https:\/\/api.w.org\/{rel}","templated":true}]}}