{"id":3726,"date":"2022-07-06T09:07:29","date_gmt":"2022-07-06T09:07:29","guid":{"rendered":"https:\/\/phongphim3trong1.com\/?post_type=product&#038;p=3726"},"modified":"2022-10-17T04:39:54","modified_gmt":"2022-10-17T04:39:54","slug":"mixer-digital-nt-20","status":"publish","type":"product","link":"https:\/\/phongphim3trong1.com\/?product=mixer-digital-nt-20","title":{"rendered":"Mixer HC Digital NT-20"},"content":{"rendered":"","protected":false},"excerpt":{"rendered":"<p><span style=\"font-size: 150%; color: #ed1c24;\"><strong>Gi\u00e1 B\u00e1n: Li\u00ean H\u1ec7<\/strong><\/span><\/p>\n<p><span style=\"color: #000000;\"><strong><span style=\"font-size: 120%;\">Th\u00f4ng S\u1ed1 K\u1ef9 Thu\u1eadt<\/span><\/strong><\/span><\/p>\n<p><span style=\"color: #000000;\"><strong>HC Audio\/ OEM PP31Audio<\/strong><\/span><br \/>\n20 k\u00eanh t\u00edn hi\u1ec7u \u0111\u1ea7u v\u00e0o (MIC 16 k\u00eanh input, 1 stereo input, 1 digital input)<br \/>\n10 k\u00eanh t\u00edn hi\u1ec7u \u0111\u1ea7u ra (main output L, R, 4 AUX output, 4 group output)<br \/>\nHo\u1ea1t \u0111\u1ed9ng an to\u00e0n v\u00e0 \u1ed5n \u0111\u1ecbnh tr\u00ean h\u1ec7 \u0111i\u1ec1u h\u00e0nh Linux OS.<br \/>\nN\u00fam v\u1eb7n \u0111a ch\u1ee9c n\u0103ng, m\u1ed7i k\u00eanh c\u00f3 m\u1ed9t menu \u0111a ch\u1ee9c n\u0103ng<br \/>\nNg\u00f5 ra AUX (tr\u01b0\u1edbc \/ sau fader); Ch\u1ee9c n\u0103ng ghi \u00e2m k\u1ef9 thu\u1eadt s\u1ed1<br \/>\nT\u00edch h\u1ee3p card \u00e2m thanh (MP3, PC ph\u00e1t nh\u1ea1c tr\u1ef1c ti\u1ebfp)<br \/>\n4 ch\u1ebf \u0111\u1ed9 thu h\u1ed3i c\u1ea3nh nhanh ch\u00f3ng, l\u01b0u tr\u1eef 100 presets<br \/>\nT\u00edch h\u1ee3p hi\u1ec7u \u1ee9ng DSP k\u00e9p hai k\u00eanh<br \/>\n\u0110a h\u1ec7 \u0111i\u1ec1u h\u00e0nh (IOS, Android, Windows)<br \/>\nM\u00e0n h\u00ecnh c\u1ea3m \u1ee9ng 17&#8243;<br \/>\nK\u00edch th\u01b0\u1edbc (W x H x D): 497 x 215 x 515 mm<\/p>\n<p><span style=\"color: #ed1c24;\">Hotline:<\/span> 0588.31.31.31<\/p>\n","protected":false},"featured_media":3722,"comment_status":"closed","ping_status":"closed","template":"","meta":{"pgc_meta":""},"product_brand":[],"product_cat":[270],"product_tag":[419,416,415,418,417],"class_list":{"0":"post-3726","1":"product","2":"type-product","3":"status-publish","4":"has-post-thumbnail","6":"product_cat-hi-class-audio-mixer","7":"product_tag-hc-nt20","8":"product_tag-mixer-digital-nt20","9":"product_tag-mixer-hc-digital-nt-20","10":"product_tag-mixer-hc-nt20","11":"product_tag-mixer-nt20","13":"first","14":"instock","15":"shipping-taxable","16":"product-type-simple"},"yoast_head":"<!-- This site is optimized with the Yoast SEO plugin v27.4 - https:\/\/yoast.com\/product\/yoast-seo-wordpress\/ -->\n<title>Mixer HC Digital NT-20 - Gi\u1ea3i Ph\u00e1p 1 N\u00fat B\u1ea5m 3in1 \u0110\u1ea7u Ti\u00ean T\u1ea1i Vi\u1ec7t Nam<\/title>\n<meta name=\"robots\" content=\"index, follow, max-snippet:-1, max-image-preview:large, max-video-preview:-1\" \/>\n<link rel=\"canonical\" href=\"https:\/\/phongphim3trong1.com\/?product=mixer-digital-nt-20\" \/>\n<meta property=\"og:locale\" content=\"vi_VN\" \/>\n<meta property=\"og:type\" content=\"article\" \/>\n<meta property=\"og:title\" content=\"Mixer HC Digital NT-20 - Gi\u1ea3i Ph\u00e1p 1 N\u00fat B\u1ea5m 3in1 \u0110\u1ea7u Ti\u00ean T\u1ea1i Vi\u1ec7t Nam\" \/>\n<meta property=\"og:description\" content=\"Gi\u00e1 B\u00e1n: Li\u00ean H\u1ec7  Th\u00f4ng S\u1ed1 K\u1ef9 Thu\u1eadt  HC Audio\/ OEM PP31Audio 20 k\u00eanh t\u00edn hi\u1ec7u \u0111\u1ea7u v\u00e0o (MIC 16 k\u00eanh input, 1 stereo input, 1 digital input) 10 k\u00eanh t\u00edn hi\u1ec7u \u0111\u1ea7u ra (main output L, R, 4 AUX output, 4 group output) Ho\u1ea1t \u0111\u1ed9ng an to\u00e0n v\u00e0 \u1ed5n \u0111\u1ecbnh tr\u00ean h\u1ec7 \u0111i\u1ec1u h\u00e0nh Linux OS. N\u00fam v\u1eb7n \u0111a ch\u1ee9c n\u0103ng, m\u1ed7i k\u00eanh c\u00f3 m\u1ed9t menu \u0111a ch\u1ee9c n\u0103ng Ng\u00f5 ra AUX (tr\u01b0\u1edbc \/ sau fader); Ch\u1ee9c n\u0103ng ghi \u00e2m k\u1ef9 thu\u1eadt s\u1ed1 T\u00edch h\u1ee3p card \u00e2m thanh (MP3, PC ph\u00e1t nh\u1ea1c tr\u1ef1c ti\u1ebfp) 4 ch\u1ebf \u0111\u1ed9 thu h\u1ed3i c\u1ea3nh nhanh ch\u00f3ng, l\u01b0u tr\u1eef 100 presets T\u00edch h\u1ee3p hi\u1ec7u \u1ee9ng DSP k\u00e9p hai k\u00eanh \u0110a h\u1ec7 \u0111i\u1ec1u h\u00e0nh (IOS, Android, Windows) M\u00e0n h\u00ecnh c\u1ea3m \u1ee9ng 17&quot; K\u00edch th\u01b0\u1edbc (W x H x D): 497 x 215 x 515 mm  Hotline: 0588.31.31.31\" \/>\n<meta property=\"og:url\" content=\"https:\/\/phongphim3trong1.com\/?product=mixer-digital-nt-20\" \/>\n<meta property=\"og:site_name\" content=\"Gi\u1ea3i Ph\u00e1p 1 N\u00fat B\u1ea5m 3in1 \u0110\u1ea7u Ti\u00ean T\u1ea1i Vi\u1ec7t Nam\" \/>\n<meta property=\"article:modified_time\" content=\"2022-10-17T04:39:54+00:00\" \/>\n<meta property=\"og:image\" content=\"https:\/\/phongphim3trong1.com\/wp-content\/uploads\/2022\/07\/mixer-NT20-1.jpg\" \/>\n\t<meta property=\"og:image:width\" content=\"510\" \/>\n\t<meta property=\"og:image:height\" content=\"680\" \/>\n\t<meta property=\"og:image:type\" content=\"image\/jpeg\" \/>\n<meta name=\"twitter:card\" content=\"summary_large_image\" \/>\n<script type=\"application\/ld+json\" class=\"yoast-schema-graph\">{\"@context\":\"https:\\\/\\\/schema.org\",\"@graph\":[{\"@type\":\"WebPage\",\"@id\":\"https:\\\/\\\/phongphim3trong1.com\\\/?product=mixer-digital-nt-20\",\"url\":\"https:\\\/\\\/phongphim3trong1.com\\\/?product=mixer-digital-nt-20\",\"name\":\"Mixer HC Digital NT-20 - Gi\u1ea3i Ph\u00e1p 1 N\u00fat B\u1ea5m 3in1 \u0110\u1ea7u Ti\u00ean T\u1ea1i Vi\u1ec7t Nam\",\"isPartOf\":{\"@id\":\"https:\\\/\\\/phongphim3trong1.com\\\/#website\"},\"primaryImageOfPage\":{\"@id\":\"https:\\\/\\\/phongphim3trong1.com\\\/?product=mixer-digital-nt-20#primaryimage\"},\"image\":{\"@id\":\"https:\\\/\\\/phongphim3trong1.com\\\/?product=mixer-digital-nt-20#primaryimage\"},\"thumbnailUrl\":\"https:\\\/\\\/phongphim3trong1.com\\\/wp-content\\\/uploads\\\/2022\\\/07\\\/mixer-NT20-1.jpg\",\"datePublished\":\"2022-07-06T09:07:29+00:00\",\"dateModified\":\"2022-10-17T04:39:54+00:00\",\"breadcrumb\":{\"@id\":\"https:\\\/\\\/phongphim3trong1.com\\\/?product=mixer-digital-nt-20#breadcrumb\"},\"inLanguage\":\"vi\",\"potentialAction\":[{\"@type\":\"ReadAction\",\"target\":[\"https:\\\/\\\/phongphim3trong1.com\\\/?product=mixer-digital-nt-20\"]}]},{\"@type\":\"ImageObject\",\"inLanguage\":\"vi\",\"@id\":\"https:\\\/\\\/phongphim3trong1.com\\\/?product=mixer-digital-nt-20#primaryimage\",\"url\":\"https:\\\/\\\/phongphim3trong1.com\\\/wp-content\\\/uploads\\\/2022\\\/07\\\/mixer-NT20-1.jpg\",\"contentUrl\":\"https:\\\/\\\/phongphim3trong1.com\\\/wp-content\\\/uploads\\\/2022\\\/07\\\/mixer-NT20-1.jpg\",\"width\":510,\"height\":680},{\"@type\":\"BreadcrumbList\",\"@id\":\"https:\\\/\\\/phongphim3trong1.com\\\/?product=mixer-digital-nt-20#breadcrumb\",\"itemListElement\":[{\"@type\":\"ListItem\",\"position\":1,\"name\":\"Trang ch\u1ee7\",\"item\":\"https:\\\/\\\/phongphim3trong1.com\\\/\"},{\"@type\":\"ListItem\",\"position\":2,\"name\":\"S\u1ea3n ph\u1ea9m\",\"item\":\"https:\\\/\\\/phongphim3trong1.com\\\/san-pham\\\/\"},{\"@type\":\"ListItem\",\"position\":3,\"name\":\"Mixer HC Digital NT-20\"}]},{\"@type\":\"WebSite\",\"@id\":\"https:\\\/\\\/phongphim3trong1.com\\\/#website\",\"url\":\"https:\\\/\\\/phongphim3trong1.com\\\/\",\"name\":\"Gi\u1ea3i Ph\u00e1p 1 N\u00fat B\u1ea5m 3in1 \u0110\u1ea7u Ti\u00ean T\u1ea1i Vi\u1ec7t Nam\",\"description\":\"\",\"publisher\":{\"@id\":\"https:\\\/\\\/phongphim3trong1.com\\\/#organization\"},\"potentialAction\":[{\"@type\":\"SearchAction\",\"target\":{\"@type\":\"EntryPoint\",\"urlTemplate\":\"https:\\\/\\\/phongphim3trong1.com\\\/?s={search_term_string}\"},\"query-input\":{\"@type\":\"PropertyValueSpecification\",\"valueRequired\":true,\"valueName\":\"search_term_string\"}}],\"inLanguage\":\"vi\"},{\"@type\":\"Organization\",\"@id\":\"https:\\\/\\\/phongphim3trong1.com\\\/#organization\",\"name\":\"Gi\u1ea3i Ph\u00e1p 1 N\u00fat B\u1ea5m 3in1 \u0110\u1ea7u Ti\u00ean T\u1ea1i Vi\u1ec7t Nam\",\"url\":\"https:\\\/\\\/phongphim3trong1.com\\\/\",\"logo\":{\"@type\":\"ImageObject\",\"inLanguage\":\"vi\",\"@id\":\"https:\\\/\\\/phongphim3trong1.com\\\/#\\\/schema\\\/logo\\\/image\\\/\",\"url\":\"https:\\\/\\\/phongphim3trong1.com\\\/wp-content\\\/uploads\\\/2022\\\/11\\\/logo-phongphim3trong1-vector-moi-to-scaled.jpg\",\"contentUrl\":\"https:\\\/\\\/phongphim3trong1.com\\\/wp-content\\\/uploads\\\/2022\\\/11\\\/logo-phongphim3trong1-vector-moi-to-scaled.jpg\",\"width\":2560,\"height\":2108,\"caption\":\"Gi\u1ea3i Ph\u00e1p 1 N\u00fat B\u1ea5m 3in1 \u0110\u1ea7u Ti\u00ean T\u1ea1i Vi\u1ec7t Nam\"},\"image\":{\"@id\":\"https:\\\/\\\/phongphim3trong1.com\\\/#\\\/schema\\\/logo\\\/image\\\/\"}}]}<\/script>\n<!-- \/ Yoast SEO plugin. -->","yoast_head_json":{"title":"Mixer HC Digital NT-20 - Gi\u1ea3i Ph\u00e1p 1 N\u00fat B\u1ea5m 3in1 \u0110\u1ea7u Ti\u00ean T\u1ea1i Vi\u1ec7t Nam","robots":{"index":"index","follow":"follow","max-snippet":"max-snippet:-1","max-image-preview":"max-image-preview:large","max-video-preview":"max-video-preview:-1"},"canonical":"https:\/\/phongphim3trong1.com\/?product=mixer-digital-nt-20","og_locale":"vi_VN","og_type":"article","og_title":"Mixer HC Digital NT-20 - Gi\u1ea3i Ph\u00e1p 1 N\u00fat B\u1ea5m 3in1 \u0110\u1ea7u Ti\u00ean T\u1ea1i Vi\u1ec7t Nam","og_description":"Gi\u00e1 B\u00e1n: Li\u00ean H\u1ec7  Th\u00f4ng S\u1ed1 K\u1ef9 Thu\u1eadt  HC Audio\/ OEM PP31Audio 20 k\u00eanh t\u00edn hi\u1ec7u \u0111\u1ea7u v\u00e0o (MIC 16 k\u00eanh input, 1 stereo input, 1 digital input) 10 k\u00eanh t\u00edn hi\u1ec7u \u0111\u1ea7u ra (main output L, R, 4 AUX output, 4 group output) Ho\u1ea1t \u0111\u1ed9ng an to\u00e0n v\u00e0 \u1ed5n \u0111\u1ecbnh tr\u00ean h\u1ec7 \u0111i\u1ec1u h\u00e0nh Linux OS. N\u00fam v\u1eb7n \u0111a ch\u1ee9c n\u0103ng, m\u1ed7i k\u00eanh c\u00f3 m\u1ed9t menu \u0111a ch\u1ee9c n\u0103ng Ng\u00f5 ra AUX (tr\u01b0\u1edbc \/ sau fader); Ch\u1ee9c n\u0103ng ghi \u00e2m k\u1ef9 thu\u1eadt s\u1ed1 T\u00edch h\u1ee3p card \u00e2m thanh (MP3, PC ph\u00e1t nh\u1ea1c tr\u1ef1c ti\u1ebfp) 4 ch\u1ebf \u0111\u1ed9 thu h\u1ed3i c\u1ea3nh nhanh ch\u00f3ng, l\u01b0u tr\u1eef 100 presets T\u00edch h\u1ee3p hi\u1ec7u \u1ee9ng DSP k\u00e9p hai k\u00eanh \u0110a h\u1ec7 \u0111i\u1ec1u h\u00e0nh (IOS, Android, Windows) M\u00e0n h\u00ecnh c\u1ea3m \u1ee9ng 17\" K\u00edch th\u01b0\u1edbc (W x H x D): 497 x 215 x 515 mm  Hotline: 0588.31.31.31","og_url":"https:\/\/phongphim3trong1.com\/?product=mixer-digital-nt-20","og_site_name":"Gi\u1ea3i Ph\u00e1p 1 N\u00fat B\u1ea5m 3in1 \u0110\u1ea7u Ti\u00ean T\u1ea1i Vi\u1ec7t Nam","article_modified_time":"2022-10-17T04:39:54+00:00","og_image":[{"width":510,"height":680,"url":"https:\/\/phongphim3trong1.com\/wp-content\/uploads\/2022\/07\/mixer-NT20-1.jpg","type":"image\/jpeg"}],"twitter_card":"summary_large_image","schema":{"@context":"https:\/\/schema.org","@graph":[{"@type":"WebPage","@id":"https:\/\/phongphim3trong1.com\/?product=mixer-digital-nt-20","url":"https:\/\/phongphim3trong1.com\/?product=mixer-digital-nt-20","name":"Mixer HC Digital NT-20 - Gi\u1ea3i Ph\u00e1p 1 N\u00fat B\u1ea5m 3in1 \u0110\u1ea7u Ti\u00ean T\u1ea1i Vi\u1ec7t Nam","isPartOf":{"@id":"https:\/\/phongphim3trong1.com\/#website"},"primaryImageOfPage":{"@id":"https:\/\/phongphim3trong1.com\/?product=mixer-digital-nt-20#primaryimage"},"image":{"@id":"https:\/\/phongphim3trong1.com\/?product=mixer-digital-nt-20#primaryimage"},"thumbnailUrl":"https:\/\/phongphim3trong1.com\/wp-content\/uploads\/2022\/07\/mixer-NT20-1.jpg","datePublished":"2022-07-06T09:07:29+00:00","dateModified":"2022-10-17T04:39:54+00:00","breadcrumb":{"@id":"https:\/\/phongphim3trong1.com\/?product=mixer-digital-nt-20#breadcrumb"},"inLanguage":"vi","potentialAction":[{"@type":"ReadAction","target":["https:\/\/phongphim3trong1.com\/?product=mixer-digital-nt-20"]}]},{"@type":"ImageObject","inLanguage":"vi","@id":"https:\/\/phongphim3trong1.com\/?product=mixer-digital-nt-20#primaryimage","url":"https:\/\/phongphim3trong1.com\/wp-content\/uploads\/2022\/07\/mixer-NT20-1.jpg","contentUrl":"https:\/\/phongphim3trong1.com\/wp-content\/uploads\/2022\/07\/mixer-NT20-1.jpg","width":510,"height":680},{"@type":"BreadcrumbList","@id":"https:\/\/phongphim3trong1.com\/?product=mixer-digital-nt-20#breadcrumb","itemListElement":[{"@type":"ListItem","position":1,"name":"Trang ch\u1ee7","item":"https:\/\/phongphim3trong1.com\/"},{"@type":"ListItem","position":2,"name":"S\u1ea3n ph\u1ea9m","item":"https:\/\/phongphim3trong1.com\/san-pham\/"},{"@type":"ListItem","position":3,"name":"Mixer HC Digital NT-20"}]},{"@type":"WebSite","@id":"https:\/\/phongphim3trong1.com\/#website","url":"https:\/\/phongphim3trong1.com\/","name":"Gi\u1ea3i Ph\u00e1p 1 N\u00fat B\u1ea5m 3in1 \u0110\u1ea7u Ti\u00ean T\u1ea1i Vi\u1ec7t Nam","description":"","publisher":{"@id":"https:\/\/phongphim3trong1.com\/#organization"},"potentialAction":[{"@type":"SearchAction","target":{"@type":"EntryPoint","urlTemplate":"https:\/\/phongphim3trong1.com\/?s={search_term_string}"},"query-input":{"@type":"PropertyValueSpecification","valueRequired":true,"valueName":"search_term_string"}}],"inLanguage":"vi"},{"@type":"Organization","@id":"https:\/\/phongphim3trong1.com\/#organization","name":"Gi\u1ea3i Ph\u00e1p 1 N\u00fat B\u1ea5m 3in1 \u0110\u1ea7u Ti\u00ean T\u1ea1i Vi\u1ec7t Nam","url":"https:\/\/phongphim3trong1.com\/","logo":{"@type":"ImageObject","inLanguage":"vi","@id":"https:\/\/phongphim3trong1.com\/#\/schema\/logo\/image\/","url":"https:\/\/phongphim3trong1.com\/wp-content\/uploads\/2022\/11\/logo-phongphim3trong1-vector-moi-to-scaled.jpg","contentUrl":"https:\/\/phongphim3trong1.com\/wp-content\/uploads\/2022\/11\/logo-phongphim3trong1-vector-moi-to-scaled.jpg","width":2560,"height":2108,"caption":"Gi\u1ea3i Ph\u00e1p 1 N\u00fat B\u1ea5m 3in1 \u0110\u1ea7u Ti\u00ean T\u1ea1i Vi\u1ec7t Nam"},"image":{"@id":"https:\/\/phongphim3trong1.com\/#\/schema\/logo\/image\/"}}]}},"_links":{"self":[{"href":"https:\/\/phongphim3trong1.com\/index.php?rest_route=\/wp\/v2\/product\/3726","targetHints":{"allow":["GET"]}}],"collection":[{"href":"https:\/\/phongphim3trong1.com\/index.php?rest_route=\/wp\/v2\/product"}],"about":[{"href":"https:\/\/phongphim3trong1.com\/index.php?rest_route=\/wp\/v2\/types\/product"}],"replies":[{"embeddable":true,"href":"https:\/\/phongphim3trong1.com\/index.php?rest_route=%2Fwp%2Fv2%2Fcomments&post=3726"}],"version-history":[{"count":4,"href":"https:\/\/phongphim3trong1.com\/index.php?rest_route=\/wp\/v2\/product\/3726\/revisions"}],"predecessor-version":[{"id":4156,"href":"https:\/\/phongphim3trong1.com\/index.php?rest_route=\/wp\/v2\/product\/3726\/revisions\/4156"}],"wp:featuredmedia":[{"embeddable":true,"href":"https:\/\/phongphim3trong1.com\/index.php?rest_route=\/wp\/v2\/media\/3722"}],"wp:attachment":[{"href":"https:\/\/phongphim3trong1.com\/index.php?rest_route=%2Fwp%2Fv2%2Fmedia&parent=3726"}],"wp:term":[{"taxonomy":"product_brand","embeddable":true,"href":"https:\/\/phongphim3trong1.com\/index.php?rest_route=%2Fwp%2Fv2%2Fproduct_brand&post=3726"},{"taxonomy":"product_cat","embeddable":true,"href":"https:\/\/phongphim3trong1.com\/index.php?rest_route=%2Fwp%2Fv2%2Fproduct_cat&post=3726"},{"taxonomy":"product_tag","embeddable":true,"href":"https:\/\/phongphim3trong1.com\/index.php?rest_route=%2Fwp%2Fv2%2Fproduct_tag&post=3726"}],"curies":[{"name":"wp","href":"https:\/\/api.w.org\/{rel}","templated":true}]}}