{"id":3516,"date":"2022-06-20T06:15:19","date_gmt":"2022-06-20T06:15:19","guid":{"rendered":"https:\/\/phongphim3trong1.com\/?post_type=product&#038;p=3516"},"modified":"2025-03-07T10:21:34","modified_gmt":"2025-03-07T10:21:34","slug":"loa-wega-73-2","status":"publish","type":"product","link":"https:\/\/phongphim3trong1.com\/?product=loa-wega-73-2","title":{"rendered":"Loa AQ Wega 73"},"content":{"rendered":"<div><span style=\"color: #000000;\">&#8211; \u1ede ph\u00eda d\u01b0\u1edbi, loa \u0111\u01b0\u1ee3c trang b\u1ecb ba m\u1eb9o \u0111i\u1ec1u ch\u1ec9nh. Do \u0111\u00f3, c\u00f3 th\u1ec3 d\u1ec5 d\u00e0ng \u0111\u1eb7t loa ch\u00ednh x\u00e1c tr\u00ean b\u1ea5t k\u1ef3 b\u1ec1 m\u1eb7t s\u00e0n n\u00e0o. Ba \u0111i\u1ec3m ti\u1ebfp x\u00fac lo\u1ea1i b\u1ecf s\u1ef1 truy\u1ec1n rung \u0111\u1ed9ng gi\u1eefa loa v\u00e0 m\u00f4i tr\u01b0\u1eddng. \u0110\u1ec3 b\u1ea3o v\u1ec7 c\u00e1c s\u00e0n d\u1ec5 b\u1ecb t\u1ed5n th\u01b0\u01a1ng, loa b\u1ea3o v\u1ec7 d\u01b0\u1edbi c\u00e1c gai c\u0169ng \u0111\u01b0\u1ee3c cung c\u1ea5p c\u00f9ng v\u1edbi h\u1ec7 th\u1ed1ng loa.<\/span><\/div>\n<div>\n<div><span style=\"color: #000000;\">&#8211; M\u1ed9t c\u1eb7p loa trung tr\u1ea7m s\u00e1u inch v\u1edbi m\u00e0ng gi\u1ea5y nhi\u1ec1u l\u1edbp v\u1edbi c\u00e1c s\u1ee3i s\u00f3ng mang \u0111\u01b0\u1ee3c t\u00edch h\u1ee3p li\u1ec1n m\u1ea1ch v\u00e0o v\u00e1ch ng\u0103n. Ph\u1ea7n kim lo\u1ea1i \u0111\u00e3 lo\u1ea1i b\u1ecf r\u00eca nhi\u1ec5u x\u1ea1 kh\u00f4ng mong mu\u1ed1n. B\u1ed9 \u0111\u00f4i n\u00e0y c\u00f3 th\u1ec3 truy\u1ec1n trung th\u1ef1c c\u00e1c t\u1ea7n s\u1ed1 \u00e2m tr\u1ea7m th\u1ea5p nh\u1ea5t c\u0169ng nh\u01b0 \u00e2m trung c\u1ee7a gi\u1ecdng ng\u01b0\u1eddi.<\/span><\/div>\n<div><span style=\"color: #000000;\">&#8211; Vifa tweeter v\u1edbi cu\u1ed9n d\u00e2y kh\u00f4ng kh\u00ed 25 mm trong t\u1eeb tr\u01b0\u1eddng \u0111\u01b0\u1ee3c t\u1ea1o th\u00e0nh b\u1edfi nam ch\u00e2m neodymium. \u0110\u1ed9ng c\u01a1 tuy\u1ebfn t\u00ednh \u0111\u01b0\u1ee3c l\u01b0u tr\u1eef trong m\u1ed9t bu\u1ed3ng k\u00edn, c\u00f3 th\u1ec3 m\u1edf r\u1ed9ng ph\u1ea1m vi \u0111\u1ebfn c\u00e1c t\u1ea7n s\u1ed1 th\u1ea5p h\u01a1n. M\u00e0ng h\u00ecnh xuy\u1ebfn \u0111\u01b0\u1ee3c b\u1ed5 sung b\u1edfi m\u1ed9t h\u00ecnh n\u00f3n \u0111\u1ecbnh h\u01b0\u1edbng \u1edf gi\u1eefa.<\/span><\/div>\n<div><span style=\"color: #000000;\">&#8211; C\u00f4ng t\u1eafc \u0111i\u1ec7n t\u1eed b\u00ean trong loa n\u1eb1m tr\u00ean b\u1ea3ng \u0111i\u1ec3m h\u00e0n. C\u00f4ng t\u1eafc l\u00e0 th\u1ee9 hai v\u00e0 t\u1ea5t c\u1ea3 c\u00e1c th\u00e0nh ph\u1ea7n \u0111\u01b0\u1ee3c s\u1eed d\u1ee5ng \u0111\u1ec1u \u0111\u01b0\u1ee3c l\u1ef1a ch\u1ecdn v\u00e0 gh\u00e9p n\u1ed1i c\u1ea9n th\u1eadn. K\u1ebft n\u1ed1i n\u1ed9i b\u1ed9 \u0111\u01b0\u1ee3c th\u1ef1c hi\u1ec7n b\u1eb1ng c\u00f4ng ngh\u1ec7 D2D v\u00e0 kh\u00f4ng c\u00f3 k\u1ebft n\u1ed1i faston n\u00e0o \u0111\u01b0\u1ee3c s\u1eed d\u1ee5ng b\u00ean trong loa. \u0110\u1ea7u cu\u1ed1i k\u1ebft n\u1ed1i \u0111\u01b0\u1ee3c v\u1eb7n v\u00e0o.<\/span><\/div>\n<div><span style=\"color: #000000;\">&#8211; Loa \u00e2m thanh Wega 73 s\u1ebd l\u00e0m h\u00e0i l\u00f2ng t\u1ea5t c\u1ea3 nh\u1eefng ng\u01b0\u1eddi y\u00eau th\u00edch \u00e2m nh\u1ea1c t\u1ef1 nhi\u00ean, hi\u1ec7u su\u1ea5t c\u1ee7a n\u00f3 r\u1ea5t c\u00e2n b\u1eb1ng v\u00e0 ch\u00ednh x\u00e1c, n\u00f3 c\u0169ng x\u1eed l\u00fd xu\u1ea5t s\u1eafc nh\u1eefng \u0111o\u1ea1n \u0111\u1ed9ng. M\u1ed9t loa t\u1ed1t c\u00f3 th\u1ec3 ph\u00e1t to v\u00e0 y\u00ean t\u0129nh nh\u01b0 nhau, v\u00e0 c\u00e1c nh\u00e0 ph\u00e1t tri\u1ec3n \u0111\u00e3 c\u1ed1 g\u1eafng \u0111\u1ea1t \u0111\u01b0\u1ee3c \u0111i\u1ec1u n\u00e0y v\u1edbi AQ Wega 73 thanh l\u1ecbch.<\/span><\/div>\n<\/div>\n","protected":false},"excerpt":{"rendered":"<p><strong><span style=\"color: #000000;\">Made in Czech<\/span><\/strong><\/p>\n<p><span style=\"font-size: 150%;\"><strong><span style=\"color: #ed1c24;\">Gi\u00e1 B\u00e1n: Li\u00ean H\u1ec7<\/span><\/strong><\/span><\/p>\n<p><span style=\"font-size: 120%; color: #000000;\"><strong>Th\u00f4ng s\u1ed1 k\u1ef9 thu\u1eadt<\/strong><\/span><\/p>\n<div id=\"bek8j_99rao\"><span style=\"color: #000000;\"><strong><span id=\"bek8j_99rao_buql4\" class=\"\" data-text=\"true\">T\u1ea7n s\u1ed1: <\/span><\/strong><span id=\"bek8j_99rao_3q9qi\" class=\"\" data-text=\"true\">25 &#8211; 40.000 Hz<\/span><\/span><\/div>\n<div id=\"bek8j_8v9nh\"><span style=\"color: #000000;\"><strong><span id=\"bek8j_8v9nh_aa0d7\" class=\"\" data-text=\"true\">Tr\u1edf kh\u00e1ng:<\/span><\/strong><span id=\"bek8j_8v9nh_f415q\" class=\"\" data-text=\"true\"> 8 Ohms<\/span><\/span><\/div>\n<div id=\"bek8j_61sng\"><span style=\"color: #000000;\"><strong><span id=\"bek8j_61sng_fn2rt\" class=\"\" data-text=\"true\">C\u00f4ng su\u1ea5t:<\/span><\/strong><span id=\"bek8j_61sng_6heq9\" class=\"\" data-text=\"true\"> 100 W RMS<\/span><\/span><\/div>\n<div id=\"bek8j_f0e85\"><span style=\"color: #000000;\"><strong><span id=\"bek8j_f0e85_5uldd\" class=\"\" data-text=\"true\">\u0110\u1ed9 nh\u1ea1y:<\/span><\/strong><span id=\"bek8j_f0e85_ciupg\" class=\"\" data-text=\"true\"> 89 dB<\/span><\/span><\/div>\n<div id=\"bek8j_c9r2\"><strong><span id=\"bek8j_c9r2_b8i4i\" class=\"\" style=\"color: #000000;\" data-text=\"true\">C\u1ea5u t\u1ea1o:<\/span><\/strong><\/div>\n<div id=\"bek8j_80sl2\"><span id=\"bek8j_80sl2_8dkku\" class=\"\" style=\"color: #000000;\" data-text=\"true\">1 x 1\u201d Vifa ring radiator Tweeter<\/span><\/div>\n<div id=\"bek8j_3ubs5\"><span id=\"bek8j_3ubs5_in84\" class=\"\" style=\"color: #000000;\" data-text=\"true\">2 x 6.5\u201d paper cone Woofer<\/span><\/div>\n<div id=\"bek8j_a81hi\"><span style=\"color: #000000;\"><strong><span id=\"bek8j_a81hi_9rr17\" class=\"\" data-text=\"true\">K\u00edch th\u01b0\u1edbc (W x H x D):<\/span><\/strong><span id=\"bek8j_a81hi_4nis9\" class=\"\" data-text=\"true\"> 190 x 1000 x 300 mm<\/span><\/span><\/div>\n","protected":false},"featured_media":3360,"comment_status":"closed","ping_status":"closed","template":"","meta":{"pgc_meta":""},"product_brand":[],"product_cat":[238],"product_tag":[180,176,178],"class_list":{"0":"post-3516","1":"product","2":"type-product","3":"status-publish","4":"has-post-thumbnail","6":"product_cat-aq-audio","7":"product_tag-loa-aq-wega-73","8":"product_tag-loa-wega-73","9":"product_tag-wega-73","11":"first","12":"instock","13":"shipping-taxable","14":"product-type-simple"},"yoast_head":"<!-- This site is optimized with the Yoast SEO plugin v27.4 - https:\/\/yoast.com\/product\/yoast-seo-wordpress\/ -->\n<title>Loa AQ Wega 73 - Gi\u1ea3i Ph\u00e1p 1 N\u00fat B\u1ea5m 3in1 \u0110\u1ea7u Ti\u00ean T\u1ea1i Vi\u1ec7t Nam<\/title>\n<meta name=\"robots\" content=\"index, follow, max-snippet:-1, max-image-preview:large, max-video-preview:-1\" \/>\n<link rel=\"canonical\" href=\"https:\/\/phongphim3trong1.com\/?product=loa-wega-73-2\" \/>\n<meta property=\"og:locale\" content=\"vi_VN\" \/>\n<meta property=\"og:type\" content=\"article\" \/>\n<meta property=\"og:title\" content=\"Loa AQ Wega 73 - Gi\u1ea3i Ph\u00e1p 1 N\u00fat B\u1ea5m 3in1 \u0110\u1ea7u Ti\u00ean T\u1ea1i Vi\u1ec7t Nam\" \/>\n<meta property=\"og:description\" content=\"Made in Czech  Gi\u00e1 B\u00e1n: Li\u00ean H\u1ec7  Th\u00f4ng s\u1ed1 k\u1ef9 thu\u1eadt T\u1ea7n s\u1ed1: 25 - 40.000 Hz Tr\u1edf kh\u00e1ng: 8 Ohms C\u00f4ng su\u1ea5t: 100 W RMS \u0110\u1ed9 nh\u1ea1y: 89 dB C\u1ea5u t\u1ea1o: 1 x 1\u201d Vifa ring radiator Tweeter 2 x 6.5\u201d paper cone Woofer K\u00edch th\u01b0\u1edbc (W x H x D): 190 x 1000 x 300 mm\" \/>\n<meta property=\"og:url\" content=\"https:\/\/phongphim3trong1.com\/?product=loa-wega-73-2\" \/>\n<meta property=\"og:site_name\" content=\"Gi\u1ea3i Ph\u00e1p 1 N\u00fat B\u1ea5m 3in1 \u0110\u1ea7u Ti\u00ean T\u1ea1i Vi\u1ec7t Nam\" \/>\n<meta property=\"article:modified_time\" content=\"2025-03-07T10:21:34+00:00\" \/>\n<meta property=\"og:image\" content=\"https:\/\/phongphim3trong1.com\/wp-content\/uploads\/2022\/06\/Loa-wega-73-2.jpg\" \/>\n\t<meta property=\"og:image:width\" content=\"510\" \/>\n\t<meta property=\"og:image:height\" content=\"680\" \/>\n\t<meta property=\"og:image:type\" content=\"image\/jpeg\" \/>\n<meta name=\"twitter:card\" content=\"summary_large_image\" \/>\n<meta name=\"twitter:label1\" content=\"\u01af\u1edbc t\u00ednh th\u1eddi gian \u0111\u1ecdc\" \/>\n\t<meta name=\"twitter:data1\" content=\"2 ph\u00fat\" \/>\n<script type=\"application\/ld+json\" class=\"yoast-schema-graph\">{\"@context\":\"https:\\\/\\\/schema.org\",\"@graph\":[{\"@type\":\"WebPage\",\"@id\":\"https:\\\/\\\/phongphim3trong1.com\\\/?product=loa-wega-73-2\",\"url\":\"https:\\\/\\\/phongphim3trong1.com\\\/?product=loa-wega-73-2\",\"name\":\"Loa AQ Wega 73 - Gi\u1ea3i Ph\u00e1p 1 N\u00fat B\u1ea5m 3in1 \u0110\u1ea7u Ti\u00ean T\u1ea1i Vi\u1ec7t Nam\",\"isPartOf\":{\"@id\":\"https:\\\/\\\/phongphim3trong1.com\\\/#website\"},\"primaryImageOfPage\":{\"@id\":\"https:\\\/\\\/phongphim3trong1.com\\\/?product=loa-wega-73-2#primaryimage\"},\"image\":{\"@id\":\"https:\\\/\\\/phongphim3trong1.com\\\/?product=loa-wega-73-2#primaryimage\"},\"thumbnailUrl\":\"https:\\\/\\\/phongphim3trong1.com\\\/wp-content\\\/uploads\\\/2022\\\/06\\\/Loa-wega-73-2.jpg\",\"datePublished\":\"2022-06-20T06:15:19+00:00\",\"dateModified\":\"2025-03-07T10:21:34+00:00\",\"breadcrumb\":{\"@id\":\"https:\\\/\\\/phongphim3trong1.com\\\/?product=loa-wega-73-2#breadcrumb\"},\"inLanguage\":\"vi\",\"potentialAction\":[{\"@type\":\"ReadAction\",\"target\":[\"https:\\\/\\\/phongphim3trong1.com\\\/?product=loa-wega-73-2\"]}]},{\"@type\":\"ImageObject\",\"inLanguage\":\"vi\",\"@id\":\"https:\\\/\\\/phongphim3trong1.com\\\/?product=loa-wega-73-2#primaryimage\",\"url\":\"https:\\\/\\\/phongphim3trong1.com\\\/wp-content\\\/uploads\\\/2022\\\/06\\\/Loa-wega-73-2.jpg\",\"contentUrl\":\"https:\\\/\\\/phongphim3trong1.com\\\/wp-content\\\/uploads\\\/2022\\\/06\\\/Loa-wega-73-2.jpg\",\"width\":510,\"height\":680},{\"@type\":\"BreadcrumbList\",\"@id\":\"https:\\\/\\\/phongphim3trong1.com\\\/?product=loa-wega-73-2#breadcrumb\",\"itemListElement\":[{\"@type\":\"ListItem\",\"position\":1,\"name\":\"Trang ch\u1ee7\",\"item\":\"https:\\\/\\\/phongphim3trong1.com\\\/\"},{\"@type\":\"ListItem\",\"position\":2,\"name\":\"S\u1ea3n ph\u1ea9m\",\"item\":\"https:\\\/\\\/phongphim3trong1.com\\\/san-pham\\\/\"},{\"@type\":\"ListItem\",\"position\":3,\"name\":\"Loa AQ Wega 73\"}]},{\"@type\":\"WebSite\",\"@id\":\"https:\\\/\\\/phongphim3trong1.com\\\/#website\",\"url\":\"https:\\\/\\\/phongphim3trong1.com\\\/\",\"name\":\"Gi\u1ea3i Ph\u00e1p 1 N\u00fat B\u1ea5m 3in1 \u0110\u1ea7u Ti\u00ean T\u1ea1i Vi\u1ec7t Nam\",\"description\":\"\",\"publisher\":{\"@id\":\"https:\\\/\\\/phongphim3trong1.com\\\/#organization\"},\"potentialAction\":[{\"@type\":\"SearchAction\",\"target\":{\"@type\":\"EntryPoint\",\"urlTemplate\":\"https:\\\/\\\/phongphim3trong1.com\\\/?s={search_term_string}\"},\"query-input\":{\"@type\":\"PropertyValueSpecification\",\"valueRequired\":true,\"valueName\":\"search_term_string\"}}],\"inLanguage\":\"vi\"},{\"@type\":\"Organization\",\"@id\":\"https:\\\/\\\/phongphim3trong1.com\\\/#organization\",\"name\":\"Gi\u1ea3i Ph\u00e1p 1 N\u00fat B\u1ea5m 3in1 \u0110\u1ea7u Ti\u00ean T\u1ea1i Vi\u1ec7t Nam\",\"url\":\"https:\\\/\\\/phongphim3trong1.com\\\/\",\"logo\":{\"@type\":\"ImageObject\",\"inLanguage\":\"vi\",\"@id\":\"https:\\\/\\\/phongphim3trong1.com\\\/#\\\/schema\\\/logo\\\/image\\\/\",\"url\":\"https:\\\/\\\/phongphim3trong1.com\\\/wp-content\\\/uploads\\\/2022\\\/11\\\/logo-phongphim3trong1-vector-moi-to-scaled.jpg\",\"contentUrl\":\"https:\\\/\\\/phongphim3trong1.com\\\/wp-content\\\/uploads\\\/2022\\\/11\\\/logo-phongphim3trong1-vector-moi-to-scaled.jpg\",\"width\":2560,\"height\":2108,\"caption\":\"Gi\u1ea3i Ph\u00e1p 1 N\u00fat B\u1ea5m 3in1 \u0110\u1ea7u Ti\u00ean T\u1ea1i Vi\u1ec7t Nam\"},\"image\":{\"@id\":\"https:\\\/\\\/phongphim3trong1.com\\\/#\\\/schema\\\/logo\\\/image\\\/\"}}]}<\/script>\n<!-- \/ Yoast SEO plugin. -->","yoast_head_json":{"title":"Loa AQ Wega 73 - Gi\u1ea3i Ph\u00e1p 1 N\u00fat B\u1ea5m 3in1 \u0110\u1ea7u Ti\u00ean T\u1ea1i Vi\u1ec7t Nam","robots":{"index":"index","follow":"follow","max-snippet":"max-snippet:-1","max-image-preview":"max-image-preview:large","max-video-preview":"max-video-preview:-1"},"canonical":"https:\/\/phongphim3trong1.com\/?product=loa-wega-73-2","og_locale":"vi_VN","og_type":"article","og_title":"Loa AQ Wega 73 - Gi\u1ea3i Ph\u00e1p 1 N\u00fat B\u1ea5m 3in1 \u0110\u1ea7u Ti\u00ean T\u1ea1i Vi\u1ec7t Nam","og_description":"Made in Czech  Gi\u00e1 B\u00e1n: Li\u00ean H\u1ec7  Th\u00f4ng s\u1ed1 k\u1ef9 thu\u1eadt T\u1ea7n s\u1ed1: 25 - 40.000 Hz Tr\u1edf kh\u00e1ng: 8 Ohms C\u00f4ng su\u1ea5t: 100 W RMS \u0110\u1ed9 nh\u1ea1y: 89 dB C\u1ea5u t\u1ea1o: 1 x 1\u201d Vifa ring radiator Tweeter 2 x 6.5\u201d paper cone Woofer K\u00edch th\u01b0\u1edbc (W x H x D): 190 x 1000 x 300 mm","og_url":"https:\/\/phongphim3trong1.com\/?product=loa-wega-73-2","og_site_name":"Gi\u1ea3i Ph\u00e1p 1 N\u00fat B\u1ea5m 3in1 \u0110\u1ea7u Ti\u00ean T\u1ea1i Vi\u1ec7t Nam","article_modified_time":"2025-03-07T10:21:34+00:00","og_image":[{"width":510,"height":680,"url":"https:\/\/phongphim3trong1.com\/wp-content\/uploads\/2022\/06\/Loa-wega-73-2.jpg","type":"image\/jpeg"}],"twitter_card":"summary_large_image","twitter_misc":{"\u01af\u1edbc t\u00ednh th\u1eddi gian \u0111\u1ecdc":"2 ph\u00fat"},"schema":{"@context":"https:\/\/schema.org","@graph":[{"@type":"WebPage","@id":"https:\/\/phongphim3trong1.com\/?product=loa-wega-73-2","url":"https:\/\/phongphim3trong1.com\/?product=loa-wega-73-2","name":"Loa AQ Wega 73 - Gi\u1ea3i Ph\u00e1p 1 N\u00fat B\u1ea5m 3in1 \u0110\u1ea7u Ti\u00ean T\u1ea1i Vi\u1ec7t Nam","isPartOf":{"@id":"https:\/\/phongphim3trong1.com\/#website"},"primaryImageOfPage":{"@id":"https:\/\/phongphim3trong1.com\/?product=loa-wega-73-2#primaryimage"},"image":{"@id":"https:\/\/phongphim3trong1.com\/?product=loa-wega-73-2#primaryimage"},"thumbnailUrl":"https:\/\/phongphim3trong1.com\/wp-content\/uploads\/2022\/06\/Loa-wega-73-2.jpg","datePublished":"2022-06-20T06:15:19+00:00","dateModified":"2025-03-07T10:21:34+00:00","breadcrumb":{"@id":"https:\/\/phongphim3trong1.com\/?product=loa-wega-73-2#breadcrumb"},"inLanguage":"vi","potentialAction":[{"@type":"ReadAction","target":["https:\/\/phongphim3trong1.com\/?product=loa-wega-73-2"]}]},{"@type":"ImageObject","inLanguage":"vi","@id":"https:\/\/phongphim3trong1.com\/?product=loa-wega-73-2#primaryimage","url":"https:\/\/phongphim3trong1.com\/wp-content\/uploads\/2022\/06\/Loa-wega-73-2.jpg","contentUrl":"https:\/\/phongphim3trong1.com\/wp-content\/uploads\/2022\/06\/Loa-wega-73-2.jpg","width":510,"height":680},{"@type":"BreadcrumbList","@id":"https:\/\/phongphim3trong1.com\/?product=loa-wega-73-2#breadcrumb","itemListElement":[{"@type":"ListItem","position":1,"name":"Trang ch\u1ee7","item":"https:\/\/phongphim3trong1.com\/"},{"@type":"ListItem","position":2,"name":"S\u1ea3n ph\u1ea9m","item":"https:\/\/phongphim3trong1.com\/san-pham\/"},{"@type":"ListItem","position":3,"name":"Loa AQ Wega 73"}]},{"@type":"WebSite","@id":"https:\/\/phongphim3trong1.com\/#website","url":"https:\/\/phongphim3trong1.com\/","name":"Gi\u1ea3i Ph\u00e1p 1 N\u00fat B\u1ea5m 3in1 \u0110\u1ea7u Ti\u00ean T\u1ea1i Vi\u1ec7t Nam","description":"","publisher":{"@id":"https:\/\/phongphim3trong1.com\/#organization"},"potentialAction":[{"@type":"SearchAction","target":{"@type":"EntryPoint","urlTemplate":"https:\/\/phongphim3trong1.com\/?s={search_term_string}"},"query-input":{"@type":"PropertyValueSpecification","valueRequired":true,"valueName":"search_term_string"}}],"inLanguage":"vi"},{"@type":"Organization","@id":"https:\/\/phongphim3trong1.com\/#organization","name":"Gi\u1ea3i Ph\u00e1p 1 N\u00fat B\u1ea5m 3in1 \u0110\u1ea7u Ti\u00ean T\u1ea1i Vi\u1ec7t Nam","url":"https:\/\/phongphim3trong1.com\/","logo":{"@type":"ImageObject","inLanguage":"vi","@id":"https:\/\/phongphim3trong1.com\/#\/schema\/logo\/image\/","url":"https:\/\/phongphim3trong1.com\/wp-content\/uploads\/2022\/11\/logo-phongphim3trong1-vector-moi-to-scaled.jpg","contentUrl":"https:\/\/phongphim3trong1.com\/wp-content\/uploads\/2022\/11\/logo-phongphim3trong1-vector-moi-to-scaled.jpg","width":2560,"height":2108,"caption":"Gi\u1ea3i Ph\u00e1p 1 N\u00fat B\u1ea5m 3in1 \u0110\u1ea7u Ti\u00ean T\u1ea1i Vi\u1ec7t Nam"},"image":{"@id":"https:\/\/phongphim3trong1.com\/#\/schema\/logo\/image\/"}}]}},"_links":{"self":[{"href":"https:\/\/phongphim3trong1.com\/index.php?rest_route=\/wp\/v2\/product\/3516","targetHints":{"allow":["GET"]}}],"collection":[{"href":"https:\/\/phongphim3trong1.com\/index.php?rest_route=\/wp\/v2\/product"}],"about":[{"href":"https:\/\/phongphim3trong1.com\/index.php?rest_route=\/wp\/v2\/types\/product"}],"replies":[{"embeddable":true,"href":"https:\/\/phongphim3trong1.com\/index.php?rest_route=%2Fwp%2Fv2%2Fcomments&post=3516"}],"version-history":[{"count":5,"href":"https:\/\/phongphim3trong1.com\/index.php?rest_route=\/wp\/v2\/product\/3516\/revisions"}],"predecessor-version":[{"id":5740,"href":"https:\/\/phongphim3trong1.com\/index.php?rest_route=\/wp\/v2\/product\/3516\/revisions\/5740"}],"wp:featuredmedia":[{"embeddable":true,"href":"https:\/\/phongphim3trong1.com\/index.php?rest_route=\/wp\/v2\/media\/3360"}],"wp:attachment":[{"href":"https:\/\/phongphim3trong1.com\/index.php?rest_route=%2Fwp%2Fv2%2Fmedia&parent=3516"}],"wp:term":[{"taxonomy":"product_brand","embeddable":true,"href":"https:\/\/phongphim3trong1.com\/index.php?rest_route=%2Fwp%2Fv2%2Fproduct_brand&post=3516"},{"taxonomy":"product_cat","embeddable":true,"href":"https:\/\/phongphim3trong1.com\/index.php?rest_route=%2Fwp%2Fv2%2Fproduct_cat&post=3516"},{"taxonomy":"product_tag","embeddable":true,"href":"https:\/\/phongphim3trong1.com\/index.php?rest_route=%2Fwp%2Fv2%2Fproduct_tag&post=3516"}],"curies":[{"name":"wp","href":"https:\/\/api.w.org\/{rel}","templated":true}]}}