{"id":3433,"date":"2022-06-18T05:24:26","date_gmt":"2022-06-18T05:24:26","guid":{"rendered":"https:\/\/phongphim3trong1.com\/?post_type=product&#038;p=3433"},"modified":"2025-03-07T10:21:55","modified_gmt":"2025-03-07T10:21:55","slug":"loa-sieu-tram-pontos-w","status":"publish","type":"product","link":"https:\/\/phongphim3trong1.com\/?product=loa-sieu-tram-pontos-w","title":{"rendered":"Loa AQ Si\u00eau Tr\u1ea7m Pontos W"},"content":{"rendered":"<div>Loa si\u00eau tr\u1ea7m Pontos W s\u1eed d\u1ee5ng tr\u00ecnh \u0111i\u1ec1u khi\u1ec3n loa si\u00eau tr\u1ea7m 12 inch SLS ti\u00ean ti\u1ebfn. Pontos W l\u00e0 m\u1ed9t thi\u1ebft k\u1ebf th\u00f4ng h\u01a1i trong \u0111\u00f3 tr\u00ecnh \u0111i\u1ec1u khi\u1ec3n loa si\u00eau tr\u1ea7m \u0111\u1eb7c bi\u1ec7t h\u01b0\u1edbng v\u1ec1 ph\u00eda s\u00e0n, n\u01a1i n\u00f3 t\u00edch c\u1ef1c th\u00fac \u0111\u1ea9y \u00e2m tr\u1ea7m \u0111a h\u01b0\u1edbng, mang t\u00ednh th\u1ea9m m\u1ef9 cao v\u00e0 \u0111\u01b0\u1ee3c b\u1ea3o v\u1ec7 ch\u1ed1ng h\u01b0 h\u1ea1i. V\u1ecb tr\u00ed ban \u0111\u1ea7u c\u1ee7a c\u1ea3ng tr\u00ean c\u00f9ng m\u1ed9t v\u00e1ch ng\u0103n \u0111\u00e3 \u0111\u1eb7t ra th\u00e1ch th\u1ee9c v\u1ec1 thi\u1ebft k\u1ebf c\u1ee7a m\u1ed9t c\u1ed5ng qu\u00e1 d\u00e0i. M\u1ed9t gi\u1ea3i ph\u00e1p s\u00e1ng t\u1ea1o l\u00e0 c\u1ea7n thi\u1ebft v\u00e0 nh\u00f3m thi\u1ebft k\u1ebf \u0111\u00e3 t\u1ea1o ra c\u1ed5ng aY k\u1ebft h\u1ee3p hai ch\u1ee9c n\u0103ng &#8211; ph\u1ea3n x\u1ea1 \u00e2m tr\u1ea7m v\u00e0 thanh gi\u1eb1ng ch\u00e9o. T\u1ea5m tr\u00ean c\u00f9ng c\u1ee7a th\u00f9ng loa si\u00eau tr\u1ea7m l\u00e0 m\u1ed9t c\u1ea5u tr\u00fac b\u00e1nh sandwich v\u1edbi ki\u1ec3m so\u00e1t c\u1ed9ng h\u01b0\u1edfng BDS ch\u1ee7 \u0111\u1ed9ng. B\u1ed9 khu\u1ebfch \u0111\u1ea1i loa si\u00eau tr\u1ea7m m\u1ea1nh m\u1ebd, s\u1eed d\u1ee5ng bi\u1ebfn \u00e1p h\u00ecnh xuy\u1ebfn v\u00e0 \u0111\u01b0\u1ee3c l\u1eafp \u0111\u1eb7t trong bu\u1ed3ng k\u00edn. B\u1ed9 ph\u00e2n t\u1ea7n ch\u1ee7 \u0111\u1ed9ng c\u00f3 b\u1ed9 ch\u1ecdn t\u1ea7n s\u1ed1 th\u00f4ng th\u1ea5p, \u0111\u1ed9 nh\u1ea1y \u0111\u1ea7u v\u00e0o v\u00e0 \u0111i\u1ec1u ch\u1ec9nh pha.<\/div>\n<div><\/div>\n<div>Trong su\u1ed1t k\u1ebft c\u1ea5u MDF 18 mm v\u00e0 s\u01a1n m\u00e0i t\u00e1m l\u1edbp l\u00e0m t\u0103ng th\u00eam \u0111\u1ed9 c\u1ee9ng c\u1ee7a v\u1ecf b\u1ecdc. C\u00e1c gai c\u00f3 th\u1ec3 \u0111i\u1ec1u ch\u1ec9nh ch\u1ed1ng l\u1ea1i c\u00e1c t\u1ea7ng kh\u00f4ng \u0111\u1ed3ng \u0111\u1ec1u v\u00e0 truy\u1ec1n n\u0103ng l\u01b0\u1ee3ng \u00e2m tr\u1ea7m.<\/div>\n","protected":false},"excerpt":{"rendered":"<p><strong><span style=\"color: #000000;\">Made in Czech<\/span><\/strong><\/p>\n<p><span style=\"font-size: 150%;\"><strong><span style=\"color: #ed1c24;\">Gi\u00e1 b\u00e1n: Li\u00ean H\u1ec7<\/span><\/strong><\/span><\/p>\n<p><strong><span style=\"color: #000000; font-size: 120%;\">Th\u00f4ng S\u1ed1 K\u1ef9 Thu\u1eadt<\/span><\/strong><\/p>\n<div><strong>T\u1ea7n s\u1ed1:<\/strong> 20 &#8211; 140 Hz<\/div>\n<div><strong>Amplifier:<\/strong> 300 W<\/div>\n<div><strong>Max SPL:<\/strong> 120 dB<\/div>\n<div><strong>C\u1ea5u t\u1ea1o:<\/strong> 12\u201d Peerless SLS driver<\/div>\n<div><strong>K\u00edch th\u01b0\u1edbc (W x H x D):<\/strong> 360 x 585 x 485 mm<\/div>\n","protected":false},"featured_media":3434,"comment_status":"closed","ping_status":"closed","template":"","meta":{"pgc_meta":""},"product_brand":[],"product_cat":[238],"product_tag":[206,205,207,209,210,208],"class_list":{"0":"post-3433","1":"product","2":"type-product","3":"status-publish","4":"has-post-thumbnail","6":"product_cat-aq-audio","7":"product_tag-aq-pontos-w","8":"product_tag-loa-aq-pontos-w","9":"product_tag-loa-pontos-w","10":"product_tag-loa-sieu-tram-aq-pontos-w","11":"product_tag-loa-sieu-tram-pontos-w","12":"product_tag-pontos-w","14":"first","15":"instock","16":"shipping-taxable","17":"product-type-simple"},"yoast_head":"<!-- This site is optimized with the Yoast SEO plugin v27.4 - https:\/\/yoast.com\/product\/yoast-seo-wordpress\/ -->\n<title>Loa AQ Si\u00eau Tr\u1ea7m Pontos W - Gi\u1ea3i Ph\u00e1p 1 N\u00fat B\u1ea5m 3in1 \u0110\u1ea7u Ti\u00ean T\u1ea1i Vi\u1ec7t Nam<\/title>\n<meta name=\"robots\" content=\"index, follow, max-snippet:-1, max-image-preview:large, max-video-preview:-1\" \/>\n<link rel=\"canonical\" href=\"https:\/\/phongphim3trong1.com\/?product=loa-sieu-tram-pontos-w\" \/>\n<meta property=\"og:locale\" content=\"vi_VN\" \/>\n<meta property=\"og:type\" content=\"article\" \/>\n<meta property=\"og:title\" content=\"Loa AQ Si\u00eau Tr\u1ea7m Pontos W - Gi\u1ea3i Ph\u00e1p 1 N\u00fat B\u1ea5m 3in1 \u0110\u1ea7u Ti\u00ean T\u1ea1i Vi\u1ec7t Nam\" \/>\n<meta property=\"og:description\" content=\"Made in Czech  Gi\u00e1 b\u00e1n: Li\u00ean H\u1ec7  Th\u00f4ng S\u1ed1 K\u1ef9 Thu\u1eadt T\u1ea7n s\u1ed1: 20 - 140 Hz Amplifier: 300 W Max SPL: 120 dB C\u1ea5u t\u1ea1o: 12\u201d Peerless SLS driver K\u00edch th\u01b0\u1edbc (W x H x D): 360 x 585 x 485 mm\" \/>\n<meta property=\"og:url\" content=\"https:\/\/phongphim3trong1.com\/?product=loa-sieu-tram-pontos-w\" \/>\n<meta property=\"og:site_name\" content=\"Gi\u1ea3i Ph\u00e1p 1 N\u00fat B\u1ea5m 3in1 \u0110\u1ea7u Ti\u00ean T\u1ea1i Vi\u1ec7t Nam\" \/>\n<meta property=\"article:modified_time\" content=\"2025-03-07T10:21:55+00:00\" \/>\n<meta property=\"og:image\" content=\"https:\/\/phongphim3trong1.com\/wp-content\/uploads\/2022\/06\/pontos-w-1.jpg\" \/>\n\t<meta property=\"og:image:width\" content=\"510\" \/>\n\t<meta property=\"og:image:height\" content=\"680\" \/>\n\t<meta property=\"og:image:type\" content=\"image\/jpeg\" \/>\n<meta name=\"twitter:card\" content=\"summary_large_image\" \/>\n<meta name=\"twitter:label1\" content=\"\u01af\u1edbc t\u00ednh th\u1eddi gian \u0111\u1ecdc\" \/>\n\t<meta name=\"twitter:data1\" content=\"2 ph\u00fat\" \/>\n<script type=\"application\/ld+json\" class=\"yoast-schema-graph\">{\"@context\":\"https:\\\/\\\/schema.org\",\"@graph\":[{\"@type\":\"WebPage\",\"@id\":\"https:\\\/\\\/phongphim3trong1.com\\\/?product=loa-sieu-tram-pontos-w\",\"url\":\"https:\\\/\\\/phongphim3trong1.com\\\/?product=loa-sieu-tram-pontos-w\",\"name\":\"Loa AQ Si\u00eau Tr\u1ea7m Pontos W - Gi\u1ea3i Ph\u00e1p 1 N\u00fat B\u1ea5m 3in1 \u0110\u1ea7u Ti\u00ean T\u1ea1i Vi\u1ec7t Nam\",\"isPartOf\":{\"@id\":\"https:\\\/\\\/phongphim3trong1.com\\\/#website\"},\"primaryImageOfPage\":{\"@id\":\"https:\\\/\\\/phongphim3trong1.com\\\/?product=loa-sieu-tram-pontos-w#primaryimage\"},\"image\":{\"@id\":\"https:\\\/\\\/phongphim3trong1.com\\\/?product=loa-sieu-tram-pontos-w#primaryimage\"},\"thumbnailUrl\":\"https:\\\/\\\/phongphim3trong1.com\\\/wp-content\\\/uploads\\\/2022\\\/06\\\/pontos-w-1.jpg\",\"datePublished\":\"2022-06-18T05:24:26+00:00\",\"dateModified\":\"2025-03-07T10:21:55+00:00\",\"breadcrumb\":{\"@id\":\"https:\\\/\\\/phongphim3trong1.com\\\/?product=loa-sieu-tram-pontos-w#breadcrumb\"},\"inLanguage\":\"vi\",\"potentialAction\":[{\"@type\":\"ReadAction\",\"target\":[\"https:\\\/\\\/phongphim3trong1.com\\\/?product=loa-sieu-tram-pontos-w\"]}]},{\"@type\":\"ImageObject\",\"inLanguage\":\"vi\",\"@id\":\"https:\\\/\\\/phongphim3trong1.com\\\/?product=loa-sieu-tram-pontos-w#primaryimage\",\"url\":\"https:\\\/\\\/phongphim3trong1.com\\\/wp-content\\\/uploads\\\/2022\\\/06\\\/pontos-w-1.jpg\",\"contentUrl\":\"https:\\\/\\\/phongphim3trong1.com\\\/wp-content\\\/uploads\\\/2022\\\/06\\\/pontos-w-1.jpg\",\"width\":510,\"height\":680},{\"@type\":\"BreadcrumbList\",\"@id\":\"https:\\\/\\\/phongphim3trong1.com\\\/?product=loa-sieu-tram-pontos-w#breadcrumb\",\"itemListElement\":[{\"@type\":\"ListItem\",\"position\":1,\"name\":\"Trang ch\u1ee7\",\"item\":\"https:\\\/\\\/phongphim3trong1.com\\\/\"},{\"@type\":\"ListItem\",\"position\":2,\"name\":\"S\u1ea3n ph\u1ea9m\",\"item\":\"https:\\\/\\\/phongphim3trong1.com\\\/san-pham\\\/\"},{\"@type\":\"ListItem\",\"position\":3,\"name\":\"Loa AQ Si\u00eau Tr\u1ea7m Pontos W\"}]},{\"@type\":\"WebSite\",\"@id\":\"https:\\\/\\\/phongphim3trong1.com\\\/#website\",\"url\":\"https:\\\/\\\/phongphim3trong1.com\\\/\",\"name\":\"Gi\u1ea3i Ph\u00e1p 1 N\u00fat B\u1ea5m 3in1 \u0110\u1ea7u Ti\u00ean T\u1ea1i Vi\u1ec7t Nam\",\"description\":\"\",\"publisher\":{\"@id\":\"https:\\\/\\\/phongphim3trong1.com\\\/#organization\"},\"potentialAction\":[{\"@type\":\"SearchAction\",\"target\":{\"@type\":\"EntryPoint\",\"urlTemplate\":\"https:\\\/\\\/phongphim3trong1.com\\\/?s={search_term_string}\"},\"query-input\":{\"@type\":\"PropertyValueSpecification\",\"valueRequired\":true,\"valueName\":\"search_term_string\"}}],\"inLanguage\":\"vi\"},{\"@type\":\"Organization\",\"@id\":\"https:\\\/\\\/phongphim3trong1.com\\\/#organization\",\"name\":\"Gi\u1ea3i Ph\u00e1p 1 N\u00fat B\u1ea5m 3in1 \u0110\u1ea7u Ti\u00ean T\u1ea1i Vi\u1ec7t Nam\",\"url\":\"https:\\\/\\\/phongphim3trong1.com\\\/\",\"logo\":{\"@type\":\"ImageObject\",\"inLanguage\":\"vi\",\"@id\":\"https:\\\/\\\/phongphim3trong1.com\\\/#\\\/schema\\\/logo\\\/image\\\/\",\"url\":\"https:\\\/\\\/phongphim3trong1.com\\\/wp-content\\\/uploads\\\/2022\\\/11\\\/logo-phongphim3trong1-vector-moi-to-scaled.jpg\",\"contentUrl\":\"https:\\\/\\\/phongphim3trong1.com\\\/wp-content\\\/uploads\\\/2022\\\/11\\\/logo-phongphim3trong1-vector-moi-to-scaled.jpg\",\"width\":2560,\"height\":2108,\"caption\":\"Gi\u1ea3i Ph\u00e1p 1 N\u00fat B\u1ea5m 3in1 \u0110\u1ea7u Ti\u00ean T\u1ea1i Vi\u1ec7t Nam\"},\"image\":{\"@id\":\"https:\\\/\\\/phongphim3trong1.com\\\/#\\\/schema\\\/logo\\\/image\\\/\"}}]}<\/script>\n<!-- \/ Yoast SEO plugin. -->","yoast_head_json":{"title":"Loa AQ Si\u00eau Tr\u1ea7m Pontos W - Gi\u1ea3i Ph\u00e1p 1 N\u00fat B\u1ea5m 3in1 \u0110\u1ea7u Ti\u00ean T\u1ea1i Vi\u1ec7t Nam","robots":{"index":"index","follow":"follow","max-snippet":"max-snippet:-1","max-image-preview":"max-image-preview:large","max-video-preview":"max-video-preview:-1"},"canonical":"https:\/\/phongphim3trong1.com\/?product=loa-sieu-tram-pontos-w","og_locale":"vi_VN","og_type":"article","og_title":"Loa AQ Si\u00eau Tr\u1ea7m Pontos W - Gi\u1ea3i Ph\u00e1p 1 N\u00fat B\u1ea5m 3in1 \u0110\u1ea7u Ti\u00ean T\u1ea1i Vi\u1ec7t Nam","og_description":"Made in Czech  Gi\u00e1 b\u00e1n: Li\u00ean H\u1ec7  Th\u00f4ng S\u1ed1 K\u1ef9 Thu\u1eadt T\u1ea7n s\u1ed1: 20 - 140 Hz Amplifier: 300 W Max SPL: 120 dB C\u1ea5u t\u1ea1o: 12\u201d Peerless SLS driver K\u00edch th\u01b0\u1edbc (W x H x D): 360 x 585 x 485 mm","og_url":"https:\/\/phongphim3trong1.com\/?product=loa-sieu-tram-pontos-w","og_site_name":"Gi\u1ea3i Ph\u00e1p 1 N\u00fat B\u1ea5m 3in1 \u0110\u1ea7u Ti\u00ean T\u1ea1i Vi\u1ec7t Nam","article_modified_time":"2025-03-07T10:21:55+00:00","og_image":[{"width":510,"height":680,"url":"https:\/\/phongphim3trong1.com\/wp-content\/uploads\/2022\/06\/pontos-w-1.jpg","type":"image\/jpeg"}],"twitter_card":"summary_large_image","twitter_misc":{"\u01af\u1edbc t\u00ednh th\u1eddi gian \u0111\u1ecdc":"2 ph\u00fat"},"schema":{"@context":"https:\/\/schema.org","@graph":[{"@type":"WebPage","@id":"https:\/\/phongphim3trong1.com\/?product=loa-sieu-tram-pontos-w","url":"https:\/\/phongphim3trong1.com\/?product=loa-sieu-tram-pontos-w","name":"Loa AQ Si\u00eau Tr\u1ea7m Pontos W - Gi\u1ea3i Ph\u00e1p 1 N\u00fat B\u1ea5m 3in1 \u0110\u1ea7u Ti\u00ean T\u1ea1i Vi\u1ec7t Nam","isPartOf":{"@id":"https:\/\/phongphim3trong1.com\/#website"},"primaryImageOfPage":{"@id":"https:\/\/phongphim3trong1.com\/?product=loa-sieu-tram-pontos-w#primaryimage"},"image":{"@id":"https:\/\/phongphim3trong1.com\/?product=loa-sieu-tram-pontos-w#primaryimage"},"thumbnailUrl":"https:\/\/phongphim3trong1.com\/wp-content\/uploads\/2022\/06\/pontos-w-1.jpg","datePublished":"2022-06-18T05:24:26+00:00","dateModified":"2025-03-07T10:21:55+00:00","breadcrumb":{"@id":"https:\/\/phongphim3trong1.com\/?product=loa-sieu-tram-pontos-w#breadcrumb"},"inLanguage":"vi","potentialAction":[{"@type":"ReadAction","target":["https:\/\/phongphim3trong1.com\/?product=loa-sieu-tram-pontos-w"]}]},{"@type":"ImageObject","inLanguage":"vi","@id":"https:\/\/phongphim3trong1.com\/?product=loa-sieu-tram-pontos-w#primaryimage","url":"https:\/\/phongphim3trong1.com\/wp-content\/uploads\/2022\/06\/pontos-w-1.jpg","contentUrl":"https:\/\/phongphim3trong1.com\/wp-content\/uploads\/2022\/06\/pontos-w-1.jpg","width":510,"height":680},{"@type":"BreadcrumbList","@id":"https:\/\/phongphim3trong1.com\/?product=loa-sieu-tram-pontos-w#breadcrumb","itemListElement":[{"@type":"ListItem","position":1,"name":"Trang ch\u1ee7","item":"https:\/\/phongphim3trong1.com\/"},{"@type":"ListItem","position":2,"name":"S\u1ea3n ph\u1ea9m","item":"https:\/\/phongphim3trong1.com\/san-pham\/"},{"@type":"ListItem","position":3,"name":"Loa AQ Si\u00eau Tr\u1ea7m Pontos W"}]},{"@type":"WebSite","@id":"https:\/\/phongphim3trong1.com\/#website","url":"https:\/\/phongphim3trong1.com\/","name":"Gi\u1ea3i Ph\u00e1p 1 N\u00fat B\u1ea5m 3in1 \u0110\u1ea7u Ti\u00ean T\u1ea1i Vi\u1ec7t Nam","description":"","publisher":{"@id":"https:\/\/phongphim3trong1.com\/#organization"},"potentialAction":[{"@type":"SearchAction","target":{"@type":"EntryPoint","urlTemplate":"https:\/\/phongphim3trong1.com\/?s={search_term_string}"},"query-input":{"@type":"PropertyValueSpecification","valueRequired":true,"valueName":"search_term_string"}}],"inLanguage":"vi"},{"@type":"Organization","@id":"https:\/\/phongphim3trong1.com\/#organization","name":"Gi\u1ea3i Ph\u00e1p 1 N\u00fat B\u1ea5m 3in1 \u0110\u1ea7u Ti\u00ean T\u1ea1i Vi\u1ec7t Nam","url":"https:\/\/phongphim3trong1.com\/","logo":{"@type":"ImageObject","inLanguage":"vi","@id":"https:\/\/phongphim3trong1.com\/#\/schema\/logo\/image\/","url":"https:\/\/phongphim3trong1.com\/wp-content\/uploads\/2022\/11\/logo-phongphim3trong1-vector-moi-to-scaled.jpg","contentUrl":"https:\/\/phongphim3trong1.com\/wp-content\/uploads\/2022\/11\/logo-phongphim3trong1-vector-moi-to-scaled.jpg","width":2560,"height":2108,"caption":"Gi\u1ea3i Ph\u00e1p 1 N\u00fat B\u1ea5m 3in1 \u0110\u1ea7u Ti\u00ean T\u1ea1i Vi\u1ec7t Nam"},"image":{"@id":"https:\/\/phongphim3trong1.com\/#\/schema\/logo\/image\/"}}]}},"_links":{"self":[{"href":"https:\/\/phongphim3trong1.com\/index.php?rest_route=\/wp\/v2\/product\/3433","targetHints":{"allow":["GET"]}}],"collection":[{"href":"https:\/\/phongphim3trong1.com\/index.php?rest_route=\/wp\/v2\/product"}],"about":[{"href":"https:\/\/phongphim3trong1.com\/index.php?rest_route=\/wp\/v2\/types\/product"}],"replies":[{"embeddable":true,"href":"https:\/\/phongphim3trong1.com\/index.php?rest_route=%2Fwp%2Fv2%2Fcomments&post=3433"}],"version-history":[{"count":5,"href":"https:\/\/phongphim3trong1.com\/index.php?rest_route=\/wp\/v2\/product\/3433\/revisions"}],"predecessor-version":[{"id":5739,"href":"https:\/\/phongphim3trong1.com\/index.php?rest_route=\/wp\/v2\/product\/3433\/revisions\/5739"}],"wp:featuredmedia":[{"embeddable":true,"href":"https:\/\/phongphim3trong1.com\/index.php?rest_route=\/wp\/v2\/media\/3434"}],"wp:attachment":[{"href":"https:\/\/phongphim3trong1.com\/index.php?rest_route=%2Fwp%2Fv2%2Fmedia&parent=3433"}],"wp:term":[{"taxonomy":"product_brand","embeddable":true,"href":"https:\/\/phongphim3trong1.com\/index.php?rest_route=%2Fwp%2Fv2%2Fproduct_brand&post=3433"},{"taxonomy":"product_cat","embeddable":true,"href":"https:\/\/phongphim3trong1.com\/index.php?rest_route=%2Fwp%2Fv2%2Fproduct_cat&post=3433"},{"taxonomy":"product_tag","embeddable":true,"href":"https:\/\/phongphim3trong1.com\/index.php?rest_route=%2Fwp%2Fv2%2Fproduct_tag&post=3433"}],"curies":[{"name":"wp","href":"https:\/\/api.w.org\/{rel}","templated":true}]}}