{"id":3420,"date":"2022-06-18T04:13:11","date_gmt":"2022-06-18T04:13:11","guid":{"rendered":"https:\/\/phongphim3trong1.com\/?post_type=product&#038;p=3420"},"modified":"2025-03-07T10:19:13","modified_gmt":"2025-03-07T10:19:13","slug":"loa-pontos-c","status":"publish","type":"product","link":"https:\/\/phongphim3trong1.com\/?product=loa-pontos-c","title":{"rendered":"Loa AQ Pontos C"},"content":{"rendered":"<div>Karaoke v\u00e0 ph\u00f2ng chi\u1ebfu phim t\u1ea1i nh\u00e0 \u0111\u01b0\u1ee3c thi\u1ebft l\u1eadp \u0111\u00fang c\u00e1ch kh\u00f4ng th\u1ec3 t\u1ed3n t\u1ea1i n\u1ebfu kh\u00f4ng c\u00f3 k\u00eanh trung t\u00e2m chuy\u00ean d\u1ee5ng. ch\u00fang t\u00f4i mang \u0111\u1ebfn Pontos C m\u1ed9t loa chuy\u00ean d\u1ee5ng ch\u1ea5t l\u01b0\u1ee3ng cao. Tr\u00ean th\u1ef1c t\u1ebf, n\u00f3 l\u00e0 m\u1ed9t loa hai \u0111\u01b0\u1eddng ti\u1ebfng r\u1ea5t ch\u00ednh x\u00e1c d\u00e0nh cho gi\u1edbi audiophile v\u1edbi c\u00e1ch b\u1ed1 tr\u00ed v\u00e1ch ng\u0103n D\u2019Appolito. V\u1ecf t\u1ee7 \u0111\u01b0\u1ee3c l\u00e0m t\u1eeb c\u00e1c t\u1ea5m MDF ho\u00e0n thi\u1ec7n trong s\u01a1n m\u00e0i b\u00f3ng cao c\u1ea5p polyester tuy\u1ec7t h\u1ea3o. \u0110\u1ec3 \u0111\u1ea1t \u0111\u01b0\u1ee3c m\u1ed9t l\u1edbp s\u01a1n ho\u00e0n h\u1ea3o, 8 l\u1edbp s\u01a1n m\u00e0i \u0111\u01b0\u1ee3c \u00e1p d\u1ee5ng \u0111\u1ec3 t\u1ea1o ra l\u1edbp v\u1ecf c\u1ee9ng c\u00e1p v\u00e0 ch\u1ed1ng c\u1ed9ng h\u01b0\u1edfng. V\u00e1ch ng\u0103n l\u00e0 m\u1ed9t c\u1ea5u tr\u00fac b\u00e1nh sandwich \u0111\u1ed9c quy\u1ec1n v\u1edbi c\u00e1c tr\u00ecnh \u0111i\u1ec1u khi\u1ec3n \u0111\u01b0\u1ee3c g\u1eafn ph\u1eb3ng lo\u1ea1i b\u1ecf nhi\u1ec5u x\u1ea1 c\u1ea1nh. C\u00e1c tr\u00ecnh \u0111i\u1ec1u khi\u1ec3n l\u00e0 Scan-Speak, m\u1ed9t c\u1eb7p loa tr\u1ea7m trung v\u1edbi m\u00e0ng s\u1ee3i carbon tham gia n\u1ed7 l\u1ef1c trong th\u00f9ng loa. Loa tweeter v\u1ea3i t\u1ea3n nhi\u1ec7t v\u00f2ng 1 \u201d\u0111\u1ea3m b\u1ea3o c\u00e1c \u0111\u1eb7c t\u00ednh \u0111\u1ecbnh h\u01b0\u1edbng tuy\u1ec7t v\u1eddi cho c\u00e1c t\u1ea7n s\u1ed1 cao v\u00e0 c\u0169ng tr\u00ean 20 kHz.<\/div>\n<div><\/div>\n<div>H\u1ec7 th\u1ed1ng d\u00e2y \u0111i\u1ec7n b\u00ean trong s\u1eed d\u1ee5ng k\u1ef9 thu\u1eadt \u0111i\u1ec3m t\u1edbi \u0111i\u1ec3m v\u00e0 \u0111\u01b0\u1ee3c h\u00e0n tr\u1ef1c ti\u1ebfp v\u00e0o c\u00e1c ti\u1ebfp \u0111i\u1ec3m tr\u00ean \u0111\u1ea7u d\u00f2 v\u00e0 thi\u1ebft b\u1ecb \u0111\u1ea7u cu\u1ed1i, lo\u1ea1i b\u1ecf kh\u1ea3 n\u0103ng kh\u00e1ng ti\u1ebfp x\u00fac. Do \u0111\u1ed9 s\u00e2u nh\u1ecf, Pontos C c\u00f3 th\u1ec3 \u0111\u01b0\u1ee3c \u0111\u1eb7t tr\u00ean t\u01b0\u1eddng trong kho\u1ea3ng c\u00e1ch nh\u1ecf v\u1edbi m\u00e0n h\u00ecnh ph\u1eb3ng. Nh\u1edd kh\u1ea3 n\u0103ng th\u1ef1c hi\u1ec7n ho\u00e0n h\u1ea3o c\u1ee7a c\u00e1c loa r\u1ea1p chi\u1ebfu phim cao c\u1ea5p n\u00e0y m\u00e0 c\u00e1c di\u1ec5n vi\u00ean xu\u1ea5t hi\u1ec7n ngay tr\u01b0\u1edbc m\u1eb7t ng\u01b0\u1eddi xem \/ ng\u01b0\u1eddi nghe.<\/div>\n","protected":false},"excerpt":{"rendered":"<p><strong><span style=\"color: #000000;\">Made in Czech<\/span><\/strong><\/p>\n<p><strong><span style=\"font-size: 150%; color: #ed1c24;\">Gi\u00e1 b\u00e1n: Li\u00ean H\u1ec7<\/span><\/strong><\/p>\n<p><span style=\"color: #000000;\"><strong><span style=\"font-size: 120%;\">Th\u00f4ng S\u1ed1 K\u1ef9 Thu\u1eadt<\/span><\/strong><\/span><\/p>\n<div><strong>T\u1ea7n s\u1ed1:<\/strong> 45 &#8211; 43.000 Hz<\/div>\n<div><strong>Tr\u1edf kh\u00e1ng:<\/strong> 8 Ohms<\/div>\n<div><strong>C\u00f4ng su\u1ea5t:<\/strong> 80 W RMS<\/div>\n<div><strong>\u0110\u1ed9 nh\u1ea1y:<\/strong> 90 dB<\/div>\n<div><strong><span id=\"5a372_fkci9_46knm\" class=\"\" data-text=\"true\">C\u1ea5u t\u1ea1o:<\/span><\/strong><\/div>\n<div>1 x 1\u201d Scan-Speak Illuminator Tweeter<\/div>\n<div>2 x 5\u201d Scan-Speak Illuminator Mid-Woofer<\/div>\n<div><strong>K\u00edch th\u01b0\u1edbc (W x H x D):<\/strong> 650 x 175 x 185 mm<\/div>\n","protected":false},"featured_media":3421,"comment_status":"closed","ping_status":"closed","template":"","meta":{"pgc_meta":""},"product_brand":[],"product_cat":[238],"product_tag":[198,197,200,199],"class_list":{"0":"post-3420","1":"product","2":"type-product","3":"status-publish","4":"has-post-thumbnail","6":"product_cat-aq-audio","7":"product_tag-aq-pontos-c","8":"product_tag-loa-aq-pontos-c","9":"product_tag-loa-pontos-c","10":"product_tag-pontos-c","12":"first","13":"instock","14":"shipping-taxable","15":"product-type-simple"},"yoast_head":"<!-- This site is optimized with the Yoast SEO plugin v27.4 - https:\/\/yoast.com\/product\/yoast-seo-wordpress\/ -->\n<title>Loa AQ Pontos C - Gi\u1ea3i Ph\u00e1p 1 N\u00fat B\u1ea5m 3in1 \u0110\u1ea7u Ti\u00ean T\u1ea1i Vi\u1ec7t Nam<\/title>\n<meta name=\"robots\" content=\"index, follow, max-snippet:-1, max-image-preview:large, max-video-preview:-1\" \/>\n<link rel=\"canonical\" href=\"https:\/\/phongphim3trong1.com\/?product=loa-pontos-c\" \/>\n<meta property=\"og:locale\" content=\"vi_VN\" \/>\n<meta property=\"og:type\" content=\"article\" \/>\n<meta property=\"og:title\" content=\"Loa AQ Pontos C - Gi\u1ea3i Ph\u00e1p 1 N\u00fat B\u1ea5m 3in1 \u0110\u1ea7u Ti\u00ean T\u1ea1i Vi\u1ec7t Nam\" \/>\n<meta property=\"og:description\" content=\"Made in Czech  Gi\u00e1 b\u00e1n: Li\u00ean H\u1ec7  Th\u00f4ng S\u1ed1 K\u1ef9 Thu\u1eadt T\u1ea7n s\u1ed1: 45 - 43.000 Hz Tr\u1edf kh\u00e1ng: 8 Ohms C\u00f4ng su\u1ea5t: 80 W RMS \u0110\u1ed9 nh\u1ea1y: 90 dB C\u1ea5u t\u1ea1o: 1 x 1\u201d Scan-Speak Illuminator Tweeter 2 x 5\u201d Scan-Speak Illuminator Mid-Woofer K\u00edch th\u01b0\u1edbc (W x H x D): 650 x 175 x 185 mm\" \/>\n<meta property=\"og:url\" content=\"https:\/\/phongphim3trong1.com\/?product=loa-pontos-c\" \/>\n<meta property=\"og:site_name\" content=\"Gi\u1ea3i Ph\u00e1p 1 N\u00fat B\u1ea5m 3in1 \u0110\u1ea7u Ti\u00ean T\u1ea1i Vi\u1ec7t Nam\" \/>\n<meta property=\"article:modified_time\" content=\"2025-03-07T10:19:13+00:00\" \/>\n<meta property=\"og:image\" content=\"https:\/\/phongphim3trong1.com\/wp-content\/uploads\/2022\/06\/pontos-c-1.jpg\" \/>\n\t<meta property=\"og:image:width\" content=\"510\" \/>\n\t<meta property=\"og:image:height\" content=\"680\" \/>\n\t<meta property=\"og:image:type\" content=\"image\/jpeg\" \/>\n<meta name=\"twitter:card\" content=\"summary_large_image\" \/>\n<meta name=\"twitter:label1\" content=\"\u01af\u1edbc t\u00ednh th\u1eddi gian \u0111\u1ecdc\" \/>\n\t<meta name=\"twitter:data1\" content=\"2 ph\u00fat\" \/>\n<script type=\"application\/ld+json\" class=\"yoast-schema-graph\">{\"@context\":\"https:\\\/\\\/schema.org\",\"@graph\":[{\"@type\":\"WebPage\",\"@id\":\"https:\\\/\\\/phongphim3trong1.com\\\/?product=loa-pontos-c\",\"url\":\"https:\\\/\\\/phongphim3trong1.com\\\/?product=loa-pontos-c\",\"name\":\"Loa AQ Pontos C - Gi\u1ea3i Ph\u00e1p 1 N\u00fat B\u1ea5m 3in1 \u0110\u1ea7u Ti\u00ean T\u1ea1i Vi\u1ec7t Nam\",\"isPartOf\":{\"@id\":\"https:\\\/\\\/phongphim3trong1.com\\\/#website\"},\"primaryImageOfPage\":{\"@id\":\"https:\\\/\\\/phongphim3trong1.com\\\/?product=loa-pontos-c#primaryimage\"},\"image\":{\"@id\":\"https:\\\/\\\/phongphim3trong1.com\\\/?product=loa-pontos-c#primaryimage\"},\"thumbnailUrl\":\"https:\\\/\\\/phongphim3trong1.com\\\/wp-content\\\/uploads\\\/2022\\\/06\\\/pontos-c-1.jpg\",\"datePublished\":\"2022-06-18T04:13:11+00:00\",\"dateModified\":\"2025-03-07T10:19:13+00:00\",\"breadcrumb\":{\"@id\":\"https:\\\/\\\/phongphim3trong1.com\\\/?product=loa-pontos-c#breadcrumb\"},\"inLanguage\":\"vi\",\"potentialAction\":[{\"@type\":\"ReadAction\",\"target\":[\"https:\\\/\\\/phongphim3trong1.com\\\/?product=loa-pontos-c\"]}]},{\"@type\":\"ImageObject\",\"inLanguage\":\"vi\",\"@id\":\"https:\\\/\\\/phongphim3trong1.com\\\/?product=loa-pontos-c#primaryimage\",\"url\":\"https:\\\/\\\/phongphim3trong1.com\\\/wp-content\\\/uploads\\\/2022\\\/06\\\/pontos-c-1.jpg\",\"contentUrl\":\"https:\\\/\\\/phongphim3trong1.com\\\/wp-content\\\/uploads\\\/2022\\\/06\\\/pontos-c-1.jpg\",\"width\":510,\"height\":680},{\"@type\":\"BreadcrumbList\",\"@id\":\"https:\\\/\\\/phongphim3trong1.com\\\/?product=loa-pontos-c#breadcrumb\",\"itemListElement\":[{\"@type\":\"ListItem\",\"position\":1,\"name\":\"Trang ch\u1ee7\",\"item\":\"https:\\\/\\\/phongphim3trong1.com\\\/\"},{\"@type\":\"ListItem\",\"position\":2,\"name\":\"S\u1ea3n ph\u1ea9m\",\"item\":\"https:\\\/\\\/phongphim3trong1.com\\\/san-pham\\\/\"},{\"@type\":\"ListItem\",\"position\":3,\"name\":\"Loa AQ Pontos C\"}]},{\"@type\":\"WebSite\",\"@id\":\"https:\\\/\\\/phongphim3trong1.com\\\/#website\",\"url\":\"https:\\\/\\\/phongphim3trong1.com\\\/\",\"name\":\"Gi\u1ea3i Ph\u00e1p 1 N\u00fat B\u1ea5m 3in1 \u0110\u1ea7u Ti\u00ean T\u1ea1i Vi\u1ec7t Nam\",\"description\":\"\",\"publisher\":{\"@id\":\"https:\\\/\\\/phongphim3trong1.com\\\/#organization\"},\"potentialAction\":[{\"@type\":\"SearchAction\",\"target\":{\"@type\":\"EntryPoint\",\"urlTemplate\":\"https:\\\/\\\/phongphim3trong1.com\\\/?s={search_term_string}\"},\"query-input\":{\"@type\":\"PropertyValueSpecification\",\"valueRequired\":true,\"valueName\":\"search_term_string\"}}],\"inLanguage\":\"vi\"},{\"@type\":\"Organization\",\"@id\":\"https:\\\/\\\/phongphim3trong1.com\\\/#organization\",\"name\":\"Gi\u1ea3i Ph\u00e1p 1 N\u00fat B\u1ea5m 3in1 \u0110\u1ea7u Ti\u00ean T\u1ea1i Vi\u1ec7t Nam\",\"url\":\"https:\\\/\\\/phongphim3trong1.com\\\/\",\"logo\":{\"@type\":\"ImageObject\",\"inLanguage\":\"vi\",\"@id\":\"https:\\\/\\\/phongphim3trong1.com\\\/#\\\/schema\\\/logo\\\/image\\\/\",\"url\":\"https:\\\/\\\/phongphim3trong1.com\\\/wp-content\\\/uploads\\\/2022\\\/11\\\/logo-phongphim3trong1-vector-moi-to-scaled.jpg\",\"contentUrl\":\"https:\\\/\\\/phongphim3trong1.com\\\/wp-content\\\/uploads\\\/2022\\\/11\\\/logo-phongphim3trong1-vector-moi-to-scaled.jpg\",\"width\":2560,\"height\":2108,\"caption\":\"Gi\u1ea3i Ph\u00e1p 1 N\u00fat B\u1ea5m 3in1 \u0110\u1ea7u Ti\u00ean T\u1ea1i Vi\u1ec7t Nam\"},\"image\":{\"@id\":\"https:\\\/\\\/phongphim3trong1.com\\\/#\\\/schema\\\/logo\\\/image\\\/\"}}]}<\/script>\n<!-- \/ Yoast SEO plugin. -->","yoast_head_json":{"title":"Loa AQ Pontos C - Gi\u1ea3i Ph\u00e1p 1 N\u00fat B\u1ea5m 3in1 \u0110\u1ea7u Ti\u00ean T\u1ea1i Vi\u1ec7t Nam","robots":{"index":"index","follow":"follow","max-snippet":"max-snippet:-1","max-image-preview":"max-image-preview:large","max-video-preview":"max-video-preview:-1"},"canonical":"https:\/\/phongphim3trong1.com\/?product=loa-pontos-c","og_locale":"vi_VN","og_type":"article","og_title":"Loa AQ Pontos C - Gi\u1ea3i Ph\u00e1p 1 N\u00fat B\u1ea5m 3in1 \u0110\u1ea7u Ti\u00ean T\u1ea1i Vi\u1ec7t Nam","og_description":"Made in Czech  Gi\u00e1 b\u00e1n: Li\u00ean H\u1ec7  Th\u00f4ng S\u1ed1 K\u1ef9 Thu\u1eadt T\u1ea7n s\u1ed1: 45 - 43.000 Hz Tr\u1edf kh\u00e1ng: 8 Ohms C\u00f4ng su\u1ea5t: 80 W RMS \u0110\u1ed9 nh\u1ea1y: 90 dB C\u1ea5u t\u1ea1o: 1 x 1\u201d Scan-Speak Illuminator Tweeter 2 x 5\u201d Scan-Speak Illuminator Mid-Woofer K\u00edch th\u01b0\u1edbc (W x H x D): 650 x 175 x 185 mm","og_url":"https:\/\/phongphim3trong1.com\/?product=loa-pontos-c","og_site_name":"Gi\u1ea3i Ph\u00e1p 1 N\u00fat B\u1ea5m 3in1 \u0110\u1ea7u Ti\u00ean T\u1ea1i Vi\u1ec7t Nam","article_modified_time":"2025-03-07T10:19:13+00:00","og_image":[{"width":510,"height":680,"url":"https:\/\/phongphim3trong1.com\/wp-content\/uploads\/2022\/06\/pontos-c-1.jpg","type":"image\/jpeg"}],"twitter_card":"summary_large_image","twitter_misc":{"\u01af\u1edbc t\u00ednh th\u1eddi gian \u0111\u1ecdc":"2 ph\u00fat"},"schema":{"@context":"https:\/\/schema.org","@graph":[{"@type":"WebPage","@id":"https:\/\/phongphim3trong1.com\/?product=loa-pontos-c","url":"https:\/\/phongphim3trong1.com\/?product=loa-pontos-c","name":"Loa AQ Pontos C - Gi\u1ea3i Ph\u00e1p 1 N\u00fat B\u1ea5m 3in1 \u0110\u1ea7u Ti\u00ean T\u1ea1i Vi\u1ec7t Nam","isPartOf":{"@id":"https:\/\/phongphim3trong1.com\/#website"},"primaryImageOfPage":{"@id":"https:\/\/phongphim3trong1.com\/?product=loa-pontos-c#primaryimage"},"image":{"@id":"https:\/\/phongphim3trong1.com\/?product=loa-pontos-c#primaryimage"},"thumbnailUrl":"https:\/\/phongphim3trong1.com\/wp-content\/uploads\/2022\/06\/pontos-c-1.jpg","datePublished":"2022-06-18T04:13:11+00:00","dateModified":"2025-03-07T10:19:13+00:00","breadcrumb":{"@id":"https:\/\/phongphim3trong1.com\/?product=loa-pontos-c#breadcrumb"},"inLanguage":"vi","potentialAction":[{"@type":"ReadAction","target":["https:\/\/phongphim3trong1.com\/?product=loa-pontos-c"]}]},{"@type":"ImageObject","inLanguage":"vi","@id":"https:\/\/phongphim3trong1.com\/?product=loa-pontos-c#primaryimage","url":"https:\/\/phongphim3trong1.com\/wp-content\/uploads\/2022\/06\/pontos-c-1.jpg","contentUrl":"https:\/\/phongphim3trong1.com\/wp-content\/uploads\/2022\/06\/pontos-c-1.jpg","width":510,"height":680},{"@type":"BreadcrumbList","@id":"https:\/\/phongphim3trong1.com\/?product=loa-pontos-c#breadcrumb","itemListElement":[{"@type":"ListItem","position":1,"name":"Trang ch\u1ee7","item":"https:\/\/phongphim3trong1.com\/"},{"@type":"ListItem","position":2,"name":"S\u1ea3n ph\u1ea9m","item":"https:\/\/phongphim3trong1.com\/san-pham\/"},{"@type":"ListItem","position":3,"name":"Loa AQ Pontos C"}]},{"@type":"WebSite","@id":"https:\/\/phongphim3trong1.com\/#website","url":"https:\/\/phongphim3trong1.com\/","name":"Gi\u1ea3i Ph\u00e1p 1 N\u00fat B\u1ea5m 3in1 \u0110\u1ea7u Ti\u00ean T\u1ea1i Vi\u1ec7t Nam","description":"","publisher":{"@id":"https:\/\/phongphim3trong1.com\/#organization"},"potentialAction":[{"@type":"SearchAction","target":{"@type":"EntryPoint","urlTemplate":"https:\/\/phongphim3trong1.com\/?s={search_term_string}"},"query-input":{"@type":"PropertyValueSpecification","valueRequired":true,"valueName":"search_term_string"}}],"inLanguage":"vi"},{"@type":"Organization","@id":"https:\/\/phongphim3trong1.com\/#organization","name":"Gi\u1ea3i Ph\u00e1p 1 N\u00fat B\u1ea5m 3in1 \u0110\u1ea7u Ti\u00ean T\u1ea1i Vi\u1ec7t Nam","url":"https:\/\/phongphim3trong1.com\/","logo":{"@type":"ImageObject","inLanguage":"vi","@id":"https:\/\/phongphim3trong1.com\/#\/schema\/logo\/image\/","url":"https:\/\/phongphim3trong1.com\/wp-content\/uploads\/2022\/11\/logo-phongphim3trong1-vector-moi-to-scaled.jpg","contentUrl":"https:\/\/phongphim3trong1.com\/wp-content\/uploads\/2022\/11\/logo-phongphim3trong1-vector-moi-to-scaled.jpg","width":2560,"height":2108,"caption":"Gi\u1ea3i Ph\u00e1p 1 N\u00fat B\u1ea5m 3in1 \u0110\u1ea7u Ti\u00ean T\u1ea1i Vi\u1ec7t Nam"},"image":{"@id":"https:\/\/phongphim3trong1.com\/#\/schema\/logo\/image\/"}}]}},"_links":{"self":[{"href":"https:\/\/phongphim3trong1.com\/index.php?rest_route=\/wp\/v2\/product\/3420","targetHints":{"allow":["GET"]}}],"collection":[{"href":"https:\/\/phongphim3trong1.com\/index.php?rest_route=\/wp\/v2\/product"}],"about":[{"href":"https:\/\/phongphim3trong1.com\/index.php?rest_route=\/wp\/v2\/types\/product"}],"replies":[{"embeddable":true,"href":"https:\/\/phongphim3trong1.com\/index.php?rest_route=%2Fwp%2Fv2%2Fcomments&post=3420"}],"version-history":[{"count":4,"href":"https:\/\/phongphim3trong1.com\/index.php?rest_route=\/wp\/v2\/product\/3420\/revisions"}],"predecessor-version":[{"id":5737,"href":"https:\/\/phongphim3trong1.com\/index.php?rest_route=\/wp\/v2\/product\/3420\/revisions\/5737"}],"wp:featuredmedia":[{"embeddable":true,"href":"https:\/\/phongphim3trong1.com\/index.php?rest_route=\/wp\/v2\/media\/3421"}],"wp:attachment":[{"href":"https:\/\/phongphim3trong1.com\/index.php?rest_route=%2Fwp%2Fv2%2Fmedia&parent=3420"}],"wp:term":[{"taxonomy":"product_brand","embeddable":true,"href":"https:\/\/phongphim3trong1.com\/index.php?rest_route=%2Fwp%2Fv2%2Fproduct_brand&post=3420"},{"taxonomy":"product_cat","embeddable":true,"href":"https:\/\/phongphim3trong1.com\/index.php?rest_route=%2Fwp%2Fv2%2Fproduct_cat&post=3420"},{"taxonomy":"product_tag","embeddable":true,"href":"https:\/\/phongphim3trong1.com\/index.php?rest_route=%2Fwp%2Fv2%2Fproduct_tag&post=3420"}],"curies":[{"name":"wp","href":"https:\/\/api.w.org\/{rel}","templated":true}]}}