{"id":3413,"date":"2022-06-17T09:09:36","date_gmt":"2022-06-17T09:09:36","guid":{"rendered":"https:\/\/phongphim3trong1.com\/?post_type=product&#038;p=3413"},"modified":"2025-03-07T10:18:59","modified_gmt":"2025-03-07T10:18:59","slug":"loa-pontos-6","status":"publish","type":"product","link":"https:\/\/phongphim3trong1.com\/?product=loa-pontos-6","title":{"rendered":"Loa AQ Pontos 6"},"content":{"rendered":"<div>To\u00e0n b\u1ed9 xung quanh loa \u0111\u01b0\u1ee3c l\u00e0m t\u1eeb c\u00e1c t\u1ea5m MDF v\u00e0 v\u00e1ch ng\u0103n s\u1eed d\u1ee5ng k\u1ebft c\u1ea5u b\u00e1nh sandwich c\u1ee9ng c\u00e1p. \u0110\u1ec3 \u0111\u1ea1t \u0111\u01b0\u1ee3c loa kh\u00f4ng c\u1ed9ng h\u01b0\u1edfng, to\u00e0n b\u1ed9 v\u1ecf ngo\u00e0i \u0111\u01b0\u1ee3c gi\u1eb1ng b\u00ean trong. C\u1ed5ng ph\u1ea3n x\u1ea1 \u00e2m tr\u1ea7m \u0111\u01b0\u1ee3c \u0111\u1eb7t b\u00ean d\u01b0\u1edbi c\u00e1c tr\u00ecnh \u0111i\u1ec1u khi\u1ec3n \u00e2m tr\u1ea7m. L\u01b0\u1edbi t\u1ea3n nhi\u1ec7t c\u00f3 th\u1ec3 th\u00e1o r\u1eddi s\u1eed d\u1ee5ng nam ch\u00e2m v\u00f4 h\u00ecnh cho ph\u00e9p t\u1ea5m v\u00e1ch ng\u0103n ph\u00eda tr\u01b0\u1edbc tr\u00f4ng ho\u00e0n to\u00e0n s\u1ea1ch s\u1ebd. C\u00e1c tr\u1ee5 r\u00e0ng bu\u1ed9c ch\u1ea5t l\u01b0\u1ee3ng cao cho ph\u00e9p \u0111\u1ea5u n\u1ed1i d\u00e2y v\u00e0 bi-amping. AUDIOQUEST Rocket 33 \u0111\u01b0\u1ee3c ch\u1ecdn cho h\u1ec7 th\u1ed1ng d\u00e2y \u0111i\u1ec7n b\u00ean trong c\u0169ng \u0111\u01b0\u1ee3c khuy\u1ebfn ngh\u1ecb \u0111\u1ec3 k\u1ebft n\u1ed1i h\u1ec7 th\u1ed1ng v\u1edbi b\u1ed9 khu\u1ebfch \u0111\u1ea1i.<\/div>\n<div><\/div>\n<div>Tr\u00ecnh \u0111i\u1ec1u khi\u1ec3n Scan-Speak ch\u1ea5t l\u01b0\u1ee3ng cao \u0111\u01b0\u1ee3c s\u1eed d\u1ee5ng trong Pontos 6 v\u00e0 trong m\u1ee9c gi\u00e1 n\u00e0y, \u0111\u00e2y l\u00e0 m\u1ed9t t\u00ednh n\u0103ng \u0111\u1ed9c \u0111\u00e1o th\u1ef1c s\u1ef1 t\u1ea1o n\u00ean s\u1ef1 kh\u00e1c bi\u1ec7t cho nh\u1eefng chi\u1ebfc loa n\u00e0y so v\u1edbi s\u1ef1 c\u1ea1nh tranh. Khung nh\u00f4m \u0111\u00fac v\u00e0 n\u00f3n s\u1ee3i th\u1ee7y tinh c\u1ef1c k\u1ef3 c\u1ee9ng ch\u1eafc c\u1ee7a \u00e2m tr\u1ea7m v\u00e0 tr\u00ecnh \u0111i\u1ec1u khi\u1ec3n \u00e2m trung \u0111\u1ea3m b\u1ea3o \u00e2m thanh r\u1ea5t s\u1ed1ng \u0111\u1ed9ng. Loa tweeter t\u1ea3n nhi\u1ec7t v\u00f2ng cung c\u1ea5p \u00e2m tr\u01b0\u1eddng r\u1ed9ng v\u00e0 \u0111\u00e1p \u1ee9ng t\u1ea7n s\u1ed1 m\u1edf r\u1ed9ng l\u00ean \u0111\u1ebfn 43 kHz.<\/div>\n<div><\/div>\n<div>Theo ti\u00eau chu\u1ea9n, c\u00e1c gai c\u00f3 th\u1ec3 \u0111i\u1ec1u ch\u1ec9nh \u0111\u01b0\u1ee3c s\u1eed d\u1ee5ng trong Pontos 6, lo\u1ea1i b\u1ecf s\u1ef1 truy\u1ec1n t\u1ea7n s\u1ed1 c\u1ed9ng h\u01b0\u1edfng v\u00e0 t\u1ea1o ra \u00e2m tr\u1ea7m s\u00e2u v\u00e0 ch\u00ednh x\u00e1c. L\u1edbp ho\u00e0n thi\u1ec7n b\u00f3ng cao t\u00e1m l\u1edbp c\u1ef1c k\u1ef3 c\u1ea7n nhi\u1ec1u c\u00f4ng s\u1ee9c kh\u00f4ng ch\u1ec9 g\u00e2y \u1ea5n t\u01b0\u1ee3ng v\u1ec1 m\u1eb7t th\u1ecb gi\u00e1c m\u00e0 c\u00f2n t\u0103ng c\u01b0\u1eddng t\u00edch c\u1ef1c cho to\u00e0n b\u1ed9 v\u1ecf m\u00e1y.<\/div>\n<div><\/div>\n<div>Loa Pontos 6 ph\u00f9 h\u1ee3p v\u1edbi nh\u1ea1c rock v\u00e0 electronica nh\u01b0ng c\u0169ng c\u00f3 th\u1ec3 l\u1eafc l\u01b0 v\u1edbi d\u00e0n nh\u1ea1c l\u1edbn ho\u1eb7c v\u1eadn chuy\u1ec3n t\u1ee9 t\u1ea5u d\u00e2y v\u00e0o ph\u00f2ng kh\u00e1ch.<\/div>\n","protected":false},"excerpt":{"rendered":"<p><strong><span style=\"color: #000000;\">Made in Czech<\/span><\/strong><\/p>\n<p><strong><span style=\"color: #ed1c24; font-size: 150%;\">Gi\u00e1 b\u00e1n: Li\u00ean H\u1ec7<\/span><\/strong><\/p>\n<p><strong><span style=\"font-size: 120%; color: #000000;\">Th\u00f4ng S\u1ed1 K\u1ef9 Thu\u1eadt<\/span><\/strong><\/p>\n<div><span style=\"color: #000000;\"><strong>T\u1ea7n s\u1ed1:<\/strong> 25 &#8211; 43.000 Hz<\/span><\/div>\n<div><span style=\"color: #000000;\"><strong>Tr\u1edf kh\u00e1ng:<\/strong> 8 Ohms<\/span><\/div>\n<div><span style=\"color: #000000;\"><strong>C\u00f4ng su\u1ea5t:<\/strong> 120 W RMS<\/span><\/div>\n<div><span style=\"color: #000000;\"><strong>\u0110\u1ed9 nh\u1ea1y:<\/strong> 89 dB<\/span><\/div>\n<div><span style=\"color: #000000;\"><strong><span id=\"5a372_fkci9_46knm\" class=\"\" data-text=\"true\">C\u1ea5u t\u1ea1o:<\/span><\/strong><\/span><\/div>\n<div><span style=\"color: #000000;\">1 x 1\u201d Scan-Speak Illuminator M Tweeter<\/span><\/div>\n<div><span style=\"color: #000000;\">1 x 5\u201d Scan-Speak Illuminator Midrange<\/span><\/div>\n<div><span style=\"color: #000000;\">2 x 8\u201d Scan-Speak Revelator Woofer<\/span><\/div>\n<div><span style=\"color: #000000;\"><strong>K\u00edch th\u01b0\u1edbc (W x H x D):<\/strong> 256 x 1010 x 320 mm<\/span><\/div>\n","protected":false},"featured_media":3414,"comment_status":"closed","ping_status":"closed","template":"","meta":{"pgc_meta":""},"product_brand":[],"product_cat":[238],"product_tag":[194,193,192,195],"class_list":{"0":"post-3413","1":"product","2":"type-product","3":"status-publish","4":"has-post-thumbnail","6":"product_cat-aq-audio","7":"product_tag-aq-pontos-6","8":"product_tag-loa-aq-pontos-6","9":"product_tag-loa-pontos-6","10":"product_tag-pontos-6","12":"first","13":"instock","14":"shipping-taxable","15":"product-type-simple"},"yoast_head":"<!-- This site is optimized with the Yoast SEO plugin v27.4 - https:\/\/yoast.com\/product\/yoast-seo-wordpress\/ -->\n<title>Loa AQ Pontos 6 - Gi\u1ea3i Ph\u00e1p 1 N\u00fat B\u1ea5m 3in1 \u0110\u1ea7u Ti\u00ean T\u1ea1i Vi\u1ec7t Nam<\/title>\n<meta name=\"robots\" content=\"index, follow, max-snippet:-1, max-image-preview:large, max-video-preview:-1\" \/>\n<link rel=\"canonical\" href=\"https:\/\/phongphim3trong1.com\/?product=loa-pontos-6\" \/>\n<meta property=\"og:locale\" content=\"vi_VN\" \/>\n<meta property=\"og:type\" content=\"article\" \/>\n<meta property=\"og:title\" content=\"Loa AQ Pontos 6 - Gi\u1ea3i Ph\u00e1p 1 N\u00fat B\u1ea5m 3in1 \u0110\u1ea7u Ti\u00ean T\u1ea1i Vi\u1ec7t Nam\" \/>\n<meta property=\"og:description\" content=\"Made in Czech  Gi\u00e1 b\u00e1n: Li\u00ean H\u1ec7  Th\u00f4ng S\u1ed1 K\u1ef9 Thu\u1eadt T\u1ea7n s\u1ed1: 25 - 43.000 Hz Tr\u1edf kh\u00e1ng: 8 Ohms C\u00f4ng su\u1ea5t: 120 W RMS \u0110\u1ed9 nh\u1ea1y: 89 dB C\u1ea5u t\u1ea1o: 1 x 1\u201d Scan-Speak Illuminator M Tweeter 1 x 5\u201d Scan-Speak Illuminator Midrange 2 x 8\u201d Scan-Speak Revelator Woofer K\u00edch th\u01b0\u1edbc (W x H x D): 256 x 1010 x 320 mm\" \/>\n<meta property=\"og:url\" content=\"https:\/\/phongphim3trong1.com\/?product=loa-pontos-6\" \/>\n<meta property=\"og:site_name\" content=\"Gi\u1ea3i Ph\u00e1p 1 N\u00fat B\u1ea5m 3in1 \u0110\u1ea7u Ti\u00ean T\u1ea1i Vi\u1ec7t Nam\" \/>\n<meta property=\"article:modified_time\" content=\"2025-03-07T10:18:59+00:00\" \/>\n<meta property=\"og:image\" content=\"https:\/\/phongphim3trong1.com\/wp-content\/uploads\/2022\/06\/aq-pontos-6-1.jpg\" \/>\n\t<meta property=\"og:image:width\" content=\"510\" \/>\n\t<meta property=\"og:image:height\" content=\"680\" \/>\n\t<meta property=\"og:image:type\" content=\"image\/jpeg\" \/>\n<meta name=\"twitter:card\" content=\"summary_large_image\" \/>\n<meta name=\"twitter:label1\" content=\"\u01af\u1edbc t\u00ednh th\u1eddi gian \u0111\u1ecdc\" \/>\n\t<meta name=\"twitter:data1\" content=\"2 ph\u00fat\" \/>\n<script type=\"application\/ld+json\" class=\"yoast-schema-graph\">{\"@context\":\"https:\\\/\\\/schema.org\",\"@graph\":[{\"@type\":\"WebPage\",\"@id\":\"https:\\\/\\\/phongphim3trong1.com\\\/?product=loa-pontos-6\",\"url\":\"https:\\\/\\\/phongphim3trong1.com\\\/?product=loa-pontos-6\",\"name\":\"Loa AQ Pontos 6 - Gi\u1ea3i Ph\u00e1p 1 N\u00fat B\u1ea5m 3in1 \u0110\u1ea7u Ti\u00ean T\u1ea1i Vi\u1ec7t Nam\",\"isPartOf\":{\"@id\":\"https:\\\/\\\/phongphim3trong1.com\\\/#website\"},\"primaryImageOfPage\":{\"@id\":\"https:\\\/\\\/phongphim3trong1.com\\\/?product=loa-pontos-6#primaryimage\"},\"image\":{\"@id\":\"https:\\\/\\\/phongphim3trong1.com\\\/?product=loa-pontos-6#primaryimage\"},\"thumbnailUrl\":\"https:\\\/\\\/phongphim3trong1.com\\\/wp-content\\\/uploads\\\/2022\\\/06\\\/aq-pontos-6-1.jpg\",\"datePublished\":\"2022-06-17T09:09:36+00:00\",\"dateModified\":\"2025-03-07T10:18:59+00:00\",\"breadcrumb\":{\"@id\":\"https:\\\/\\\/phongphim3trong1.com\\\/?product=loa-pontos-6#breadcrumb\"},\"inLanguage\":\"vi\",\"potentialAction\":[{\"@type\":\"ReadAction\",\"target\":[\"https:\\\/\\\/phongphim3trong1.com\\\/?product=loa-pontos-6\"]}]},{\"@type\":\"ImageObject\",\"inLanguage\":\"vi\",\"@id\":\"https:\\\/\\\/phongphim3trong1.com\\\/?product=loa-pontos-6#primaryimage\",\"url\":\"https:\\\/\\\/phongphim3trong1.com\\\/wp-content\\\/uploads\\\/2022\\\/06\\\/aq-pontos-6-1.jpg\",\"contentUrl\":\"https:\\\/\\\/phongphim3trong1.com\\\/wp-content\\\/uploads\\\/2022\\\/06\\\/aq-pontos-6-1.jpg\",\"width\":510,\"height\":680},{\"@type\":\"BreadcrumbList\",\"@id\":\"https:\\\/\\\/phongphim3trong1.com\\\/?product=loa-pontos-6#breadcrumb\",\"itemListElement\":[{\"@type\":\"ListItem\",\"position\":1,\"name\":\"Trang ch\u1ee7\",\"item\":\"https:\\\/\\\/phongphim3trong1.com\\\/\"},{\"@type\":\"ListItem\",\"position\":2,\"name\":\"S\u1ea3n ph\u1ea9m\",\"item\":\"https:\\\/\\\/phongphim3trong1.com\\\/san-pham\\\/\"},{\"@type\":\"ListItem\",\"position\":3,\"name\":\"Loa AQ Pontos 6\"}]},{\"@type\":\"WebSite\",\"@id\":\"https:\\\/\\\/phongphim3trong1.com\\\/#website\",\"url\":\"https:\\\/\\\/phongphim3trong1.com\\\/\",\"name\":\"Gi\u1ea3i Ph\u00e1p 1 N\u00fat B\u1ea5m 3in1 \u0110\u1ea7u Ti\u00ean T\u1ea1i Vi\u1ec7t Nam\",\"description\":\"\",\"publisher\":{\"@id\":\"https:\\\/\\\/phongphim3trong1.com\\\/#organization\"},\"potentialAction\":[{\"@type\":\"SearchAction\",\"target\":{\"@type\":\"EntryPoint\",\"urlTemplate\":\"https:\\\/\\\/phongphim3trong1.com\\\/?s={search_term_string}\"},\"query-input\":{\"@type\":\"PropertyValueSpecification\",\"valueRequired\":true,\"valueName\":\"search_term_string\"}}],\"inLanguage\":\"vi\"},{\"@type\":\"Organization\",\"@id\":\"https:\\\/\\\/phongphim3trong1.com\\\/#organization\",\"name\":\"Gi\u1ea3i Ph\u00e1p 1 N\u00fat B\u1ea5m 3in1 \u0110\u1ea7u Ti\u00ean T\u1ea1i Vi\u1ec7t Nam\",\"url\":\"https:\\\/\\\/phongphim3trong1.com\\\/\",\"logo\":{\"@type\":\"ImageObject\",\"inLanguage\":\"vi\",\"@id\":\"https:\\\/\\\/phongphim3trong1.com\\\/#\\\/schema\\\/logo\\\/image\\\/\",\"url\":\"https:\\\/\\\/phongphim3trong1.com\\\/wp-content\\\/uploads\\\/2022\\\/11\\\/logo-phongphim3trong1-vector-moi-to-scaled.jpg\",\"contentUrl\":\"https:\\\/\\\/phongphim3trong1.com\\\/wp-content\\\/uploads\\\/2022\\\/11\\\/logo-phongphim3trong1-vector-moi-to-scaled.jpg\",\"width\":2560,\"height\":2108,\"caption\":\"Gi\u1ea3i Ph\u00e1p 1 N\u00fat B\u1ea5m 3in1 \u0110\u1ea7u Ti\u00ean T\u1ea1i Vi\u1ec7t Nam\"},\"image\":{\"@id\":\"https:\\\/\\\/phongphim3trong1.com\\\/#\\\/schema\\\/logo\\\/image\\\/\"}}]}<\/script>\n<!-- \/ Yoast SEO plugin. -->","yoast_head_json":{"title":"Loa AQ Pontos 6 - Gi\u1ea3i Ph\u00e1p 1 N\u00fat B\u1ea5m 3in1 \u0110\u1ea7u Ti\u00ean T\u1ea1i Vi\u1ec7t Nam","robots":{"index":"index","follow":"follow","max-snippet":"max-snippet:-1","max-image-preview":"max-image-preview:large","max-video-preview":"max-video-preview:-1"},"canonical":"https:\/\/phongphim3trong1.com\/?product=loa-pontos-6","og_locale":"vi_VN","og_type":"article","og_title":"Loa AQ Pontos 6 - Gi\u1ea3i Ph\u00e1p 1 N\u00fat B\u1ea5m 3in1 \u0110\u1ea7u Ti\u00ean T\u1ea1i Vi\u1ec7t Nam","og_description":"Made in Czech  Gi\u00e1 b\u00e1n: Li\u00ean H\u1ec7  Th\u00f4ng S\u1ed1 K\u1ef9 Thu\u1eadt T\u1ea7n s\u1ed1: 25 - 43.000 Hz Tr\u1edf kh\u00e1ng: 8 Ohms C\u00f4ng su\u1ea5t: 120 W RMS \u0110\u1ed9 nh\u1ea1y: 89 dB C\u1ea5u t\u1ea1o: 1 x 1\u201d Scan-Speak Illuminator M Tweeter 1 x 5\u201d Scan-Speak Illuminator Midrange 2 x 8\u201d Scan-Speak Revelator Woofer K\u00edch th\u01b0\u1edbc (W x H x D): 256 x 1010 x 320 mm","og_url":"https:\/\/phongphim3trong1.com\/?product=loa-pontos-6","og_site_name":"Gi\u1ea3i Ph\u00e1p 1 N\u00fat B\u1ea5m 3in1 \u0110\u1ea7u Ti\u00ean T\u1ea1i Vi\u1ec7t Nam","article_modified_time":"2025-03-07T10:18:59+00:00","og_image":[{"width":510,"height":680,"url":"https:\/\/phongphim3trong1.com\/wp-content\/uploads\/2022\/06\/aq-pontos-6-1.jpg","type":"image\/jpeg"}],"twitter_card":"summary_large_image","twitter_misc":{"\u01af\u1edbc t\u00ednh th\u1eddi gian \u0111\u1ecdc":"2 ph\u00fat"},"schema":{"@context":"https:\/\/schema.org","@graph":[{"@type":"WebPage","@id":"https:\/\/phongphim3trong1.com\/?product=loa-pontos-6","url":"https:\/\/phongphim3trong1.com\/?product=loa-pontos-6","name":"Loa AQ Pontos 6 - Gi\u1ea3i Ph\u00e1p 1 N\u00fat B\u1ea5m 3in1 \u0110\u1ea7u Ti\u00ean T\u1ea1i Vi\u1ec7t Nam","isPartOf":{"@id":"https:\/\/phongphim3trong1.com\/#website"},"primaryImageOfPage":{"@id":"https:\/\/phongphim3trong1.com\/?product=loa-pontos-6#primaryimage"},"image":{"@id":"https:\/\/phongphim3trong1.com\/?product=loa-pontos-6#primaryimage"},"thumbnailUrl":"https:\/\/phongphim3trong1.com\/wp-content\/uploads\/2022\/06\/aq-pontos-6-1.jpg","datePublished":"2022-06-17T09:09:36+00:00","dateModified":"2025-03-07T10:18:59+00:00","breadcrumb":{"@id":"https:\/\/phongphim3trong1.com\/?product=loa-pontos-6#breadcrumb"},"inLanguage":"vi","potentialAction":[{"@type":"ReadAction","target":["https:\/\/phongphim3trong1.com\/?product=loa-pontos-6"]}]},{"@type":"ImageObject","inLanguage":"vi","@id":"https:\/\/phongphim3trong1.com\/?product=loa-pontos-6#primaryimage","url":"https:\/\/phongphim3trong1.com\/wp-content\/uploads\/2022\/06\/aq-pontos-6-1.jpg","contentUrl":"https:\/\/phongphim3trong1.com\/wp-content\/uploads\/2022\/06\/aq-pontos-6-1.jpg","width":510,"height":680},{"@type":"BreadcrumbList","@id":"https:\/\/phongphim3trong1.com\/?product=loa-pontos-6#breadcrumb","itemListElement":[{"@type":"ListItem","position":1,"name":"Trang ch\u1ee7","item":"https:\/\/phongphim3trong1.com\/"},{"@type":"ListItem","position":2,"name":"S\u1ea3n ph\u1ea9m","item":"https:\/\/phongphim3trong1.com\/san-pham\/"},{"@type":"ListItem","position":3,"name":"Loa AQ Pontos 6"}]},{"@type":"WebSite","@id":"https:\/\/phongphim3trong1.com\/#website","url":"https:\/\/phongphim3trong1.com\/","name":"Gi\u1ea3i Ph\u00e1p 1 N\u00fat B\u1ea5m 3in1 \u0110\u1ea7u Ti\u00ean T\u1ea1i Vi\u1ec7t Nam","description":"","publisher":{"@id":"https:\/\/phongphim3trong1.com\/#organization"},"potentialAction":[{"@type":"SearchAction","target":{"@type":"EntryPoint","urlTemplate":"https:\/\/phongphim3trong1.com\/?s={search_term_string}"},"query-input":{"@type":"PropertyValueSpecification","valueRequired":true,"valueName":"search_term_string"}}],"inLanguage":"vi"},{"@type":"Organization","@id":"https:\/\/phongphim3trong1.com\/#organization","name":"Gi\u1ea3i Ph\u00e1p 1 N\u00fat B\u1ea5m 3in1 \u0110\u1ea7u Ti\u00ean T\u1ea1i Vi\u1ec7t Nam","url":"https:\/\/phongphim3trong1.com\/","logo":{"@type":"ImageObject","inLanguage":"vi","@id":"https:\/\/phongphim3trong1.com\/#\/schema\/logo\/image\/","url":"https:\/\/phongphim3trong1.com\/wp-content\/uploads\/2022\/11\/logo-phongphim3trong1-vector-moi-to-scaled.jpg","contentUrl":"https:\/\/phongphim3trong1.com\/wp-content\/uploads\/2022\/11\/logo-phongphim3trong1-vector-moi-to-scaled.jpg","width":2560,"height":2108,"caption":"Gi\u1ea3i Ph\u00e1p 1 N\u00fat B\u1ea5m 3in1 \u0110\u1ea7u Ti\u00ean T\u1ea1i Vi\u1ec7t Nam"},"image":{"@id":"https:\/\/phongphim3trong1.com\/#\/schema\/logo\/image\/"}}]}},"_links":{"self":[{"href":"https:\/\/phongphim3trong1.com\/index.php?rest_route=\/wp\/v2\/product\/3413","targetHints":{"allow":["GET"]}}],"collection":[{"href":"https:\/\/phongphim3trong1.com\/index.php?rest_route=\/wp\/v2\/product"}],"about":[{"href":"https:\/\/phongphim3trong1.com\/index.php?rest_route=\/wp\/v2\/types\/product"}],"replies":[{"embeddable":true,"href":"https:\/\/phongphim3trong1.com\/index.php?rest_route=%2Fwp%2Fv2%2Fcomments&post=3413"}],"version-history":[{"count":6,"href":"https:\/\/phongphim3trong1.com\/index.php?rest_route=\/wp\/v2\/product\/3413\/revisions"}],"predecessor-version":[{"id":5736,"href":"https:\/\/phongphim3trong1.com\/index.php?rest_route=\/wp\/v2\/product\/3413\/revisions\/5736"}],"wp:featuredmedia":[{"embeddable":true,"href":"https:\/\/phongphim3trong1.com\/index.php?rest_route=\/wp\/v2\/media\/3414"}],"wp:attachment":[{"href":"https:\/\/phongphim3trong1.com\/index.php?rest_route=%2Fwp%2Fv2%2Fmedia&parent=3413"}],"wp:term":[{"taxonomy":"product_brand","embeddable":true,"href":"https:\/\/phongphim3trong1.com\/index.php?rest_route=%2Fwp%2Fv2%2Fproduct_brand&post=3413"},{"taxonomy":"product_cat","embeddable":true,"href":"https:\/\/phongphim3trong1.com\/index.php?rest_route=%2Fwp%2Fv2%2Fproduct_cat&post=3413"},{"taxonomy":"product_tag","embeddable":true,"href":"https:\/\/phongphim3trong1.com\/index.php?rest_route=%2Fwp%2Fv2%2Fproduct_tag&post=3413"}],"curies":[{"name":"wp","href":"https:\/\/api.w.org\/{rel}","templated":true}]}}