{"id":3411,"date":"2022-06-17T06:57:12","date_gmt":"2022-06-17T06:57:12","guid":{"rendered":"https:\/\/phongphim3trong1.com\/?post_type=product&#038;p=3411"},"modified":"2025-03-07T10:16:49","modified_gmt":"2025-03-07T10:16:49","slug":"loa-am-tram-wega-54-mkiii","status":"publish","type":"product","link":"https:\/\/phongphim3trong1.com\/?product=loa-am-tram-wega-54-mkiii","title":{"rendered":"Loa AQ Si\u00eau Tr\u1ea7m Wega 54 MKIII"},"content":{"rendered":"<div>Loa si\u00eau tr\u1ea7m ch\u1ee7 \u0111\u1ed9ng AQ Wega 54 MKIII \u0111\u01b0\u1ee3c c\u1ea5u t\u1ea1o ch\u00ednh x\u00e1c v\u00e0 ho\u00e0n thi\u1ec7n b\u1eb1ng nhi\u1ec1u lo\u1ea1i g\u1ed7 t\u1ef1 nhi\u00ean v\u00e0 s\u01a1n b\u00f3ng cao c\u1ea5p \u0111\u1ec3 t\u00f4n l\u00ean m\u1ecdi phong c\u00e1ch trang tr\u00ed n\u1ed9i th\u1ea5t v\u00e0 t\u00edch h\u1ee3p li\u1ec1n m\u1ea1ch v\u1edbi b\u1ea5t k\u1ef3 h\u1ec7 th\u1ed1ng loa n\u00e0o.<\/div>\n<div><\/div>\n<div>\u00c2m tr\u1ea7m m\u1ea1nh m\u1ebd t\u1ea1o ra nh\u1eefng rung \u0111\u1ed9ng m\u1ea1nh m\u1ebd ph\u1ea3i \u0111\u01b0\u1ee3c gi\u1ea3i quy\u1ebft trong giai \u0111o\u1ea1n thi\u1ebft k\u1ebf v\u00e0 qu\u00e1 tr\u00ecnh s\u1ea3n xu\u1ea5t. Wega 54 MKIII s\u1eed d\u1ee5ng b\u1ed9 khu\u1ebfch \u0111\u1ea1i loa si\u00eau tr\u1ea7m ch\u1ea5t l\u01b0\u1ee3ng cao ph\u00f9 h\u1ee3p v\u00e0 l\u1eafp r\u00e1p v\u1ecf b\u1ecdc t\u1ec9 m\u1ec9 song song v\u1edbi tr\u00ecnh \u0111i\u1ec1u khi\u1ec3n loa si\u00eau tr\u1ea7m 10 \u201dm\u1ea1nh m\u1ebd v\u00f4 song v\u1edbi x-max cao v\u00e0 \u0111\u1ed9 nh\u1ea1y cao.<\/div>\n<div><\/div>\n<div>K\u1ebft c\u1ea5u bao v\u00e2y s\u1eed d\u1ee5ng tri\u1ec7t ti\u00eau c\u1ed9ng h\u01b0\u1edfng BDS ch\u1ee7 \u0111\u1ed9ng trong t\u1ea5m b\u00e1nh sandwich tr\u00ean c\u00f9ng. C\u1ed5ng Y c\u00f3 h\u00ecnh d\u1ea1ng \u0111\u1ed9c \u0111\u00e1o cho ph\u00e9p chi\u1ec1u d\u00e0i c\u1ed5ng th\u00edch h\u1ee3p v\u00e0 \u0111\u1ed3ng th\u1eddi ho\u1ea1t \u0111\u1ed9ng nh\u01b0 m\u1ed9t thanh gi\u1eb1ng ch\u00e9o. Bu\u1ed3ng \u00e2m thanh ri\u00eang bi\u1ec7t c\u00f3 b\u1ed9 khu\u1ebfch \u0111\u1ea1i loa si\u00eau tr\u1ea7m \u0111\u1ed9c quy\u1ec1n v\u1edbi bi\u1ebfn \u00e1p h\u00ecnh xuy\u1ebfn l\u1edbn, b\u1ed9 ch\u1ecdn t\u1ea7n s\u1ed1 th\u00f4ng th\u1ea5p, \u0111\u1ed9 nh\u1ea1y \u0111\u1ea7u v\u00e0o, \u0111i\u1ec1u ch\u1ec9nh pha v\u00e0 ch\u1ee9c n\u0103ng ch\u1edd.<\/div>\n<div><\/div>\n<div>Loa si\u00eau tr\u1ea7m Wega 54 MKIII l\u00e0 m\u1ed9t kh\u1ed1i x\u00e2y d\u1ef1ng tuy\u1ec7t v\u1eddi cho m\u1ed9t r\u1ea1p h\u00e1t t\u1ea1i nh\u00e0 ch\u1ea5t l\u01b0\u1ee3ng cao chuy\u00ean d\u1ee5ng nh\u01b0ng n\u00f3 ho\u1ea1t \u0111\u1ed9ng c\u1ef1c k\u1ef3 hi\u1ec7u qu\u1ea3 \u0111\u1ec3 t\u00e1i t\u1ea1o \u00e2m nh\u1ea1c nhi\u1ec1u s\u1eafc th\u00e1i.<\/div>\n","protected":false},"excerpt":{"rendered":"<p><strong><span style=\"color: #000000;\">Made in Czech<\/span><\/strong><\/p>\n<p><span style=\"font-size: 150%; color: #ed1c24;\"><strong>Gi\u00e1 b\u00e1n: Li\u00ean H\u1ec7<\/strong><\/span><\/p>\n<p><span style=\"font-size: 120%;\"><strong><span style=\"color: #000000;\">Th\u00f4ng s\u1ed1 k\u1ef9 thu\u1eadt<\/span><\/strong><\/span><\/p>\n<p><span style=\"color: #000000;\"><strong>T\u1ea7n s\u1ed1:<\/strong> 20 &#8211; 140 Hz<\/span><br \/>\n<span style=\"color: #000000;\"><strong>Amplifier:<\/strong> 100 W<\/span><br \/>\n<span style=\"color: #000000;\"><strong>Max SPL:<\/strong> 120 dB<\/span><br \/>\n<span style=\"color: #000000;\"><strong>C\u1ea5u t\u1ea1o:<\/strong> 10\u201d Peerless SLS driver<\/span><br \/>\n<span style=\"color: #000000;\"><strong>K\u00edch th\u01b0\u1edbc (W x H x D):<\/strong> 320 x 470 x 440 mm<\/span><\/p>\n","protected":false},"featured_media":3406,"comment_status":"closed","ping_status":"closed","template":"","meta":{"pgc_meta":""},"product_brand":[],"product_cat":[238],"product_tag":[188,196,187,191,189],"class_list":{"0":"post-3411","1":"product","2":"type-product","3":"status-publish","4":"has-post-thumbnail","6":"product_cat-aq-audio","7":"product_tag-loa-aq-wega-54-mkiii","8":"product_tag-loa-sieu-tram-aq-wega-54-mkiii","9":"product_tag-loa-wega-54-mkiii","10":"product_tag-wega-54","11":"product_tag-wega-54-mkiii","13":"first","14":"instock","15":"shipping-taxable","16":"product-type-simple"},"yoast_head":"<!-- This site is optimized with the Yoast SEO plugin v27.4 - https:\/\/yoast.com\/product\/yoast-seo-wordpress\/ -->\n<title>Loa AQ Si\u00eau Tr\u1ea7m Wega 54 MKIII - Gi\u1ea3i Ph\u00e1p 1 N\u00fat B\u1ea5m 3in1 \u0110\u1ea7u Ti\u00ean T\u1ea1i Vi\u1ec7t Nam<\/title>\n<meta name=\"robots\" content=\"index, follow, max-snippet:-1, max-image-preview:large, max-video-preview:-1\" \/>\n<link rel=\"canonical\" href=\"https:\/\/phongphim3trong1.com\/?product=loa-am-tram-wega-54-mkiii\" \/>\n<meta property=\"og:locale\" content=\"vi_VN\" \/>\n<meta property=\"og:type\" content=\"article\" \/>\n<meta property=\"og:title\" content=\"Loa AQ Si\u00eau Tr\u1ea7m Wega 54 MKIII - Gi\u1ea3i Ph\u00e1p 1 N\u00fat B\u1ea5m 3in1 \u0110\u1ea7u Ti\u00ean T\u1ea1i Vi\u1ec7t Nam\" \/>\n<meta property=\"og:description\" content=\"Made in Czech  Gi\u00e1 b\u00e1n: Li\u00ean H\u1ec7  Th\u00f4ng s\u1ed1 k\u1ef9 thu\u1eadt  T\u1ea7n s\u1ed1: 20 - 140 Hz Amplifier: 100 W Max SPL: 120 dB C\u1ea5u t\u1ea1o: 10\u201d Peerless SLS driver K\u00edch th\u01b0\u1edbc (W x H x D): 320 x 470 x 440 mm\" \/>\n<meta property=\"og:url\" content=\"https:\/\/phongphim3trong1.com\/?product=loa-am-tram-wega-54-mkiii\" \/>\n<meta property=\"og:site_name\" content=\"Gi\u1ea3i Ph\u00e1p 1 N\u00fat B\u1ea5m 3in1 \u0110\u1ea7u Ti\u00ean T\u1ea1i Vi\u1ec7t Nam\" \/>\n<meta property=\"article:modified_time\" content=\"2025-03-07T10:16:49+00:00\" \/>\n<meta property=\"og:image\" content=\"https:\/\/phongphim3trong1.com\/wp-content\/uploads\/2022\/06\/wega-54-mkiii-1.jpg\" \/>\n\t<meta property=\"og:image:width\" content=\"510\" \/>\n\t<meta property=\"og:image:height\" content=\"680\" \/>\n\t<meta property=\"og:image:type\" content=\"image\/jpeg\" \/>\n<meta name=\"twitter:card\" content=\"summary_large_image\" \/>\n<meta name=\"twitter:label1\" content=\"\u01af\u1edbc t\u00ednh th\u1eddi gian \u0111\u1ecdc\" \/>\n\t<meta name=\"twitter:data1\" content=\"2 ph\u00fat\" \/>\n<script type=\"application\/ld+json\" class=\"yoast-schema-graph\">{\"@context\":\"https:\\\/\\\/schema.org\",\"@graph\":[{\"@type\":\"WebPage\",\"@id\":\"https:\\\/\\\/phongphim3trong1.com\\\/?product=loa-am-tram-wega-54-mkiii\",\"url\":\"https:\\\/\\\/phongphim3trong1.com\\\/?product=loa-am-tram-wega-54-mkiii\",\"name\":\"Loa AQ Si\u00eau Tr\u1ea7m Wega 54 MKIII - Gi\u1ea3i Ph\u00e1p 1 N\u00fat B\u1ea5m 3in1 \u0110\u1ea7u Ti\u00ean T\u1ea1i Vi\u1ec7t Nam\",\"isPartOf\":{\"@id\":\"https:\\\/\\\/phongphim3trong1.com\\\/#website\"},\"primaryImageOfPage\":{\"@id\":\"https:\\\/\\\/phongphim3trong1.com\\\/?product=loa-am-tram-wega-54-mkiii#primaryimage\"},\"image\":{\"@id\":\"https:\\\/\\\/phongphim3trong1.com\\\/?product=loa-am-tram-wega-54-mkiii#primaryimage\"},\"thumbnailUrl\":\"https:\\\/\\\/phongphim3trong1.com\\\/wp-content\\\/uploads\\\/2022\\\/06\\\/wega-54-mkiii-1.jpg\",\"datePublished\":\"2022-06-17T06:57:12+00:00\",\"dateModified\":\"2025-03-07T10:16:49+00:00\",\"breadcrumb\":{\"@id\":\"https:\\\/\\\/phongphim3trong1.com\\\/?product=loa-am-tram-wega-54-mkiii#breadcrumb\"},\"inLanguage\":\"vi\",\"potentialAction\":[{\"@type\":\"ReadAction\",\"target\":[\"https:\\\/\\\/phongphim3trong1.com\\\/?product=loa-am-tram-wega-54-mkiii\"]}]},{\"@type\":\"ImageObject\",\"inLanguage\":\"vi\",\"@id\":\"https:\\\/\\\/phongphim3trong1.com\\\/?product=loa-am-tram-wega-54-mkiii#primaryimage\",\"url\":\"https:\\\/\\\/phongphim3trong1.com\\\/wp-content\\\/uploads\\\/2022\\\/06\\\/wega-54-mkiii-1.jpg\",\"contentUrl\":\"https:\\\/\\\/phongphim3trong1.com\\\/wp-content\\\/uploads\\\/2022\\\/06\\\/wega-54-mkiii-1.jpg\",\"width\":510,\"height\":680},{\"@type\":\"BreadcrumbList\",\"@id\":\"https:\\\/\\\/phongphim3trong1.com\\\/?product=loa-am-tram-wega-54-mkiii#breadcrumb\",\"itemListElement\":[{\"@type\":\"ListItem\",\"position\":1,\"name\":\"Trang ch\u1ee7\",\"item\":\"https:\\\/\\\/phongphim3trong1.com\\\/\"},{\"@type\":\"ListItem\",\"position\":2,\"name\":\"S\u1ea3n ph\u1ea9m\",\"item\":\"https:\\\/\\\/phongphim3trong1.com\\\/san-pham\\\/\"},{\"@type\":\"ListItem\",\"position\":3,\"name\":\"Loa AQ Si\u00eau Tr\u1ea7m Wega 54 MKIII\"}]},{\"@type\":\"WebSite\",\"@id\":\"https:\\\/\\\/phongphim3trong1.com\\\/#website\",\"url\":\"https:\\\/\\\/phongphim3trong1.com\\\/\",\"name\":\"Gi\u1ea3i Ph\u00e1p 1 N\u00fat B\u1ea5m 3in1 \u0110\u1ea7u Ti\u00ean T\u1ea1i Vi\u1ec7t Nam\",\"description\":\"\",\"publisher\":{\"@id\":\"https:\\\/\\\/phongphim3trong1.com\\\/#organization\"},\"potentialAction\":[{\"@type\":\"SearchAction\",\"target\":{\"@type\":\"EntryPoint\",\"urlTemplate\":\"https:\\\/\\\/phongphim3trong1.com\\\/?s={search_term_string}\"},\"query-input\":{\"@type\":\"PropertyValueSpecification\",\"valueRequired\":true,\"valueName\":\"search_term_string\"}}],\"inLanguage\":\"vi\"},{\"@type\":\"Organization\",\"@id\":\"https:\\\/\\\/phongphim3trong1.com\\\/#organization\",\"name\":\"Gi\u1ea3i Ph\u00e1p 1 N\u00fat B\u1ea5m 3in1 \u0110\u1ea7u Ti\u00ean T\u1ea1i Vi\u1ec7t Nam\",\"url\":\"https:\\\/\\\/phongphim3trong1.com\\\/\",\"logo\":{\"@type\":\"ImageObject\",\"inLanguage\":\"vi\",\"@id\":\"https:\\\/\\\/phongphim3trong1.com\\\/#\\\/schema\\\/logo\\\/image\\\/\",\"url\":\"https:\\\/\\\/phongphim3trong1.com\\\/wp-content\\\/uploads\\\/2022\\\/11\\\/logo-phongphim3trong1-vector-moi-to-scaled.jpg\",\"contentUrl\":\"https:\\\/\\\/phongphim3trong1.com\\\/wp-content\\\/uploads\\\/2022\\\/11\\\/logo-phongphim3trong1-vector-moi-to-scaled.jpg\",\"width\":2560,\"height\":2108,\"caption\":\"Gi\u1ea3i Ph\u00e1p 1 N\u00fat B\u1ea5m 3in1 \u0110\u1ea7u Ti\u00ean T\u1ea1i Vi\u1ec7t Nam\"},\"image\":{\"@id\":\"https:\\\/\\\/phongphim3trong1.com\\\/#\\\/schema\\\/logo\\\/image\\\/\"}}]}<\/script>\n<!-- \/ Yoast SEO plugin. -->","yoast_head_json":{"title":"Loa AQ Si\u00eau Tr\u1ea7m Wega 54 MKIII - Gi\u1ea3i Ph\u00e1p 1 N\u00fat B\u1ea5m 3in1 \u0110\u1ea7u Ti\u00ean T\u1ea1i Vi\u1ec7t Nam","robots":{"index":"index","follow":"follow","max-snippet":"max-snippet:-1","max-image-preview":"max-image-preview:large","max-video-preview":"max-video-preview:-1"},"canonical":"https:\/\/phongphim3trong1.com\/?product=loa-am-tram-wega-54-mkiii","og_locale":"vi_VN","og_type":"article","og_title":"Loa AQ Si\u00eau Tr\u1ea7m Wega 54 MKIII - Gi\u1ea3i Ph\u00e1p 1 N\u00fat B\u1ea5m 3in1 \u0110\u1ea7u Ti\u00ean T\u1ea1i Vi\u1ec7t Nam","og_description":"Made in Czech  Gi\u00e1 b\u00e1n: Li\u00ean H\u1ec7  Th\u00f4ng s\u1ed1 k\u1ef9 thu\u1eadt  T\u1ea7n s\u1ed1: 20 - 140 Hz Amplifier: 100 W Max SPL: 120 dB C\u1ea5u t\u1ea1o: 10\u201d Peerless SLS driver K\u00edch th\u01b0\u1edbc (W x H x D): 320 x 470 x 440 mm","og_url":"https:\/\/phongphim3trong1.com\/?product=loa-am-tram-wega-54-mkiii","og_site_name":"Gi\u1ea3i Ph\u00e1p 1 N\u00fat B\u1ea5m 3in1 \u0110\u1ea7u Ti\u00ean T\u1ea1i Vi\u1ec7t Nam","article_modified_time":"2025-03-07T10:16:49+00:00","og_image":[{"width":510,"height":680,"url":"https:\/\/phongphim3trong1.com\/wp-content\/uploads\/2022\/06\/wega-54-mkiii-1.jpg","type":"image\/jpeg"}],"twitter_card":"summary_large_image","twitter_misc":{"\u01af\u1edbc t\u00ednh th\u1eddi gian \u0111\u1ecdc":"2 ph\u00fat"},"schema":{"@context":"https:\/\/schema.org","@graph":[{"@type":"WebPage","@id":"https:\/\/phongphim3trong1.com\/?product=loa-am-tram-wega-54-mkiii","url":"https:\/\/phongphim3trong1.com\/?product=loa-am-tram-wega-54-mkiii","name":"Loa AQ Si\u00eau Tr\u1ea7m Wega 54 MKIII - Gi\u1ea3i Ph\u00e1p 1 N\u00fat B\u1ea5m 3in1 \u0110\u1ea7u Ti\u00ean T\u1ea1i Vi\u1ec7t Nam","isPartOf":{"@id":"https:\/\/phongphim3trong1.com\/#website"},"primaryImageOfPage":{"@id":"https:\/\/phongphim3trong1.com\/?product=loa-am-tram-wega-54-mkiii#primaryimage"},"image":{"@id":"https:\/\/phongphim3trong1.com\/?product=loa-am-tram-wega-54-mkiii#primaryimage"},"thumbnailUrl":"https:\/\/phongphim3trong1.com\/wp-content\/uploads\/2022\/06\/wega-54-mkiii-1.jpg","datePublished":"2022-06-17T06:57:12+00:00","dateModified":"2025-03-07T10:16:49+00:00","breadcrumb":{"@id":"https:\/\/phongphim3trong1.com\/?product=loa-am-tram-wega-54-mkiii#breadcrumb"},"inLanguage":"vi","potentialAction":[{"@type":"ReadAction","target":["https:\/\/phongphim3trong1.com\/?product=loa-am-tram-wega-54-mkiii"]}]},{"@type":"ImageObject","inLanguage":"vi","@id":"https:\/\/phongphim3trong1.com\/?product=loa-am-tram-wega-54-mkiii#primaryimage","url":"https:\/\/phongphim3trong1.com\/wp-content\/uploads\/2022\/06\/wega-54-mkiii-1.jpg","contentUrl":"https:\/\/phongphim3trong1.com\/wp-content\/uploads\/2022\/06\/wega-54-mkiii-1.jpg","width":510,"height":680},{"@type":"BreadcrumbList","@id":"https:\/\/phongphim3trong1.com\/?product=loa-am-tram-wega-54-mkiii#breadcrumb","itemListElement":[{"@type":"ListItem","position":1,"name":"Trang ch\u1ee7","item":"https:\/\/phongphim3trong1.com\/"},{"@type":"ListItem","position":2,"name":"S\u1ea3n ph\u1ea9m","item":"https:\/\/phongphim3trong1.com\/san-pham\/"},{"@type":"ListItem","position":3,"name":"Loa AQ Si\u00eau Tr\u1ea7m Wega 54 MKIII"}]},{"@type":"WebSite","@id":"https:\/\/phongphim3trong1.com\/#website","url":"https:\/\/phongphim3trong1.com\/","name":"Gi\u1ea3i Ph\u00e1p 1 N\u00fat B\u1ea5m 3in1 \u0110\u1ea7u Ti\u00ean T\u1ea1i Vi\u1ec7t Nam","description":"","publisher":{"@id":"https:\/\/phongphim3trong1.com\/#organization"},"potentialAction":[{"@type":"SearchAction","target":{"@type":"EntryPoint","urlTemplate":"https:\/\/phongphim3trong1.com\/?s={search_term_string}"},"query-input":{"@type":"PropertyValueSpecification","valueRequired":true,"valueName":"search_term_string"}}],"inLanguage":"vi"},{"@type":"Organization","@id":"https:\/\/phongphim3trong1.com\/#organization","name":"Gi\u1ea3i Ph\u00e1p 1 N\u00fat B\u1ea5m 3in1 \u0110\u1ea7u Ti\u00ean T\u1ea1i Vi\u1ec7t Nam","url":"https:\/\/phongphim3trong1.com\/","logo":{"@type":"ImageObject","inLanguage":"vi","@id":"https:\/\/phongphim3trong1.com\/#\/schema\/logo\/image\/","url":"https:\/\/phongphim3trong1.com\/wp-content\/uploads\/2022\/11\/logo-phongphim3trong1-vector-moi-to-scaled.jpg","contentUrl":"https:\/\/phongphim3trong1.com\/wp-content\/uploads\/2022\/11\/logo-phongphim3trong1-vector-moi-to-scaled.jpg","width":2560,"height":2108,"caption":"Gi\u1ea3i Ph\u00e1p 1 N\u00fat B\u1ea5m 3in1 \u0110\u1ea7u Ti\u00ean T\u1ea1i Vi\u1ec7t Nam"},"image":{"@id":"https:\/\/phongphim3trong1.com\/#\/schema\/logo\/image\/"}}]}},"_links":{"self":[{"href":"https:\/\/phongphim3trong1.com\/index.php?rest_route=\/wp\/v2\/product\/3411","targetHints":{"allow":["GET"]}}],"collection":[{"href":"https:\/\/phongphim3trong1.com\/index.php?rest_route=\/wp\/v2\/product"}],"about":[{"href":"https:\/\/phongphim3trong1.com\/index.php?rest_route=\/wp\/v2\/types\/product"}],"replies":[{"embeddable":true,"href":"https:\/\/phongphim3trong1.com\/index.php?rest_route=%2Fwp%2Fv2%2Fcomments&post=3411"}],"version-history":[{"count":5,"href":"https:\/\/phongphim3trong1.com\/index.php?rest_route=\/wp\/v2\/product\/3411\/revisions"}],"predecessor-version":[{"id":5734,"href":"https:\/\/phongphim3trong1.com\/index.php?rest_route=\/wp\/v2\/product\/3411\/revisions\/5734"}],"wp:featuredmedia":[{"embeddable":true,"href":"https:\/\/phongphim3trong1.com\/index.php?rest_route=\/wp\/v2\/media\/3406"}],"wp:attachment":[{"href":"https:\/\/phongphim3trong1.com\/index.php?rest_route=%2Fwp%2Fv2%2Fmedia&parent=3411"}],"wp:term":[{"taxonomy":"product_brand","embeddable":true,"href":"https:\/\/phongphim3trong1.com\/index.php?rest_route=%2Fwp%2Fv2%2Fproduct_brand&post=3411"},{"taxonomy":"product_cat","embeddable":true,"href":"https:\/\/phongphim3trong1.com\/index.php?rest_route=%2Fwp%2Fv2%2Fproduct_cat&post=3411"},{"taxonomy":"product_tag","embeddable":true,"href":"https:\/\/phongphim3trong1.com\/index.php?rest_route=%2Fwp%2Fv2%2Fproduct_tag&post=3411"}],"curies":[{"name":"wp","href":"https:\/\/api.w.org\/{rel}","templated":true}]}}