{"id":3376,"date":"2022-06-15T08:13:50","date_gmt":"2022-06-15T08:13:50","guid":{"rendered":"https:\/\/phongphim3trong1.com\/?post_type=product&#038;p=3376"},"modified":"2025-03-07T10:16:20","modified_gmt":"2025-03-07T10:16:20","slug":"loa-wega-51-mkiii","status":"publish","type":"product","link":"https:\/\/phongphim3trong1.com\/?product=loa-wega-51-mkiii","title":{"rendered":"Loa AQ wega 51 MKIII"},"content":{"rendered":"<div>Loa trung t\u00e2m nh\u1ecf g\u1ecdn, chuy\u00ean d\u1ee5ng cho Karaoke \u0111\u01b0\u1ee3c l\u1eafp \u0111\u1eb7t l\u00fd t\u01b0\u1edfng b\u00ean c\u1ea1nh m\u00e0n h\u00ecnh ho\u1eb7c trong \u0111\u1ed3 n\u1ed9i th\u1ea5t A \/ V b\u00ean d\u01b0\u1edbi m\u00e0n h\u00ecnh. C\u00e1c tr\u00ecnh \u0111i\u1ec1u khi\u1ec3n trung tr\u1ea7m b\u1eb1ng polypropylene nh\u1eb9 v\u00e0 c\u1ee9ng 5 \u00bd \u201dc\u00f4ng su\u1ea5t cao v\u00e0 loa tweeter v\u00f2m l\u1ee5a 1\u201d c\u1ee7a Vifa \u0111\u01b0\u1ee3c c\u1ea5u h\u00ecnh theo d\u1ea1ng h\u00ecnh h\u1ecdc D\u2019Apollito t\u1ea1o ra b\u1ea3n tr\u00ecnh b\u00e0y gi\u1ecdng h\u00e1t ho\u00e0n to\u00e0n trong su\u1ed1t, \u0111\u1ed3ng nh\u1ea5t v\u00e0 d\u1ec5 \u0111\u1ecdc c\u1ea7n thi\u1ebft trong r\u1ea1p h\u00e1t t\u1ea1i nh\u00e0 ch\u1ea5t l\u01b0\u1ee3ng cao. V\u1ecf \u0111\u01b0\u1ee3c x\u00e2y d\u1ef1ng b\u1eb1ng MDF v\u00e0 DTD m\u1eadt \u0111\u1ed9 cao v\u00e0 \u0111\u01b0\u1ee3c ho\u00e0n thi\u1ec7n b\u1eb1ng g\u1ed7 veneer anh \u0111\u00e0o t\u1ef1 nhi\u00ean ho\u1eb7c v\u00e2n m\u00e0u tro \u0111en\u00a0 \u0111\u1eb9p t\u1ef1 nhi\u00ean.<\/div>\n<div><\/div>\n<div>\u0110\u1ed3ng OFC nguy\u00ean ch\u1ea5t v\u1edbi \u0111\u01b0\u1eddng k\u00ednh 1mm2 x\u1eed l\u00fd t\u1ea5t c\u1ea3 h\u1ec7 th\u1ed1ng d\u00e2y \u0111i\u1ec7n b\u00ean trong v\u00e0 t\u1ea5t c\u1ea3 c\u00e1c k\u1ebft n\u1ed1i \u0111\u1ec1u \u0111\u01b0\u1ee3c h\u00e0n nhi\u1ec7t. N\u00ean c\u00e0i \u0111\u1eb7t loa l\u1edbn v\u1edbi gi\u1edbi h\u1ea1n qu\u00e3ng t\u00e1m d\u01b0\u1edbi 70 Hz cho c\u00e1c nhi\u1ec7m v\u1ee5 Karaoke. Ng\u01b0\u1eddi nghe s\u1ebd \u0111\u01b0\u1ee3c th\u01b0\u1edfng khi tr\u00ecnh b\u00e0y gi\u1ecdng n\u00f3i chu\u1ea9n x\u00e1c v\u00e0 ch\u00ednh x\u00e1c.<\/div>\n","protected":false},"excerpt":{"rendered":"<div>\n<p><strong><span style=\"color: #000000;\">Made in Czech<\/span><\/strong><\/p>\n<p><span style=\"font-size: 150%;\"><strong><span style=\"color: #ed1c24;\">Gi\u00e1 B\u00e1n: Li\u00ean H\u1ec7<\/span><\/strong><\/span><\/p>\n<p><span style=\"font-size: 120%; color: #000000;\"><strong>Th\u00f4ng s\u1ed1 k\u1ef9 thu\u1eadt<\/strong><\/span><\/p>\n<\/div>\n<div><span style=\"color: #000000;\"><strong>T\u1ea7n s\u1ed1:<\/strong> 70 &#8211; 30.000 Hz<\/span><\/div>\n<div><span style=\"color: #000000;\"><strong>Tr\u1edf kh\u00e1ng:<\/strong> 8 Ohms<\/span><\/div>\n<div><span style=\"color: #000000;\"><strong>C\u00f4ng su\u1ea5t:<\/strong> 80 W RMS<\/span><\/div>\n<div><span style=\"color: #000000;\"><strong>\u0110\u1ed9 nh\u1ea1y:<\/strong> 90 dB<\/span><\/div>\n<div><strong><span id=\"5a372_fkci9_46knm\" class=\"\" data-text=\"true\">C\u1ea5u t\u1ea1o:<\/span><\/strong><\/div>\n<div><span style=\"color: #000000;\">1 x 1\u201d Vifa silk dome Tweeter<\/span><\/div>\n<div><span style=\"color: #000000;\">2 x 5.25\u201d polypropylene Mid-Woofer<\/span><\/div>\n<div><span style=\"color: #000000;\"><strong>K\u00edch th\u01b0\u1edbc (W x H x D):<\/strong> 470 x 160 x 160 mm\u00a0<\/span><\/div>\n","protected":false},"featured_media":3387,"comment_status":"closed","ping_status":"closed","template":"","meta":{"pgc_meta":""},"product_brand":[],"product_cat":[238],"product_tag":[186,182,185,181,184,183],"class_list":{"0":"post-3376","1":"product","2":"type-product","3":"status-publish","4":"has-post-thumbnail","6":"product_cat-aq-audio","7":"product_tag-aq-wega-51-mkiii","8":"product_tag-loa-51-mkiii","9":"product_tag-loa-aq-wega-51-mkiii","10":"product_tag-loa-wega-51-mkiii","11":"product_tag-wega-51","12":"product_tag-wega-51-mkiii","14":"first","15":"instock","16":"shipping-taxable","17":"product-type-simple"},"yoast_head":"<!-- This site is optimized with the Yoast SEO plugin v27.4 - https:\/\/yoast.com\/product\/yoast-seo-wordpress\/ -->\n<title>Loa AQ wega 51 MKIII - Gi\u1ea3i Ph\u00e1p 1 N\u00fat B\u1ea5m 3in1 \u0110\u1ea7u Ti\u00ean T\u1ea1i Vi\u1ec7t Nam<\/title>\n<meta name=\"robots\" content=\"index, follow, max-snippet:-1, max-image-preview:large, max-video-preview:-1\" \/>\n<link rel=\"canonical\" href=\"https:\/\/phongphim3trong1.com\/?product=loa-wega-51-mkiii\" \/>\n<meta property=\"og:locale\" content=\"vi_VN\" \/>\n<meta property=\"og:type\" content=\"article\" \/>\n<meta property=\"og:title\" content=\"Loa AQ wega 51 MKIII - Gi\u1ea3i Ph\u00e1p 1 N\u00fat B\u1ea5m 3in1 \u0110\u1ea7u Ti\u00ean T\u1ea1i Vi\u1ec7t Nam\" \/>\n<meta property=\"og:description\" content=\"Made in Czech  Gi\u00e1 B\u00e1n: Li\u00ean H\u1ec7  Th\u00f4ng s\u1ed1 k\u1ef9 thu\u1eadt   T\u1ea7n s\u1ed1: 70 - 30.000 Hz Tr\u1edf kh\u00e1ng: 8 Ohms C\u00f4ng su\u1ea5t: 80 W RMS \u0110\u1ed9 nh\u1ea1y: 90 dB C\u1ea5u t\u1ea1o: 1 x 1\u201d Vifa silk dome Tweeter 2 x 5.25\u201d polypropylene Mid-Woofer K\u00edch th\u01b0\u1edbc (W x H x D): 470 x 160 x 160 mm\u00a0\" \/>\n<meta property=\"og:url\" content=\"https:\/\/phongphim3trong1.com\/?product=loa-wega-51-mkiii\" \/>\n<meta property=\"og:site_name\" content=\"Gi\u1ea3i Ph\u00e1p 1 N\u00fat B\u1ea5m 3in1 \u0110\u1ea7u Ti\u00ean T\u1ea1i Vi\u1ec7t Nam\" \/>\n<meta property=\"article:modified_time\" content=\"2025-03-07T10:16:20+00:00\" \/>\n<meta property=\"og:image\" content=\"https:\/\/phongphim3trong1.com\/wp-content\/uploads\/2022\/06\/aq-wega-51-3.jpg\" \/>\n\t<meta property=\"og:image:width\" content=\"510\" \/>\n\t<meta property=\"og:image:height\" content=\"680\" \/>\n\t<meta property=\"og:image:type\" content=\"image\/jpeg\" \/>\n<meta name=\"twitter:card\" content=\"summary_large_image\" \/>\n<meta name=\"twitter:label1\" content=\"\u01af\u1edbc t\u00ednh th\u1eddi gian \u0111\u1ecdc\" \/>\n\t<meta name=\"twitter:data1\" content=\"2 ph\u00fat\" \/>\n<script type=\"application\/ld+json\" class=\"yoast-schema-graph\">{\"@context\":\"https:\\\/\\\/schema.org\",\"@graph\":[{\"@type\":\"WebPage\",\"@id\":\"https:\\\/\\\/phongphim3trong1.com\\\/?product=loa-wega-51-mkiii\",\"url\":\"https:\\\/\\\/phongphim3trong1.com\\\/?product=loa-wega-51-mkiii\",\"name\":\"Loa AQ wega 51 MKIII - Gi\u1ea3i Ph\u00e1p 1 N\u00fat B\u1ea5m 3in1 \u0110\u1ea7u Ti\u00ean T\u1ea1i Vi\u1ec7t Nam\",\"isPartOf\":{\"@id\":\"https:\\\/\\\/phongphim3trong1.com\\\/#website\"},\"primaryImageOfPage\":{\"@id\":\"https:\\\/\\\/phongphim3trong1.com\\\/?product=loa-wega-51-mkiii#primaryimage\"},\"image\":{\"@id\":\"https:\\\/\\\/phongphim3trong1.com\\\/?product=loa-wega-51-mkiii#primaryimage\"},\"thumbnailUrl\":\"https:\\\/\\\/phongphim3trong1.com\\\/wp-content\\\/uploads\\\/2022\\\/06\\\/aq-wega-51-3.jpg\",\"datePublished\":\"2022-06-15T08:13:50+00:00\",\"dateModified\":\"2025-03-07T10:16:20+00:00\",\"breadcrumb\":{\"@id\":\"https:\\\/\\\/phongphim3trong1.com\\\/?product=loa-wega-51-mkiii#breadcrumb\"},\"inLanguage\":\"vi\",\"potentialAction\":[{\"@type\":\"ReadAction\",\"target\":[\"https:\\\/\\\/phongphim3trong1.com\\\/?product=loa-wega-51-mkiii\"]}]},{\"@type\":\"ImageObject\",\"inLanguage\":\"vi\",\"@id\":\"https:\\\/\\\/phongphim3trong1.com\\\/?product=loa-wega-51-mkiii#primaryimage\",\"url\":\"https:\\\/\\\/phongphim3trong1.com\\\/wp-content\\\/uploads\\\/2022\\\/06\\\/aq-wega-51-3.jpg\",\"contentUrl\":\"https:\\\/\\\/phongphim3trong1.com\\\/wp-content\\\/uploads\\\/2022\\\/06\\\/aq-wega-51-3.jpg\",\"width\":510,\"height\":680},{\"@type\":\"BreadcrumbList\",\"@id\":\"https:\\\/\\\/phongphim3trong1.com\\\/?product=loa-wega-51-mkiii#breadcrumb\",\"itemListElement\":[{\"@type\":\"ListItem\",\"position\":1,\"name\":\"Trang ch\u1ee7\",\"item\":\"https:\\\/\\\/phongphim3trong1.com\\\/\"},{\"@type\":\"ListItem\",\"position\":2,\"name\":\"S\u1ea3n ph\u1ea9m\",\"item\":\"https:\\\/\\\/phongphim3trong1.com\\\/san-pham\\\/\"},{\"@type\":\"ListItem\",\"position\":3,\"name\":\"Loa AQ wega 51 MKIII\"}]},{\"@type\":\"WebSite\",\"@id\":\"https:\\\/\\\/phongphim3trong1.com\\\/#website\",\"url\":\"https:\\\/\\\/phongphim3trong1.com\\\/\",\"name\":\"Gi\u1ea3i Ph\u00e1p 1 N\u00fat B\u1ea5m 3in1 \u0110\u1ea7u Ti\u00ean T\u1ea1i Vi\u1ec7t Nam\",\"description\":\"\",\"publisher\":{\"@id\":\"https:\\\/\\\/phongphim3trong1.com\\\/#organization\"},\"potentialAction\":[{\"@type\":\"SearchAction\",\"target\":{\"@type\":\"EntryPoint\",\"urlTemplate\":\"https:\\\/\\\/phongphim3trong1.com\\\/?s={search_term_string}\"},\"query-input\":{\"@type\":\"PropertyValueSpecification\",\"valueRequired\":true,\"valueName\":\"search_term_string\"}}],\"inLanguage\":\"vi\"},{\"@type\":\"Organization\",\"@id\":\"https:\\\/\\\/phongphim3trong1.com\\\/#organization\",\"name\":\"Gi\u1ea3i Ph\u00e1p 1 N\u00fat B\u1ea5m 3in1 \u0110\u1ea7u Ti\u00ean T\u1ea1i Vi\u1ec7t Nam\",\"url\":\"https:\\\/\\\/phongphim3trong1.com\\\/\",\"logo\":{\"@type\":\"ImageObject\",\"inLanguage\":\"vi\",\"@id\":\"https:\\\/\\\/phongphim3trong1.com\\\/#\\\/schema\\\/logo\\\/image\\\/\",\"url\":\"https:\\\/\\\/phongphim3trong1.com\\\/wp-content\\\/uploads\\\/2022\\\/11\\\/logo-phongphim3trong1-vector-moi-to-scaled.jpg\",\"contentUrl\":\"https:\\\/\\\/phongphim3trong1.com\\\/wp-content\\\/uploads\\\/2022\\\/11\\\/logo-phongphim3trong1-vector-moi-to-scaled.jpg\",\"width\":2560,\"height\":2108,\"caption\":\"Gi\u1ea3i Ph\u00e1p 1 N\u00fat B\u1ea5m 3in1 \u0110\u1ea7u Ti\u00ean T\u1ea1i Vi\u1ec7t Nam\"},\"image\":{\"@id\":\"https:\\\/\\\/phongphim3trong1.com\\\/#\\\/schema\\\/logo\\\/image\\\/\"}}]}<\/script>\n<!-- \/ Yoast SEO plugin. -->","yoast_head_json":{"title":"Loa AQ wega 51 MKIII - Gi\u1ea3i Ph\u00e1p 1 N\u00fat B\u1ea5m 3in1 \u0110\u1ea7u Ti\u00ean T\u1ea1i Vi\u1ec7t Nam","robots":{"index":"index","follow":"follow","max-snippet":"max-snippet:-1","max-image-preview":"max-image-preview:large","max-video-preview":"max-video-preview:-1"},"canonical":"https:\/\/phongphim3trong1.com\/?product=loa-wega-51-mkiii","og_locale":"vi_VN","og_type":"article","og_title":"Loa AQ wega 51 MKIII - Gi\u1ea3i Ph\u00e1p 1 N\u00fat B\u1ea5m 3in1 \u0110\u1ea7u Ti\u00ean T\u1ea1i Vi\u1ec7t Nam","og_description":"Made in Czech  Gi\u00e1 B\u00e1n: Li\u00ean H\u1ec7  Th\u00f4ng s\u1ed1 k\u1ef9 thu\u1eadt   T\u1ea7n s\u1ed1: 70 - 30.000 Hz Tr\u1edf kh\u00e1ng: 8 Ohms C\u00f4ng su\u1ea5t: 80 W RMS \u0110\u1ed9 nh\u1ea1y: 90 dB C\u1ea5u t\u1ea1o: 1 x 1\u201d Vifa silk dome Tweeter 2 x 5.25\u201d polypropylene Mid-Woofer K\u00edch th\u01b0\u1edbc (W x H x D): 470 x 160 x 160 mm\u00a0","og_url":"https:\/\/phongphim3trong1.com\/?product=loa-wega-51-mkiii","og_site_name":"Gi\u1ea3i Ph\u00e1p 1 N\u00fat B\u1ea5m 3in1 \u0110\u1ea7u Ti\u00ean T\u1ea1i Vi\u1ec7t Nam","article_modified_time":"2025-03-07T10:16:20+00:00","og_image":[{"width":510,"height":680,"url":"https:\/\/phongphim3trong1.com\/wp-content\/uploads\/2022\/06\/aq-wega-51-3.jpg","type":"image\/jpeg"}],"twitter_card":"summary_large_image","twitter_misc":{"\u01af\u1edbc t\u00ednh th\u1eddi gian \u0111\u1ecdc":"2 ph\u00fat"},"schema":{"@context":"https:\/\/schema.org","@graph":[{"@type":"WebPage","@id":"https:\/\/phongphim3trong1.com\/?product=loa-wega-51-mkiii","url":"https:\/\/phongphim3trong1.com\/?product=loa-wega-51-mkiii","name":"Loa AQ wega 51 MKIII - Gi\u1ea3i Ph\u00e1p 1 N\u00fat B\u1ea5m 3in1 \u0110\u1ea7u Ti\u00ean T\u1ea1i Vi\u1ec7t Nam","isPartOf":{"@id":"https:\/\/phongphim3trong1.com\/#website"},"primaryImageOfPage":{"@id":"https:\/\/phongphim3trong1.com\/?product=loa-wega-51-mkiii#primaryimage"},"image":{"@id":"https:\/\/phongphim3trong1.com\/?product=loa-wega-51-mkiii#primaryimage"},"thumbnailUrl":"https:\/\/phongphim3trong1.com\/wp-content\/uploads\/2022\/06\/aq-wega-51-3.jpg","datePublished":"2022-06-15T08:13:50+00:00","dateModified":"2025-03-07T10:16:20+00:00","breadcrumb":{"@id":"https:\/\/phongphim3trong1.com\/?product=loa-wega-51-mkiii#breadcrumb"},"inLanguage":"vi","potentialAction":[{"@type":"ReadAction","target":["https:\/\/phongphim3trong1.com\/?product=loa-wega-51-mkiii"]}]},{"@type":"ImageObject","inLanguage":"vi","@id":"https:\/\/phongphim3trong1.com\/?product=loa-wega-51-mkiii#primaryimage","url":"https:\/\/phongphim3trong1.com\/wp-content\/uploads\/2022\/06\/aq-wega-51-3.jpg","contentUrl":"https:\/\/phongphim3trong1.com\/wp-content\/uploads\/2022\/06\/aq-wega-51-3.jpg","width":510,"height":680},{"@type":"BreadcrumbList","@id":"https:\/\/phongphim3trong1.com\/?product=loa-wega-51-mkiii#breadcrumb","itemListElement":[{"@type":"ListItem","position":1,"name":"Trang ch\u1ee7","item":"https:\/\/phongphim3trong1.com\/"},{"@type":"ListItem","position":2,"name":"S\u1ea3n ph\u1ea9m","item":"https:\/\/phongphim3trong1.com\/san-pham\/"},{"@type":"ListItem","position":3,"name":"Loa AQ wega 51 MKIII"}]},{"@type":"WebSite","@id":"https:\/\/phongphim3trong1.com\/#website","url":"https:\/\/phongphim3trong1.com\/","name":"Gi\u1ea3i Ph\u00e1p 1 N\u00fat B\u1ea5m 3in1 \u0110\u1ea7u Ti\u00ean T\u1ea1i Vi\u1ec7t Nam","description":"","publisher":{"@id":"https:\/\/phongphim3trong1.com\/#organization"},"potentialAction":[{"@type":"SearchAction","target":{"@type":"EntryPoint","urlTemplate":"https:\/\/phongphim3trong1.com\/?s={search_term_string}"},"query-input":{"@type":"PropertyValueSpecification","valueRequired":true,"valueName":"search_term_string"}}],"inLanguage":"vi"},{"@type":"Organization","@id":"https:\/\/phongphim3trong1.com\/#organization","name":"Gi\u1ea3i Ph\u00e1p 1 N\u00fat B\u1ea5m 3in1 \u0110\u1ea7u Ti\u00ean T\u1ea1i Vi\u1ec7t Nam","url":"https:\/\/phongphim3trong1.com\/","logo":{"@type":"ImageObject","inLanguage":"vi","@id":"https:\/\/phongphim3trong1.com\/#\/schema\/logo\/image\/","url":"https:\/\/phongphim3trong1.com\/wp-content\/uploads\/2022\/11\/logo-phongphim3trong1-vector-moi-to-scaled.jpg","contentUrl":"https:\/\/phongphim3trong1.com\/wp-content\/uploads\/2022\/11\/logo-phongphim3trong1-vector-moi-to-scaled.jpg","width":2560,"height":2108,"caption":"Gi\u1ea3i Ph\u00e1p 1 N\u00fat B\u1ea5m 3in1 \u0110\u1ea7u Ti\u00ean T\u1ea1i Vi\u1ec7t Nam"},"image":{"@id":"https:\/\/phongphim3trong1.com\/#\/schema\/logo\/image\/"}}]}},"_links":{"self":[{"href":"https:\/\/phongphim3trong1.com\/index.php?rest_route=\/wp\/v2\/product\/3376","targetHints":{"allow":["GET"]}}],"collection":[{"href":"https:\/\/phongphim3trong1.com\/index.php?rest_route=\/wp\/v2\/product"}],"about":[{"href":"https:\/\/phongphim3trong1.com\/index.php?rest_route=\/wp\/v2\/types\/product"}],"replies":[{"embeddable":true,"href":"https:\/\/phongphim3trong1.com\/index.php?rest_route=%2Fwp%2Fv2%2Fcomments&post=3376"}],"version-history":[{"count":11,"href":"https:\/\/phongphim3trong1.com\/index.php?rest_route=\/wp\/v2\/product\/3376\/revisions"}],"predecessor-version":[{"id":5733,"href":"https:\/\/phongphim3trong1.com\/index.php?rest_route=\/wp\/v2\/product\/3376\/revisions\/5733"}],"wp:featuredmedia":[{"embeddable":true,"href":"https:\/\/phongphim3trong1.com\/index.php?rest_route=\/wp\/v2\/media\/3387"}],"wp:attachment":[{"href":"https:\/\/phongphim3trong1.com\/index.php?rest_route=%2Fwp%2Fv2%2Fmedia&parent=3376"}],"wp:term":[{"taxonomy":"product_brand","embeddable":true,"href":"https:\/\/phongphim3trong1.com\/index.php?rest_route=%2Fwp%2Fv2%2Fproduct_brand&post=3376"},{"taxonomy":"product_cat","embeddable":true,"href":"https:\/\/phongphim3trong1.com\/index.php?rest_route=%2Fwp%2Fv2%2Fproduct_cat&post=3376"},{"taxonomy":"product_tag","embeddable":true,"href":"https:\/\/phongphim3trong1.com\/index.php?rest_route=%2Fwp%2Fv2%2Fproduct_tag&post=3376"}],"curies":[{"name":"wp","href":"https:\/\/api.w.org\/{rel}","templated":true}]}}