{"id":5304,"date":"2024-03-30T10:20:54","date_gmt":"2024-03-30T10:20:54","guid":{"rendered":"https:\/\/phongphim3trong1.com\/?page_id=5304"},"modified":"2024-03-30T10:53:59","modified_gmt":"2024-03-30T10:53:59","slug":"hop-tac-kinh-doanh","status":"publish","type":"page","link":"https:\/\/phongphim3trong1.com\/?page_id=5304","title":{"rendered":"H\u1ee2P T\u00c1C KINH DOANH"},"content":{"rendered":"\t\t<div data-elementor-type=\"wp-page\" data-elementor-id=\"5304\" class=\"elementor elementor-5304\">\n\t\t\t\t\t\t<section class=\"elementor-section elementor-top-section elementor-element elementor-element-0227caa elementor-section-boxed elementor-section-height-default elementor-section-height-default\" data-id=\"0227caa\" data-element_type=\"section\" data-e-type=\"section\">\n\t\t\t\t\t\t<div class=\"elementor-container elementor-column-gap-default\">\n\t\t\t\t\t<div class=\"elementor-column elementor-col-50 elementor-top-column elementor-element elementor-element-24d1283\" data-id=\"24d1283\" data-element_type=\"column\" data-e-type=\"column\">\n\t\t\t<div class=\"elementor-widget-wrap elementor-element-populated\">\n\t\t\t\t\t\t<div class=\"elementor-element elementor-element-23a43a6 elementor-widget elementor-widget-image\" data-id=\"23a43a6\" data-element_type=\"widget\" data-e-type=\"widget\" data-widget_type=\"image.default\">\n\t\t\t\t<div class=\"elementor-widget-container\">\n\t\t\t\t\t\t\t\t\t\t\t\t\t\t\t\t<a href=\"https:\/\/phongphim3trong1.com\/tim-doi-tac-kinh-doanh\/\">\n\t\t\t\t\t\t\t<img fetchpriority=\"high\" decoding=\"async\" width=\"1020\" height=\"765\" src=\"https:\/\/phongphim3trong1.com\/wp-content\/uploads\/2024\/03\/z5297833086540_c28365a7cffa18352b9d43a11d566e67-1067x800.jpg\" class=\"attachment-large size-large wp-image-5308\" alt=\"\" srcset=\"https:\/\/phongphim3trong1.com\/wp-content\/uploads\/2024\/03\/z5297833086540_c28365a7cffa18352b9d43a11d566e67-1067x800.jpg 1067w, https:\/\/phongphim3trong1.com\/wp-content\/uploads\/2024\/03\/z5297833086540_c28365a7cffa18352b9d43a11d566e67-533x400.jpg 533w, https:\/\/phongphim3trong1.com\/wp-content\/uploads\/2024\/03\/z5297833086540_c28365a7cffa18352b9d43a11d566e67-768x576.jpg 768w, https:\/\/phongphim3trong1.com\/wp-content\/uploads\/2024\/03\/z5297833086540_c28365a7cffa18352b9d43a11d566e67-1536x1152.jpg 1536w, https:\/\/phongphim3trong1.com\/wp-content\/uploads\/2024\/03\/z5297833086540_c28365a7cffa18352b9d43a11d566e67-2048x1536.jpg 2048w, https:\/\/phongphim3trong1.com\/wp-content\/uploads\/2024\/03\/z5297833086540_c28365a7cffa18352b9d43a11d566e67-510x383.jpg 510w\" sizes=\"(max-width: 1020px) 100vw, 1020px\" \/>\t\t\t\t\t\t\t\t<\/a>\n\t\t\t\t\t\t\t\t\t\t\t\t\t\t\t<\/div>\n\t\t\t\t<\/div>\n\t\t\t\t<div class=\"elementor-element elementor-element-9147876 elementor-widget elementor-widget-heading\" data-id=\"9147876\" data-element_type=\"widget\" data-e-type=\"widget\" data-widget_type=\"heading.default\">\n\t\t\t\t<div class=\"elementor-widget-container\">\n\t\t\t\t\t<h2 class=\"elementor-heading-title elementor-size-default\"><a href=\"https:\/\/phongphim3trong1.com\/tim-doi-tac-kinh-doanh\/\">T\u00ccM \u0110\u1ed0I T\u00c1C KINH DOANH<\/a><\/h2>\t\t\t\t<\/div>\n\t\t\t\t<\/div>\n\t\t\t\t<div class=\"elementor-element elementor-element-b0c9802 elementor-widget elementor-widget-text-editor\" data-id=\"b0c9802\" data-element_type=\"widget\" data-e-type=\"widget\" data-widget_type=\"text-editor.default\">\n\t\t\t\t<div class=\"elementor-widget-container\">\n\t\t\t\t\t\t\t\t\t<p>C\u00f4ng ty ch\u00fang t\u00f4i \u0111ang t\u00ecm ki\u1ebfm nh\u1eefng \u0111\u1ed1i t\u00e1c c\u00f3 c\u00f9ng chung l\u0129nh v\u1ef1c li\u00ean quan, nh\u1eefng ng\u01b0\u1eddi hi\u1ec3u gi\u00e1 tr\u1ecb nhu c\u1ea7u ng\u00e0y c\u00e0ng \u0111a d\u1ea1ng v\u00e0 k\u1ef9 t\u00ednh c\u1ee7a ng\u01b0\u1eddi ti\u00eau d\u00f9ng hi\u1ec7n \u0111\u1ea1i. Nh\u1eefng \u0111\u1ed1i t\u00e1c s\u1eb5n s\u00e0ng chia s\u1ebb ni\u1ec1m \u0111am m\u00ea c\u00f9ng ch\u00fang t\u00f4i, t\u1ea1o n\u00ean nh\u1eefng s\u1ea3n ph\u1ea9m v\u00e0 d\u1ecbch v\u1ee5 gi\u1ea3i tr\u00ed h\u00e0ng \u0111\u1ea7u, ph\u1ee5c v\u1ee5 nh\u1eefng kh\u00e1ch h\u00e0ng th\u1eadm ch\u00ed c\u00f3 nh\u1eefng y\u00eau c\u1ea7u kh\u1eafc khe nh\u1ea5t.<\/p><p>Ch\u00fang t\u1ed1i hi v\u1ecdng c\u00f3 th\u1ec3 h\u1ee3p t\u00e1c v\u1edbi nh\u1eefng Ki\u1ebfn Tr\u00fac S\u01b0, nh\u00e0 th\u1ea7u x\u00e2y d\u1ef1ng, nh\u00e0 th\u1ea7u n\u1ed9i th\u1ea5t,\u2026.v\u00e0 c\u00e1c b\u00ean li\u00ean quan kh\u00e1c nh\u1eb1m m\u1edf r\u1ed9ng h\u00f3a k\u00eanh k\u1ebft n\u1ed1i v\u00e0 mang \u0111\u1ebfn nh\u1eefng tr\u1ea3i nghi\u1ec7m gi\u1ea3i tr\u00ed gia \u0111\u00ecnh t\u1ed1t nh\u1ea5t v\u1edbi \u0111\u1ed9 ph\u1ee7 r\u1ed9ng nh\u1ea5t.<\/p>\t\t\t\t\t\t\t\t<\/div>\n\t\t\t\t<\/div>\n\t\t\t\t\t<\/div>\n\t\t<\/div>\n\t\t\t\t<div class=\"elementor-column elementor-col-50 elementor-top-column elementor-element elementor-element-9524f3c\" data-id=\"9524f3c\" data-element_type=\"column\" data-e-type=\"column\">\n\t\t\t<div class=\"elementor-widget-wrap elementor-element-populated\">\n\t\t\t\t\t\t<div class=\"elementor-element elementor-element-4d8227f elementor-widget elementor-widget-image\" data-id=\"4d8227f\" data-element_type=\"widget\" data-e-type=\"widget\" data-widget_type=\"image.default\">\n\t\t\t\t<div class=\"elementor-widget-container\">\n\t\t\t\t\t\t\t\t\t\t\t\t\t\t\t\t<a href=\"https:\/\/phongphim3trong1.com\/tuyen-dung-2\/\">\n\t\t\t\t\t\t\t<img decoding=\"async\" width=\"1020\" height=\"764\" src=\"https:\/\/phongphim3trong1.com\/wp-content\/uploads\/2024\/03\/z5297833387104_359cd3b3531c271c93c2207c4db8cb44-1068x800.jpg\" class=\"attachment-large size-large wp-image-5276\" alt=\"\" srcset=\"https:\/\/phongphim3trong1.com\/wp-content\/uploads\/2024\/03\/z5297833387104_359cd3b3531c271c93c2207c4db8cb44-1068x800.jpg 1068w, https:\/\/phongphim3trong1.com\/wp-content\/uploads\/2024\/03\/z5297833387104_359cd3b3531c271c93c2207c4db8cb44-534x400.jpg 534w, https:\/\/phongphim3trong1.com\/wp-content\/uploads\/2024\/03\/z5297833387104_359cd3b3531c271c93c2207c4db8cb44-768x575.jpg 768w, https:\/\/phongphim3trong1.com\/wp-content\/uploads\/2024\/03\/z5297833387104_359cd3b3531c271c93c2207c4db8cb44-510x382.jpg 510w, https:\/\/phongphim3trong1.com\/wp-content\/uploads\/2024\/03\/z5297833387104_359cd3b3531c271c93c2207c4db8cb44.jpg 1276w\" sizes=\"(max-width: 1020px) 100vw, 1020px\" \/>\t\t\t\t\t\t\t\t<\/a>\n\t\t\t\t\t\t\t\t\t\t\t\t\t\t\t<\/div>\n\t\t\t\t<\/div>\n\t\t\t\t<div class=\"elementor-element elementor-element-12f2904 elementor-widget elementor-widget-heading\" data-id=\"12f2904\" data-element_type=\"widget\" data-e-type=\"widget\" data-widget_type=\"heading.default\">\n\t\t\t\t<div class=\"elementor-widget-container\">\n\t\t\t\t\t<h2 class=\"elementor-heading-title elementor-size-default\"><a href=\"https:\/\/phongphim3trong1.com\/tuyen-dung-2\/\">TUY\u1ec2N D\u1ee4NG<\/a><\/h2>\t\t\t\t<\/div>\n\t\t\t\t<\/div>\n\t\t\t\t<div class=\"elementor-element elementor-element-0b367d1 elementor-widget elementor-widget-text-editor\" data-id=\"0b367d1\" data-element_type=\"widget\" data-e-type=\"widget\" data-widget_type=\"text-editor.default\">\n\t\t\t\t<div class=\"elementor-widget-container\">\n\t\t\t\t\t\t\t\t\t<p>B\u1ea1n y\u00eau th\u00edch Karaoke &#8211; Xem Phim &#8211; Nghe Nh\u1ea1c. B\u1ea1n \u0111am m\u00ea ho\u1eb7c t\u00ecm ki\u1ebfm m\u1ed9t th\u1eed th\u00e1ch m\u1edbi h\u00e3y gia nh\u1eadp v\u1edbi PhongPhim3Trong1.Com.\u00a0\u00a0<\/p><p>PhongPhim3Trong1.com hi\u1ec7n \u0111ang tuy\u1ec3n d\u1ee5ng c\u00e1c v\u1ecb tr\u00ed:<\/p><p>1. K\u1ebf to\u00e1n t\u1ed5ng h\u1ee3p.<\/p><p>2. K\u1ebf to\u00e1n c\u00f4ng n\u1ee3.<\/p><p>3. Tr\u1ee3 l\u00fd gi\u00e1m \u0111\u1ed1c<\/p><p>4. Nh\u00e2n vi\u00ean tr\u1ef1c showroom<\/p>\t\t\t\t\t\t\t\t<\/div>\n\t\t\t\t<\/div>\n\t\t\t\t\t<\/div>\n\t\t<\/div>\n\t\t\t\t\t<\/div>\n\t\t<\/section>\n\t\t\t\t<section class=\"elementor-section elementor-top-section elementor-element elementor-element-f9f3971 elementor-section-boxed elementor-section-height-default elementor-section-height-default\" data-id=\"f9f3971\" data-element_type=\"section\" data-e-type=\"section\">\n\t\t\t\t\t\t<div class=\"elementor-container elementor-column-gap-default\">\n\t\t\t\t\t<div class=\"elementor-column elementor-col-100 elementor-top-column elementor-element elementor-element-3c55fe6\" data-id=\"3c55fe6\" data-element_type=\"column\" data-e-type=\"column\">\n\t\t\t<div class=\"elementor-widget-wrap\">\n\t\t\t\t\t\t\t<\/div>\n\t\t<\/div>\n\t\t\t\t\t<\/div>\n\t\t<\/section>\n\t\t\t\t<\/div>\n\t\t","protected":false},"excerpt":{"rendered":"<p>T\u00ccM \u0110\u1ed0I T\u00c1C KINH DOANH C\u00f4ng ty ch\u00fang t\u00f4i \u0111ang t\u00ecm ki\u1ebfm nh\u1eefng \u0111\u1ed1i t\u00e1c c\u00f3 c\u00f9ng chung l\u0129nh v\u1ef1c li\u00ean quan, nh\u1eefng ng\u01b0\u1eddi hi\u1ec3u gi\u00e1 tr\u1ecb nhu c\u1ea7u ng\u00e0y c\u00e0ng \u0111a d\u1ea1ng v\u00e0 k\u1ef9 t\u00ednh c\u1ee7a ng\u01b0\u1eddi ti\u00eau d\u00f9ng hi\u1ec7n \u0111\u1ea1i. Nh\u1eefng \u0111\u1ed1i t\u00e1c s\u1eb5n s\u00e0ng chia s\u1ebb ni\u1ec1m \u0111am m\u00ea c\u00f9ng ch\u00fang t\u00f4i, [&#8230;]\n","protected":false},"author":1,"featured_media":0,"parent":0,"menu_order":0,"comment_status":"closed","ping_status":"closed","template":"","meta":{"pgc_meta":"","footnotes":""},"class_list":["post-5304","page","type-page","status-publish","hentry"],"pgc_meta":"","yoast_head":"<!-- This site is optimized with the Yoast SEO plugin v27.5 - https:\/\/yoast.com\/product\/yoast-seo-wordpress\/ -->\n<title>H\u1ee2P T\u00c1C KINH DOANH - Gi\u1ea3i Ph\u00e1p 1 N\u00fat B\u1ea5m 3in1 \u0110\u1ea7u Ti\u00ean T\u1ea1i Vi\u1ec7t Nam<\/title>\n<meta name=\"robots\" content=\"index, follow, max-snippet:-1, max-image-preview:large, max-video-preview:-1\" \/>\n<link rel=\"canonical\" href=\"https:\/\/phongphim3trong1.com\/?page_id=5304\" \/>\n<meta property=\"og:locale\" content=\"vi_VN\" \/>\n<meta property=\"og:type\" content=\"article\" \/>\n<meta property=\"og:title\" content=\"H\u1ee2P T\u00c1C KINH DOANH - Gi\u1ea3i Ph\u00e1p 1 N\u00fat B\u1ea5m 3in1 \u0110\u1ea7u Ti\u00ean T\u1ea1i Vi\u1ec7t Nam\" \/>\n<meta property=\"og:description\" content=\"T\u00ccM \u0110\u1ed0I T\u00c1C KINH DOANH C\u00f4ng ty ch\u00fang t\u00f4i \u0111ang t\u00ecm ki\u1ebfm nh\u1eefng \u0111\u1ed1i t\u00e1c c\u00f3 c\u00f9ng chung l\u0129nh v\u1ef1c li\u00ean quan, nh\u1eefng ng\u01b0\u1eddi hi\u1ec3u gi\u00e1 tr\u1ecb nhu c\u1ea7u ng\u00e0y c\u00e0ng \u0111a d\u1ea1ng v\u00e0 k\u1ef9 t\u00ednh c\u1ee7a ng\u01b0\u1eddi ti\u00eau d\u00f9ng hi\u1ec7n \u0111\u1ea1i. Nh\u1eefng \u0111\u1ed1i t\u00e1c s\u1eb5n s\u00e0ng chia s\u1ebb ni\u1ec1m \u0111am m\u00ea c\u00f9ng ch\u00fang t\u00f4i, [...]\" \/>\n<meta property=\"og:url\" content=\"https:\/\/phongphim3trong1.com\/?page_id=5304\" \/>\n<meta property=\"og:site_name\" content=\"Gi\u1ea3i Ph\u00e1p 1 N\u00fat B\u1ea5m 3in1 \u0110\u1ea7u Ti\u00ean T\u1ea1i Vi\u1ec7t Nam\" \/>\n<meta property=\"article:modified_time\" content=\"2024-03-30T10:53:59+00:00\" \/>\n<meta property=\"og:image\" content=\"https:\/\/phongphim3trong1.com\/wp-content\/uploads\/2024\/03\/z5297833086540_c28365a7cffa18352b9d43a11d566e67-1067x800.jpg\" \/>\n<meta name=\"twitter:card\" content=\"summary_large_image\" \/>\n<meta name=\"twitter:label1\" content=\"\u01af\u1edbc t\u00ednh th\u1eddi gian \u0111\u1ecdc\" \/>\n\t<meta name=\"twitter:data1\" content=\"2 ph\u00fat\" \/>\n<script type=\"application\/ld+json\" class=\"yoast-schema-graph\">{\"@context\":\"https:\\\/\\\/schema.org\",\"@graph\":[{\"@type\":\"WebPage\",\"@id\":\"https:\\\/\\\/phongphim3trong1.com\\\/?page_id=5304\",\"url\":\"https:\\\/\\\/phongphim3trong1.com\\\/?page_id=5304\",\"name\":\"H\u1ee2P T\u00c1C KINH DOANH - Gi\u1ea3i Ph\u00e1p 1 N\u00fat B\u1ea5m 3in1 \u0110\u1ea7u Ti\u00ean T\u1ea1i Vi\u1ec7t Nam\",\"isPartOf\":{\"@id\":\"https:\\\/\\\/phongphim3trong1.com\\\/#website\"},\"primaryImageOfPage\":{\"@id\":\"https:\\\/\\\/phongphim3trong1.com\\\/?page_id=5304#primaryimage\"},\"image\":{\"@id\":\"https:\\\/\\\/phongphim3trong1.com\\\/?page_id=5304#primaryimage\"},\"thumbnailUrl\":\"https:\\\/\\\/phongphim3trong1.com\\\/wp-content\\\/uploads\\\/2024\\\/03\\\/z5297833086540_c28365a7cffa18352b9d43a11d566e67-1067x800.jpg\",\"datePublished\":\"2024-03-30T10:20:54+00:00\",\"dateModified\":\"2024-03-30T10:53:59+00:00\",\"breadcrumb\":{\"@id\":\"https:\\\/\\\/phongphim3trong1.com\\\/?page_id=5304#breadcrumb\"},\"inLanguage\":\"vi\",\"potentialAction\":[{\"@type\":\"ReadAction\",\"target\":[\"https:\\\/\\\/phongphim3trong1.com\\\/?page_id=5304\"]}]},{\"@type\":\"ImageObject\",\"inLanguage\":\"vi\",\"@id\":\"https:\\\/\\\/phongphim3trong1.com\\\/?page_id=5304#primaryimage\",\"url\":\"https:\\\/\\\/phongphim3trong1.com\\\/wp-content\\\/uploads\\\/2024\\\/03\\\/z5297833086540_c28365a7cffa18352b9d43a11d566e67.jpg\",\"contentUrl\":\"https:\\\/\\\/phongphim3trong1.com\\\/wp-content\\\/uploads\\\/2024\\\/03\\\/z5297833086540_c28365a7cffa18352b9d43a11d566e67.jpg\",\"width\":2560,\"height\":1920},{\"@type\":\"BreadcrumbList\",\"@id\":\"https:\\\/\\\/phongphim3trong1.com\\\/?page_id=5304#breadcrumb\",\"itemListElement\":[{\"@type\":\"ListItem\",\"position\":1,\"name\":\"Trang ch\u1ee7\",\"item\":\"https:\\\/\\\/phongphim3trong1.com\\\/\"},{\"@type\":\"ListItem\",\"position\":2,\"name\":\"H\u1ee2P T\u00c1C KINH DOANH\"}]},{\"@type\":\"WebSite\",\"@id\":\"https:\\\/\\\/phongphim3trong1.com\\\/#website\",\"url\":\"https:\\\/\\\/phongphim3trong1.com\\\/\",\"name\":\"Gi\u1ea3i Ph\u00e1p 1 N\u00fat B\u1ea5m 3in1 \u0110\u1ea7u Ti\u00ean T\u1ea1i Vi\u1ec7t Nam\",\"description\":\"\",\"publisher\":{\"@id\":\"https:\\\/\\\/phongphim3trong1.com\\\/#organization\"},\"potentialAction\":[{\"@type\":\"SearchAction\",\"target\":{\"@type\":\"EntryPoint\",\"urlTemplate\":\"https:\\\/\\\/phongphim3trong1.com\\\/?s={search_term_string}\"},\"query-input\":{\"@type\":\"PropertyValueSpecification\",\"valueRequired\":true,\"valueName\":\"search_term_string\"}}],\"inLanguage\":\"vi\"},{\"@type\":\"Organization\",\"@id\":\"https:\\\/\\\/phongphim3trong1.com\\\/#organization\",\"name\":\"Gi\u1ea3i Ph\u00e1p 1 N\u00fat B\u1ea5m 3in1 \u0110\u1ea7u Ti\u00ean T\u1ea1i Vi\u1ec7t Nam\",\"url\":\"https:\\\/\\\/phongphim3trong1.com\\\/\",\"logo\":{\"@type\":\"ImageObject\",\"inLanguage\":\"vi\",\"@id\":\"https:\\\/\\\/phongphim3trong1.com\\\/#\\\/schema\\\/logo\\\/image\\\/\",\"url\":\"https:\\\/\\\/phongphim3trong1.com\\\/wp-content\\\/uploads\\\/2022\\\/11\\\/logo-phongphim3trong1-vector-moi-to-scaled.jpg\",\"contentUrl\":\"https:\\\/\\\/phongphim3trong1.com\\\/wp-content\\\/uploads\\\/2022\\\/11\\\/logo-phongphim3trong1-vector-moi-to-scaled.jpg\",\"width\":2560,\"height\":2108,\"caption\":\"Gi\u1ea3i Ph\u00e1p 1 N\u00fat B\u1ea5m 3in1 \u0110\u1ea7u Ti\u00ean T\u1ea1i Vi\u1ec7t Nam\"},\"image\":{\"@id\":\"https:\\\/\\\/phongphim3trong1.com\\\/#\\\/schema\\\/logo\\\/image\\\/\"}}]}<\/script>\n<!-- \/ Yoast SEO plugin. -->","yoast_head_json":{"title":"H\u1ee2P T\u00c1C KINH DOANH - Gi\u1ea3i Ph\u00e1p 1 N\u00fat B\u1ea5m 3in1 \u0110\u1ea7u Ti\u00ean T\u1ea1i Vi\u1ec7t Nam","robots":{"index":"index","follow":"follow","max-snippet":"max-snippet:-1","max-image-preview":"max-image-preview:large","max-video-preview":"max-video-preview:-1"},"canonical":"https:\/\/phongphim3trong1.com\/?page_id=5304","og_locale":"vi_VN","og_type":"article","og_title":"H\u1ee2P T\u00c1C KINH DOANH - Gi\u1ea3i Ph\u00e1p 1 N\u00fat B\u1ea5m 3in1 \u0110\u1ea7u Ti\u00ean T\u1ea1i Vi\u1ec7t Nam","og_description":"T\u00ccM \u0110\u1ed0I T\u00c1C KINH DOANH C\u00f4ng ty ch\u00fang t\u00f4i \u0111ang t\u00ecm ki\u1ebfm nh\u1eefng \u0111\u1ed1i t\u00e1c c\u00f3 c\u00f9ng chung l\u0129nh v\u1ef1c li\u00ean quan, nh\u1eefng ng\u01b0\u1eddi hi\u1ec3u gi\u00e1 tr\u1ecb nhu c\u1ea7u ng\u00e0y c\u00e0ng \u0111a d\u1ea1ng v\u00e0 k\u1ef9 t\u00ednh c\u1ee7a ng\u01b0\u1eddi ti\u00eau d\u00f9ng hi\u1ec7n \u0111\u1ea1i. Nh\u1eefng \u0111\u1ed1i t\u00e1c s\u1eb5n s\u00e0ng chia s\u1ebb ni\u1ec1m \u0111am m\u00ea c\u00f9ng ch\u00fang t\u00f4i, [...]","og_url":"https:\/\/phongphim3trong1.com\/?page_id=5304","og_site_name":"Gi\u1ea3i Ph\u00e1p 1 N\u00fat B\u1ea5m 3in1 \u0110\u1ea7u Ti\u00ean T\u1ea1i Vi\u1ec7t Nam","article_modified_time":"2024-03-30T10:53:59+00:00","og_image":[{"url":"https:\/\/phongphim3trong1.com\/wp-content\/uploads\/2024\/03\/z5297833086540_c28365a7cffa18352b9d43a11d566e67-1067x800.jpg","type":"","width":"","height":""}],"twitter_card":"summary_large_image","twitter_misc":{"\u01af\u1edbc t\u00ednh th\u1eddi gian \u0111\u1ecdc":"2 ph\u00fat"},"schema":{"@context":"https:\/\/schema.org","@graph":[{"@type":"WebPage","@id":"https:\/\/phongphim3trong1.com\/?page_id=5304","url":"https:\/\/phongphim3trong1.com\/?page_id=5304","name":"H\u1ee2P T\u00c1C KINH DOANH - Gi\u1ea3i Ph\u00e1p 1 N\u00fat B\u1ea5m 3in1 \u0110\u1ea7u Ti\u00ean T\u1ea1i Vi\u1ec7t Nam","isPartOf":{"@id":"https:\/\/phongphim3trong1.com\/#website"},"primaryImageOfPage":{"@id":"https:\/\/phongphim3trong1.com\/?page_id=5304#primaryimage"},"image":{"@id":"https:\/\/phongphim3trong1.com\/?page_id=5304#primaryimage"},"thumbnailUrl":"https:\/\/phongphim3trong1.com\/wp-content\/uploads\/2024\/03\/z5297833086540_c28365a7cffa18352b9d43a11d566e67-1067x800.jpg","datePublished":"2024-03-30T10:20:54+00:00","dateModified":"2024-03-30T10:53:59+00:00","breadcrumb":{"@id":"https:\/\/phongphim3trong1.com\/?page_id=5304#breadcrumb"},"inLanguage":"vi","potentialAction":[{"@type":"ReadAction","target":["https:\/\/phongphim3trong1.com\/?page_id=5304"]}]},{"@type":"ImageObject","inLanguage":"vi","@id":"https:\/\/phongphim3trong1.com\/?page_id=5304#primaryimage","url":"https:\/\/phongphim3trong1.com\/wp-content\/uploads\/2024\/03\/z5297833086540_c28365a7cffa18352b9d43a11d566e67.jpg","contentUrl":"https:\/\/phongphim3trong1.com\/wp-content\/uploads\/2024\/03\/z5297833086540_c28365a7cffa18352b9d43a11d566e67.jpg","width":2560,"height":1920},{"@type":"BreadcrumbList","@id":"https:\/\/phongphim3trong1.com\/?page_id=5304#breadcrumb","itemListElement":[{"@type":"ListItem","position":1,"name":"Trang ch\u1ee7","item":"https:\/\/phongphim3trong1.com\/"},{"@type":"ListItem","position":2,"name":"H\u1ee2P T\u00c1C KINH DOANH"}]},{"@type":"WebSite","@id":"https:\/\/phongphim3trong1.com\/#website","url":"https:\/\/phongphim3trong1.com\/","name":"Gi\u1ea3i Ph\u00e1p 1 N\u00fat B\u1ea5m 3in1 \u0110\u1ea7u Ti\u00ean T\u1ea1i Vi\u1ec7t Nam","description":"","publisher":{"@id":"https:\/\/phongphim3trong1.com\/#organization"},"potentialAction":[{"@type":"SearchAction","target":{"@type":"EntryPoint","urlTemplate":"https:\/\/phongphim3trong1.com\/?s={search_term_string}"},"query-input":{"@type":"PropertyValueSpecification","valueRequired":true,"valueName":"search_term_string"}}],"inLanguage":"vi"},{"@type":"Organization","@id":"https:\/\/phongphim3trong1.com\/#organization","name":"Gi\u1ea3i Ph\u00e1p 1 N\u00fat B\u1ea5m 3in1 \u0110\u1ea7u Ti\u00ean T\u1ea1i Vi\u1ec7t Nam","url":"https:\/\/phongphim3trong1.com\/","logo":{"@type":"ImageObject","inLanguage":"vi","@id":"https:\/\/phongphim3trong1.com\/#\/schema\/logo\/image\/","url":"https:\/\/phongphim3trong1.com\/wp-content\/uploads\/2022\/11\/logo-phongphim3trong1-vector-moi-to-scaled.jpg","contentUrl":"https:\/\/phongphim3trong1.com\/wp-content\/uploads\/2022\/11\/logo-phongphim3trong1-vector-moi-to-scaled.jpg","width":2560,"height":2108,"caption":"Gi\u1ea3i Ph\u00e1p 1 N\u00fat B\u1ea5m 3in1 \u0110\u1ea7u Ti\u00ean T\u1ea1i Vi\u1ec7t Nam"},"image":{"@id":"https:\/\/phongphim3trong1.com\/#\/schema\/logo\/image\/"}}]}},"_links":{"self":[{"href":"https:\/\/phongphim3trong1.com\/index.php?rest_route=\/wp\/v2\/pages\/5304","targetHints":{"allow":["GET"]}}],"collection":[{"href":"https:\/\/phongphim3trong1.com\/index.php?rest_route=\/wp\/v2\/pages"}],"about":[{"href":"https:\/\/phongphim3trong1.com\/index.php?rest_route=\/wp\/v2\/types\/page"}],"author":[{"embeddable":true,"href":"https:\/\/phongphim3trong1.com\/index.php?rest_route=\/wp\/v2\/users\/1"}],"replies":[{"embeddable":true,"href":"https:\/\/phongphim3trong1.com\/index.php?rest_route=%2Fwp%2Fv2%2Fcomments&post=5304"}],"version-history":[{"count":5,"href":"https:\/\/phongphim3trong1.com\/index.php?rest_route=\/wp\/v2\/pages\/5304\/revisions"}],"predecessor-version":[{"id":5318,"href":"https:\/\/phongphim3trong1.com\/index.php?rest_route=\/wp\/v2\/pages\/5304\/revisions\/5318"}],"wp:attachment":[{"href":"https:\/\/phongphim3trong1.com\/index.php?rest_route=%2Fwp%2Fv2%2Fmedia&parent=5304"}],"curies":[{"name":"wp","href":"https:\/\/api.w.org\/{rel}","templated":true}]}}